{"id":24730,"date":"2021-06-22T14:42:22","date_gmt":"2021-06-22T13:42:22","guid":{"rendered":"http:\/\/webtrial.emecpumps.com\/wordpress\/nachhaltigkeit-und-territorium\/"},"modified":"2021-11-23T10:12:28","modified_gmt":"2021-11-23T09:12:28","slug":"nachhaltigkeit-und-territorium","status":"publish","type":"page","link":"https:\/\/www.emecpumps.com\/de\/nachhaltigkeit-und-territorium\/","title":{"rendered":"Nachhaltigkeit und territorium"},"content":{"rendered":"<div class=\"wpb-content-wrapper\">[vc_row full_width=&#8221;stretch_row&#8221; gap=&#8221;10&#8243; pix_particles_check=&#8221;&#8221; css=&#8221;.vc_custom_1610450323231{margin-top: 50px !important;}&#8221;][vc_column][vc_empty_space height=&#8221;50px&#8221;][vc_column_text css_animation=&#8221;fadeInUp&#8221;]\r\n<h5 style=\"text-align: center;\"><span style=\"color: #2dc84d;\">RIETI<\/span><\/h5>\r\n<h4 style=\"text-align: center;\">Unser Gebiet<\/h4>\r\n&nbsp;\r\n<p class=\"margin-top-0 font-bold\" style=\"text-align: center;\">Die Vision von EMEC ist eng mit dem Gebiet verbunden, das ein integraler Bestandteil der DNA unseres Unternehmens ist. <strong>Rieti<\/strong> befindet sich n\u00e4mlich in einem besonders <strong>wasserreichen<\/strong> Gebiet am Rande einer Ebene, die bis zur R\u00f6merzeit vom Velino-See eingenommen wurde. Der gleichnamige Fluss, der noch heute durch Rieti flie\u00dft, hat die spektakul\u00e4ren Marmore-Wasserf\u00e4lle geschaffen, die zu den h\u00f6chsten und beeindruckendsten in Europa geh\u00f6ren.<\/p>\r\n[\/vc_column_text][\/vc_column][\/vc_row][vc_row full_width=&#8221;stretch_row&#8221; video_bg=&#8221;yes&#8221; video_bg_url=&#8221;https:\/\/youtu.be\/-6kpwL-qHKY&#8221; video_bg_parallax=&#8221;content-moving&#8221; pix_over_visibility=&#8221;1&#8243; pix_particles_check=&#8221;&#8221; css=&#8221;.vc_custom_1615392784082{margin-top: 50px !important;}&#8221;][vc_column][vc_empty_space height=&#8221;600px&#8221;][\/vc_column][\/vc_row][vc_row full_width=&#8221;stretch_row&#8221; gap=&#8221;10&#8243; pix_particles_check=&#8221;&#8221; css=&#8221;.vc_custom_1610457143497{margin-top: 50px !important;background-color: #ffffff !important;}&#8221;][vc_column][vc_empty_space height=&#8221;50px&#8221;][vc_column_text css_animation=&#8221;fadeInUp&#8221;]\r\n<p style=\"text-align: center;\">Etwas au\u00dferhalb von Rieti befinden sich die Fonti di Cottorella (Cottorella-Quellen), die besonders reines Mineralwasser liefern, w\u00e4hrend es in der Ortschaft Cotilia Thermalwasserquellen gibt, die bereits in der R\u00f6merzeit genutzt wurden. In der Provinz Rieti befindet sich auch das Aqu\u00e4dukt von Peschiera, das <strong>85% des in Rom verbrauchten Wassers<\/strong> liefert und als eines der gr\u00f6\u00dften der Welt gilt.<\/p>\r\n<p style=\"text-align: center;\">IN DIESEM AUSSERGEW\u00d6HNLICHEN SZENARIO WURDE EMEC GEGR\u00dcNDET UND W\u00c4CHST WEITER<\/p>\r\n&nbsp;\r\n\r\n&nbsp;\r\n<h5 style=\"text-align: center;\"><span style=\"color: #2dc84d;\">EMEC UND DIE UMWELT<\/span><\/h5>\r\n<h4 style=\"text-align: center;\">EINE WELT DER AUFMERKSAMKEIT<\/h4>\r\n&nbsp;\r\n<p style=\"text-align: center;\">Wasser ist das lebenswichtige Element, auf dem unsere Leidenschaft beruht.<\/p>\r\n<p style=\"text-align: center;\">Im Bewusstsein des Abdrucks, den menschliche Aktivit\u00e4ten auf dem Planeten hinterlassen, haben wir uns immer daf\u00fcr eingesetzt, dass auch zuk\u00fcnftige Generationen von dieser unsch\u00e4tzbaren Ressource profitieren k\u00f6nnen. Es geht nicht nur um die Einhaltung von Gesetzen, sondern auch darum, unseren ethischen Grunds\u00e4tzen treu zu bleiben.<\/p>\r\n[\/vc_column_text][vc_row_inner content_placement=&#8221;middle&#8221; css=&#8221;.vc_custom_1610473726445{background-position: 0 0 !important;background-repeat: no-repeat !important;border-radius: 35px !important;}&#8221;][vc_column_inner][vc_column_text]<img decoding=\"async\" class=\"size-full wp-image-15310 aligncenter\" src=\"https:\/\/www.emecpumps.com\/wp-content\/uploads\/2021\/01\/animation_500_kju3v4b5.gif\" alt=\"\" width=\"500\" height=\"500\" \/>[\/vc_column_text][\/vc_column_inner][\/vc_row_inner][\/vc_column][\/vc_row][vc_row full_width=&#8221;stretch_row&#8221; gap=&#8221;10&#8243; pix_particles_check=&#8221;&#8221; css=&#8221;.vc_custom_1610474207480{padding-top: 50px !important;padding-bottom: 50px !important;background-color: #ffffff !important;}&#8221;][vc_column width=&#8221;1\/4&#8243;]<div class=\"pix-img-element d-inline-block \" ><div class=\"pix-scale-sm pix-duration-md\"><div class=\"animate-in  d-inline-block\" data-anim-type=\"fade-in-left\" data-anim-delay=\"500\"><div class=\"pix-img-el    text-left d-inline-block   rounded-0\"  ><img decoding=\"async\" class=\"card-img2 pix-img-elem rounded-0  h-1002\" style=\"width:200px;height:auto;\" width=\"1118\" height=\"1200\" srcset=\"https:\/\/www.emecpumps.com\/wp-content\/uploads\/2021\/01\/ISO14001.jpg 1118w, https:\/\/www.emecpumps.com\/wp-content\/uploads\/2021\/01\/ISO14001-300x322.jpg 300w, https:\/\/www.emecpumps.com\/wp-content\/uploads\/2021\/01\/ISO14001-600x644.jpg 600w, https:\/\/www.emecpumps.com\/wp-content\/uploads\/2021\/01\/ISO14001-280x300.jpg 280w, https:\/\/www.emecpumps.com\/wp-content\/uploads\/2021\/01\/ISO14001-954x1024.jpg 954w, https:\/\/www.emecpumps.com\/wp-content\/uploads\/2021\/01\/ISO14001-768x824.jpg 768w\" sizes=\"(max-width: 1118px) 100vw, 1118px\" src=\"https:\/\/www.emecpumps.com\/wp-content\/uploads\/2021\/01\/ISO14001.jpg\" alt=\"Image link\" \/><\/div><\/div><\/div><\/div>[\/vc_column][vc_column width=&#8221;3\/4&#8243;][vc_column_text css_animation=&#8221;fadeInUp&#8221;]\r\n<h4 style=\"text-align: center;\">WENIGER AUSWIRKUNGEN, MEHR NACHHALTIGKEIT<\/h4>\r\n&nbsp;\r\n<p style=\"text-align: left;\">F\u00fcr uns bei EMEC ist Nachhaltigkeit eine nie endende Reise, die aus immer tugendhafteren Schritten besteht, um die Auswirkungen unserer Gesch\u00e4ftst\u00e4tigkeit auf die Umwelt zu minimieren. Aus diesem Grund haben wir ein <strong>Umweltmanagementsystem<\/strong> eingef\u00fchrt, das der internationalen Norm ISO 14001 entspricht und es uns erm\u00f6glicht, atmosph\u00e4rische und akustische Emissionen zu reduzieren, den Verbrauch von Wasser, Strom und Gas zu rationalisieren und die Produktion von Abf\u00e4llen und Bodenverunreinigungen zu begrenzen.<\/p>\r\n<p style=\"text-align: left;\">Nachhaltigkeit bedeutet f\u00fcr EMEC auch, <strong>Abfallmaterialien<\/strong> <strong>ein zweites Leben zu geben<\/strong>: Wir recyceln oder verwerten 93% der Leiterplatten, Papier, Kunststoff, Eisensp\u00e4ne, Aluminium, Kupfer, Bronze, Messing und Holz. Zu diesem Zweck haben wir uns mit einer Ent\u00f6lungsmaschine ausgestattet, die es uns erm\u00f6glicht, Wasser und \u00d6l w\u00e4hrend der Reinigungsprozesse der Maschinen zu trennen und anschlie\u00dfend im Produktionskreislauf wiederzuverwenden.<\/p>\r\n[\/vc_column_text][vc_column_text css_animation=&#8221;fadeInUp&#8221;]\r\n<h4><\/h4>\r\n<h4 style=\"text-align: center;\">VON GUTEN ABSICHTEN ZU GUTEN PRAKTIKEN<\/h4>\r\n&nbsp;\r\n<p style=\"text-align: left;\">Durch den Einsatz von erneuerbaren Energiequellen, Heizkesseln der neuesten Generation und einem System intelligenter Klimaanlagen konnten wir den Verbrauch von Gas und Strom <strong>drastisch reduzieren<\/strong>. Die einzige Energie, die wir nicht einsparen wollen, ist die Energie, die wir in unsere Arbeit stecken. Die einzige Energie, die wir nicht sparen wollen, ist die, die wir in unsere Arbeit stecken.<\/p>\r\n[\/vc_column_text][\/vc_column][\/vc_row][vc_row full_width=&#8221;stretch_row_content&#8221; pix_particles_check=&#8221;&#8221; css=&#8221;.vc_custom_1620028616095{background-color: #ffffff !important;}&#8221;][vc_column]<div id=\"el1620028554084-41c68fb1-2074\" class=\"w-100 d-block \"><\/div>[\/vc_column][\/vc_row]<\/div>","protected":false},"excerpt":{"rendered":"[vc_row full_width=&#8221;stretch_row&#8221; gap=&#8221;10&#8243; pix_particles_check=&#8221;&#8221; css=&#8221;.vc_custom_1610450323231{margin-top: 50px !important;}&#8221;][vc_column][vc_empty_space height=&#8221;50px&#8221;][vc_column_text css_animation=&#8221;fadeInUp&#8221;] RIETI Unser Gebiet &nbsp; Die Vision von EMEC ist eng mit dem Gebiet verbunden, das ein integraler Bestandteil der DNA unseres Unternehmens ist. Rieti befindet sich n\u00e4mlich in einem besonders wasserreichen&#8230;","protected":false},"author":1,"featured_media":16165,"parent":0,"menu_order":0,"comment_status":"closed","ping_status":"closed","template":"","meta":{"lazy_load_responsive_images_disabled":false,"footnotes":""},"class_list":["post-24730","page","type-page","status-publish","has-post-thumbnail","hentry"],"yoast_head":"<!-- This site is optimized with the Yoast SEO plugin v26.6 - https:\/\/yoast.com\/wordpress\/plugins\/seo\/ -->\n<title>Nachhaltigkeit und territorium - Emec - Dosierpumpen und Desinfektionssysteme<\/title>\n<meta name=\"description\" content=\"Die Vision von EMEC ist eng mit dem Gebiet verbunden, das ein integraler Bestandteil der DNA unseres Unternehmens ist.\" \/>\n<meta name=\"robots\" content=\"index, follow, max-snippet:-1, max-image-preview:large, max-video-preview:-1\" \/>\n<link rel=\"canonical\" href=\"https:\/\/www.emecpumps.com\/de\/nachhaltigkeit-und-territorium\/\" \/>\n<meta property=\"og:locale\" content=\"de_DE\" \/>\n<meta property=\"og:type\" content=\"article\" \/>\n<meta property=\"og:title\" content=\"Nachhaltigkeit und territorium - Emec - Dosierpumpen und Desinfektionssysteme\" \/>\n<meta property=\"og:description\" content=\"Die Vision von EMEC ist eng mit dem Gebiet verbunden, das ein integraler Bestandteil der DNA unseres Unternehmens ist.\" \/>\n<meta property=\"og:url\" content=\"https:\/\/www.emecpumps.com\/de\/nachhaltigkeit-und-territorium\/\" \/>\n<meta property=\"og:site_name\" content=\"Emec - Dosierpumpen und Desinfektionssysteme\" \/>\n<meta property=\"article:publisher\" content=\"https:\/\/www.facebook.com\/emecpumps\" \/>\n<meta property=\"article:modified_time\" content=\"2021-11-23T09:12:28+00:00\" \/>\n<meta property=\"og:image\" content=\"https:\/\/www.emecpumps.com\/wp-content\/uploads\/2021\/01\/animation_500_kju3v4b5.gif\" \/>\n<meta name=\"twitter:card\" content=\"summary_large_image\" \/>\n<meta name=\"twitter:site\" content=\"@EMECpumps\" \/>\n<meta name=\"twitter:label1\" content=\"Gesch\u00e4tzte Lesezeit\" \/>\n\t<meta name=\"twitter:data1\" content=\"3\u00a0Minuten\" \/>\n<script type=\"application\/ld+json\" class=\"yoast-schema-graph\">{\"@context\":\"https:\/\/schema.org\",\"@graph\":[{\"@type\":\"WebPage\",\"@id\":\"https:\/\/www.emecpumps.com\/de\/nachhaltigkeit-und-territorium\/\",\"url\":\"https:\/\/www.emecpumps.com\/de\/nachhaltigkeit-und-territorium\/\",\"name\":\"Nachhaltigkeit und territorium - Emec - Dosierpumpen und Desinfektionssysteme\",\"isPartOf\":{\"@id\":\"https:\/\/www.emecpumps.com\/de\/#website\"},\"primaryImageOfPage\":{\"@id\":\"https:\/\/www.emecpumps.com\/de\/nachhaltigkeit-und-territorium\/#primaryimage\"},\"image\":{\"@id\":\"https:\/\/www.emecpumps.com\/de\/nachhaltigkeit-und-territorium\/#primaryimage\"},\"thumbnailUrl\":\"https:\/\/www.emecpumps.com\/wp-content\/uploads\/2021\/01\/logs.jpg\",\"datePublished\":\"2021-06-22T13:42:22+00:00\",\"dateModified\":\"2021-11-23T09:12:28+00:00\",\"description\":\"Die Vision von EMEC ist eng mit dem Gebiet verbunden, das ein integraler Bestandteil der DNA unseres Unternehmens ist.\",\"breadcrumb\":{\"@id\":\"https:\/\/www.emecpumps.com\/de\/nachhaltigkeit-und-territorium\/#breadcrumb\"},\"inLanguage\":\"de\",\"potentialAction\":[{\"@type\":\"ReadAction\",\"target\":[\"https:\/\/www.emecpumps.com\/de\/nachhaltigkeit-und-territorium\/\"]}]},{\"@type\":\"ImageObject\",\"inLanguage\":\"de\",\"@id\":\"https:\/\/www.emecpumps.com\/de\/nachhaltigkeit-und-territorium\/#primaryimage\",\"url\":\"https:\/\/www.emecpumps.com\/wp-content\/uploads\/2021\/01\/logs.jpg\",\"contentUrl\":\"https:\/\/www.emecpumps.com\/wp-content\/uploads\/2021\/01\/logs.jpg\",\"width\":2369,\"height\":1544},{\"@type\":\"BreadcrumbList\",\"@id\":\"https:\/\/www.emecpumps.com\/de\/nachhaltigkeit-und-territorium\/#breadcrumb\",\"itemListElement\":[{\"@type\":\"ListItem\",\"position\":1,\"name\":\"Home\",\"item\":\"https:\/\/www.emecpumps.com\/de\/\"},{\"@type\":\"ListItem\",\"position\":2,\"name\":\"Nachhaltigkeit und territorium\"}]},{\"@type\":\"WebSite\",\"@id\":\"https:\/\/www.emecpumps.com\/de\/#website\",\"url\":\"https:\/\/www.emecpumps.com\/de\/\",\"name\":\"Emec Pumps - Pompe dosatrici e Sistemi di disinfezione\",\"description\":\"Dosierpumpen und Desinfektionssysteme\",\"publisher\":{\"@id\":\"https:\/\/www.emecpumps.com\/de\/#organization\"},\"alternateName\":\"Emec\",\"potentialAction\":[{\"@type\":\"SearchAction\",\"target\":{\"@type\":\"EntryPoint\",\"urlTemplate\":\"https:\/\/www.emecpumps.com\/de\/?s={search_term_string}\"},\"query-input\":{\"@type\":\"PropertyValueSpecification\",\"valueRequired\":true,\"valueName\":\"search_term_string\"}}],\"inLanguage\":\"de\"},{\"@type\":\"Organization\",\"@id\":\"https:\/\/www.emecpumps.com\/de\/#organization\",\"name\":\"Emec Pumps - Pompe dosatrici e Sistemi di disinfezione\",\"url\":\"https:\/\/www.emecpumps.com\/de\/\",\"logo\":{\"@type\":\"ImageObject\",\"inLanguage\":\"de\",\"@id\":\"https:\/\/www.emecpumps.com\/de\/#\/schema\/logo\/image\/\",\"url\":\"https:\/\/www.emecpumps.com\/wp-content\/uploads\/2024\/01\/logo_emec.png\",\"contentUrl\":\"https:\/\/www.emecpumps.com\/wp-content\/uploads\/2024\/01\/logo_emec.png\",\"width\":470,\"height\":133,\"caption\":\"Emec Pumps - Pompe dosatrici e Sistemi di disinfezione\"},\"image\":{\"@id\":\"https:\/\/www.emecpumps.com\/de\/#\/schema\/logo\/image\/\"},\"sameAs\":[\"https:\/\/www.facebook.com\/emecpumps\",\"https:\/\/x.com\/EMECpumps\",\"https:\/\/www.instagram.com\/emecpumps\/\",\"https:\/\/www.linkedin.com\/company\/2715607\/admin\/\"]}]}<\/script>\n<!-- \/ Yoast SEO plugin. -->","yoast_head_json":{"title":"Nachhaltigkeit und territorium - Emec - Dosierpumpen und Desinfektionssysteme","description":"Die Vision von EMEC ist eng mit dem Gebiet verbunden, das ein integraler Bestandteil der DNA unseres Unternehmens ist.","robots":{"index":"index","follow":"follow","max-snippet":"max-snippet:-1","max-image-preview":"max-image-preview:large","max-video-preview":"max-video-preview:-1"},"canonical":"https:\/\/www.emecpumps.com\/de\/nachhaltigkeit-und-territorium\/","og_locale":"de_DE","og_type":"article","og_title":"Nachhaltigkeit und territorium - Emec - Dosierpumpen und Desinfektionssysteme","og_description":"Die Vision von EMEC ist eng mit dem Gebiet verbunden, das ein integraler Bestandteil der DNA unseres Unternehmens ist.","og_url":"https:\/\/www.emecpumps.com\/de\/nachhaltigkeit-und-territorium\/","og_site_name":"Emec - Dosierpumpen und Desinfektionssysteme","article_publisher":"https:\/\/www.facebook.com\/emecpumps","article_modified_time":"2021-11-23T09:12:28+00:00","og_image":[{"url":"https:\/\/www.emecpumps.com\/wp-content\/uploads\/2021\/01\/animation_500_kju3v4b5.gif","type":"","width":"","height":""}],"twitter_card":"summary_large_image","twitter_site":"@EMECpumps","twitter_misc":{"Gesch\u00e4tzte Lesezeit":"3\u00a0Minuten"},"schema":{"@context":"https:\/\/schema.org","@graph":[{"@type":"WebPage","@id":"https:\/\/www.emecpumps.com\/de\/nachhaltigkeit-und-territorium\/","url":"https:\/\/www.emecpumps.com\/de\/nachhaltigkeit-und-territorium\/","name":"Nachhaltigkeit und territorium - Emec - Dosierpumpen und Desinfektionssysteme","isPartOf":{"@id":"https:\/\/www.emecpumps.com\/de\/#website"},"primaryImageOfPage":{"@id":"https:\/\/www.emecpumps.com\/de\/nachhaltigkeit-und-territorium\/#primaryimage"},"image":{"@id":"https:\/\/www.emecpumps.com\/de\/nachhaltigkeit-und-territorium\/#primaryimage"},"thumbnailUrl":"https:\/\/www.emecpumps.com\/wp-content\/uploads\/2021\/01\/logs.jpg","datePublished":"2021-06-22T13:42:22+00:00","dateModified":"2021-11-23T09:12:28+00:00","description":"Die Vision von EMEC ist eng mit dem Gebiet verbunden, das ein integraler Bestandteil der DNA unseres Unternehmens ist.","breadcrumb":{"@id":"https:\/\/www.emecpumps.com\/de\/nachhaltigkeit-und-territorium\/#breadcrumb"},"inLanguage":"de","potentialAction":[{"@type":"ReadAction","target":["https:\/\/www.emecpumps.com\/de\/nachhaltigkeit-und-territorium\/"]}]},{"@type":"ImageObject","inLanguage":"de","@id":"https:\/\/www.emecpumps.com\/de\/nachhaltigkeit-und-territorium\/#primaryimage","url":"https:\/\/www.emecpumps.com\/wp-content\/uploads\/2021\/01\/logs.jpg","contentUrl":"https:\/\/www.emecpumps.com\/wp-content\/uploads\/2021\/01\/logs.jpg","width":2369,"height":1544},{"@type":"BreadcrumbList","@id":"https:\/\/www.emecpumps.com\/de\/nachhaltigkeit-und-territorium\/#breadcrumb","itemListElement":[{"@type":"ListItem","position":1,"name":"Home","item":"https:\/\/www.emecpumps.com\/de\/"},{"@type":"ListItem","position":2,"name":"Nachhaltigkeit und territorium"}]},{"@type":"WebSite","@id":"https:\/\/www.emecpumps.com\/de\/#website","url":"https:\/\/www.emecpumps.com\/de\/","name":"Emec Pumps - Pompe dosatrici e Sistemi di disinfezione","description":"Dosierpumpen und Desinfektionssysteme","publisher":{"@id":"https:\/\/www.emecpumps.com\/de\/#organization"},"alternateName":"Emec","potentialAction":[{"@type":"SearchAction","target":{"@type":"EntryPoint","urlTemplate":"https:\/\/www.emecpumps.com\/de\/?s={search_term_string}"},"query-input":{"@type":"PropertyValueSpecification","valueRequired":true,"valueName":"search_term_string"}}],"inLanguage":"de"},{"@type":"Organization","@id":"https:\/\/www.emecpumps.com\/de\/#organization","name":"Emec Pumps - Pompe dosatrici e Sistemi di disinfezione","url":"https:\/\/www.emecpumps.com\/de\/","logo":{"@type":"ImageObject","inLanguage":"de","@id":"https:\/\/www.emecpumps.com\/de\/#\/schema\/logo\/image\/","url":"https:\/\/www.emecpumps.com\/wp-content\/uploads\/2024\/01\/logo_emec.png","contentUrl":"https:\/\/www.emecpumps.com\/wp-content\/uploads\/2024\/01\/logo_emec.png","width":470,"height":133,"caption":"Emec Pumps - Pompe dosatrici e Sistemi di disinfezione"},"image":{"@id":"https:\/\/www.emecpumps.com\/de\/#\/schema\/logo\/image\/"},"sameAs":["https:\/\/www.facebook.com\/emecpumps","https:\/\/x.com\/EMECpumps","https:\/\/www.instagram.com\/emecpumps\/","https:\/\/www.linkedin.com\/company\/2715607\/admin\/"]}]}},"_links":{"self":[{"href":"https:\/\/www.emecpumps.com\/de\/wp-json\/wp\/v2\/pages\/24730","targetHints":{"allow":["GET"]}}],"collection":[{"href":"https:\/\/www.emecpumps.com\/de\/wp-json\/wp\/v2\/pages"}],"about":[{"href":"https:\/\/www.emecpumps.com\/de\/wp-json\/wp\/v2\/types\/page"}],"author":[{"embeddable":true,"href":"https:\/\/www.emecpumps.com\/de\/wp-json\/wp\/v2\/users\/1"}],"replies":[{"embeddable":true,"href":"https:\/\/www.emecpumps.com\/de\/wp-json\/wp\/v2\/comments?post=24730"}],"version-history":[{"count":12,"href":"https:\/\/www.emecpumps.com\/de\/wp-json\/wp\/v2\/pages\/24730\/revisions"}],"predecessor-version":[{"id":39189,"href":"https:\/\/www.emecpumps.com\/de\/wp-json\/wp\/v2\/pages\/24730\/revisions\/39189"}],"wp:featuredmedia":[{"embeddable":true,"href":"https:\/\/www.emecpumps.com\/de\/wp-json\/wp\/v2\/media\/16165"}],"wp:attachment":[{"href":"https:\/\/www.emecpumps.com\/de\/wp-json\/wp\/v2\/media?parent=24730"}],"curies":[{"name":"wp","href":"https:\/\/api.w.org\/{rel}","templated":true}]}}