{"id":26163,"date":"2021-02-01T12:31:36","date_gmt":"2021-02-01T11:31:36","guid":{"rendered":"http:\/\/webtrial.emecpumps.com\/wordpress\/resi-e-riparazioni\/"},"modified":"2023-09-04T14:50:13","modified_gmt":"2023-09-04T13:50:13","slug":"ruecksendungen-und-reparaturen","status":"publish","type":"page","link":"https:\/\/www.emecpumps.com\/de\/ruecksendungen-und-reparaturen\/","title":{"rendered":"R\u00fccksendungen und Reparaturen"},"content":{"rendered":"<div class=\"wpb-content-wrapper\">[vc_row full_width=&#8221;stretch_row&#8221; gap=&#8221;10&#8243; pix_particles_check=&#8221;&#8221; css=&#8221;.vc_custom_1610450323231{margin-top: 50px !important;}&#8221;][vc_column][vc_empty_space height=&#8221;50px&#8221;][vc_column_text css_animation=&#8221;fadeInUp&#8221;]Unsere Abl\u00e4ufe f\u00fcr die Abwicklung von Reparaturen innerhalb und au\u00dferhalb der Garantiezeit werden st\u00e4ndig aktualisiert und optimiert, um ein H\u00f6chstma\u00df an Effizienz zu gew\u00e4hrleisten und zwar in Bezug auf die Prozessorganisation als auch auf die Geschwindigkeit der Abwicklung und die Mitarbeitersicherheit.\r\n\r\nIm Falle einer R\u00fccksendung zum Zwecke des Austauschs, der Reparatur oder anderer Erfordernisse ist es notwendig, sich mit Ihrer Handelsreferenz (oder alternativ mit <a href=\"mailto:ordini@emec.it\">ordini@emec.it<\/a> unter Angabe der erforderlichen Daten) in Verbindung zu setzen, um die Vorgehensweise je nach Zweck der Operation zu vereinbaren und vorzubereiten. Um die Qualit\u00e4t und Schnelligkeit der R\u00fccksendung zu gew\u00e4hrleisten, verlangen wir von unseren Kunden, dass sie das <span style=\"color: #2dc84d;\"><strong>neue<\/strong><\/span> R\u00fccksendeformular (MDR) und das <span style=\"color: #2dc84d;\"><strong>neue<\/strong><\/span> Dekontaminationsformular der Sendung von Produkten beif\u00fcgen.\r\n\r\n<strong>R\u00fccksendeformular (MDR)\r\n<\/strong>Erm\u00f6glicht die Analyse des Verfahrens, das f\u00fcr die R\u00fccksendung der Waren anzuwenden ist, um die Ausf\u00fchrungszeit so weit wie m\u00f6glich zu reduzieren.\r\n\r\n<strong>Dekontaminationsformular\r\n<\/strong>Gem\u00e4\u00df den geltenden Vorschriften liegt es in der Verantwortung des Anwenders, das gesamte an EMEC zur\u00fcckgesandte Material zu reinigen und zu dekontaminieren. Dieses Formular erm\u00f6glicht es, den Gef\u00e4hrlichkeitsgrad der Chemikalien, die mit dem Ger\u00e4t in Kontakt gekommen sind, zu analysieren, um die geeignetsten Ma\u00dfnahmen zum Schutz unserer Mitarbeiter anzuwenden.\r\nDas Formular muss vollst\u00e4ndig ausgef\u00fcllt und dem Transportdokument beigef\u00fcgt werden. Das Vorhandensein des Dekontaminationsformulars ist eine wesentliche Voraussetzung f\u00fcr das \u00d6ffnen des Pakets und der zugeh\u00f6rigen Arbeitsdatei. Wenn die Sendung aus mehreren Paketen besteht, muss f\u00fcr jedes Produkt ein Formular ausgef\u00fcllt werden.[\/vc_column_text][vc_row_inner][vc_column_inner width=&#8221;1\/3&#8243;][\/vc_column_inner][vc_column_inner width=&#8221;1\/3&#8243;]<a  href=\"https:\/\/www.emecpumps.com\/wp-content\/uploads\/2023\/08\/Moduli-accettazione-al-rientro_EN.pdf\" class=\"btn mb-2     btn-secondary d-flex w-100  justify-content-center  align-items-center     btn-rounded btn-normal\" target=\"_blank\" rel=\"noopener\"    ><svg class=\"pixfort-icon font-weight-bold   mr-2\" width=\"24\" height=\"24\"  data-name=\"Line\/pixfort-icon-page-down-1\" viewBox=\"2 2 20 20\"><path fill=\"none\" stroke=\"var(--pf-icon-color)\" stroke-linecap=\"round\" stroke-linejoin=\"round\" stroke-width=\"var(--pf-icon-stroke-width)\" d=\"M12,3 L12,17 M6,12 L12,18 L18,12 M3,21 L21,21\"\/><\/svg><span class=\"font-weight-bold \" >Herunterladen<\/span><\/a>[\/vc_column_inner][vc_column_inner width=&#8221;1\/3&#8243;][\/vc_column_inner][\/vc_row_inner]<div id=\"el1612254276318-1098ccac-a7b5\" class=\"w-100 d-block \"><\/div>[\/vc_column][\/vc_row]<\/div>","protected":false},"excerpt":{"rendered":"[vc_row full_width=&#8221;stretch_row&#8221; gap=&#8221;10&#8243; pix_particles_check=&#8221;&#8221; css=&#8221;.vc_custom_1610450323231{margin-top: 50px !important;}&#8221;][vc_column][vc_empty_space height=&#8221;50px&#8221;][vc_column_text css_animation=&#8221;fadeInUp&#8221;]Unsere Abl\u00e4ufe f\u00fcr die Abwicklung von Reparaturen innerhalb und au\u00dferhalb der Garantiezeit werden st\u00e4ndig aktualisiert und optimiert, um ein H\u00f6chstma\u00df an Effizienz zu gew\u00e4hrleisten und zwar in Bezug auf die Prozessorganisation als&#8230;","protected":false},"author":1,"featured_media":16167,"parent":0,"menu_order":0,"comment_status":"closed","ping_status":"closed","template":"","meta":{"lazy_load_responsive_images_disabled":false,"footnotes":""},"class_list":["post-26163","page","type-page","status-publish","has-post-thumbnail","hentry"],"yoast_head":"<!-- This site is optimized with the Yoast SEO plugin v26.6 - https:\/\/yoast.com\/wordpress\/plugins\/seo\/ -->\n<title>R\u00fccksendungen und Reparaturen - Emec - Dosierpumpen und Desinfektionssysteme<\/title>\n<meta name=\"description\" content=\"Informieren Sie sich \u00fcber das einzuhaltende Verfahren und die Formulare, die im Falle einer R\u00fcckgabe zu konsultieren sind.\" \/>\n<meta name=\"robots\" content=\"index, follow, max-snippet:-1, max-image-preview:large, max-video-preview:-1\" \/>\n<link rel=\"canonical\" href=\"https:\/\/www.emecpumps.com\/de\/ruecksendungen-und-reparaturen\/\" \/>\n<meta property=\"og:locale\" content=\"de_DE\" \/>\n<meta property=\"og:type\" content=\"article\" \/>\n<meta property=\"og:title\" content=\"R\u00fccksendungen und Reparaturen - Emec - Dosierpumpen und Desinfektionssysteme\" \/>\n<meta property=\"og:description\" content=\"Informieren Sie sich \u00fcber das einzuhaltende Verfahren und die Formulare, die im Falle einer R\u00fcckgabe zu konsultieren sind.\" \/>\n<meta property=\"og:url\" content=\"https:\/\/www.emecpumps.com\/de\/ruecksendungen-und-reparaturen\/\" \/>\n<meta property=\"og:site_name\" content=\"Emec - Dosierpumpen und Desinfektionssysteme\" \/>\n<meta property=\"article:publisher\" content=\"https:\/\/www.facebook.com\/emecpumps\" \/>\n<meta property=\"article:modified_time\" content=\"2023-09-04T13:50:13+00:00\" \/>\n<meta property=\"og:image\" content=\"https:\/\/www.emecpumps.com\/wp-content\/uploads\/2021\/01\/logs.jpg\" \/>\n\t<meta property=\"og:image:width\" content=\"2369\" \/>\n\t<meta property=\"og:image:height\" content=\"1544\" \/>\n\t<meta property=\"og:image:type\" content=\"image\/jpeg\" \/>\n<meta name=\"twitter:card\" content=\"summary_large_image\" \/>\n<meta name=\"twitter:site\" content=\"@EMECpumps\" \/>\n<meta name=\"twitter:label1\" content=\"Gesch\u00e4tzte Lesezeit\" \/>\n\t<meta name=\"twitter:data1\" content=\"1\u00a0Minute\" \/>\n<script type=\"application\/ld+json\" class=\"yoast-schema-graph\">{\"@context\":\"https:\/\/schema.org\",\"@graph\":[{\"@type\":\"WebPage\",\"@id\":\"https:\/\/www.emecpumps.com\/de\/ruecksendungen-und-reparaturen\/\",\"url\":\"https:\/\/www.emecpumps.com\/de\/ruecksendungen-und-reparaturen\/\",\"name\":\"R\u00fccksendungen und Reparaturen - Emec - Dosierpumpen und Desinfektionssysteme\",\"isPartOf\":{\"@id\":\"https:\/\/www.emecpumps.com\/de\/#website\"},\"primaryImageOfPage\":{\"@id\":\"https:\/\/www.emecpumps.com\/de\/ruecksendungen-und-reparaturen\/#primaryimage\"},\"image\":{\"@id\":\"https:\/\/www.emecpumps.com\/de\/ruecksendungen-und-reparaturen\/#primaryimage\"},\"thumbnailUrl\":\"https:\/\/www.emecpumps.com\/wp-content\/uploads\/2021\/01\/logs.jpg\",\"datePublished\":\"2021-02-01T11:31:36+00:00\",\"dateModified\":\"2023-09-04T13:50:13+00:00\",\"description\":\"Informieren Sie sich \u00fcber das einzuhaltende Verfahren und die Formulare, die im Falle einer R\u00fcckgabe zu konsultieren sind.\",\"breadcrumb\":{\"@id\":\"https:\/\/www.emecpumps.com\/de\/ruecksendungen-und-reparaturen\/#breadcrumb\"},\"inLanguage\":\"de\",\"potentialAction\":[{\"@type\":\"ReadAction\",\"target\":[\"https:\/\/www.emecpumps.com\/de\/ruecksendungen-und-reparaturen\/\"]}]},{\"@type\":\"ImageObject\",\"inLanguage\":\"de\",\"@id\":\"https:\/\/www.emecpumps.com\/de\/ruecksendungen-und-reparaturen\/#primaryimage\",\"url\":\"https:\/\/www.emecpumps.com\/wp-content\/uploads\/2021\/01\/logs.jpg\",\"contentUrl\":\"https:\/\/www.emecpumps.com\/wp-content\/uploads\/2021\/01\/logs.jpg\",\"width\":2369,\"height\":1544},{\"@type\":\"BreadcrumbList\",\"@id\":\"https:\/\/www.emecpumps.com\/de\/ruecksendungen-und-reparaturen\/#breadcrumb\",\"itemListElement\":[{\"@type\":\"ListItem\",\"position\":1,\"name\":\"Home\",\"item\":\"https:\/\/www.emecpumps.com\/de\/\"},{\"@type\":\"ListItem\",\"position\":2,\"name\":\"R\u00fccksendungen und Reparaturen\"}]},{\"@type\":\"WebSite\",\"@id\":\"https:\/\/www.emecpumps.com\/de\/#website\",\"url\":\"https:\/\/www.emecpumps.com\/de\/\",\"name\":\"Emec Pumps - Pompe dosatrici e Sistemi di disinfezione\",\"description\":\"Dosierpumpen und Desinfektionssysteme\",\"publisher\":{\"@id\":\"https:\/\/www.emecpumps.com\/de\/#organization\"},\"alternateName\":\"Emec\",\"potentialAction\":[{\"@type\":\"SearchAction\",\"target\":{\"@type\":\"EntryPoint\",\"urlTemplate\":\"https:\/\/www.emecpumps.com\/de\/?s={search_term_string}\"},\"query-input\":{\"@type\":\"PropertyValueSpecification\",\"valueRequired\":true,\"valueName\":\"search_term_string\"}}],\"inLanguage\":\"de\"},{\"@type\":\"Organization\",\"@id\":\"https:\/\/www.emecpumps.com\/de\/#organization\",\"name\":\"Emec Pumps - Pompe dosatrici e Sistemi di disinfezione\",\"url\":\"https:\/\/www.emecpumps.com\/de\/\",\"logo\":{\"@type\":\"ImageObject\",\"inLanguage\":\"de\",\"@id\":\"https:\/\/www.emecpumps.com\/de\/#\/schema\/logo\/image\/\",\"url\":\"https:\/\/www.emecpumps.com\/wp-content\/uploads\/2024\/01\/logo_emec.png\",\"contentUrl\":\"https:\/\/www.emecpumps.com\/wp-content\/uploads\/2024\/01\/logo_emec.png\",\"width\":470,\"height\":133,\"caption\":\"Emec Pumps - Pompe dosatrici e Sistemi di disinfezione\"},\"image\":{\"@id\":\"https:\/\/www.emecpumps.com\/de\/#\/schema\/logo\/image\/\"},\"sameAs\":[\"https:\/\/www.facebook.com\/emecpumps\",\"https:\/\/x.com\/EMECpumps\",\"https:\/\/www.instagram.com\/emecpumps\/\",\"https:\/\/www.linkedin.com\/company\/2715607\/admin\/\"]}]}<\/script>\n<!-- \/ Yoast SEO plugin. -->","yoast_head_json":{"title":"R\u00fccksendungen und Reparaturen - Emec - Dosierpumpen und Desinfektionssysteme","description":"Informieren Sie sich \u00fcber das einzuhaltende Verfahren und die Formulare, die im Falle einer R\u00fcckgabe zu konsultieren sind.","robots":{"index":"index","follow":"follow","max-snippet":"max-snippet:-1","max-image-preview":"max-image-preview:large","max-video-preview":"max-video-preview:-1"},"canonical":"https:\/\/www.emecpumps.com\/de\/ruecksendungen-und-reparaturen\/","og_locale":"de_DE","og_type":"article","og_title":"R\u00fccksendungen und Reparaturen - Emec - Dosierpumpen und Desinfektionssysteme","og_description":"Informieren Sie sich \u00fcber das einzuhaltende Verfahren und die Formulare, die im Falle einer R\u00fcckgabe zu konsultieren sind.","og_url":"https:\/\/www.emecpumps.com\/de\/ruecksendungen-und-reparaturen\/","og_site_name":"Emec - Dosierpumpen und Desinfektionssysteme","article_publisher":"https:\/\/www.facebook.com\/emecpumps","article_modified_time":"2023-09-04T13:50:13+00:00","og_image":[{"width":2369,"height":1544,"url":"https:\/\/www.emecpumps.com\/wp-content\/uploads\/2021\/01\/logs.jpg","type":"image\/jpeg"}],"twitter_card":"summary_large_image","twitter_site":"@EMECpumps","twitter_misc":{"Gesch\u00e4tzte Lesezeit":"1\u00a0Minute"},"schema":{"@context":"https:\/\/schema.org","@graph":[{"@type":"WebPage","@id":"https:\/\/www.emecpumps.com\/de\/ruecksendungen-und-reparaturen\/","url":"https:\/\/www.emecpumps.com\/de\/ruecksendungen-und-reparaturen\/","name":"R\u00fccksendungen und Reparaturen - Emec - Dosierpumpen und Desinfektionssysteme","isPartOf":{"@id":"https:\/\/www.emecpumps.com\/de\/#website"},"primaryImageOfPage":{"@id":"https:\/\/www.emecpumps.com\/de\/ruecksendungen-und-reparaturen\/#primaryimage"},"image":{"@id":"https:\/\/www.emecpumps.com\/de\/ruecksendungen-und-reparaturen\/#primaryimage"},"thumbnailUrl":"https:\/\/www.emecpumps.com\/wp-content\/uploads\/2021\/01\/logs.jpg","datePublished":"2021-02-01T11:31:36+00:00","dateModified":"2023-09-04T13:50:13+00:00","description":"Informieren Sie sich \u00fcber das einzuhaltende Verfahren und die Formulare, die im Falle einer R\u00fcckgabe zu konsultieren sind.","breadcrumb":{"@id":"https:\/\/www.emecpumps.com\/de\/ruecksendungen-und-reparaturen\/#breadcrumb"},"inLanguage":"de","potentialAction":[{"@type":"ReadAction","target":["https:\/\/www.emecpumps.com\/de\/ruecksendungen-und-reparaturen\/"]}]},{"@type":"ImageObject","inLanguage":"de","@id":"https:\/\/www.emecpumps.com\/de\/ruecksendungen-und-reparaturen\/#primaryimage","url":"https:\/\/www.emecpumps.com\/wp-content\/uploads\/2021\/01\/logs.jpg","contentUrl":"https:\/\/www.emecpumps.com\/wp-content\/uploads\/2021\/01\/logs.jpg","width":2369,"height":1544},{"@type":"BreadcrumbList","@id":"https:\/\/www.emecpumps.com\/de\/ruecksendungen-und-reparaturen\/#breadcrumb","itemListElement":[{"@type":"ListItem","position":1,"name":"Home","item":"https:\/\/www.emecpumps.com\/de\/"},{"@type":"ListItem","position":2,"name":"R\u00fccksendungen und Reparaturen"}]},{"@type":"WebSite","@id":"https:\/\/www.emecpumps.com\/de\/#website","url":"https:\/\/www.emecpumps.com\/de\/","name":"Emec Pumps - Pompe dosatrici e Sistemi di disinfezione","description":"Dosierpumpen und Desinfektionssysteme","publisher":{"@id":"https:\/\/www.emecpumps.com\/de\/#organization"},"alternateName":"Emec","potentialAction":[{"@type":"SearchAction","target":{"@type":"EntryPoint","urlTemplate":"https:\/\/www.emecpumps.com\/de\/?s={search_term_string}"},"query-input":{"@type":"PropertyValueSpecification","valueRequired":true,"valueName":"search_term_string"}}],"inLanguage":"de"},{"@type":"Organization","@id":"https:\/\/www.emecpumps.com\/de\/#organization","name":"Emec Pumps - Pompe dosatrici e Sistemi di disinfezione","url":"https:\/\/www.emecpumps.com\/de\/","logo":{"@type":"ImageObject","inLanguage":"de","@id":"https:\/\/www.emecpumps.com\/de\/#\/schema\/logo\/image\/","url":"https:\/\/www.emecpumps.com\/wp-content\/uploads\/2024\/01\/logo_emec.png","contentUrl":"https:\/\/www.emecpumps.com\/wp-content\/uploads\/2024\/01\/logo_emec.png","width":470,"height":133,"caption":"Emec Pumps - Pompe dosatrici e Sistemi di disinfezione"},"image":{"@id":"https:\/\/www.emecpumps.com\/de\/#\/schema\/logo\/image\/"},"sameAs":["https:\/\/www.facebook.com\/emecpumps","https:\/\/x.com\/EMECpumps","https:\/\/www.instagram.com\/emecpumps\/","https:\/\/www.linkedin.com\/company\/2715607\/admin\/"]}]}},"_links":{"self":[{"href":"https:\/\/www.emecpumps.com\/de\/wp-json\/wp\/v2\/pages\/26163","targetHints":{"allow":["GET"]}}],"collection":[{"href":"https:\/\/www.emecpumps.com\/de\/wp-json\/wp\/v2\/pages"}],"about":[{"href":"https:\/\/www.emecpumps.com\/de\/wp-json\/wp\/v2\/types\/page"}],"author":[{"embeddable":true,"href":"https:\/\/www.emecpumps.com\/de\/wp-json\/wp\/v2\/users\/1"}],"replies":[{"embeddable":true,"href":"https:\/\/www.emecpumps.com\/de\/wp-json\/wp\/v2\/comments?post=26163"}],"version-history":[{"count":10,"href":"https:\/\/www.emecpumps.com\/de\/wp-json\/wp\/v2\/pages\/26163\/revisions"}],"predecessor-version":[{"id":58893,"href":"https:\/\/www.emecpumps.com\/de\/wp-json\/wp\/v2\/pages\/26163\/revisions\/58893"}],"wp:featuredmedia":[{"embeddable":true,"href":"https:\/\/www.emecpumps.com\/de\/wp-json\/wp\/v2\/media\/16167"}],"wp:attachment":[{"href":"https:\/\/www.emecpumps.com\/de\/wp-json\/wp\/v2\/media?parent=26163"}],"curies":[{"name":"wp","href":"https:\/\/api.w.org\/{rel}","templated":true}]}}