{"id":26267,"date":"2020-11-30T15:31:07","date_gmt":"2020-11-30T14:31:07","guid":{"rendered":"http:\/\/webtrial.emecpumps.com\/wordpress\/parti-di-ricambio\/"},"modified":"2022-04-08T13:57:08","modified_gmt":"2022-04-08T12:57:08","slug":"ersatzteile","status":"publish","type":"page","link":"https:\/\/www.emecpumps.com\/de\/ersatzteile\/","title":{"rendered":"Ersatzteile"},"content":{"rendered":"<div class=\"wpb-content-wrapper\">[vc_row pix_particles_check=&#8221;&#8221;][vc_column][vc_row_inner][vc_column_inner][vc_column_text]<iframe src=\" https:\/\/webold.emecpumps.com\/it?option=com_azurapagebuilder&amp;view=page&amp;id=468\" width=\"100%\" height=\"800\" frameborder=\"0\"><\/iframe>[\/vc_column_text][\/vc_column_inner][\/vc_row_inner][\/vc_column][\/vc_row][vc_row pix_particles_check=&#8221;&#8221;][vc_column][vc_message message_box_color=&#8221;green&#8221;]Dank des EMEC-Ersatzteilsuchsystems k\u00f6nnen Sie f\u00fcr jedes Produkt und jedes vormontierte Paneel die vollst\u00e4ndige Liste der Komponenten (BOM) erhalten, indem Sie einfach im Suchfeld den Code oder den Namen (im Feld &#8220;Beschreibung&#8221;) des gesuchten Produkts eingeben. Oder, um alle wichtigen Informationen noch schneller zu finden, richten Sie Ihr Smartphone einfach auf die Data Matrix auf dem Etikett jedes EMEC-Produkts und greifen Sie direkt auf dessen St\u00fcckliste zu.<\/p>\r\n<p>Wenn Sie das gesuchte EMEC-Produkt gefunden haben, enth\u00e4lt die St\u00fcckliste einen Code, der jedes Bauteil eindeutig identifiziert, um die Ersatzteilbestellung zu erleichtern.<\/p>\r\n<p>Wenn Sie die ben\u00f6tigten Ersatzteile ausw\u00e4hlen, k\u00f6nnen Sie auch eine Erinnerung erstellen, die an die mit Ihrem Konto verbundene E-Mail-Adresse gesendet wird. Mit dieser Erinnerung wird das Anfordern eines Angebots von order@emecpumps.com einfacher und schneller.<\/p>\r\n<p>Mit der Suchmaschine k\u00f6nnen Sie auch Handb\u00fccher, Datenbl\u00e4tter und, nur f\u00fcr Dosierpumpen, Explosionszeichnungen (auf denen Sie jede Komponente dank einer Referenznummer identifizieren k\u00f6nnen) finden. St\u00fccklisten, Handb\u00fccher, Datenbl\u00e4tter und Explosionszeichnungen k\u00f6nnen alle im PDF-Format heruntergeladen werden.<\/p>\r\n<p>Die Dokumentation jedes Produkts steht auch zum Herunterladen zur Verf\u00fcgung, immer im PDF-Format, auf der entsprechenden Seite im Produktbereich dieser Website.<\/p>\r\n[\/vc_message][\/vc_column][\/vc_row]\r\n<\/div>","protected":false},"excerpt":{"rendered":"[vc_row pix_particles_check=&#8221;&#8221;][vc_column][vc_row_inner][vc_column_inner][vc_column_text][\/vc_column_text][\/vc_column_inner][\/vc_row_inner][\/vc_column][\/vc_row][vc_row pix_particles_check=&#8221;&#8221;][vc_column][vc_message message_box_color=&#8221;green&#8221;]Dank des EMEC-Ersatzteilsuchsystems k\u00f6nnen Sie f\u00fcr jedes Produkt und jedes vormontierte Paneel die vollst\u00e4ndige Liste der Komponenten (BOM) erhalten, indem Sie einfach im Suchfeld den Code oder den Namen (im Feld &#8220;Beschreibung&#8221;) des gesuchten Produkts eingeben. Oder,&#8230;","protected":false},"author":1,"featured_media":16167,"parent":0,"menu_order":0,"comment_status":"closed","ping_status":"closed","template":"","meta":{"lazy_load_responsive_images_disabled":false,"footnotes":""},"class_list":["post-26267","page","type-page","status-publish","has-post-thumbnail","hentry"],"yoast_head":"<!-- This site is optimized with the Yoast SEO plugin v26.6 - https:\/\/yoast.com\/wordpress\/plugins\/seo\/ -->\n<title>Ersatzteile - Emec - Dosierpumpen und Desinfektionssysteme<\/title>\n<meta name=\"description\" content=\"Dank des EMEC-Ersatzteilsuchsystems k\u00f6nnen Sie f\u00fcr jedes Produkt und jedes vormontierte Paneel die vollst\u00e4ndige Liste der Komponenten (BOM).\" \/>\n<meta name=\"robots\" content=\"index, follow, max-snippet:-1, max-image-preview:large, max-video-preview:-1\" \/>\n<link rel=\"canonical\" href=\"https:\/\/www.emecpumps.com\/de\/ersatzteile\/\" \/>\n<meta property=\"og:locale\" content=\"de_DE\" \/>\n<meta property=\"og:type\" content=\"article\" \/>\n<meta property=\"og:title\" content=\"Ersatzteile - Emec - Dosierpumpen und Desinfektionssysteme\" \/>\n<meta property=\"og:description\" content=\"Dank des EMEC-Ersatzteilsuchsystems k\u00f6nnen Sie f\u00fcr jedes Produkt und jedes vormontierte Paneel die vollst\u00e4ndige Liste der Komponenten (BOM).\" \/>\n<meta property=\"og:url\" content=\"https:\/\/www.emecpumps.com\/de\/ersatzteile\/\" \/>\n<meta property=\"og:site_name\" content=\"Emec - Dosierpumpen und Desinfektionssysteme\" \/>\n<meta property=\"article:publisher\" content=\"https:\/\/www.facebook.com\/emecpumps\" \/>\n<meta property=\"article:modified_time\" content=\"2022-04-08T12:57:08+00:00\" \/>\n<meta property=\"og:image\" content=\"https:\/\/www.emecpumps.com\/wp-content\/uploads\/2021\/01\/logs.jpg\" \/>\n\t<meta property=\"og:image:width\" content=\"2369\" \/>\n\t<meta property=\"og:image:height\" content=\"1544\" \/>\n\t<meta property=\"og:image:type\" content=\"image\/jpeg\" \/>\n<meta name=\"twitter:card\" content=\"summary_large_image\" \/>\n<meta name=\"twitter:site\" content=\"@EMECpumps\" \/>\n<meta name=\"twitter:label1\" content=\"Gesch\u00e4tzte Lesezeit\" \/>\n\t<meta name=\"twitter:data1\" content=\"1\u00a0Minute\" \/>\n<script type=\"application\/ld+json\" class=\"yoast-schema-graph\">{\"@context\":\"https:\/\/schema.org\",\"@graph\":[{\"@type\":\"WebPage\",\"@id\":\"https:\/\/www.emecpumps.com\/de\/ersatzteile\/\",\"url\":\"https:\/\/www.emecpumps.com\/de\/ersatzteile\/\",\"name\":\"Ersatzteile - Emec - Dosierpumpen und Desinfektionssysteme\",\"isPartOf\":{\"@id\":\"https:\/\/www.emecpumps.com\/de\/#website\"},\"primaryImageOfPage\":{\"@id\":\"https:\/\/www.emecpumps.com\/de\/ersatzteile\/#primaryimage\"},\"image\":{\"@id\":\"https:\/\/www.emecpumps.com\/de\/ersatzteile\/#primaryimage\"},\"thumbnailUrl\":\"https:\/\/www.emecpumps.com\/wp-content\/uploads\/2021\/01\/logs.jpg\",\"datePublished\":\"2020-11-30T14:31:07+00:00\",\"dateModified\":\"2022-04-08T12:57:08+00:00\",\"description\":\"Dank des EMEC-Ersatzteilsuchsystems k\u00f6nnen Sie f\u00fcr jedes Produkt und jedes vormontierte Paneel die vollst\u00e4ndige Liste der Komponenten (BOM).\",\"breadcrumb\":{\"@id\":\"https:\/\/www.emecpumps.com\/de\/ersatzteile\/#breadcrumb\"},\"inLanguage\":\"de\",\"potentialAction\":[{\"@type\":\"ReadAction\",\"target\":[\"https:\/\/www.emecpumps.com\/de\/ersatzteile\/\"]}]},{\"@type\":\"ImageObject\",\"inLanguage\":\"de\",\"@id\":\"https:\/\/www.emecpumps.com\/de\/ersatzteile\/#primaryimage\",\"url\":\"https:\/\/www.emecpumps.com\/wp-content\/uploads\/2021\/01\/logs.jpg\",\"contentUrl\":\"https:\/\/www.emecpumps.com\/wp-content\/uploads\/2021\/01\/logs.jpg\",\"width\":2369,\"height\":1544},{\"@type\":\"BreadcrumbList\",\"@id\":\"https:\/\/www.emecpumps.com\/de\/ersatzteile\/#breadcrumb\",\"itemListElement\":[{\"@type\":\"ListItem\",\"position\":1,\"name\":\"Home\",\"item\":\"https:\/\/www.emecpumps.com\/de\/\"},{\"@type\":\"ListItem\",\"position\":2,\"name\":\"Ersatzteile\"}]},{\"@type\":\"WebSite\",\"@id\":\"https:\/\/www.emecpumps.com\/de\/#website\",\"url\":\"https:\/\/www.emecpumps.com\/de\/\",\"name\":\"Emec Pumps - Pompe dosatrici e Sistemi di disinfezione\",\"description\":\"Dosierpumpen und Desinfektionssysteme\",\"publisher\":{\"@id\":\"https:\/\/www.emecpumps.com\/de\/#organization\"},\"alternateName\":\"Emec\",\"potentialAction\":[{\"@type\":\"SearchAction\",\"target\":{\"@type\":\"EntryPoint\",\"urlTemplate\":\"https:\/\/www.emecpumps.com\/de\/?s={search_term_string}\"},\"query-input\":{\"@type\":\"PropertyValueSpecification\",\"valueRequired\":true,\"valueName\":\"search_term_string\"}}],\"inLanguage\":\"de\"},{\"@type\":\"Organization\",\"@id\":\"https:\/\/www.emecpumps.com\/de\/#organization\",\"name\":\"Emec Pumps - Pompe dosatrici e Sistemi di disinfezione\",\"url\":\"https:\/\/www.emecpumps.com\/de\/\",\"logo\":{\"@type\":\"ImageObject\",\"inLanguage\":\"de\",\"@id\":\"https:\/\/www.emecpumps.com\/de\/#\/schema\/logo\/image\/\",\"url\":\"https:\/\/www.emecpumps.com\/wp-content\/uploads\/2024\/01\/logo_emec.png\",\"contentUrl\":\"https:\/\/www.emecpumps.com\/wp-content\/uploads\/2024\/01\/logo_emec.png\",\"width\":470,\"height\":133,\"caption\":\"Emec Pumps - Pompe dosatrici e Sistemi di disinfezione\"},\"image\":{\"@id\":\"https:\/\/www.emecpumps.com\/de\/#\/schema\/logo\/image\/\"},\"sameAs\":[\"https:\/\/www.facebook.com\/emecpumps\",\"https:\/\/x.com\/EMECpumps\",\"https:\/\/www.instagram.com\/emecpumps\/\",\"https:\/\/www.linkedin.com\/company\/2715607\/admin\/\"]}]}<\/script>\n<!-- \/ Yoast SEO plugin. -->","yoast_head_json":{"title":"Ersatzteile - Emec - Dosierpumpen und Desinfektionssysteme","description":"Dank des EMEC-Ersatzteilsuchsystems k\u00f6nnen Sie f\u00fcr jedes Produkt und jedes vormontierte Paneel die vollst\u00e4ndige Liste der Komponenten (BOM).","robots":{"index":"index","follow":"follow","max-snippet":"max-snippet:-1","max-image-preview":"max-image-preview:large","max-video-preview":"max-video-preview:-1"},"canonical":"https:\/\/www.emecpumps.com\/de\/ersatzteile\/","og_locale":"de_DE","og_type":"article","og_title":"Ersatzteile - Emec - Dosierpumpen und Desinfektionssysteme","og_description":"Dank des EMEC-Ersatzteilsuchsystems k\u00f6nnen Sie f\u00fcr jedes Produkt und jedes vormontierte Paneel die vollst\u00e4ndige Liste der Komponenten (BOM).","og_url":"https:\/\/www.emecpumps.com\/de\/ersatzteile\/","og_site_name":"Emec - Dosierpumpen und Desinfektionssysteme","article_publisher":"https:\/\/www.facebook.com\/emecpumps","article_modified_time":"2022-04-08T12:57:08+00:00","og_image":[{"width":2369,"height":1544,"url":"https:\/\/www.emecpumps.com\/wp-content\/uploads\/2021\/01\/logs.jpg","type":"image\/jpeg"}],"twitter_card":"summary_large_image","twitter_site":"@EMECpumps","twitter_misc":{"Gesch\u00e4tzte Lesezeit":"1\u00a0Minute"},"schema":{"@context":"https:\/\/schema.org","@graph":[{"@type":"WebPage","@id":"https:\/\/www.emecpumps.com\/de\/ersatzteile\/","url":"https:\/\/www.emecpumps.com\/de\/ersatzteile\/","name":"Ersatzteile - Emec - Dosierpumpen und Desinfektionssysteme","isPartOf":{"@id":"https:\/\/www.emecpumps.com\/de\/#website"},"primaryImageOfPage":{"@id":"https:\/\/www.emecpumps.com\/de\/ersatzteile\/#primaryimage"},"image":{"@id":"https:\/\/www.emecpumps.com\/de\/ersatzteile\/#primaryimage"},"thumbnailUrl":"https:\/\/www.emecpumps.com\/wp-content\/uploads\/2021\/01\/logs.jpg","datePublished":"2020-11-30T14:31:07+00:00","dateModified":"2022-04-08T12:57:08+00:00","description":"Dank des EMEC-Ersatzteilsuchsystems k\u00f6nnen Sie f\u00fcr jedes Produkt und jedes vormontierte Paneel die vollst\u00e4ndige Liste der Komponenten (BOM).","breadcrumb":{"@id":"https:\/\/www.emecpumps.com\/de\/ersatzteile\/#breadcrumb"},"inLanguage":"de","potentialAction":[{"@type":"ReadAction","target":["https:\/\/www.emecpumps.com\/de\/ersatzteile\/"]}]},{"@type":"ImageObject","inLanguage":"de","@id":"https:\/\/www.emecpumps.com\/de\/ersatzteile\/#primaryimage","url":"https:\/\/www.emecpumps.com\/wp-content\/uploads\/2021\/01\/logs.jpg","contentUrl":"https:\/\/www.emecpumps.com\/wp-content\/uploads\/2021\/01\/logs.jpg","width":2369,"height":1544},{"@type":"BreadcrumbList","@id":"https:\/\/www.emecpumps.com\/de\/ersatzteile\/#breadcrumb","itemListElement":[{"@type":"ListItem","position":1,"name":"Home","item":"https:\/\/www.emecpumps.com\/de\/"},{"@type":"ListItem","position":2,"name":"Ersatzteile"}]},{"@type":"WebSite","@id":"https:\/\/www.emecpumps.com\/de\/#website","url":"https:\/\/www.emecpumps.com\/de\/","name":"Emec Pumps - Pompe dosatrici e Sistemi di disinfezione","description":"Dosierpumpen und Desinfektionssysteme","publisher":{"@id":"https:\/\/www.emecpumps.com\/de\/#organization"},"alternateName":"Emec","potentialAction":[{"@type":"SearchAction","target":{"@type":"EntryPoint","urlTemplate":"https:\/\/www.emecpumps.com\/de\/?s={search_term_string}"},"query-input":{"@type":"PropertyValueSpecification","valueRequired":true,"valueName":"search_term_string"}}],"inLanguage":"de"},{"@type":"Organization","@id":"https:\/\/www.emecpumps.com\/de\/#organization","name":"Emec Pumps - Pompe dosatrici e Sistemi di disinfezione","url":"https:\/\/www.emecpumps.com\/de\/","logo":{"@type":"ImageObject","inLanguage":"de","@id":"https:\/\/www.emecpumps.com\/de\/#\/schema\/logo\/image\/","url":"https:\/\/www.emecpumps.com\/wp-content\/uploads\/2024\/01\/logo_emec.png","contentUrl":"https:\/\/www.emecpumps.com\/wp-content\/uploads\/2024\/01\/logo_emec.png","width":470,"height":133,"caption":"Emec Pumps - Pompe dosatrici e Sistemi di disinfezione"},"image":{"@id":"https:\/\/www.emecpumps.com\/de\/#\/schema\/logo\/image\/"},"sameAs":["https:\/\/www.facebook.com\/emecpumps","https:\/\/x.com\/EMECpumps","https:\/\/www.instagram.com\/emecpumps\/","https:\/\/www.linkedin.com\/company\/2715607\/admin\/"]}]}},"_links":{"self":[{"href":"https:\/\/www.emecpumps.com\/de\/wp-json\/wp\/v2\/pages\/26267","targetHints":{"allow":["GET"]}}],"collection":[{"href":"https:\/\/www.emecpumps.com\/de\/wp-json\/wp\/v2\/pages"}],"about":[{"href":"https:\/\/www.emecpumps.com\/de\/wp-json\/wp\/v2\/types\/page"}],"author":[{"embeddable":true,"href":"https:\/\/www.emecpumps.com\/de\/wp-json\/wp\/v2\/users\/1"}],"replies":[{"embeddable":true,"href":"https:\/\/www.emecpumps.com\/de\/wp-json\/wp\/v2\/comments?post=26267"}],"version-history":[{"count":8,"href":"https:\/\/www.emecpumps.com\/de\/wp-json\/wp\/v2\/pages\/26267\/revisions"}],"predecessor-version":[{"id":56542,"href":"https:\/\/www.emecpumps.com\/de\/wp-json\/wp\/v2\/pages\/26267\/revisions\/56542"}],"wp:featuredmedia":[{"embeddable":true,"href":"https:\/\/www.emecpumps.com\/de\/wp-json\/wp\/v2\/media\/16167"}],"wp:attachment":[{"href":"https:\/\/www.emecpumps.com\/de\/wp-json\/wp\/v2\/media?parent=26267"}],"curies":[{"name":"wp","href":"https:\/\/api.w.org\/{rel}","templated":true}]}}