{"id":57389,"date":"2021-04-15T14:50:54","date_gmt":"2021-04-15T13:50:54","guid":{"rendered":"https:\/\/www.emecpumps.org\/sistemi-per-torri-di-raffreddamento\/"},"modified":"2025-08-28T14:15:51","modified_gmt":"2025-08-28T13:15:51","slug":"systeme-fur-kuhlturme","status":"publish","type":"page","link":"https:\/\/www.emecpumps.com\/de\/systeme-fur-kuhlturme\/","title":{"rendered":"Systeme f\u00fcr K\u00fchlt\u00fcrme"},"content":{"rendered":"<div class=\"wpb-content-wrapper\">[vc_row full_width=&#8221;stretch_row&#8221; gap=&#8221;10&#8243; pix_particles_check=&#8221;&#8221; css=&#8221;.vc_custom_1610450323231{margin-top: 50px !important;}&#8221;][vc_column width=&#8221;1\/2&#8243;]<div class=\"pix-img-element d-inline-block \" ><div class=\"tilt_big\"><div class=\"pix-img-el    text-left d-inline-block  w-100 rounded-0\"  data-jarallax-element=\"100 100\" data-xaxis=\"100\" data-yaxis=\"100\"><img decoding=\"async\" class=\"card-img2 pix-img-elem rounded-0  h-1002\" style=\"height:auto;\" width=\"2560\" height=\"1707\" srcset=\"https:\/\/www.emecpumps.com\/wp-content\/uploads\/2022\/12\/thermal-power-plant-at-dusk-scaled.jpeg 2560w, https:\/\/www.emecpumps.com\/wp-content\/uploads\/2022\/12\/thermal-power-plant-at-dusk-700x467.jpeg 700w, https:\/\/www.emecpumps.com\/wp-content\/uploads\/2022\/12\/thermal-power-plant-at-dusk-1024x683.jpeg 1024w, https:\/\/www.emecpumps.com\/wp-content\/uploads\/2022\/12\/thermal-power-plant-at-dusk-768x512.jpeg 768w, https:\/\/www.emecpumps.com\/wp-content\/uploads\/2022\/12\/thermal-power-plant-at-dusk-1536x1024.jpeg 1536w, https:\/\/www.emecpumps.com\/wp-content\/uploads\/2022\/12\/thermal-power-plant-at-dusk-2048x1365.jpeg 2048w\" sizes=\"(max-width: 2560px) 100vw, 2560px\" src=\"https:\/\/www.emecpumps.com\/wp-content\/uploads\/2022\/12\/thermal-power-plant-at-dusk-scaled.jpeg\" alt=\"Image link\" \/><\/div><\/div><\/div>[\/vc_column][vc_column width=&#8221;1\/2&#8243;][vc_empty_space height=&#8221;50px&#8221;][vc_column_text css_animation=&#8221;fadeInUp&#8221;]\r\n<h5 style=\"text-align: left;\"><span style=\"color: #2dc84d;\">DIE EFFIZIENTESTE VERWALTUNG VON K\u00dcHLTURMSYSTEMEN<\/span><\/h5>\r\n<p style=\"text-align: left;\"><strong>Seit jeher sucht EMEC nach den umfassendsten Komplettl\u00f6sungen, um<br \/>\r\nh\u00f6chstm\u00f6gliche Effizienz im K\u00fchlturmbetrieb zu bieten<\/strong><\/p>\r\n<p style=\"text-align: left;\">Dank unserer Erfahrung k\u00f6nnen wir heute L\u00f6sungen f\u00fcr K\u00fchlturmsysteme f\u00fcr den zivilen Bereich, wie Krankenh\u00e4user, Wohnanlagen und Einkaufszentren, sowie f\u00fcr verschiedene Industriebereiche, wie Lebensmittel-, Papierund Pharmaindustrie, Zuckerraffinerien, chemische Industrie und Stahlindustrie, liefern. L\u00f6sungen f\u00fcr all jene, die K\u00fchlt\u00fcrme bauen und f\u00fcr diejenigen, die in der Wasseraufbereitung und insbesondere in der Herstellung von Chemikalien t\u00e4tig sind.<\/p>\r\n[\/vc_column_text]<a  href=\"https:\/\/www.emecpumps.com\/wp-content\/uploads\/2025\/08\/20201090_Catalogo_Torri_2025_DEU-Cool-grey-8-compresso.pdf\" class=\"btn mb-2     btn-primary btn-flat d-inline-flex align-items-center      btn-md\" target=\"_blank\" rel=\"noopener\"    ><span class=\"font-weight-bold \" >K\u00dcHLT\u00dcRME-KATALOG (PDF)<\/span><\/a>[\/vc_column][\/vc_row][vc_row full_width=&#8221;stretch_row&#8221; gap=&#8221;10&#8243; pix_particles_check=&#8221;&#8221; css=&#8221;.vc_custom_1610450323231{margin-top: 50px !important;}&#8221;][vc_column][vc_empty_space height=&#8221;50px&#8221;][vc_column_text css_animation=&#8221;fadeInUp&#8221;]\r\n<h3>K\u00fchlt\u00fcrme, wie sie funktionieren<\/h3>\r\n<p>&nbsp;<\/p>\r\n<p style=\"text-align: left;\">K\u00fchlt\u00fcrme k\u00f6nnen die Wassertemperatur in einer Zivil- oder Industrieanlage senken, indem sie eine kleine, aber ausreichende Wassermenge verdampfen, um so die gesamte zirkulierende Masse zu k\u00fchlen und durch Wiederverwendung des Wassers (bei niedrigeren Temperaturen) den Verbrauch zu senken.<\/p>\r\n<p style=\"text-align: left;\">Um ein effizientes K\u00fchlsystem sicherzustellen, sind eine kontinuierliche \u00dcberwachung und vor allem eine sorgf\u00e4ltige Wasseraufbereitung unerl\u00e4sslich: Nur so lassen sich die Korrosion von Systemkomponenten sowie die Bildung von bakteriellem Biofilm oder anderen potenziell gef\u00e4hrlichen biologischen Komponenten verhindern.<\/p>\r\n[\/vc_column_text][\/vc_column][\/vc_row][vc_row full_width=&#8221;stretch_row&#8221; parallax=&#8221;content-moving&#8221; parallax_image=&#8221;23923&#8243; pix_over_visibility=&#8221;1&#8243; pix_particles_check=&#8221;&#8221; css=&#8221;.vc_custom_1618496543312{margin-top: 50px !important;background-color: #ffffff !important;}&#8221;][vc_column][vc_empty_space height=&#8221;600px&#8221;][\/vc_column][\/vc_row][vc_row full_width=&#8221;stretch_row&#8221; gap=&#8221;10&#8243; pix_particles_check=&#8221;&#8221; css=&#8221;.vc_custom_1610450323231{margin-top: 50px !important;}&#8221;][vc_column][vc_empty_space height=&#8221;50px&#8221;][vc_column_text css_animation=&#8221;fadeInUp&#8221;]\r\n<h3>EMEC L\u00f6sungen<\/h3>\r\n<p>&nbsp;<\/p>\r\n<p style=\"text-align: left;\">Aufgrund ihrer einfachen Handhabung haben wir uns dabei f\u00fcr Plugand-Play-L\u00f6sungen entschieden: Ziel ist es, alle Ger\u00e4te kompakt an einem Ort zu konzentrieren und sie nicht auf verschiedene Standorte aufteilen zu m\u00fcssen. Da dabei oft auch aggressive Chemikalien im Spiel sind, haben wir unsere L\u00f6sungen darauf ausgelegt, f\u00fcr die Sicherheit des Bedienpersonals zu garantieren.<\/p>\r\n[\/vc_column_text][\/vc_column][\/vc_row][vc_row full_width=&#8221;stretch_row&#8221; gap=&#8221;10&#8243; pix_particles_check=&#8221;&#8221; css=&#8221;.vc_custom_1610450323231{margin-top: 50px !important;}&#8221;][vc_column width=&#8221;1\/2&#8243;][vc_empty_space height=&#8221;50px&#8221;][vc_column_text css_animation=&#8221;fadeInUp&#8221;]\r\n<h4>HYDRAULIKL\u00d6SUNGEN<\/h4>\r\n<ul>\r\n<li style=\"text-align: left;\">Einfache Sondenhalter<\/li>\r\n<li style=\"text-align: left;\">Verrohrung oder Verteiler zum Messen und Einspritzen der zur Aufbereitung verwendeten Chemikalien.<\/li>\r\n<li style=\"text-align: left;\">Verrohrung oder Verteiler zur Verwaltung der Reinigung \u00fcber das Panel, ohne Einspritzen der Chemikalie.<\/li>\r\n<li style=\"text-align: left;\">Verrohrung oder Verteiler zum Messen, Einspritzen und Sp\u00fclen direkt \u00fcber das Panel.<\/li>\r\n<\/ul>\r\n[\/vc_column_text][vc_column_text css_animation=&#8221;fadeInUp&#8221;]\r\n<h4>KOMPAKTE UND ZUVERL\u00c4SSIGE L\u00d6SUNGEN<\/h4>\r\n<ul>\r\n<li style=\"text-align: left;\">Messung der Leitf\u00e4higkeit im R\u00fccklaufwasser zur Sp\u00fclung mit motorisiertem Ventil und Aufrechterhaltung des Salzgehalts.<\/li>\r\n<li style=\"text-align: left;\">Im Falle von Ver\u00e4nderungen, zweite Messung der Leitf\u00e4higkeit des Erg\u00e4nzungswassers, mit anschlie\u00dfender \u00d6ffnung des Sp\u00fclventils.<\/li>\r\n<li style=\"text-align: left;\">Messung der Durchflussrate des Erg\u00e4nzungs- und\/oder Sp\u00fclwassers zur Kontrolle von Konzentrationszyklen, mit Totalisator.<\/li>\r\n<li style=\"text-align: left;\">Messung des pH-Werts f\u00fcr kontrollierte pH-S\u00e4ulen mit S\u00e4uredosierung und m\u00f6glicher Redundanz (d. h. zwei pH-Wert-Messungen, wobei die zweite zur Kontrolle der ersten Messung dient).<\/li>\r\n<li style=\"text-align: left;\">Messung von Redoxspannung, Hypochlorit oder Hypobromit zur Kontrolle\/Dosierung von oxidierenden Bioziden.<\/li>\r\n<li style=\"text-align: left;\">Timer f\u00fcr die Sto\u00dfdosierung von Bioziden.<\/li>\r\n<li style=\"text-align: left;\">Messung von Tracer-Produkten, ppm-Messung von dosierten Produkten.<\/li>\r\n<li style=\"text-align: left;\">Korrosionsmessung mit Sensoren aus verschiedenen Materialien zur Erfassung der Korrosionsrate in MPY.<\/li>\r\n<li style=\"text-align: left;\">Tr\u00fcbungsmessung<\/li>\r\n<li style=\"text-align: left;\">Dosierung verschiedener Produkte nach Durchflussrate, analytischer Messung oder Timer.<\/li>\r\n<\/ul>\r\n[\/vc_column_text][\/vc_column][vc_column width=&#8221;1\/2&#8243;][vc_empty_space height=&#8221;50px&#8221;][vc_column_text css_animation=&#8221;fadeInUp&#8221;]\r\n<h4 style=\"text-align: left;\"><span style=\"color: #2dc84d;\">VORMONTIERTE PANELE<\/span><\/h4>\r\n<p>&nbsp;<\/p>\r\n<p style=\"text-align: left;\">Die Dosierpumpen sowie die Mess- und Regelsystem von EMEC k\u00f6nnen nach spezifischen Kombinationen mit Sonden und Zubeh\u00f6r auf Schaltpanelen zusammengestellt werden, um schl\u00fcsselfertige Komplettl\u00f6sungen zu bieten.<\/p>\r\n<p style=\"text-align: left;\">Die vormontierten Panele k\u00f6nnen \u00fcber folgende Merkmale verf\u00fcgen:<\/p>\r\n<ul>\r\n<li style=\"text-align: left;\">Pumpen, Steuerger\u00e4te oder kundeneigene Elemente, die von EMEC montiert werden.<\/li>\r\n<li style=\"text-align: left;\">Kundenspezifische Logos<\/li>\r\n<li style=\"text-align: left;\">Vom Kunden gew\u00e4hlte Hintergr\u00fcnde<\/li>\r\n<li style=\"text-align: left;\">Kundenspezifische Gr\u00f6\u00dfen<\/li>\r\n<li style=\"text-align: left;\">Kundenspezifische Schaltschr\u00e4nke<\/li>\r\n<\/ul>\r\n<p>&nbsp;<\/p>\r\n<h4 style=\"text-align: left;\"><span style=\"color: #2dc84d;\">SYSTEME AUF KUFEN ODER IN MASSGESCHNEIDERTEN KABINEN<\/span><\/h4>\r\n<p style=\"text-align: left;\">Der Edelstahl- oder Kunststoffrahmen wird nach Kundenanforderungen konzipiert und gebaut. Au\u00dfer der Rahmenmontage k\u00f6nnen die Dosieranlagen auch in Kabinen mit Schutzscheibe oder Fenster geplant werden. Elektrische Schalttafeln f\u00fcr die Steuerung aller montierten L\u00f6sungen.<\/p>\r\n<p style=\"text-align: left;\">Das Endprodukt ist mit elektrischen Anschl\u00fcssen und Rohrleitungen ausgestattet und kann sofort installiert werden.<\/p>\r\n[\/vc_column_text][\/vc_column][\/vc_row]\r\n<\/div>","protected":false},"excerpt":{"rendered":"[vc_row full_width=&#8221;stretch_row&#8221; gap=&#8221;10&#8243; pix_particles_check=&#8221;&#8221; css=&#8221;.vc_custom_1610450323231{margin-top: 50px !important;}&#8221;][vc_column width=&#8221;1\/2&#8243;][\/vc_column][vc_column width=&#8221;1\/2&#8243;][vc_empty_space height=&#8221;50px&#8221;][vc_column_text css_animation=&#8221;fadeInUp&#8221;] DIE EFFIZIENTESTE VERWALTUNG VON K\u00dcHLTURMSYSTEMEN Seit jeher sucht EMEC nach den umfassendsten Komplettl\u00f6sungen, um h\u00f6chstm\u00f6gliche Effizienz im K\u00fchlturmbetrieb zu bieten Dank unserer Erfahrung k\u00f6nnen wir heute L\u00f6sungen f\u00fcr K\u00fchlturmsysteme&#8230;","protected":false},"author":1,"featured_media":16167,"parent":0,"menu_order":0,"comment_status":"closed","ping_status":"closed","template":"","meta":{"lazy_load_responsive_images_disabled":false,"footnotes":""},"class_list":["post-57389","page","type-page","status-publish","has-post-thumbnail","hentry"],"yoast_head":"<!-- This site is optimized with the Yoast SEO plugin v26.6 - https:\/\/yoast.com\/wordpress\/plugins\/seo\/ -->\n<title>Systeme f\u00fcr K\u00fchlt\u00fcrme - Emec - Dosierpumpen und Desinfektionssysteme<\/title>\n<meta name=\"robots\" content=\"index, follow, max-snippet:-1, max-image-preview:large, max-video-preview:-1\" \/>\n<link rel=\"canonical\" href=\"https:\/\/www.emecpumps.com\/de\/systeme-fur-kuhlturme\/\" \/>\n<meta property=\"og:locale\" content=\"de_DE\" \/>\n<meta property=\"og:type\" content=\"article\" \/>\n<meta property=\"og:title\" content=\"Systeme f\u00fcr K\u00fchlt\u00fcrme - Emec - Dosierpumpen und Desinfektionssysteme\" \/>\n<meta property=\"og:description\" content=\"[vc_row full_width=&#8221;stretch_row&#8221; gap=&#8221;10&#8243; pix_particles_check=&#8221;&#8221; css=&#8221;.vc_custom_1610450323231{margin-top: 50px !important;}&#8221;][vc_column width=&#8221;1\/2&#8243;][\/vc_column][vc_column width=&#8221;1\/2&#8243;][vc_empty_space height=&#8221;50px&#8221;][vc_column_text css_animation=&#8221;fadeInUp&#8221;] DIE EFFIZIENTESTE VERWALTUNG VON K\u00dcHLTURMSYSTEMEN Seit jeher sucht EMEC nach den umfassendsten Komplettl\u00f6sungen, um h\u00f6chstm\u00f6gliche Effizienz im K\u00fchlturmbetrieb zu bieten Dank unserer Erfahrung k\u00f6nnen wir heute L\u00f6sungen f\u00fcr K\u00fchlturmsysteme...\" \/>\n<meta property=\"og:url\" content=\"https:\/\/www.emecpumps.com\/de\/systeme-fur-kuhlturme\/\" \/>\n<meta property=\"og:site_name\" content=\"Emec - Dosierpumpen und Desinfektionssysteme\" \/>\n<meta property=\"article:publisher\" content=\"https:\/\/www.facebook.com\/emecpumps\" \/>\n<meta property=\"article:modified_time\" content=\"2025-08-28T13:15:51+00:00\" \/>\n<meta property=\"og:image\" content=\"https:\/\/www.emecpumps.com\/wp-content\/uploads\/2021\/01\/logs.jpg\" \/>\n\t<meta property=\"og:image:width\" content=\"2369\" \/>\n\t<meta property=\"og:image:height\" content=\"1544\" \/>\n\t<meta property=\"og:image:type\" content=\"image\/jpeg\" \/>\n<meta name=\"twitter:card\" content=\"summary_large_image\" \/>\n<meta name=\"twitter:site\" content=\"@EMECpumps\" \/>\n<meta name=\"twitter:label1\" content=\"Gesch\u00e4tzte Lesezeit\" \/>\n\t<meta name=\"twitter:data1\" content=\"4\u00a0Minuten\" \/>\n<script type=\"application\/ld+json\" class=\"yoast-schema-graph\">{\"@context\":\"https:\/\/schema.org\",\"@graph\":[{\"@type\":\"WebPage\",\"@id\":\"https:\/\/www.emecpumps.com\/de\/systeme-fur-kuhlturme\/\",\"url\":\"https:\/\/www.emecpumps.com\/de\/systeme-fur-kuhlturme\/\",\"name\":\"Systeme f\u00fcr K\u00fchlt\u00fcrme - Emec - Dosierpumpen und Desinfektionssysteme\",\"isPartOf\":{\"@id\":\"https:\/\/www.emecpumps.com\/de\/#website\"},\"primaryImageOfPage\":{\"@id\":\"https:\/\/www.emecpumps.com\/de\/systeme-fur-kuhlturme\/#primaryimage\"},\"image\":{\"@id\":\"https:\/\/www.emecpumps.com\/de\/systeme-fur-kuhlturme\/#primaryimage\"},\"thumbnailUrl\":\"https:\/\/www.emecpumps.com\/wp-content\/uploads\/2021\/01\/logs.jpg\",\"datePublished\":\"2021-04-15T13:50:54+00:00\",\"dateModified\":\"2025-08-28T13:15:51+00:00\",\"breadcrumb\":{\"@id\":\"https:\/\/www.emecpumps.com\/de\/systeme-fur-kuhlturme\/#breadcrumb\"},\"inLanguage\":\"de\",\"potentialAction\":[{\"@type\":\"ReadAction\",\"target\":[\"https:\/\/www.emecpumps.com\/de\/systeme-fur-kuhlturme\/\"]}]},{\"@type\":\"ImageObject\",\"inLanguage\":\"de\",\"@id\":\"https:\/\/www.emecpumps.com\/de\/systeme-fur-kuhlturme\/#primaryimage\",\"url\":\"https:\/\/www.emecpumps.com\/wp-content\/uploads\/2021\/01\/logs.jpg\",\"contentUrl\":\"https:\/\/www.emecpumps.com\/wp-content\/uploads\/2021\/01\/logs.jpg\",\"width\":2369,\"height\":1544},{\"@type\":\"BreadcrumbList\",\"@id\":\"https:\/\/www.emecpumps.com\/de\/systeme-fur-kuhlturme\/#breadcrumb\",\"itemListElement\":[{\"@type\":\"ListItem\",\"position\":1,\"name\":\"Home\",\"item\":\"https:\/\/www.emecpumps.com\/de\/\"},{\"@type\":\"ListItem\",\"position\":2,\"name\":\"Systeme f\u00fcr K\u00fchlt\u00fcrme\"}]},{\"@type\":\"WebSite\",\"@id\":\"https:\/\/www.emecpumps.com\/de\/#website\",\"url\":\"https:\/\/www.emecpumps.com\/de\/\",\"name\":\"Emec Pumps - Pompe dosatrici e Sistemi di disinfezione\",\"description\":\"Dosierpumpen und Desinfektionssysteme\",\"publisher\":{\"@id\":\"https:\/\/www.emecpumps.com\/de\/#organization\"},\"alternateName\":\"Emec\",\"potentialAction\":[{\"@type\":\"SearchAction\",\"target\":{\"@type\":\"EntryPoint\",\"urlTemplate\":\"https:\/\/www.emecpumps.com\/de\/?s={search_term_string}\"},\"query-input\":{\"@type\":\"PropertyValueSpecification\",\"valueRequired\":true,\"valueName\":\"search_term_string\"}}],\"inLanguage\":\"de\"},{\"@type\":\"Organization\",\"@id\":\"https:\/\/www.emecpumps.com\/de\/#organization\",\"name\":\"Emec Pumps - Pompe dosatrici e Sistemi di disinfezione\",\"url\":\"https:\/\/www.emecpumps.com\/de\/\",\"logo\":{\"@type\":\"ImageObject\",\"inLanguage\":\"de\",\"@id\":\"https:\/\/www.emecpumps.com\/de\/#\/schema\/logo\/image\/\",\"url\":\"https:\/\/www.emecpumps.com\/wp-content\/uploads\/2024\/01\/logo_emec.png\",\"contentUrl\":\"https:\/\/www.emecpumps.com\/wp-content\/uploads\/2024\/01\/logo_emec.png\",\"width\":470,\"height\":133,\"caption\":\"Emec Pumps - Pompe dosatrici e Sistemi di disinfezione\"},\"image\":{\"@id\":\"https:\/\/www.emecpumps.com\/de\/#\/schema\/logo\/image\/\"},\"sameAs\":[\"https:\/\/www.facebook.com\/emecpumps\",\"https:\/\/x.com\/EMECpumps\",\"https:\/\/www.instagram.com\/emecpumps\/\",\"https:\/\/www.linkedin.com\/company\/2715607\/admin\/\"]}]}<\/script>\n<!-- \/ Yoast SEO plugin. -->","yoast_head_json":{"title":"Systeme f\u00fcr K\u00fchlt\u00fcrme - Emec - Dosierpumpen und Desinfektionssysteme","robots":{"index":"index","follow":"follow","max-snippet":"max-snippet:-1","max-image-preview":"max-image-preview:large","max-video-preview":"max-video-preview:-1"},"canonical":"https:\/\/www.emecpumps.com\/de\/systeme-fur-kuhlturme\/","og_locale":"de_DE","og_type":"article","og_title":"Systeme f\u00fcr K\u00fchlt\u00fcrme - Emec - Dosierpumpen und Desinfektionssysteme","og_description":"[vc_row full_width=&#8221;stretch_row&#8221; gap=&#8221;10&#8243; pix_particles_check=&#8221;&#8221; css=&#8221;.vc_custom_1610450323231{margin-top: 50px !important;}&#8221;][vc_column width=&#8221;1\/2&#8243;][\/vc_column][vc_column width=&#8221;1\/2&#8243;][vc_empty_space height=&#8221;50px&#8221;][vc_column_text css_animation=&#8221;fadeInUp&#8221;] DIE EFFIZIENTESTE VERWALTUNG VON K\u00dcHLTURMSYSTEMEN Seit jeher sucht EMEC nach den umfassendsten Komplettl\u00f6sungen, um h\u00f6chstm\u00f6gliche Effizienz im K\u00fchlturmbetrieb zu bieten Dank unserer Erfahrung k\u00f6nnen wir heute L\u00f6sungen f\u00fcr K\u00fchlturmsysteme...","og_url":"https:\/\/www.emecpumps.com\/de\/systeme-fur-kuhlturme\/","og_site_name":"Emec - Dosierpumpen und Desinfektionssysteme","article_publisher":"https:\/\/www.facebook.com\/emecpumps","article_modified_time":"2025-08-28T13:15:51+00:00","og_image":[{"width":2369,"height":1544,"url":"https:\/\/www.emecpumps.com\/wp-content\/uploads\/2021\/01\/logs.jpg","type":"image\/jpeg"}],"twitter_card":"summary_large_image","twitter_site":"@EMECpumps","twitter_misc":{"Gesch\u00e4tzte Lesezeit":"4\u00a0Minuten"},"schema":{"@context":"https:\/\/schema.org","@graph":[{"@type":"WebPage","@id":"https:\/\/www.emecpumps.com\/de\/systeme-fur-kuhlturme\/","url":"https:\/\/www.emecpumps.com\/de\/systeme-fur-kuhlturme\/","name":"Systeme f\u00fcr K\u00fchlt\u00fcrme - Emec - Dosierpumpen und Desinfektionssysteme","isPartOf":{"@id":"https:\/\/www.emecpumps.com\/de\/#website"},"primaryImageOfPage":{"@id":"https:\/\/www.emecpumps.com\/de\/systeme-fur-kuhlturme\/#primaryimage"},"image":{"@id":"https:\/\/www.emecpumps.com\/de\/systeme-fur-kuhlturme\/#primaryimage"},"thumbnailUrl":"https:\/\/www.emecpumps.com\/wp-content\/uploads\/2021\/01\/logs.jpg","datePublished":"2021-04-15T13:50:54+00:00","dateModified":"2025-08-28T13:15:51+00:00","breadcrumb":{"@id":"https:\/\/www.emecpumps.com\/de\/systeme-fur-kuhlturme\/#breadcrumb"},"inLanguage":"de","potentialAction":[{"@type":"ReadAction","target":["https:\/\/www.emecpumps.com\/de\/systeme-fur-kuhlturme\/"]}]},{"@type":"ImageObject","inLanguage":"de","@id":"https:\/\/www.emecpumps.com\/de\/systeme-fur-kuhlturme\/#primaryimage","url":"https:\/\/www.emecpumps.com\/wp-content\/uploads\/2021\/01\/logs.jpg","contentUrl":"https:\/\/www.emecpumps.com\/wp-content\/uploads\/2021\/01\/logs.jpg","width":2369,"height":1544},{"@type":"BreadcrumbList","@id":"https:\/\/www.emecpumps.com\/de\/systeme-fur-kuhlturme\/#breadcrumb","itemListElement":[{"@type":"ListItem","position":1,"name":"Home","item":"https:\/\/www.emecpumps.com\/de\/"},{"@type":"ListItem","position":2,"name":"Systeme f\u00fcr K\u00fchlt\u00fcrme"}]},{"@type":"WebSite","@id":"https:\/\/www.emecpumps.com\/de\/#website","url":"https:\/\/www.emecpumps.com\/de\/","name":"Emec Pumps - Pompe dosatrici e Sistemi di disinfezione","description":"Dosierpumpen und Desinfektionssysteme","publisher":{"@id":"https:\/\/www.emecpumps.com\/de\/#organization"},"alternateName":"Emec","potentialAction":[{"@type":"SearchAction","target":{"@type":"EntryPoint","urlTemplate":"https:\/\/www.emecpumps.com\/de\/?s={search_term_string}"},"query-input":{"@type":"PropertyValueSpecification","valueRequired":true,"valueName":"search_term_string"}}],"inLanguage":"de"},{"@type":"Organization","@id":"https:\/\/www.emecpumps.com\/de\/#organization","name":"Emec Pumps - Pompe dosatrici e Sistemi di disinfezione","url":"https:\/\/www.emecpumps.com\/de\/","logo":{"@type":"ImageObject","inLanguage":"de","@id":"https:\/\/www.emecpumps.com\/de\/#\/schema\/logo\/image\/","url":"https:\/\/www.emecpumps.com\/wp-content\/uploads\/2024\/01\/logo_emec.png","contentUrl":"https:\/\/www.emecpumps.com\/wp-content\/uploads\/2024\/01\/logo_emec.png","width":470,"height":133,"caption":"Emec Pumps - Pompe dosatrici e Sistemi di disinfezione"},"image":{"@id":"https:\/\/www.emecpumps.com\/de\/#\/schema\/logo\/image\/"},"sameAs":["https:\/\/www.facebook.com\/emecpumps","https:\/\/x.com\/EMECpumps","https:\/\/www.instagram.com\/emecpumps\/","https:\/\/www.linkedin.com\/company\/2715607\/admin\/"]}]}},"_links":{"self":[{"href":"https:\/\/www.emecpumps.com\/de\/wp-json\/wp\/v2\/pages\/57389","targetHints":{"allow":["GET"]}}],"collection":[{"href":"https:\/\/www.emecpumps.com\/de\/wp-json\/wp\/v2\/pages"}],"about":[{"href":"https:\/\/www.emecpumps.com\/de\/wp-json\/wp\/v2\/types\/page"}],"author":[{"embeddable":true,"href":"https:\/\/www.emecpumps.com\/de\/wp-json\/wp\/v2\/users\/1"}],"replies":[{"embeddable":true,"href":"https:\/\/www.emecpumps.com\/de\/wp-json\/wp\/v2\/comments?post=57389"}],"version-history":[{"count":4,"href":"https:\/\/www.emecpumps.com\/de\/wp-json\/wp\/v2\/pages\/57389\/revisions"}],"predecessor-version":[{"id":73641,"href":"https:\/\/www.emecpumps.com\/de\/wp-json\/wp\/v2\/pages\/57389\/revisions\/73641"}],"wp:featuredmedia":[{"embeddable":true,"href":"https:\/\/www.emecpumps.com\/de\/wp-json\/wp\/v2\/media\/16167"}],"wp:attachment":[{"href":"https:\/\/www.emecpumps.com\/de\/wp-json\/wp\/v2\/media?parent=57389"}],"curies":[{"name":"wp","href":"https:\/\/api.w.org\/{rel}","templated":true}]}}