{"id":75473,"date":"2025-11-18T10:51:14","date_gmt":"2025-11-18T09:51:14","guid":{"rendered":"https:\/\/www.emecpumps.com\/haftungsausschluss-rechtliche-hinweise\/"},"modified":"2025-11-18T10:51:14","modified_gmt":"2025-11-18T09:51:14","slug":"haftungsausschluss-rechtliche-hinweise","status":"publish","type":"page","link":"https:\/\/www.emecpumps.com\/de\/haftungsausschluss-rechtliche-hinweise\/","title":{"rendered":"Haftungsausschluss &#8211; Rechtliche Hinweise"},"content":{"rendered":"<div class=\"wpb-content-wrapper\">[vc_row pix_particles_check=&#8221;&#8221;][vc_column][vc_column_text css=&#8221;&#8221;]\r\n<h2>Haftungsausschluss &#8211; Rechtliche Hinweise<\/h2>\r\n&nbsp;\r\n<p class=\"p1\"><b>1. Bedingungen f\u00fcr die Nutzung der Website<\/b><\/p>\r\n<p class=\"p1\">Jeder, der auf diese Website zugreift oder sie in irgendeiner Weise nutzt, erkl\u00e4rt sich uneingeschr\u00e4nkt mit den hier dargelegten Bedingungen und Konditionen einverstanden. Wenn Sie diese nicht akzeptieren oder beabsichtigen, an sie gebunden zu sein, d\u00fcrfen Sie nicht auf diese Website zugreifen, sie nutzen oder Material von ihr herunterladen. EMEC srl (im Folgenden als &#8220;Eigent\u00fcmer&#8221; bezeichnet) beh\u00e4lt sich das Recht vor, diese Bedingungen und die Art und Weise der Nutzung der Website jederzeit und ohne vorherige Ank\u00fcndigung zu aktualisieren oder zu \u00e4ndern. Im Falle von \u00c4nderungen der Bedingungen bedeutet der Zugriff auf die Website, dass Sie sich verpflichten, die ge\u00e4nderten Bedingungen einzuhalten.   <\/p>\r\n<p class=\"p1\"><b>2. Anwendbare Gesetzgebung<\/b><\/p>\r\n<p class=\"p1\">Alle auf der Website ver\u00f6ffentlichten oder vorhandenen Inhalte, einschlie\u00dflich ihrer Auswahl und Organisation sowie des Layouts und Designs der Website, sind durch die Datenschutzgesetzgebung (EU-Verordnung 2016\/679 &#8211; GDPR), das Urheberrechtsgesetz (Gesetz 22\/4\/1941, Nr. 633, ge\u00e4ndert durch Gesetzesdekret 29\/12\/1992 Nr. 518, \u00fcber den Rechtsschutz von Software) und andere nationale und internationale Vorschriften zum Schutz des geistigen und gewerblichen Eigentums sowie deren \u00c4nderungen und Erg\u00e4nzungen gesch\u00fctzt.<\/p>\r\n<p class=\"p1\"><b>3. Besitz von Rechten<\/b><\/p>\r\n<p class=\"p1\">Diese Website ist das alleinige Eigentum des Eigent\u00fcmers; die Zuweisung des Internet-Domainnamens wurde formell gem\u00e4\u00df den zum Zeitpunkt des Zuweisungsantrags geltenden Methoden und Verfahren erwirkt.<\/p>\r\n<p class=\"p1\">Die Rechte an den Inhalten geh\u00f6ren dem Eigent\u00fcmer. Einige Internet-Seiten dieser Website k\u00f6nnen auch Material enthalten, das dem Urheberrecht derjenigen unterliegt, die es zur Verf\u00fcgung gestellt haben. <\/p>\r\n<p class=\"p1\">Durch die Ver\u00f6ffentlichung \u00fcbertr\u00e4gt der Eigent\u00fcmer keinerlei Rechte an den Inhalten der Website.<\/p>\r\n<p class=\"p1\"><b>4. Inhalt und Zweck der Website<\/b><\/p>\r\n<p class=\"p1\">Der Inhalt der Website wurde in \u00dcbereinstimmung mit den italienischen Gesetzen und den Richtlinien der Europ\u00e4ischen Union, einschlie\u00dflich der Richtlinien zum Schutz literarischer und k\u00fcnstlerischer Werke, gestaltet und richtet sich an nationale und EU-Nutzer. Der Zweck der Website ist die Verbreitung der institutionellen Aktivit\u00e4ten des Inhabers \u00fcber das Internet. <\/p>\r\n<p class=\"p1\"><b>5. Der Inhaber best\u00e4tigt dies:<\/b><\/p>\r\n<p class=\"p1\">&#8211; wendet geeignete Verfahren an, um die Standards der Richtigkeit, Vollst\u00e4ndigkeit, Angemessenheit, Aktualisierung und Aktualit\u00e4t der auf der Website enthaltenen Informationen zu gew\u00e4hrleisten; verpflichtet sich, technische oder typografische Fehler so schnell wie m\u00f6glich zu beseitigen; beh\u00e4lt sich das Recht vor, jederzeit ohne vorherige Ank\u00fcndigung und nach eigenem Ermessen \u00c4nderungen am Inhalt und an den Funktions- und Arbeitsmethoden der Website und der angebotenen Dienstleistungen vorzunehmen. Der Inhalt darf in allen seinen Teilen nur mit vorheriger schriftlicher Zustimmung des Eigent\u00fcmers vervielf\u00e4ltigt werden. <\/p>\r\n<p class=\"p1\"><b>6. Regelung f\u00fcr die Nutzung des auf der Website ver\u00f6ffentlichten Materials und die Reproduktion durch Dritte<\/b><\/p>\r\n<p class=\"p1\">a) Erlaubtes Verhalten<\/p>\r\n<p class=\"p1\">Der Zugriff auf die Website und ihre Inhalte ist nur zu den vom Eigent\u00fcmer genehmigten und auf dieser Website hervorgehobenen Zwecken gestattet. Die Website und die darin enthaltenen Daten d\u00fcrfen nur f\u00fcr den pers\u00f6nlichen Gebrauch konsultiert werden. <\/p>\r\n<p class=\"p1\">b) Verbotenes Verhalten<\/p>\r\n<p class=\"p1\">In jedem Fall darf der Nutzer die Website und die darin enthaltenen Daten nicht zu kommerziellen Zwecken nutzen oder durch Dritte nutzen lassen. Jede Nutzung zu kommerziellen Zwecken oder zur wirtschaftlichen Ausbeutung durch den Nutzer ist daher jederzeit ausdr\u00fccklich untersagt. <\/p>\r\n<p class=\"p1\">Folgendes ist ebenfalls in jedem Fall verboten die Website oder irgendeinen ihrer Inhalte oder Zugriffsmethoden zu ver\u00e4ndern; ein Verhalten, das nach geltendem Recht eine Straftat darstellt (z.B. sogenannte Computerverbrechen wie Hacking); ein Verhalten, das darauf abzielt, Teile oder Abschnitte dieser Website aufzul\u00f6sen und\/oder in andere Websites Dritter einzubinden, den Inhalt ganz oder teilweise, einschlie\u00dflich Codes und Software, ohne vorherige Zustimmung oder unter Versto\u00df gegen diese Bedingungen zu ver\u00e4ndern, zu kopieren, zu reproduzieren, neu zu ver\u00f6ffentlichen, aus einem Programm hochzuladen, zu ver\u00f6ffentlichen, zu \u00fcbertragen oder zu verteilen der Versuch, ohne Genehmigungsprofil auf eingeschr\u00e4nkte Bereiche der Website zuzugreifen; das Hochladen von Computerprogrammen, Dateien und anderen Materialien, die zerst\u00f6rerische oder st\u00f6rende Merkmale wie Viren, manipulierte Dateien, &#8220;versteckte&#8221; Dateien (wie Bilder, in die Audiodateien integriert sind), W\u00fcrmer, trojanische Pferde oder Bots zum Zwecke des Scrollens oder zum Starten mehrerer Bildschirme und f\u00fcr andere Aktivit\u00e4ten im Allgemeinen, die geeignet sind, die Integrit\u00e4t oder Funktionalit\u00e4t oder die Online-Kommunikation der Website zu st\u00f6ren; im Allgemeinen eine Nutzung, die Sch\u00e4den, Unterbrechungen oder Einschr\u00e4nkungen dieser Website oder ihrer Dienste verursacht oder verursachen kann; die unbefugte Sammlung von pers\u00f6nlichen Informationen \u00fcber Dritte (z. B. E-Mail-Adressen) \u00fcber die Website.<\/p>\r\n<p class=\"p1\">c) Verbotenes Verhalten &#8211; Konsequenzen<\/p>\r\n<p class=\"p1\">Unbeschadet etwaiger Rechte, Befugnisse oder Befugnisse Dritter beh\u00e4lt sich der Eigent\u00fcmer im Falle eines verbotenen Verhaltens das Recht vor, rechtliche Schritte einzuleiten. Sollten Verst\u00f6\u00dfe gegen die Nutzungsbedingungen der Website festgestellt werden, beh\u00e4lt sich der Eigent\u00fcmer das Recht vor, ohne Vorank\u00fcndigung Korrekturma\u00dfnahmen zu ergreifen, einschlie\u00dflich des Ausschlusses des Besuchers\/Nutzers vom Zugang zur Website und ihren Diensten und der Entfernung von Material, das derselbe Besucher\/Nutzer auf der Website ver\u00f6ffentlicht hat, ohne dass er diesbez\u00fcglich eine direkte oder indirekte Haftung \u00fcbernimmt. Der Eigent\u00fcmer verpflichtet sich bereits jetzt, mit den zust\u00e4ndigen Beh\u00f6rden zusammenzuarbeiten, auch um die Urheber der Verst\u00f6\u00dfe umgehend zu ermitteln.  <\/p>\r\n<p class=\"p1\"><b>7. Links zu anderen Websites<\/b><\/p>\r\n<p class=\"p1\">Die Website kann Links zu anderen Websites von Dritten enthalten. Durch die Verkn\u00fcpfung mit anderen Websites verlassen Sie freiwillig die Website des Eigent\u00fcmers und werden auf andere Websites des Netzwerks als diese Website weitergeleitet. Der Eigent\u00fcmer verpflichtet sich, die vorherige Genehmigung f\u00fcr die Verkn\u00fcpfung mit einer Website Dritter einzuholen. Benutzer, die sich \u00fcber Links auf der Website dazu entschlie\u00dfen, auf andere verlinkte Websites zuzugreifen, \u00fcbernehmen alle mit dieser Entscheidung verbundenen Risiken. Der Eigent\u00fcmer ist nicht verantwortlich f\u00fcr den Inhalt von Websites, die \u00fcber Links zug\u00e4nglich sind und die nicht unter seiner Kontrolle stehen. Vorbehaltlich von Vereinbarungen mit Dritten beh\u00e4lt sich der Eigent\u00fcmer das Recht vor, Links oder Verlinkungsprogramme jederzeit zu entfernen. Sogenanntes &#8220;Deep Linking&#8221; ist strengstens untersagt: Alle Links zu dieser Website m\u00fcssen auf die Startseite der Website f\u00fchren und deutlich machen, dass diese Website und ihre Inhalte getrennt von der Website, die den Link enth\u00e4lt, zu betrachten sind; sie m\u00fcssen auch deutlich machen, dass das Eigentum und der Betrieb dieser Website beim Eigent\u00fcmer liegen, ohne dass eine Teilung der Inhalte der Website, die den Link aktiviert, erfolgt. Ebenso ist die Verwendung der &#8216;Framing&#8217;-Technik verboten.       <\/p>\r\n<p class=\"p1\"><b>8. Haftung<\/b><\/p>\r\n<p class=\"p1\">Der Eigent\u00fcmer (ein Begriff, der f\u00fcr die Zwecke dieses Absatzes auch die Direktoren, Wirtschaftspr\u00fcfer, Manager, Angestellten, Vertreter und Berater des Eigent\u00fcmers umfasst) kann f\u00fcr Tatsachen und\/oder Sch\u00e4den haftbar gemacht werden, die dem Nutzer und\/oder Dritten infolge der Nutzung dieser Website und\/oder ihres Inhalts entstehen k\u00f6nnen. Der Eigent\u00fcmer kann nicht f\u00fcr Tatsachen und\/oder Sch\u00e4den haftbar gemacht werden, die durch Handlungen des Eigent\u00fcmers infolge eines verbotenen Verhaltens des Nutzers oder Dritter entstehen. Dar\u00fcber hinaus kann der Eigent\u00fcmer nicht f\u00fcr Probleme haftbar gemacht werden, die dem Nutzer durch Unterbrechungen, Aussetzungen, Verz\u00f6gerungen oder Anomalien bei der Bereitstellung des Dienstes entstehen. Trotz seiner st\u00e4ndigen Bem\u00fchungen, die angebotenen Dienste zu verbessern, kann der Eigent\u00fcmer weder die Richtigkeit noch die st\u00e4ndige Aktualit\u00e4t der Inhalte der Website absolut garantieren.   <\/p>\r\n<p class=\"p1\"><b>9. Definitionen<\/b><\/p>\r\n<p class=\"p1\">Rechtlicher Hinweis&#8221; bedeutet diese Bedingungen oder Konditionen;<\/p>\r\n<p class=\"p1\">Inhaber&#8221;: EMEC Ltd. als Eigent\u00fcmer der Website;<\/p>\r\n<p class=\"p1\">Website&#8221; oder &#8220;Site&#8221; bezeichnet die Homepage von www.emecpumps.com<span class=\"Apple-converted-space\">  <\/span>und die darin enthaltenen Internetseiten oder jede andere Sammlung von Informationen und\/oder Anwendungen, die mit Hilfe von Computerger\u00e4ten wie PCs, Laptops, Mobiltelefonen, Handheld-Computern, Digitalkameras, Fernsehger\u00e4ten oder anderen Netzwerkger\u00e4ten f\u00fcr physisch oder drahtlos verbundene Netzwerke betrieben und f\u00fcr den Zugriff bereitgestellt werden;<\/p>\r\n<p class=\"p1\">Inhalt&#8221; bezeichnet Webseiten, Textdokumente, redaktionelle Inhalte, Mitteilungen, Zeichnungen, Grafiken, Bilder und Fotografien, Datenbanken, Software und sonstiges audiovisuelles Material jeglicher Art und Natur;<\/p>\r\n<p class=\"p1\">Dienste&#8221; bezeichnet alle Funktionen, Ger\u00e4te, Anwendungen, Informationen oder andere Dienste, die \u00fcber diese Website verf\u00fcgbar sind;<\/p>\r\n<p class=\"p1\">Besucher&#8221; oder &#8220;Nutzer&#8221; bezeichnet jede Person, die auf die Website zugreift oder sie nutzt;<\/p>\r\n<p class=\"p1\">Framing&#8217; bedeutet das Einf\u00fcgen der &#8216;aufgerufenen&#8217; (verlinkten) Seite, die zu einer bestimmten Website geh\u00f6rt, in die Struktur einer anderen &#8216;aufrufenden&#8217; (verlinkenden) Website;<\/p>\r\n<p class=\"p1\">Deep Link&#8221; ist ein direkter Aufruf einer bestimmten Seite einer anderen Website, ohne die Homepage der letzteren Website zu besuchen.<\/p>\r\n[\/vc_column_text][\/vc_column][\/vc_row]<\/div>","protected":false},"excerpt":{"rendered":"[vc_row pix_particles_check=&#8221;&#8221;][vc_column][vc_column_text css=&#8221;&#8221;] Haftungsausschluss &#8211; Rechtliche Hinweise &nbsp; 1. Bedingungen f\u00fcr die Nutzung der Website Jeder, der auf diese Website zugreift oder sie in irgendeiner Weise nutzt, erkl\u00e4rt sich uneingeschr\u00e4nkt mit den hier dargelegten Bedingungen und Konditionen einverstanden. Wenn Sie&#8230;","protected":false},"author":1,"featured_media":16165,"parent":0,"menu_order":0,"comment_status":"closed","ping_status":"open","template":"","meta":{"lazy_load_responsive_images_disabled":false,"footnotes":""},"class_list":["post-75473","page","type-page","status-publish","has-post-thumbnail","hentry"],"yoast_head":"<!-- This site is optimized with the Yoast SEO plugin v26.6 - https:\/\/yoast.com\/wordpress\/plugins\/seo\/ -->\n<title>Haftungsausschluss - Rechtliche Hinweise - Emec - Dosierpumpen und Desinfektionssysteme<\/title>\n<meta name=\"robots\" content=\"index, follow, max-snippet:-1, max-image-preview:large, max-video-preview:-1\" \/>\n<link rel=\"canonical\" href=\"https:\/\/www.emecpumps.com\/de\/haftungsausschluss-rechtliche-hinweise\/\" \/>\n<meta property=\"og:locale\" content=\"de_DE\" \/>\n<meta property=\"og:type\" content=\"article\" \/>\n<meta property=\"og:title\" content=\"Haftungsausschluss - Rechtliche Hinweise - Emec - Dosierpumpen und Desinfektionssysteme\" \/>\n<meta property=\"og:description\" content=\"[vc_row pix_particles_check=&#8221;&#8221;][vc_column][vc_column_text css=&#8221;&#8221;] Haftungsausschluss &#8211; Rechtliche Hinweise &nbsp; 1. Bedingungen f\u00fcr die Nutzung der Website Jeder, der auf diese Website zugreift oder sie in irgendeiner Weise nutzt, erkl\u00e4rt sich uneingeschr\u00e4nkt mit den hier dargelegten Bedingungen und Konditionen einverstanden. Wenn Sie...\" \/>\n<meta property=\"og:url\" content=\"https:\/\/www.emecpumps.com\/de\/haftungsausschluss-rechtliche-hinweise\/\" \/>\n<meta property=\"og:site_name\" content=\"Emec - Dosierpumpen und Desinfektionssysteme\" \/>\n<meta property=\"article:publisher\" content=\"https:\/\/www.facebook.com\/emecpumps\" \/>\n<meta property=\"og:image\" content=\"https:\/\/www.emecpumps.com\/wp-content\/uploads\/2021\/01\/logs.jpg\" \/>\n\t<meta property=\"og:image:width\" content=\"2369\" \/>\n\t<meta property=\"og:image:height\" content=\"1544\" \/>\n\t<meta property=\"og:image:type\" content=\"image\/jpeg\" \/>\n<meta name=\"twitter:card\" content=\"summary_large_image\" \/>\n<meta name=\"twitter:site\" content=\"@EMECpumps\" \/>\n<meta name=\"twitter:label1\" content=\"Gesch\u00e4tzte Lesezeit\" \/>\n\t<meta name=\"twitter:data1\" content=\"7\u00a0Minuten\" \/>\n<script type=\"application\/ld+json\" class=\"yoast-schema-graph\">{\"@context\":\"https:\/\/schema.org\",\"@graph\":[{\"@type\":\"WebPage\",\"@id\":\"https:\/\/www.emecpumps.com\/de\/haftungsausschluss-rechtliche-hinweise\/\",\"url\":\"https:\/\/www.emecpumps.com\/de\/haftungsausschluss-rechtliche-hinweise\/\",\"name\":\"Haftungsausschluss - Rechtliche Hinweise - Emec - Dosierpumpen und Desinfektionssysteme\",\"isPartOf\":{\"@id\":\"https:\/\/www.emecpumps.com\/de\/#website\"},\"primaryImageOfPage\":{\"@id\":\"https:\/\/www.emecpumps.com\/de\/haftungsausschluss-rechtliche-hinweise\/#primaryimage\"},\"image\":{\"@id\":\"https:\/\/www.emecpumps.com\/de\/haftungsausschluss-rechtliche-hinweise\/#primaryimage\"},\"thumbnailUrl\":\"https:\/\/www.emecpumps.com\/wp-content\/uploads\/2021\/01\/logs.jpg\",\"datePublished\":\"2025-11-18T09:51:14+00:00\",\"breadcrumb\":{\"@id\":\"https:\/\/www.emecpumps.com\/de\/haftungsausschluss-rechtliche-hinweise\/#breadcrumb\"},\"inLanguage\":\"de\",\"potentialAction\":[{\"@type\":\"ReadAction\",\"target\":[\"https:\/\/www.emecpumps.com\/de\/haftungsausschluss-rechtliche-hinweise\/\"]}]},{\"@type\":\"ImageObject\",\"inLanguage\":\"de\",\"@id\":\"https:\/\/www.emecpumps.com\/de\/haftungsausschluss-rechtliche-hinweise\/#primaryimage\",\"url\":\"https:\/\/www.emecpumps.com\/wp-content\/uploads\/2021\/01\/logs.jpg\",\"contentUrl\":\"https:\/\/www.emecpumps.com\/wp-content\/uploads\/2021\/01\/logs.jpg\",\"width\":2369,\"height\":1544},{\"@type\":\"BreadcrumbList\",\"@id\":\"https:\/\/www.emecpumps.com\/de\/haftungsausschluss-rechtliche-hinweise\/#breadcrumb\",\"itemListElement\":[{\"@type\":\"ListItem\",\"position\":1,\"name\":\"Home\",\"item\":\"https:\/\/www.emecpumps.com\/de\/\"},{\"@type\":\"ListItem\",\"position\":2,\"name\":\"Haftungsausschluss &#8211; Rechtliche Hinweise\"}]},{\"@type\":\"WebSite\",\"@id\":\"https:\/\/www.emecpumps.com\/de\/#website\",\"url\":\"https:\/\/www.emecpumps.com\/de\/\",\"name\":\"Emec Pumps - Pompe dosatrici e Sistemi di disinfezione\",\"description\":\"Dosierpumpen und Desinfektionssysteme\",\"publisher\":{\"@id\":\"https:\/\/www.emecpumps.com\/de\/#organization\"},\"alternateName\":\"Emec\",\"potentialAction\":[{\"@type\":\"SearchAction\",\"target\":{\"@type\":\"EntryPoint\",\"urlTemplate\":\"https:\/\/www.emecpumps.com\/de\/?s={search_term_string}\"},\"query-input\":{\"@type\":\"PropertyValueSpecification\",\"valueRequired\":true,\"valueName\":\"search_term_string\"}}],\"inLanguage\":\"de\"},{\"@type\":\"Organization\",\"@id\":\"https:\/\/www.emecpumps.com\/de\/#organization\",\"name\":\"Emec Pumps - Pompe dosatrici e Sistemi di disinfezione\",\"url\":\"https:\/\/www.emecpumps.com\/de\/\",\"logo\":{\"@type\":\"ImageObject\",\"inLanguage\":\"de\",\"@id\":\"https:\/\/www.emecpumps.com\/de\/#\/schema\/logo\/image\/\",\"url\":\"https:\/\/www.emecpumps.com\/wp-content\/uploads\/2024\/01\/logo_emec.png\",\"contentUrl\":\"https:\/\/www.emecpumps.com\/wp-content\/uploads\/2024\/01\/logo_emec.png\",\"width\":470,\"height\":133,\"caption\":\"Emec Pumps - Pompe dosatrici e Sistemi di disinfezione\"},\"image\":{\"@id\":\"https:\/\/www.emecpumps.com\/de\/#\/schema\/logo\/image\/\"},\"sameAs\":[\"https:\/\/www.facebook.com\/emecpumps\",\"https:\/\/x.com\/EMECpumps\",\"https:\/\/www.instagram.com\/emecpumps\/\",\"https:\/\/www.linkedin.com\/company\/2715607\/admin\/\"]}]}<\/script>\n<!-- \/ Yoast SEO plugin. -->","yoast_head_json":{"title":"Haftungsausschluss - Rechtliche Hinweise - Emec - Dosierpumpen und Desinfektionssysteme","robots":{"index":"index","follow":"follow","max-snippet":"max-snippet:-1","max-image-preview":"max-image-preview:large","max-video-preview":"max-video-preview:-1"},"canonical":"https:\/\/www.emecpumps.com\/de\/haftungsausschluss-rechtliche-hinweise\/","og_locale":"de_DE","og_type":"article","og_title":"Haftungsausschluss - Rechtliche Hinweise - Emec - Dosierpumpen und Desinfektionssysteme","og_description":"[vc_row pix_particles_check=&#8221;&#8221;][vc_column][vc_column_text css=&#8221;&#8221;] Haftungsausschluss &#8211; Rechtliche Hinweise &nbsp; 1. Bedingungen f\u00fcr die Nutzung der Website Jeder, der auf diese Website zugreift oder sie in irgendeiner Weise nutzt, erkl\u00e4rt sich uneingeschr\u00e4nkt mit den hier dargelegten Bedingungen und Konditionen einverstanden. Wenn Sie...","og_url":"https:\/\/www.emecpumps.com\/de\/haftungsausschluss-rechtliche-hinweise\/","og_site_name":"Emec - Dosierpumpen und Desinfektionssysteme","article_publisher":"https:\/\/www.facebook.com\/emecpumps","og_image":[{"width":2369,"height":1544,"url":"https:\/\/www.emecpumps.com\/wp-content\/uploads\/2021\/01\/logs.jpg","type":"image\/jpeg"}],"twitter_card":"summary_large_image","twitter_site":"@EMECpumps","twitter_misc":{"Gesch\u00e4tzte Lesezeit":"7\u00a0Minuten"},"schema":{"@context":"https:\/\/schema.org","@graph":[{"@type":"WebPage","@id":"https:\/\/www.emecpumps.com\/de\/haftungsausschluss-rechtliche-hinweise\/","url":"https:\/\/www.emecpumps.com\/de\/haftungsausschluss-rechtliche-hinweise\/","name":"Haftungsausschluss - Rechtliche Hinweise - Emec - Dosierpumpen und Desinfektionssysteme","isPartOf":{"@id":"https:\/\/www.emecpumps.com\/de\/#website"},"primaryImageOfPage":{"@id":"https:\/\/www.emecpumps.com\/de\/haftungsausschluss-rechtliche-hinweise\/#primaryimage"},"image":{"@id":"https:\/\/www.emecpumps.com\/de\/haftungsausschluss-rechtliche-hinweise\/#primaryimage"},"thumbnailUrl":"https:\/\/www.emecpumps.com\/wp-content\/uploads\/2021\/01\/logs.jpg","datePublished":"2025-11-18T09:51:14+00:00","breadcrumb":{"@id":"https:\/\/www.emecpumps.com\/de\/haftungsausschluss-rechtliche-hinweise\/#breadcrumb"},"inLanguage":"de","potentialAction":[{"@type":"ReadAction","target":["https:\/\/www.emecpumps.com\/de\/haftungsausschluss-rechtliche-hinweise\/"]}]},{"@type":"ImageObject","inLanguage":"de","@id":"https:\/\/www.emecpumps.com\/de\/haftungsausschluss-rechtliche-hinweise\/#primaryimage","url":"https:\/\/www.emecpumps.com\/wp-content\/uploads\/2021\/01\/logs.jpg","contentUrl":"https:\/\/www.emecpumps.com\/wp-content\/uploads\/2021\/01\/logs.jpg","width":2369,"height":1544},{"@type":"BreadcrumbList","@id":"https:\/\/www.emecpumps.com\/de\/haftungsausschluss-rechtliche-hinweise\/#breadcrumb","itemListElement":[{"@type":"ListItem","position":1,"name":"Home","item":"https:\/\/www.emecpumps.com\/de\/"},{"@type":"ListItem","position":2,"name":"Haftungsausschluss &#8211; Rechtliche Hinweise"}]},{"@type":"WebSite","@id":"https:\/\/www.emecpumps.com\/de\/#website","url":"https:\/\/www.emecpumps.com\/de\/","name":"Emec Pumps - Pompe dosatrici e Sistemi di disinfezione","description":"Dosierpumpen und Desinfektionssysteme","publisher":{"@id":"https:\/\/www.emecpumps.com\/de\/#organization"},"alternateName":"Emec","potentialAction":[{"@type":"SearchAction","target":{"@type":"EntryPoint","urlTemplate":"https:\/\/www.emecpumps.com\/de\/?s={search_term_string}"},"query-input":{"@type":"PropertyValueSpecification","valueRequired":true,"valueName":"search_term_string"}}],"inLanguage":"de"},{"@type":"Organization","@id":"https:\/\/www.emecpumps.com\/de\/#organization","name":"Emec Pumps - Pompe dosatrici e Sistemi di disinfezione","url":"https:\/\/www.emecpumps.com\/de\/","logo":{"@type":"ImageObject","inLanguage":"de","@id":"https:\/\/www.emecpumps.com\/de\/#\/schema\/logo\/image\/","url":"https:\/\/www.emecpumps.com\/wp-content\/uploads\/2024\/01\/logo_emec.png","contentUrl":"https:\/\/www.emecpumps.com\/wp-content\/uploads\/2024\/01\/logo_emec.png","width":470,"height":133,"caption":"Emec Pumps - Pompe dosatrici e Sistemi di disinfezione"},"image":{"@id":"https:\/\/www.emecpumps.com\/de\/#\/schema\/logo\/image\/"},"sameAs":["https:\/\/www.facebook.com\/emecpumps","https:\/\/x.com\/EMECpumps","https:\/\/www.instagram.com\/emecpumps\/","https:\/\/www.linkedin.com\/company\/2715607\/admin\/"]}]}},"_links":{"self":[{"href":"https:\/\/www.emecpumps.com\/de\/wp-json\/wp\/v2\/pages\/75473","targetHints":{"allow":["GET"]}}],"collection":[{"href":"https:\/\/www.emecpumps.com\/de\/wp-json\/wp\/v2\/pages"}],"about":[{"href":"https:\/\/www.emecpumps.com\/de\/wp-json\/wp\/v2\/types\/page"}],"author":[{"embeddable":true,"href":"https:\/\/www.emecpumps.com\/de\/wp-json\/wp\/v2\/users\/1"}],"replies":[{"embeddable":true,"href":"https:\/\/www.emecpumps.com\/de\/wp-json\/wp\/v2\/comments?post=75473"}],"version-history":[{"count":2,"href":"https:\/\/www.emecpumps.com\/de\/wp-json\/wp\/v2\/pages\/75473\/revisions"}],"predecessor-version":[{"id":75475,"href":"https:\/\/www.emecpumps.com\/de\/wp-json\/wp\/v2\/pages\/75473\/revisions\/75475"}],"wp:featuredmedia":[{"embeddable":true,"href":"https:\/\/www.emecpumps.com\/de\/wp-json\/wp\/v2\/media\/16165"}],"wp:attachment":[{"href":"https:\/\/www.emecpumps.com\/de\/wp-json\/wp\/v2\/media?parent=75473"}],"curies":[{"name":"wp","href":"https:\/\/api.w.org\/{rel}","templated":true}]}}