{"id":37513,"date":"2021-02-01T12:31:36","date_gmt":"2021-02-01T11:31:36","guid":{"rendered":"https:\/\/www.emecpumps.org\/returns-and-repairs\/"},"modified":"2023-09-04T10:12:14","modified_gmt":"2023-09-04T09:12:14","slug":"devoluciones-y-reparaciones","status":"publish","type":"page","link":"https:\/\/www.emecpumps.com\/es\/devoluciones-y-reparaciones\/","title":{"rendered":"Devoluciones y reparaciones"},"content":{"rendered":"<div class=\"wpb-content-wrapper\">[vc_row full_width=&#8221;stretch_row&#8221; gap=&#8221;10&#8243; pix_particles_check=&#8221;&#8221; css=&#8221;.vc_custom_1610450323231{margin-top: 50px !important;}&#8221;][vc_column][vc_empty_space height=&#8221;50px&#8221;][vc_column_text css_animation=&#8221;fadeInUp&#8221;]Nuestros procedimientos de gesti\u00f3n de las reparaciones, en garant\u00eda y fuera de garant\u00eda, se actualizan y optimizan constantemente para garantizar la m\u00e1xima eficacia, tanto en t\u00e9rminos de organizaci\u00f3n del proceso como de rapidez de ejecuci\u00f3n y seguridad de los operadores.\r\n\r\nEn caso de devoluci\u00f3n por reemplazo, reparaci\u00f3n u otro, es necesario contactar el agente comercial de referencia (o como alternativa <a href=\"mailto:ordini@emec.it\">ordini@emec.it<\/a> especificando los datos necesarios) para acordar y disponer el procedimiento a seguir en base a la operaci\u00f3n a realizar. Para garantizar la calidad y la rapidez del servicio de devoluci\u00f3n, solicitamos a nuestros clientes adjuntar al env\u00edo de los productos el <span style=\"color: #2dc84d;\"><strong>nuevo<\/strong><\/span> M\u00f3dulo de devoluci\u00f3n\u00a0 (MDR) y el <span style=\"color: #2dc84d;\"><strong>nuevo <\/strong><\/span>M\u00f3dulo de Descontaminaci\u00f3n.\r\n\r\n<strong>M\u00f3dulo de devoluci\u00f3n (MDR)\r\n<\/strong>Permite analizar el procedimiento a aplicar a la mercanc\u00eda devuelta, a fin de reducir al m\u00e1ximo los plazos de ejecuci\u00f3n.\r\n\r\n<strong>M\u00f3dulo de Descontaminaci\u00f3n\r\n<\/strong>En virtud y por efecto de la normativa vigente, es responsabilidad del Usuario encargarse de la limpieza y la descontaminaci\u00f3n de todo el material que se env\u00eda a EMEC. Este m\u00f3dulo permite analizar el nivel de peligrosidad de las sustancias qu\u00edmicas que entran en contacto con el instrumental, a fin de poder aplicar las medidas m\u00e1s adecuadas que tutelen a nuestros empleados.\r\nEl m\u00f3dulo debe completarse \u00edntegramente y debe adjuntarse al Documento de transporte. La presencia del m\u00f3dulo de Descontaminaci\u00f3n es una condici\u00f3n imprescindible para abrir el embalaje y realizar el trabajo. Si el env\u00edo se compone de varios bultos, debe completarse un m\u00f3dulo por cada producto.[\/vc_column_text][vc_row_inner][vc_column_inner width=&#8221;1\/3&#8243;][\/vc_column_inner][vc_column_inner width=&#8221;1\/3&#8243;]<a  href=\"https:\/\/www.emecpumps.com\/wp-content\/uploads\/2023\/08\/Moduli-accettazione-al-rientro_EN.pdf\" class=\"btn mb-2     btn-secondary d-flex w-100  justify-content-center  align-items-center     btn-rounded btn-normal\" target=\"_blank\" rel=\"noopener\"    ><svg class=\"pixfort-icon font-weight-bold   mr-2\" width=\"24\" height=\"24\"  data-name=\"Line\/pixfort-icon-page-down-1\" viewBox=\"2 2 20 20\"><path fill=\"none\" stroke=\"var(--pf-icon-color)\" stroke-linecap=\"round\" stroke-linejoin=\"round\" stroke-width=\"var(--pf-icon-stroke-width)\" d=\"M12,3 L12,17 M6,12 L12,18 L18,12 M3,21 L21,21\"\/><\/svg><span class=\"font-weight-bold \" >Download<\/span><\/a>[\/vc_column_inner][vc_column_inner width=&#8221;1\/3&#8243;][\/vc_column_inner][\/vc_row_inner]<div id=\"el1612254276318-1098ccac-a7b5\" class=\"w-100 d-block \"><\/div>[\/vc_column][\/vc_row]<\/div>","protected":false},"excerpt":{"rendered":"[vc_row full_width=&#8221;stretch_row&#8221; gap=&#8221;10&#8243; pix_particles_check=&#8221;&#8221; css=&#8221;.vc_custom_1610450323231{margin-top: 50px !important;}&#8221;][vc_column][vc_empty_space height=&#8221;50px&#8221;][vc_column_text css_animation=&#8221;fadeInUp&#8221;]Nuestros procedimientos de gesti\u00f3n de las reparaciones, en garant\u00eda y fuera de garant\u00eda, se actualizan y optimizan constantemente para garantizar la m\u00e1xima eficacia, tanto en t\u00e9rminos de organizaci\u00f3n del proceso como de&#8230;","protected":false},"author":1,"featured_media":37362,"parent":0,"menu_order":0,"comment_status":"closed","ping_status":"closed","template":"","meta":{"lazy_load_responsive_images_disabled":false,"footnotes":""},"class_list":["post-37513","page","type-page","status-publish","has-post-thumbnail","hentry"],"yoast_head":"<!-- This site is optimized with the Yoast SEO plugin v26.6 - https:\/\/yoast.com\/wordpress\/plugins\/seo\/ -->\n<title>Devoluciones y reparaciones - Emec Pumps - Pompe dosatrici e Sistemi di disinfezione<\/title>\n<meta name=\"description\" content=\"Conozca el procedimiento a seguir y los formularios que debe consultar en caso de devoluci\u00f3n por sustituci\u00f3n, reparaci\u00f3n u otras necesidades.\" \/>\n<meta name=\"robots\" content=\"index, follow, max-snippet:-1, max-image-preview:large, max-video-preview:-1\" \/>\n<link rel=\"canonical\" href=\"https:\/\/www.emecpumps.com\/es\/devoluciones-y-reparaciones\/\" \/>\n<meta property=\"og:locale\" content=\"es_ES\" \/>\n<meta property=\"og:type\" content=\"article\" \/>\n<meta property=\"og:title\" content=\"Devoluciones y reparaciones - Emec Pumps - Pompe dosatrici e Sistemi di disinfezione\" \/>\n<meta property=\"og:description\" content=\"Conozca el procedimiento a seguir y los formularios que debe consultar en caso de devoluci\u00f3n por sustituci\u00f3n, reparaci\u00f3n u otras necesidades.\" \/>\n<meta property=\"og:url\" content=\"https:\/\/www.emecpumps.com\/es\/devoluciones-y-reparaciones\/\" \/>\n<meta property=\"og:site_name\" content=\"Emec Pumps - Pompe dosatrici e Sistemi di disinfezione\" \/>\n<meta property=\"article:publisher\" content=\"https:\/\/www.facebook.com\/emecpumps\" \/>\n<meta property=\"article:modified_time\" content=\"2023-09-04T09:12:14+00:00\" \/>\n<meta property=\"og:image\" content=\"https:\/\/www.emecpumps.com\/wp-content\/uploads\/2021\/01\/logs.jpg\" \/>\n\t<meta property=\"og:image:width\" content=\"2369\" \/>\n\t<meta property=\"og:image:height\" content=\"1544\" \/>\n\t<meta property=\"og:image:type\" content=\"image\/jpeg\" \/>\n<meta name=\"twitter:card\" content=\"summary_large_image\" \/>\n<meta name=\"twitter:site\" content=\"@EMECpumps\" \/>\n<meta name=\"twitter:label1\" content=\"Tiempo de lectura\" \/>\n\t<meta name=\"twitter:data1\" content=\"2 minutos\" \/>\n<script type=\"application\/ld+json\" class=\"yoast-schema-graph\">{\"@context\":\"https:\/\/schema.org\",\"@graph\":[{\"@type\":\"WebPage\",\"@id\":\"https:\/\/www.emecpumps.com\/es\/devoluciones-y-reparaciones\/\",\"url\":\"https:\/\/www.emecpumps.com\/es\/devoluciones-y-reparaciones\/\",\"name\":\"Devoluciones y reparaciones - Emec Pumps - Pompe dosatrici e Sistemi di disinfezione\",\"isPartOf\":{\"@id\":\"https:\/\/www.emecpumps.com\/es\/#website\"},\"primaryImageOfPage\":{\"@id\":\"https:\/\/www.emecpumps.com\/es\/devoluciones-y-reparaciones\/#primaryimage\"},\"image\":{\"@id\":\"https:\/\/www.emecpumps.com\/es\/devoluciones-y-reparaciones\/#primaryimage\"},\"thumbnailUrl\":\"https:\/\/www.emecpumps.com\/wp-content\/uploads\/2021\/01\/logs.jpg\",\"datePublished\":\"2021-02-01T11:31:36+00:00\",\"dateModified\":\"2023-09-04T09:12:14+00:00\",\"description\":\"Conozca el procedimiento a seguir y los formularios que debe consultar en caso de devoluci\u00f3n por sustituci\u00f3n, reparaci\u00f3n u otras necesidades.\",\"breadcrumb\":{\"@id\":\"https:\/\/www.emecpumps.com\/es\/devoluciones-y-reparaciones\/#breadcrumb\"},\"inLanguage\":\"es\",\"potentialAction\":[{\"@type\":\"ReadAction\",\"target\":[\"https:\/\/www.emecpumps.com\/es\/devoluciones-y-reparaciones\/\"]}]},{\"@type\":\"ImageObject\",\"inLanguage\":\"es\",\"@id\":\"https:\/\/www.emecpumps.com\/es\/devoluciones-y-reparaciones\/#primaryimage\",\"url\":\"https:\/\/www.emecpumps.com\/wp-content\/uploads\/2021\/01\/logs.jpg\",\"contentUrl\":\"https:\/\/www.emecpumps.com\/wp-content\/uploads\/2021\/01\/logs.jpg\",\"width\":2369,\"height\":1544},{\"@type\":\"BreadcrumbList\",\"@id\":\"https:\/\/www.emecpumps.com\/es\/devoluciones-y-reparaciones\/#breadcrumb\",\"itemListElement\":[{\"@type\":\"ListItem\",\"position\":1,\"name\":\"Home\",\"item\":\"https:\/\/www.emecpumps.com\/es\/\"},{\"@type\":\"ListItem\",\"position\":2,\"name\":\"Devoluciones y reparaciones\"}]},{\"@type\":\"WebSite\",\"@id\":\"https:\/\/www.emecpumps.com\/es\/#website\",\"url\":\"https:\/\/www.emecpumps.com\/es\/\",\"name\":\"Emec Pumps - Pompe dosatrici e Sistemi di disinfezione\",\"description\":\"Pompe dosatrici e Sistemi di disinfezione\",\"publisher\":{\"@id\":\"https:\/\/www.emecpumps.com\/es\/#organization\"},\"alternateName\":\"Emec\",\"potentialAction\":[{\"@type\":\"SearchAction\",\"target\":{\"@type\":\"EntryPoint\",\"urlTemplate\":\"https:\/\/www.emecpumps.com\/es\/?s={search_term_string}\"},\"query-input\":{\"@type\":\"PropertyValueSpecification\",\"valueRequired\":true,\"valueName\":\"search_term_string\"}}],\"inLanguage\":\"es\"},{\"@type\":\"Organization\",\"@id\":\"https:\/\/www.emecpumps.com\/es\/#organization\",\"name\":\"Emec Pumps - Pompe dosatrici e Sistemi di disinfezione\",\"url\":\"https:\/\/www.emecpumps.com\/es\/\",\"logo\":{\"@type\":\"ImageObject\",\"inLanguage\":\"es\",\"@id\":\"https:\/\/www.emecpumps.com\/es\/#\/schema\/logo\/image\/\",\"url\":\"https:\/\/www.emecpumps.com\/wp-content\/uploads\/2024\/01\/logo_emec.png\",\"contentUrl\":\"https:\/\/www.emecpumps.com\/wp-content\/uploads\/2024\/01\/logo_emec.png\",\"width\":470,\"height\":133,\"caption\":\"Emec Pumps - Pompe dosatrici e Sistemi di disinfezione\"},\"image\":{\"@id\":\"https:\/\/www.emecpumps.com\/es\/#\/schema\/logo\/image\/\"},\"sameAs\":[\"https:\/\/www.facebook.com\/emecpumps\",\"https:\/\/x.com\/EMECpumps\",\"https:\/\/www.instagram.com\/emecpumps\/\",\"https:\/\/www.linkedin.com\/company\/2715607\/admin\/\"]}]}<\/script>\n<!-- \/ Yoast SEO plugin. -->","yoast_head_json":{"title":"Devoluciones y reparaciones - Emec Pumps - Pompe dosatrici e Sistemi di disinfezione","description":"Conozca el procedimiento a seguir y los formularios que debe consultar en caso de devoluci\u00f3n por sustituci\u00f3n, reparaci\u00f3n u otras necesidades.","robots":{"index":"index","follow":"follow","max-snippet":"max-snippet:-1","max-image-preview":"max-image-preview:large","max-video-preview":"max-video-preview:-1"},"canonical":"https:\/\/www.emecpumps.com\/es\/devoluciones-y-reparaciones\/","og_locale":"es_ES","og_type":"article","og_title":"Devoluciones y reparaciones - Emec Pumps - Pompe dosatrici e Sistemi di disinfezione","og_description":"Conozca el procedimiento a seguir y los formularios que debe consultar en caso de devoluci\u00f3n por sustituci\u00f3n, reparaci\u00f3n u otras necesidades.","og_url":"https:\/\/www.emecpumps.com\/es\/devoluciones-y-reparaciones\/","og_site_name":"Emec Pumps - Pompe dosatrici e Sistemi di disinfezione","article_publisher":"https:\/\/www.facebook.com\/emecpumps","article_modified_time":"2023-09-04T09:12:14+00:00","og_image":[{"width":2369,"height":1544,"url":"https:\/\/www.emecpumps.com\/wp-content\/uploads\/2021\/01\/logs.jpg","type":"image\/jpeg"}],"twitter_card":"summary_large_image","twitter_site":"@EMECpumps","twitter_misc":{"Tiempo de lectura":"2 minutos"},"schema":{"@context":"https:\/\/schema.org","@graph":[{"@type":"WebPage","@id":"https:\/\/www.emecpumps.com\/es\/devoluciones-y-reparaciones\/","url":"https:\/\/www.emecpumps.com\/es\/devoluciones-y-reparaciones\/","name":"Devoluciones y reparaciones - Emec Pumps - Pompe dosatrici e Sistemi di disinfezione","isPartOf":{"@id":"https:\/\/www.emecpumps.com\/es\/#website"},"primaryImageOfPage":{"@id":"https:\/\/www.emecpumps.com\/es\/devoluciones-y-reparaciones\/#primaryimage"},"image":{"@id":"https:\/\/www.emecpumps.com\/es\/devoluciones-y-reparaciones\/#primaryimage"},"thumbnailUrl":"https:\/\/www.emecpumps.com\/wp-content\/uploads\/2021\/01\/logs.jpg","datePublished":"2021-02-01T11:31:36+00:00","dateModified":"2023-09-04T09:12:14+00:00","description":"Conozca el procedimiento a seguir y los formularios que debe consultar en caso de devoluci\u00f3n por sustituci\u00f3n, reparaci\u00f3n u otras necesidades.","breadcrumb":{"@id":"https:\/\/www.emecpumps.com\/es\/devoluciones-y-reparaciones\/#breadcrumb"},"inLanguage":"es","potentialAction":[{"@type":"ReadAction","target":["https:\/\/www.emecpumps.com\/es\/devoluciones-y-reparaciones\/"]}]},{"@type":"ImageObject","inLanguage":"es","@id":"https:\/\/www.emecpumps.com\/es\/devoluciones-y-reparaciones\/#primaryimage","url":"https:\/\/www.emecpumps.com\/wp-content\/uploads\/2021\/01\/logs.jpg","contentUrl":"https:\/\/www.emecpumps.com\/wp-content\/uploads\/2021\/01\/logs.jpg","width":2369,"height":1544},{"@type":"BreadcrumbList","@id":"https:\/\/www.emecpumps.com\/es\/devoluciones-y-reparaciones\/#breadcrumb","itemListElement":[{"@type":"ListItem","position":1,"name":"Home","item":"https:\/\/www.emecpumps.com\/es\/"},{"@type":"ListItem","position":2,"name":"Devoluciones y reparaciones"}]},{"@type":"WebSite","@id":"https:\/\/www.emecpumps.com\/es\/#website","url":"https:\/\/www.emecpumps.com\/es\/","name":"Emec Pumps - Pompe dosatrici e Sistemi di disinfezione","description":"Pompe dosatrici e Sistemi di disinfezione","publisher":{"@id":"https:\/\/www.emecpumps.com\/es\/#organization"},"alternateName":"Emec","potentialAction":[{"@type":"SearchAction","target":{"@type":"EntryPoint","urlTemplate":"https:\/\/www.emecpumps.com\/es\/?s={search_term_string}"},"query-input":{"@type":"PropertyValueSpecification","valueRequired":true,"valueName":"search_term_string"}}],"inLanguage":"es"},{"@type":"Organization","@id":"https:\/\/www.emecpumps.com\/es\/#organization","name":"Emec Pumps - Pompe dosatrici e Sistemi di disinfezione","url":"https:\/\/www.emecpumps.com\/es\/","logo":{"@type":"ImageObject","inLanguage":"es","@id":"https:\/\/www.emecpumps.com\/es\/#\/schema\/logo\/image\/","url":"https:\/\/www.emecpumps.com\/wp-content\/uploads\/2024\/01\/logo_emec.png","contentUrl":"https:\/\/www.emecpumps.com\/wp-content\/uploads\/2024\/01\/logo_emec.png","width":470,"height":133,"caption":"Emec Pumps - Pompe dosatrici e Sistemi di disinfezione"},"image":{"@id":"https:\/\/www.emecpumps.com\/es\/#\/schema\/logo\/image\/"},"sameAs":["https:\/\/www.facebook.com\/emecpumps","https:\/\/x.com\/EMECpumps","https:\/\/www.instagram.com\/emecpumps\/","https:\/\/www.linkedin.com\/company\/2715607\/admin\/"]}]}},"_links":{"self":[{"href":"https:\/\/www.emecpumps.com\/es\/wp-json\/wp\/v2\/pages\/37513","targetHints":{"allow":["GET"]}}],"collection":[{"href":"https:\/\/www.emecpumps.com\/es\/wp-json\/wp\/v2\/pages"}],"about":[{"href":"https:\/\/www.emecpumps.com\/es\/wp-json\/wp\/v2\/types\/page"}],"author":[{"embeddable":true,"href":"https:\/\/www.emecpumps.com\/es\/wp-json\/wp\/v2\/users\/1"}],"replies":[{"embeddable":true,"href":"https:\/\/www.emecpumps.com\/es\/wp-json\/wp\/v2\/comments?post=37513"}],"version-history":[{"count":5,"href":"https:\/\/www.emecpumps.com\/es\/wp-json\/wp\/v2\/pages\/37513\/revisions"}],"predecessor-version":[{"id":58891,"href":"https:\/\/www.emecpumps.com\/es\/wp-json\/wp\/v2\/pages\/37513\/revisions\/58891"}],"wp:featuredmedia":[{"embeddable":true,"href":"https:\/\/www.emecpumps.com\/es\/wp-json\/wp\/v2\/media\/37362"}],"wp:attachment":[{"href":"https:\/\/www.emecpumps.com\/es\/wp-json\/wp\/v2\/media?parent=37513"}],"curies":[{"name":"wp","href":"https:\/\/api.w.org\/{rel}","templated":true}]}}