{"id":37542,"date":"2020-11-30T15:31:07","date_gmt":"2020-11-30T14:31:07","guid":{"rendered":"https:\/\/www.emecpumps.org\/spare-parts\/"},"modified":"2022-01-14T09:12:53","modified_gmt":"2022-01-14T08:12:53","slug":"piezas-de-repuesto","status":"publish","type":"page","link":"https:\/\/www.emecpumps.com\/es\/piezas-de-repuesto\/","title":{"rendered":"Piezas de repuesto"},"content":{"rendered":"<div class=\"wpb-content-wrapper\">[vc_row pix_particles_check=&#8221;&#8221;][vc_column][vc_row_inner][vc_column_inner][vc_column_text]<iframe src=\" https:\/\/webold.emecpumps.com\/it?option=com_azurapagebuilder&amp;view=page&amp;id=468\" width=\"100%\" height=\"800\" frameborder=\"0\"><\/iframe>[\/vc_column_text][\/vc_column_inner][\/vc_row_inner][\/vc_column][\/vc_row][vc_row pix_particles_check=&#8221;&#8221;][vc_column][vc_message message_box_color=&#8221;green&#8221;]Gracias al sistema de b\u00fasqueda de piezas de recambio de EMEC, puede obtener una lista completa de componentes (BOM) para cada producto y cada panel premontado, simplemente introduciendo el c\u00f3digo o el nombre (en el campo &#8220;Descripci\u00f3n&#8221;) del producto que busca en el campo de b\u00fasqueda. O bien, para encontrar toda la informaci\u00f3n esencial de forma a\u00fan m\u00e1s r\u00e1pida, basta con apuntar con el smartphone a la matriz de datos de la etiqueta de cada producto EMEC y acceder directamente a su lista de materiales.\r\n\r\nUna vez que haya encontrado el producto EMEC que busca, la lista de materiales incluye un c\u00f3digo que identifica de forma exclusiva cada componente para facilitar el pedido de piezas de repuesto.\r\n\r\nSeleccione las piezas de recambio que necesita y cree tambi\u00e9n un recordatorio que se enviar\u00e1 a la direcci\u00f3n de correo electr\u00f3nico asociada a su cuenta. Con este recordatorio, solicitar un presupuesto a order@emecpumps.com es m\u00e1s r\u00e1pido y sencillo.\r\n\r\nTambi\u00e9n puede encontrar manuales, fichas de datos y, s\u00f3lo para las bombas dosificadoras, despieces (en los que puede identificar cada componente por un n\u00famero de referencia) con el motor de b\u00fasqueda. Las listas de materiales, los manuales, las hojas de datos y los despieces est\u00e1n disponibles para su descarga en formato PDF.\r\n\r\nLa documentaci\u00f3n de cada producto tambi\u00e9n est\u00e1 disponible para su descarga en formato PDF desde su p\u00e1gina en la secci\u00f3n de productos de este sitio web.[\/vc_message][\/vc_column][\/vc_row]<\/div>","protected":false},"excerpt":{"rendered":"[vc_row pix_particles_check=&#8221;&#8221;][vc_column][vc_row_inner][vc_column_inner][vc_column_text][\/vc_column_text][\/vc_column_inner][\/vc_row_inner][\/vc_column][\/vc_row][vc_row pix_particles_check=&#8221;&#8221;][vc_column][vc_message message_box_color=&#8221;green&#8221;]Gracias al sistema de b\u00fasqueda de piezas de recambio de EMEC, puede obtener una lista completa de componentes (BOM) para cada producto y cada panel premontado, simplemente introduciendo el c\u00f3digo o el nombre (en el campo &#8220;Descripci\u00f3n&#8221;)&#8230;","protected":false},"author":1,"featured_media":37362,"parent":0,"menu_order":0,"comment_status":"closed","ping_status":"closed","template":"","meta":{"lazy_load_responsive_images_disabled":false,"footnotes":""},"class_list":["post-37542","page","type-page","status-publish","has-post-thumbnail","hentry"],"yoast_head":"<!-- This site is optimized with the Yoast SEO plugin v26.6 - https:\/\/yoast.com\/wordpress\/plugins\/seo\/ -->\n<title>Piezas de repuesto - Emec Pumps - Pompe dosatrici e Sistemi di disinfezione<\/title>\n<meta name=\"description\" content=\"Rellene f\u00e1cilmente el formulario en l\u00ednea para recibir asistencia para todo lo relacionado con las piezas de recambio de los productos EMEC.\" \/>\n<meta name=\"robots\" content=\"index, follow, max-snippet:-1, max-image-preview:large, max-video-preview:-1\" \/>\n<link rel=\"canonical\" href=\"https:\/\/www.emecpumps.com\/es\/piezas-de-repuesto\/\" \/>\n<meta property=\"og:locale\" content=\"es_ES\" \/>\n<meta property=\"og:type\" content=\"article\" \/>\n<meta property=\"og:title\" content=\"Piezas de repuesto - Emec Pumps - Pompe dosatrici e Sistemi di disinfezione\" \/>\n<meta property=\"og:description\" content=\"Rellene f\u00e1cilmente el formulario en l\u00ednea para recibir asistencia para todo lo relacionado con las piezas de recambio de los productos EMEC.\" \/>\n<meta property=\"og:url\" content=\"https:\/\/www.emecpumps.com\/es\/piezas-de-repuesto\/\" \/>\n<meta property=\"og:site_name\" content=\"Emec Pumps - Pompe dosatrici e Sistemi di disinfezione\" \/>\n<meta property=\"article:publisher\" content=\"https:\/\/www.facebook.com\/emecpumps\" \/>\n<meta property=\"article:modified_time\" content=\"2022-01-14T08:12:53+00:00\" \/>\n<meta property=\"og:image\" content=\"https:\/\/www.emecpumps.com\/wp-content\/uploads\/2021\/01\/logs.jpg\" \/>\n\t<meta property=\"og:image:width\" content=\"2369\" \/>\n\t<meta property=\"og:image:height\" content=\"1544\" \/>\n\t<meta property=\"og:image:type\" content=\"image\/jpeg\" \/>\n<meta name=\"twitter:card\" content=\"summary_large_image\" \/>\n<meta name=\"twitter:site\" content=\"@EMECpumps\" \/>\n<meta name=\"twitter:label1\" content=\"Tiempo de lectura\" \/>\n\t<meta name=\"twitter:data1\" content=\"2 minutos\" \/>\n<script type=\"application\/ld+json\" class=\"yoast-schema-graph\">{\"@context\":\"https:\/\/schema.org\",\"@graph\":[{\"@type\":\"WebPage\",\"@id\":\"https:\/\/www.emecpumps.com\/es\/piezas-de-repuesto\/\",\"url\":\"https:\/\/www.emecpumps.com\/es\/piezas-de-repuesto\/\",\"name\":\"Piezas de repuesto - Emec Pumps - Pompe dosatrici e Sistemi di disinfezione\",\"isPartOf\":{\"@id\":\"https:\/\/www.emecpumps.com\/es\/#website\"},\"primaryImageOfPage\":{\"@id\":\"https:\/\/www.emecpumps.com\/es\/piezas-de-repuesto\/#primaryimage\"},\"image\":{\"@id\":\"https:\/\/www.emecpumps.com\/es\/piezas-de-repuesto\/#primaryimage\"},\"thumbnailUrl\":\"https:\/\/www.emecpumps.com\/wp-content\/uploads\/2021\/01\/logs.jpg\",\"datePublished\":\"2020-11-30T14:31:07+00:00\",\"dateModified\":\"2022-01-14T08:12:53+00:00\",\"description\":\"Rellene f\u00e1cilmente el formulario en l\u00ednea para recibir asistencia para todo lo relacionado con las piezas de recambio de los productos EMEC.\",\"breadcrumb\":{\"@id\":\"https:\/\/www.emecpumps.com\/es\/piezas-de-repuesto\/#breadcrumb\"},\"inLanguage\":\"es\",\"potentialAction\":[{\"@type\":\"ReadAction\",\"target\":[\"https:\/\/www.emecpumps.com\/es\/piezas-de-repuesto\/\"]}]},{\"@type\":\"ImageObject\",\"inLanguage\":\"es\",\"@id\":\"https:\/\/www.emecpumps.com\/es\/piezas-de-repuesto\/#primaryimage\",\"url\":\"https:\/\/www.emecpumps.com\/wp-content\/uploads\/2021\/01\/logs.jpg\",\"contentUrl\":\"https:\/\/www.emecpumps.com\/wp-content\/uploads\/2021\/01\/logs.jpg\",\"width\":2369,\"height\":1544},{\"@type\":\"BreadcrumbList\",\"@id\":\"https:\/\/www.emecpumps.com\/es\/piezas-de-repuesto\/#breadcrumb\",\"itemListElement\":[{\"@type\":\"ListItem\",\"position\":1,\"name\":\"Home\",\"item\":\"https:\/\/www.emecpumps.com\/es\/\"},{\"@type\":\"ListItem\",\"position\":2,\"name\":\"Piezas de repuesto\"}]},{\"@type\":\"WebSite\",\"@id\":\"https:\/\/www.emecpumps.com\/es\/#website\",\"url\":\"https:\/\/www.emecpumps.com\/es\/\",\"name\":\"Emec Pumps - Pompe dosatrici e Sistemi di disinfezione\",\"description\":\"Pompe dosatrici e Sistemi di disinfezione\",\"publisher\":{\"@id\":\"https:\/\/www.emecpumps.com\/es\/#organization\"},\"alternateName\":\"Emec\",\"potentialAction\":[{\"@type\":\"SearchAction\",\"target\":{\"@type\":\"EntryPoint\",\"urlTemplate\":\"https:\/\/www.emecpumps.com\/es\/?s={search_term_string}\"},\"query-input\":{\"@type\":\"PropertyValueSpecification\",\"valueRequired\":true,\"valueName\":\"search_term_string\"}}],\"inLanguage\":\"es\"},{\"@type\":\"Organization\",\"@id\":\"https:\/\/www.emecpumps.com\/es\/#organization\",\"name\":\"Emec Pumps - Pompe dosatrici e Sistemi di disinfezione\",\"url\":\"https:\/\/www.emecpumps.com\/es\/\",\"logo\":{\"@type\":\"ImageObject\",\"inLanguage\":\"es\",\"@id\":\"https:\/\/www.emecpumps.com\/es\/#\/schema\/logo\/image\/\",\"url\":\"https:\/\/www.emecpumps.com\/wp-content\/uploads\/2024\/01\/logo_emec.png\",\"contentUrl\":\"https:\/\/www.emecpumps.com\/wp-content\/uploads\/2024\/01\/logo_emec.png\",\"width\":470,\"height\":133,\"caption\":\"Emec Pumps - Pompe dosatrici e Sistemi di disinfezione\"},\"image\":{\"@id\":\"https:\/\/www.emecpumps.com\/es\/#\/schema\/logo\/image\/\"},\"sameAs\":[\"https:\/\/www.facebook.com\/emecpumps\",\"https:\/\/x.com\/EMECpumps\",\"https:\/\/www.instagram.com\/emecpumps\/\",\"https:\/\/www.linkedin.com\/company\/2715607\/admin\/\"]}]}<\/script>\n<!-- \/ Yoast SEO plugin. -->","yoast_head_json":{"title":"Piezas de repuesto - Emec Pumps - Pompe dosatrici e Sistemi di disinfezione","description":"Rellene f\u00e1cilmente el formulario en l\u00ednea para recibir asistencia para todo lo relacionado con las piezas de recambio de los productos EMEC.","robots":{"index":"index","follow":"follow","max-snippet":"max-snippet:-1","max-image-preview":"max-image-preview:large","max-video-preview":"max-video-preview:-1"},"canonical":"https:\/\/www.emecpumps.com\/es\/piezas-de-repuesto\/","og_locale":"es_ES","og_type":"article","og_title":"Piezas de repuesto - Emec Pumps - Pompe dosatrici e Sistemi di disinfezione","og_description":"Rellene f\u00e1cilmente el formulario en l\u00ednea para recibir asistencia para todo lo relacionado con las piezas de recambio de los productos EMEC.","og_url":"https:\/\/www.emecpumps.com\/es\/piezas-de-repuesto\/","og_site_name":"Emec Pumps - Pompe dosatrici e Sistemi di disinfezione","article_publisher":"https:\/\/www.facebook.com\/emecpumps","article_modified_time":"2022-01-14T08:12:53+00:00","og_image":[{"width":2369,"height":1544,"url":"https:\/\/www.emecpumps.com\/wp-content\/uploads\/2021\/01\/logs.jpg","type":"image\/jpeg"}],"twitter_card":"summary_large_image","twitter_site":"@EMECpumps","twitter_misc":{"Tiempo de lectura":"2 minutos"},"schema":{"@context":"https:\/\/schema.org","@graph":[{"@type":"WebPage","@id":"https:\/\/www.emecpumps.com\/es\/piezas-de-repuesto\/","url":"https:\/\/www.emecpumps.com\/es\/piezas-de-repuesto\/","name":"Piezas de repuesto - Emec Pumps - Pompe dosatrici e Sistemi di disinfezione","isPartOf":{"@id":"https:\/\/www.emecpumps.com\/es\/#website"},"primaryImageOfPage":{"@id":"https:\/\/www.emecpumps.com\/es\/piezas-de-repuesto\/#primaryimage"},"image":{"@id":"https:\/\/www.emecpumps.com\/es\/piezas-de-repuesto\/#primaryimage"},"thumbnailUrl":"https:\/\/www.emecpumps.com\/wp-content\/uploads\/2021\/01\/logs.jpg","datePublished":"2020-11-30T14:31:07+00:00","dateModified":"2022-01-14T08:12:53+00:00","description":"Rellene f\u00e1cilmente el formulario en l\u00ednea para recibir asistencia para todo lo relacionado con las piezas de recambio de los productos EMEC.","breadcrumb":{"@id":"https:\/\/www.emecpumps.com\/es\/piezas-de-repuesto\/#breadcrumb"},"inLanguage":"es","potentialAction":[{"@type":"ReadAction","target":["https:\/\/www.emecpumps.com\/es\/piezas-de-repuesto\/"]}]},{"@type":"ImageObject","inLanguage":"es","@id":"https:\/\/www.emecpumps.com\/es\/piezas-de-repuesto\/#primaryimage","url":"https:\/\/www.emecpumps.com\/wp-content\/uploads\/2021\/01\/logs.jpg","contentUrl":"https:\/\/www.emecpumps.com\/wp-content\/uploads\/2021\/01\/logs.jpg","width":2369,"height":1544},{"@type":"BreadcrumbList","@id":"https:\/\/www.emecpumps.com\/es\/piezas-de-repuesto\/#breadcrumb","itemListElement":[{"@type":"ListItem","position":1,"name":"Home","item":"https:\/\/www.emecpumps.com\/es\/"},{"@type":"ListItem","position":2,"name":"Piezas de repuesto"}]},{"@type":"WebSite","@id":"https:\/\/www.emecpumps.com\/es\/#website","url":"https:\/\/www.emecpumps.com\/es\/","name":"Emec Pumps - Pompe dosatrici e Sistemi di disinfezione","description":"Pompe dosatrici e Sistemi di disinfezione","publisher":{"@id":"https:\/\/www.emecpumps.com\/es\/#organization"},"alternateName":"Emec","potentialAction":[{"@type":"SearchAction","target":{"@type":"EntryPoint","urlTemplate":"https:\/\/www.emecpumps.com\/es\/?s={search_term_string}"},"query-input":{"@type":"PropertyValueSpecification","valueRequired":true,"valueName":"search_term_string"}}],"inLanguage":"es"},{"@type":"Organization","@id":"https:\/\/www.emecpumps.com\/es\/#organization","name":"Emec Pumps - Pompe dosatrici e Sistemi di disinfezione","url":"https:\/\/www.emecpumps.com\/es\/","logo":{"@type":"ImageObject","inLanguage":"es","@id":"https:\/\/www.emecpumps.com\/es\/#\/schema\/logo\/image\/","url":"https:\/\/www.emecpumps.com\/wp-content\/uploads\/2024\/01\/logo_emec.png","contentUrl":"https:\/\/www.emecpumps.com\/wp-content\/uploads\/2024\/01\/logo_emec.png","width":470,"height":133,"caption":"Emec Pumps - Pompe dosatrici e Sistemi di disinfezione"},"image":{"@id":"https:\/\/www.emecpumps.com\/es\/#\/schema\/logo\/image\/"},"sameAs":["https:\/\/www.facebook.com\/emecpumps","https:\/\/x.com\/EMECpumps","https:\/\/www.instagram.com\/emecpumps\/","https:\/\/www.linkedin.com\/company\/2715607\/admin\/"]}]}},"_links":{"self":[{"href":"https:\/\/www.emecpumps.com\/es\/wp-json\/wp\/v2\/pages\/37542","targetHints":{"allow":["GET"]}}],"collection":[{"href":"https:\/\/www.emecpumps.com\/es\/wp-json\/wp\/v2\/pages"}],"about":[{"href":"https:\/\/www.emecpumps.com\/es\/wp-json\/wp\/v2\/types\/page"}],"author":[{"embeddable":true,"href":"https:\/\/www.emecpumps.com\/es\/wp-json\/wp\/v2\/users\/1"}],"replies":[{"embeddable":true,"href":"https:\/\/www.emecpumps.com\/es\/wp-json\/wp\/v2\/comments?post=37542"}],"version-history":[{"count":5,"href":"https:\/\/www.emecpumps.com\/es\/wp-json\/wp\/v2\/pages\/37542\/revisions"}],"predecessor-version":[{"id":39372,"href":"https:\/\/www.emecpumps.com\/es\/wp-json\/wp\/v2\/pages\/37542\/revisions\/39372"}],"wp:featuredmedia":[{"embeddable":true,"href":"https:\/\/www.emecpumps.com\/es\/wp-json\/wp\/v2\/media\/37362"}],"wp:attachment":[{"href":"https:\/\/www.emecpumps.com\/es\/wp-json\/wp\/v2\/media?parent=37542"}],"curies":[{"name":"wp","href":"https:\/\/api.w.org\/{rel}","templated":true}]}}