{"id":37553,"date":"2021-01-12T18:20:11","date_gmt":"2021-01-12T17:20:11","guid":{"rendered":"https:\/\/www.emecpumps.org\/sustainability\/"},"modified":"2021-11-23T10:14:42","modified_gmt":"2021-11-23T09:14:42","slug":"sostenibilidad-y-territorio","status":"publish","type":"page","link":"https:\/\/www.emecpumps.com\/es\/sostenibilidad-y-territorio\/","title":{"rendered":"Sostenibilidad y territorio"},"content":{"rendered":"<div class=\"wpb-content-wrapper\">[vc_row full_width=&#8221;stretch_row&#8221; gap=&#8221;10&#8243; pix_particles_check=&#8221;&#8221; css=&#8221;.vc_custom_1610450323231{margin-top: 50px !important;}&#8221;][vc_column][vc_empty_space height=&#8221;50px&#8221;][vc_column_text css_animation=&#8221;fadeInUp&#8221;]\r\n<h5 style=\"text-align: center;\"><span style=\"color: #2dc84d;\">RIETI<\/span><\/h5>\r\n<h4 style=\"text-align: center;\">Nuestro territorio<\/h4>\r\n&nbsp;\r\n<p style=\"text-align: center;\">Los ideales de EMEC est\u00e1n estrechamente vinculados al territorio, ya que forman parte de nuestro modo de entender la empresa.\u00a0<strong>Rieti<\/strong>\u00a0surge en una zona especialmente <strong>rica de agua<\/strong>,\u00a0a orillas de una planicie que en \u00e9poca romana estaba ocupada por el lago Velino. El hom\u00f3nimo r\u00edo que a\u00fan hoy atraviesa Rieti, dio vida a la espectacular cascada delle Marmore, de entre las m\u00e1s altas y sugestivas de Europa.<\/p>\r\n[\/vc_column_text][\/vc_column][\/vc_row][vc_row full_width=&#8221;stretch_row&#8221; video_bg=&#8221;yes&#8221; video_bg_url=&#8221;https:\/\/youtu.be\/-6kpwL-qHKY&#8221; video_bg_parallax=&#8221;content-moving&#8221; pix_over_visibility=&#8221;1&#8243; pix_particles_check=&#8221;&#8221; css=&#8221;.vc_custom_1615392784082{margin-top: 50px !important;}&#8221;][vc_column][vc_empty_space height=&#8221;600px&#8221;][\/vc_column][\/vc_row][vc_row full_width=&#8221;stretch_row&#8221; gap=&#8221;10&#8243; pix_particles_check=&#8221;&#8221; css=&#8221;.vc_custom_1610457143497{margin-top: 50px !important;background-color: #ffffff !important;}&#8221;][vc_column][vc_empty_space height=&#8221;50px&#8221;][vc_column_text css_animation=&#8221;fadeInUp&#8221;]\r\n<p style=\"text-align: center;\">A las afueras de Rieti, se encuentran las Fuentes de Cottorella que producen un agua mineral especialmente pura, mientras que en la localidad de Cotilia, se encuentran las fuentes de aguas termales ya visitadas en la \u00e9poca romana. La provincia de Rieti se enorgullece del acueducto del Peschiera que suministra el <strong>85% del agua consumida en Roma<\/strong>\u00a0y se considera uno de los m\u00e1s grandes del mundo.<\/p>\r\n<p style=\"text-align: center;\">EN ESTE ESCENARIO EXCEPCIONAL EMEC NACI\u00d3 Y SIGUE CRECIENDO<\/p>\r\n&nbsp;\r\n\r\n&nbsp;\r\n<h5 style=\"text-align: center;\"><span style=\"color: #2dc84d;\">EMEC Y EL MEDIOAMBIENTE<\/span><\/h5>\r\n<h4 style=\"text-align: center;\">UN MUNDO DE CUIDADOS<\/h4>\r\n&nbsp;\r\n<p style=\"text-align: center;\">El agua es el elemento vital sobre el que se basa nuestra pasi\u00f3n.<\/p>\r\n<p style=\"text-align: center;\">Somos conscientes de la huella que las actividades humanas dejan en el planeta, desde siempre nos comprometemos para que las pr\u00f3ximas generaciones puedan beneficiarse de estos recursos inestimables.\u00a0No se trata solo de respetar las leyes sino de permanecer fieles a nuestra \u00e9tica.<\/p>\r\n[\/vc_column_text][vc_row_inner content_placement=&#8221;middle&#8221; css=&#8221;.vc_custom_1610473726445{background-position: 0 0 !important;background-repeat: no-repeat !important;border-radius: 35px !important;}&#8221;][vc_column_inner][vc_column_text]<img decoding=\"async\" class=\"size-full wp-image-15309 aligncenter\" src=\"https:\/\/www.emecpumps.com\/wp-content\/uploads\/2021\/01\/animation_500_kju3v4b5.gif\" alt=\"\" width=\"500\" height=\"500\" \/>[\/vc_column_text][\/vc_column_inner][\/vc_row_inner][\/vc_column][\/vc_row][vc_row full_width=&#8221;stretch_row&#8221; gap=&#8221;10&#8243; pix_particles_check=&#8221;&#8221; css=&#8221;.vc_custom_1610474207480{padding-top: 50px !important;padding-bottom: 50px !important;background-color: #ffffff !important;}&#8221;][vc_column width=&#8221;1\/4&#8243;]<div class=\"pix-img-element d-inline-block \" ><div class=\"pix-scale-sm pix-duration-md\"><div class=\"animate-in  d-inline-block\" data-anim-type=\"fade-in-left\" data-anim-delay=\"500\"><div class=\"pix-img-el    text-left d-inline-block   rounded-0\"  ><img decoding=\"async\" class=\"card-img2 pix-img-elem rounded-0  h-1002\" style=\"width:200px;height:auto;\" width=\"1118\" height=\"1200\" srcset=\"https:\/\/www.emecpumps.com\/wp-content\/uploads\/2021\/01\/ISO14001.jpg 1118w, https:\/\/www.emecpumps.com\/wp-content\/uploads\/2021\/01\/ISO14001-300x322.jpg 300w, https:\/\/www.emecpumps.com\/wp-content\/uploads\/2021\/01\/ISO14001-600x644.jpg 600w, https:\/\/www.emecpumps.com\/wp-content\/uploads\/2021\/01\/ISO14001-280x300.jpg 280w, https:\/\/www.emecpumps.com\/wp-content\/uploads\/2021\/01\/ISO14001-954x1024.jpg 954w, https:\/\/www.emecpumps.com\/wp-content\/uploads\/2021\/01\/ISO14001-768x824.jpg 768w\" sizes=\"(max-width: 1118px) 100vw, 1118px\" src=\"https:\/\/www.emecpumps.com\/wp-content\/uploads\/2021\/01\/ISO14001.jpg\" alt=\"Image link\" \/><\/div><\/div><\/div><\/div>[\/vc_column][vc_column width=&#8221;3\/4&#8243;][vc_column_text css_animation=&#8221;fadeInUp&#8221;]\r\n<h4 style=\"text-align: center;\">MENOS IMPACTO, M\u00c1S SOSTENIBILIDAD<\/h4>\r\n&nbsp;\r\n\r\nPara EMEC la sostenibilidad es un camino interminable, realizado con pasos cada vez m\u00e1s virtuosos para minimizar el impacto de nuestra realidad en el medioambiente. Es por esto que hemos adoptado un<strong>\u00a0Sistema de Gesti\u00f3n Ambiental<\/strong>, conforme con la normativa internacional ISO 14001, que nos permite reducir las emisiones atmosf\u00e9ricas y ac\u00fasticas, racionalizar los consumos de agua, energ\u00eda el\u00e9ctrica y gas, y contener la producci\u00f3n de desechos y la contaminaci\u00f3n del suelo.\r\n\r\nSostenibilidad para EMEC significa tambi\u00e9n\u00a0<strong>brindar una<\/strong>\u00a0<strong>segunda vida a los materiales de desecho<\/strong>: reciclamos o recuperamos el 93% de las tarjetas de circuitos, papel, pl\u00e1stico, virutas de hierro, aluminio, cobre, bronce, lat\u00f3n y madera. Con este objetivo nos hemos dotado de una maquinaria desaceitadora que permite separar el agua del aceite durante los procesos de limpieza de las maquinarias para reutilizarlos luego en el ciclo productivo.[\/vc_column_text][vc_column_text css_animation=&#8221;fadeInUp&#8221;]\r\n<h4><\/h4>\r\n<h4 style=\"text-align: center;\">DE BUENOS PROP\u00d3SITOS A BUENAS PR\u00c1CTICAS<\/h4>\r\n&nbsp;\r\n\r\nLa adopci\u00f3n de fuentes de energ\u00eda renovables, calderas de \u00faltima generaci\u00f3n y de un sistema de acondicionadores inteligentes nos ha permitido <strong>reducir dr\u00e1sticamente el consumo <\/strong>de gas y energ\u00eda el\u00e9ctrica. La \u00fanica energ\u00eda que no queremos ahorrar es la que dedicamos a nuestro trabajo.[\/vc_column_text][\/vc_column][\/vc_row][vc_row full_width=&#8221;stretch_row_content&#8221; pix_particles_check=&#8221;&#8221; css=&#8221;.vc_custom_1620028616095{background-color: #ffffff !important;}&#8221;][vc_column]<div id=\"el1620028554084-41c68fb1-2074\" class=\"w-100 d-block \"><\/div>[\/vc_column][\/vc_row]<\/div>","protected":false},"excerpt":{"rendered":"[vc_row full_width=&#8221;stretch_row&#8221; gap=&#8221;10&#8243; pix_particles_check=&#8221;&#8221; css=&#8221;.vc_custom_1610450323231{margin-top: 50px !important;}&#8221;][vc_column][vc_empty_space height=&#8221;50px&#8221;][vc_column_text css_animation=&#8221;fadeInUp&#8221;] RIETI Nuestro territorio &nbsp; Los ideales de EMEC est\u00e1n estrechamente vinculados al territorio, ya que forman parte de nuestro modo de entender la empresa.\u00a0Rieti\u00a0surge en una zona especialmente rica de agua,\u00a0a&#8230;","protected":false},"author":1,"featured_media":37362,"parent":0,"menu_order":0,"comment_status":"closed","ping_status":"closed","template":"","meta":{"lazy_load_responsive_images_disabled":false,"footnotes":""},"class_list":["post-37553","page","type-page","status-publish","has-post-thumbnail","hentry"],"yoast_head":"<!-- This site is optimized with the Yoast SEO plugin v26.6 - https:\/\/yoast.com\/wordpress\/plugins\/seo\/ -->\n<title>Sostenibilidad y territorio - Emec Pumps - Pompe dosatrici e Sistemi di disinfezione<\/title>\n<meta name=\"description\" content=\"La visi\u00f3n de EMEC est\u00e1 estrechamente ligada a su hermoso territorio, que forma parte del ADN de nuestra empresa.\" \/>\n<meta name=\"robots\" content=\"index, follow, max-snippet:-1, max-image-preview:large, max-video-preview:-1\" \/>\n<link rel=\"canonical\" href=\"https:\/\/www.emecpumps.com\/es\/sostenibilidad-y-territorio\/\" \/>\n<meta property=\"og:locale\" content=\"es_ES\" \/>\n<meta property=\"og:type\" content=\"article\" \/>\n<meta property=\"og:title\" content=\"Sostenibilidad y territorio - Emec Pumps - Pompe dosatrici e Sistemi di disinfezione\" \/>\n<meta property=\"og:description\" content=\"La visi\u00f3n de EMEC est\u00e1 estrechamente ligada a su hermoso territorio, que forma parte del ADN de nuestra empresa.\" \/>\n<meta property=\"og:url\" content=\"https:\/\/www.emecpumps.com\/es\/sostenibilidad-y-territorio\/\" \/>\n<meta property=\"og:site_name\" content=\"Emec Pumps - Pompe dosatrici e Sistemi di disinfezione\" \/>\n<meta property=\"article:publisher\" content=\"https:\/\/www.facebook.com\/emecpumps\" \/>\n<meta property=\"article:modified_time\" content=\"2021-11-23T09:14:42+00:00\" \/>\n<meta property=\"og:image\" content=\"https:\/\/www.emecpumps.com\/wp-content\/uploads\/2021\/01\/logs.jpg\" \/>\n\t<meta property=\"og:image:width\" content=\"2369\" \/>\n\t<meta property=\"og:image:height\" content=\"1544\" \/>\n\t<meta property=\"og:image:type\" content=\"image\/jpeg\" \/>\n<meta name=\"twitter:card\" content=\"summary_large_image\" \/>\n<meta name=\"twitter:site\" content=\"@EMECpumps\" \/>\n<meta name=\"twitter:label1\" content=\"Tiempo de lectura\" \/>\n\t<meta name=\"twitter:data1\" content=\"3 minutos\" \/>\n<script type=\"application\/ld+json\" class=\"yoast-schema-graph\">{\"@context\":\"https:\/\/schema.org\",\"@graph\":[{\"@type\":\"WebPage\",\"@id\":\"https:\/\/www.emecpumps.com\/es\/sostenibilidad-y-territorio\/\",\"url\":\"https:\/\/www.emecpumps.com\/es\/sostenibilidad-y-territorio\/\",\"name\":\"Sostenibilidad y territorio - Emec Pumps - Pompe dosatrici e Sistemi di disinfezione\",\"isPartOf\":{\"@id\":\"https:\/\/www.emecpumps.com\/es\/#website\"},\"primaryImageOfPage\":{\"@id\":\"https:\/\/www.emecpumps.com\/es\/sostenibilidad-y-territorio\/#primaryimage\"},\"image\":{\"@id\":\"https:\/\/www.emecpumps.com\/es\/sostenibilidad-y-territorio\/#primaryimage\"},\"thumbnailUrl\":\"https:\/\/www.emecpumps.com\/wp-content\/uploads\/2021\/01\/logs.jpg\",\"datePublished\":\"2021-01-12T17:20:11+00:00\",\"dateModified\":\"2021-11-23T09:14:42+00:00\",\"description\":\"La visi\u00f3n de EMEC est\u00e1 estrechamente ligada a su hermoso territorio, que forma parte del ADN de nuestra empresa.\",\"breadcrumb\":{\"@id\":\"https:\/\/www.emecpumps.com\/es\/sostenibilidad-y-territorio\/#breadcrumb\"},\"inLanguage\":\"es\",\"potentialAction\":[{\"@type\":\"ReadAction\",\"target\":[\"https:\/\/www.emecpumps.com\/es\/sostenibilidad-y-territorio\/\"]}]},{\"@type\":\"ImageObject\",\"inLanguage\":\"es\",\"@id\":\"https:\/\/www.emecpumps.com\/es\/sostenibilidad-y-territorio\/#primaryimage\",\"url\":\"https:\/\/www.emecpumps.com\/wp-content\/uploads\/2021\/01\/logs.jpg\",\"contentUrl\":\"https:\/\/www.emecpumps.com\/wp-content\/uploads\/2021\/01\/logs.jpg\",\"width\":2369,\"height\":1544},{\"@type\":\"BreadcrumbList\",\"@id\":\"https:\/\/www.emecpumps.com\/es\/sostenibilidad-y-territorio\/#breadcrumb\",\"itemListElement\":[{\"@type\":\"ListItem\",\"position\":1,\"name\":\"Home\",\"item\":\"https:\/\/www.emecpumps.com\/es\/\"},{\"@type\":\"ListItem\",\"position\":2,\"name\":\"Sostenibilidad y territorio\"}]},{\"@type\":\"WebSite\",\"@id\":\"https:\/\/www.emecpumps.com\/es\/#website\",\"url\":\"https:\/\/www.emecpumps.com\/es\/\",\"name\":\"Emec Pumps - Pompe dosatrici e Sistemi di disinfezione\",\"description\":\"Pompe dosatrici e Sistemi di disinfezione\",\"publisher\":{\"@id\":\"https:\/\/www.emecpumps.com\/es\/#organization\"},\"alternateName\":\"Emec\",\"potentialAction\":[{\"@type\":\"SearchAction\",\"target\":{\"@type\":\"EntryPoint\",\"urlTemplate\":\"https:\/\/www.emecpumps.com\/es\/?s={search_term_string}\"},\"query-input\":{\"@type\":\"PropertyValueSpecification\",\"valueRequired\":true,\"valueName\":\"search_term_string\"}}],\"inLanguage\":\"es\"},{\"@type\":\"Organization\",\"@id\":\"https:\/\/www.emecpumps.com\/es\/#organization\",\"name\":\"Emec Pumps - Pompe dosatrici e Sistemi di disinfezione\",\"url\":\"https:\/\/www.emecpumps.com\/es\/\",\"logo\":{\"@type\":\"ImageObject\",\"inLanguage\":\"es\",\"@id\":\"https:\/\/www.emecpumps.com\/es\/#\/schema\/logo\/image\/\",\"url\":\"https:\/\/www.emecpumps.com\/wp-content\/uploads\/2024\/01\/logo_emec.png\",\"contentUrl\":\"https:\/\/www.emecpumps.com\/wp-content\/uploads\/2024\/01\/logo_emec.png\",\"width\":470,\"height\":133,\"caption\":\"Emec Pumps - Pompe dosatrici e Sistemi di disinfezione\"},\"image\":{\"@id\":\"https:\/\/www.emecpumps.com\/es\/#\/schema\/logo\/image\/\"},\"sameAs\":[\"https:\/\/www.facebook.com\/emecpumps\",\"https:\/\/x.com\/EMECpumps\",\"https:\/\/www.instagram.com\/emecpumps\/\",\"https:\/\/www.linkedin.com\/company\/2715607\/admin\/\"]}]}<\/script>\n<!-- \/ Yoast SEO plugin. -->","yoast_head_json":{"title":"Sostenibilidad y territorio - Emec Pumps - Pompe dosatrici e Sistemi di disinfezione","description":"La visi\u00f3n de EMEC est\u00e1 estrechamente ligada a su hermoso territorio, que forma parte del ADN de nuestra empresa.","robots":{"index":"index","follow":"follow","max-snippet":"max-snippet:-1","max-image-preview":"max-image-preview:large","max-video-preview":"max-video-preview:-1"},"canonical":"https:\/\/www.emecpumps.com\/es\/sostenibilidad-y-territorio\/","og_locale":"es_ES","og_type":"article","og_title":"Sostenibilidad y territorio - Emec Pumps - Pompe dosatrici e Sistemi di disinfezione","og_description":"La visi\u00f3n de EMEC est\u00e1 estrechamente ligada a su hermoso territorio, que forma parte del ADN de nuestra empresa.","og_url":"https:\/\/www.emecpumps.com\/es\/sostenibilidad-y-territorio\/","og_site_name":"Emec Pumps - Pompe dosatrici e Sistemi di disinfezione","article_publisher":"https:\/\/www.facebook.com\/emecpumps","article_modified_time":"2021-11-23T09:14:42+00:00","og_image":[{"width":2369,"height":1544,"url":"https:\/\/www.emecpumps.com\/wp-content\/uploads\/2021\/01\/logs.jpg","type":"image\/jpeg"}],"twitter_card":"summary_large_image","twitter_site":"@EMECpumps","twitter_misc":{"Tiempo de lectura":"3 minutos"},"schema":{"@context":"https:\/\/schema.org","@graph":[{"@type":"WebPage","@id":"https:\/\/www.emecpumps.com\/es\/sostenibilidad-y-territorio\/","url":"https:\/\/www.emecpumps.com\/es\/sostenibilidad-y-territorio\/","name":"Sostenibilidad y territorio - Emec Pumps - Pompe dosatrici e Sistemi di disinfezione","isPartOf":{"@id":"https:\/\/www.emecpumps.com\/es\/#website"},"primaryImageOfPage":{"@id":"https:\/\/www.emecpumps.com\/es\/sostenibilidad-y-territorio\/#primaryimage"},"image":{"@id":"https:\/\/www.emecpumps.com\/es\/sostenibilidad-y-territorio\/#primaryimage"},"thumbnailUrl":"https:\/\/www.emecpumps.com\/wp-content\/uploads\/2021\/01\/logs.jpg","datePublished":"2021-01-12T17:20:11+00:00","dateModified":"2021-11-23T09:14:42+00:00","description":"La visi\u00f3n de EMEC est\u00e1 estrechamente ligada a su hermoso territorio, que forma parte del ADN de nuestra empresa.","breadcrumb":{"@id":"https:\/\/www.emecpumps.com\/es\/sostenibilidad-y-territorio\/#breadcrumb"},"inLanguage":"es","potentialAction":[{"@type":"ReadAction","target":["https:\/\/www.emecpumps.com\/es\/sostenibilidad-y-territorio\/"]}]},{"@type":"ImageObject","inLanguage":"es","@id":"https:\/\/www.emecpumps.com\/es\/sostenibilidad-y-territorio\/#primaryimage","url":"https:\/\/www.emecpumps.com\/wp-content\/uploads\/2021\/01\/logs.jpg","contentUrl":"https:\/\/www.emecpumps.com\/wp-content\/uploads\/2021\/01\/logs.jpg","width":2369,"height":1544},{"@type":"BreadcrumbList","@id":"https:\/\/www.emecpumps.com\/es\/sostenibilidad-y-territorio\/#breadcrumb","itemListElement":[{"@type":"ListItem","position":1,"name":"Home","item":"https:\/\/www.emecpumps.com\/es\/"},{"@type":"ListItem","position":2,"name":"Sostenibilidad y territorio"}]},{"@type":"WebSite","@id":"https:\/\/www.emecpumps.com\/es\/#website","url":"https:\/\/www.emecpumps.com\/es\/","name":"Emec Pumps - Pompe dosatrici e Sistemi di disinfezione","description":"Pompe dosatrici e Sistemi di disinfezione","publisher":{"@id":"https:\/\/www.emecpumps.com\/es\/#organization"},"alternateName":"Emec","potentialAction":[{"@type":"SearchAction","target":{"@type":"EntryPoint","urlTemplate":"https:\/\/www.emecpumps.com\/es\/?s={search_term_string}"},"query-input":{"@type":"PropertyValueSpecification","valueRequired":true,"valueName":"search_term_string"}}],"inLanguage":"es"},{"@type":"Organization","@id":"https:\/\/www.emecpumps.com\/es\/#organization","name":"Emec Pumps - Pompe dosatrici e Sistemi di disinfezione","url":"https:\/\/www.emecpumps.com\/es\/","logo":{"@type":"ImageObject","inLanguage":"es","@id":"https:\/\/www.emecpumps.com\/es\/#\/schema\/logo\/image\/","url":"https:\/\/www.emecpumps.com\/wp-content\/uploads\/2024\/01\/logo_emec.png","contentUrl":"https:\/\/www.emecpumps.com\/wp-content\/uploads\/2024\/01\/logo_emec.png","width":470,"height":133,"caption":"Emec Pumps - Pompe dosatrici e Sistemi di disinfezione"},"image":{"@id":"https:\/\/www.emecpumps.com\/es\/#\/schema\/logo\/image\/"},"sameAs":["https:\/\/www.facebook.com\/emecpumps","https:\/\/x.com\/EMECpumps","https:\/\/www.instagram.com\/emecpumps\/","https:\/\/www.linkedin.com\/company\/2715607\/admin\/"]}]}},"_links":{"self":[{"href":"https:\/\/www.emecpumps.com\/es\/wp-json\/wp\/v2\/pages\/37553","targetHints":{"allow":["GET"]}}],"collection":[{"href":"https:\/\/www.emecpumps.com\/es\/wp-json\/wp\/v2\/pages"}],"about":[{"href":"https:\/\/www.emecpumps.com\/es\/wp-json\/wp\/v2\/types\/page"}],"author":[{"embeddable":true,"href":"https:\/\/www.emecpumps.com\/es\/wp-json\/wp\/v2\/users\/1"}],"replies":[{"embeddable":true,"href":"https:\/\/www.emecpumps.com\/es\/wp-json\/wp\/v2\/comments?post=37553"}],"version-history":[{"count":4,"href":"https:\/\/www.emecpumps.com\/es\/wp-json\/wp\/v2\/pages\/37553\/revisions"}],"predecessor-version":[{"id":39192,"href":"https:\/\/www.emecpumps.com\/es\/wp-json\/wp\/v2\/pages\/37553\/revisions\/39192"}],"wp:featuredmedia":[{"embeddable":true,"href":"https:\/\/www.emecpumps.com\/es\/wp-json\/wp\/v2\/media\/37362"}],"wp:attachment":[{"href":"https:\/\/www.emecpumps.com\/es\/wp-json\/wp\/v2\/media?parent=37553"}],"curies":[{"name":"wp","href":"https:\/\/api.w.org\/{rel}","templated":true}]}}