{"id":57392,"date":"2021-04-15T14:50:54","date_gmt":"2021-04-15T13:50:54","guid":{"rendered":"https:\/\/www.emecpumps.org\/sistemi-per-torri-di-raffreddamento\/"},"modified":"2026-01-09T09:34:28","modified_gmt":"2026-01-09T08:34:28","slug":"sistemas-para-torres-de-refrigeracion","status":"publish","type":"page","link":"https:\/\/www.emecpumps.com\/es\/sistemas-para-torres-de-refrigeracion\/","title":{"rendered":"Sistemas para torres de refrigeraci\u00f3n"},"content":{"rendered":"<div class=\"wpb-content-wrapper\">[vc_row full_width=&#8221;stretch_row&#8221; gap=&#8221;10&#8243; pix_particles_check=&#8221;&#8221; css=&#8221;.vc_custom_1610450323231{margin-top: 50px !important;}&#8221;][vc_column width=&#8221;1\/2&#8243;]<div class=\"pix-img-element d-inline-block \" ><div class=\"tilt_big\"><div class=\"pix-img-el    text-left d-inline-block  w-100 rounded-0\"  data-jarallax-element=\"100 100\" data-xaxis=\"100\" data-yaxis=\"100\"><img decoding=\"async\" class=\"card-img2 pix-img-elem rounded-0  h-1002\" style=\"height:auto;\" width=\"2560\" height=\"1707\" srcset=\"https:\/\/www.emecpumps.com\/wp-content\/uploads\/2022\/12\/thermal-power-plant-at-dusk-scaled.jpeg 2560w, https:\/\/www.emecpumps.com\/wp-content\/uploads\/2022\/12\/thermal-power-plant-at-dusk-700x467.jpeg 700w, https:\/\/www.emecpumps.com\/wp-content\/uploads\/2022\/12\/thermal-power-plant-at-dusk-1024x683.jpeg 1024w, https:\/\/www.emecpumps.com\/wp-content\/uploads\/2022\/12\/thermal-power-plant-at-dusk-768x512.jpeg 768w, https:\/\/www.emecpumps.com\/wp-content\/uploads\/2022\/12\/thermal-power-plant-at-dusk-1536x1024.jpeg 1536w, https:\/\/www.emecpumps.com\/wp-content\/uploads\/2022\/12\/thermal-power-plant-at-dusk-2048x1365.jpeg 2048w\" sizes=\"(max-width: 2560px) 100vw, 2560px\" src=\"https:\/\/www.emecpumps.com\/wp-content\/uploads\/2022\/12\/thermal-power-plant-at-dusk-scaled.jpeg\" alt=\"Image link\" \/><\/div><\/div><\/div>[\/vc_column][vc_column width=&#8221;1\/2&#8243;][vc_empty_space height=&#8221;50px&#8221;][vc_column_text css_animation=&#8221;fadeInUp&#8221;]\r\n<h5 style=\"text-align: left;\"><span style=\"color: #2dc84d;\">M\u00c1XIMA EFICIENCIA EN LA GESTI\u00d3N DE TORRES DE REFRIGERACI\u00d3N<\/span><\/h5>\r\n<p style=\"text-align: left;\"><strong>EMEC siempre ha buscado las mejores soluciones para ofrecer la mayor eficiencia posible en la gesti\u00f3n de torres de refrigeraci\u00f3n.<\/strong><\/p>\r\n<p style=\"text-align: left;\">Gracias a nuestra experiencia, hoy podemos ofrecer sistemas de torres de refrigeraci\u00f3n tanto para el sector civil, como hospitales, grandes bloques de apartamentos, centros comerciales, como para industrias como la alimentaria, papelera, farmac\u00e9utica, refiner\u00edas de az\u00facar, la industria qu\u00edmica hasta la industria pesada de las acer\u00edas. Y para quienes fabrican torres de refrigeraci\u00f3n, as\u00ed como para quienes se dedican al tratamiento del agua y, sobre todo, a la producci\u00f3n de productos qu\u00edmicos.<\/p>\r\n[\/vc_column_text]<a  href=\"https:\/\/www.emecpumps.com\/wp-content\/uploads\/2026\/01\/20210450-CATALOGO-TORRI-2025-ESP.pdf\" class=\"btn mb-2     btn-primary btn-flat d-inline-flex align-items-center      btn-md\" target=\"_blank\" rel=\"noopener\"    ><svg class=\"pixfort-icon font-weight-bold   mr-2\" width=\"24\" height=\"24\"  data-name=\"Line\/pixfort-icon-download-1\" viewBox=\"2 2 20 20\"><path fill=\"none\" stroke=\"var(--pf-icon-color)\" stroke-linecap=\"round\" stroke-linejoin=\"round\" stroke-width=\"var(--pf-icon-stroke-width)\" d=\"M12,3 L12,16 M6,11 L12,17 L18,11 M3,21 L21,21\"\/><\/svg><span class=\"font-weight-bold \" >Descargar el cat\u00e1logo<\/span><\/a>[\/vc_column][\/vc_row][vc_row full_width=&#8221;stretch_row&#8221; gap=&#8221;10&#8243; pix_particles_check=&#8221;&#8221; css=&#8221;.vc_custom_1610450323231{margin-top: 50px !important;}&#8221;][vc_column][vc_empty_space height=&#8221;50px&#8221;][vc_column_text css_animation=&#8221;fadeInUp&#8221;]\r\n<h3>Por qu\u00e9 son importantes la vigilancia y la precisi\u00f3n<\/h3>\r\n&nbsp;\r\n<p style=\"text-align: left;\">Las torres de refrigeraci\u00f3n son capaces de bajar la temperatura del agua de una instalaci\u00f3n, ya sea civil o industrial, evaporando una peque\u00f1a cantidad de agua suficiente para generar el enfriamiento de toda la masa circulante, lo que permite reutilizarla (a menor temperatura) y limitar as\u00ed el consumo.<\/p>\r\n<p style=\"text-align: left;\">Sin embargo, para que un sistema de refrigeraci\u00f3n sea eficaz, es esencial un control continuo y, sobre todo, un tratamiento adecuado del agua para evitar tanto la corrosi\u00f3n de los componentes del sistema como la formaci\u00f3n de biopel\u00edculas bacterianas u otros componentes biol\u00f3gicos potencialmente peligrosos.<\/p>\r\n[\/vc_column_text][\/vc_column][\/vc_row][vc_row full_width=&#8221;stretch_row&#8221; parallax=&#8221;content-moving&#8221; parallax_image=&#8221;23923&#8243; pix_over_visibility=&#8221;1&#8243; pix_particles_check=&#8221;&#8221; css=&#8221;.vc_custom_1618496543312{margin-top: 50px !important;background-color: #ffffff !important;}&#8221;][vc_column][vc_empty_space height=&#8221;600px&#8221;][\/vc_column][\/vc_row][vc_row full_width=&#8221;stretch_row&#8221; gap=&#8221;10&#8243; pix_particles_check=&#8221;&#8221; css=&#8221;.vc_custom_1610450323231{margin-top: 50px !important;}&#8221;][vc_column][vc_empty_space height=&#8221;50px&#8221;][vc_column_text css_animation=&#8221;fadeInUp&#8221;]\r\n<h3>Soluciones EMEC<\/h3>\r\n&nbsp;\r\n<p style=\"text-align: left;\">Elegimos soluciones plug-and-play por su facilidad de manejo, con el objetivo de concentrar el control del sistema en un solo lugar en vez de en varios. Dada la necesidad de manipular productos qu\u00edmicos a menudo agresivos, nuestras soluciones tambi\u00e9n se dise\u00f1aron para salvaguardar la seguridad de los operarios.<\/p>\r\n[\/vc_column_text][\/vc_column][\/vc_row][vc_row full_width=&#8221;stretch_row&#8221; gap=&#8221;10&#8243; pix_particles_check=&#8221;&#8221; css=&#8221;.vc_custom_1610450323231{margin-top: 50px !important;}&#8221;][vc_column width=&#8221;1\/2&#8243;][vc_empty_space height=&#8221;50px&#8221;][vc_column_text css_animation=&#8221;fadeInUp&#8221;]\r\n<h4>SOLUCIONES HIDR\u00c1ULICAS<\/h4>\r\n<ul>\r\n \t<li style=\"text-align: left;\">Portasondas sencillos<\/li>\r\n \t<li style=\"text-align: left;\">Tuber\u00edas o colectores para medir e inyectar productos qu\u00edmicos<\/li>\r\n \t<li style=\"text-align: left;\">Tubos o colectores para gestionar la purga en el panel pero no la inyecci\u00f3n del producto qu\u00edmico.<\/li>\r\n \t<li style=\"text-align: left;\">Tubos o colectores para medici\u00f3n, inyecci\u00f3n y tambi\u00e9n purga directamente en el panel<\/li>\r\n<\/ul>\r\n[\/vc_column_text][vc_column_text css_animation=&#8221;fadeInUp&#8221;]\r\n<h4>SOLUCIONES COMPACTAS Y FIABLES<\/h4>\r\n<ul>\r\n \t<li style=\"text-align: left;\">Medici\u00f3n de la conductividad en el agua de reposici\u00f3n para la purga con v\u00e1lvula motorizada para mantener la salinidad<\/li>\r\n \t<li style=\"text-align: left;\">Segunda medici\u00f3n de la conductividad del agua de reposici\u00f3n, con la consiguiente apertura de la purga<\/li>\r\n \t<li style=\"text-align: left;\">Medici\u00f3n del caudal de reposici\u00f3n y\/o purga para el control de los ciclos de concentraci\u00f3n, con totalizador<\/li>\r\n \t<li style=\"text-align: left;\">Medici\u00f3n del pH para torres de pH controlado con dosificaci\u00f3n de \u00e1cido y posible redundancia (es decir, dos mediciones del pH, con la segunda para controlar la primera).<\/li>\r\n \t<li style=\"text-align: left;\">Medici\u00f3n del potencial redox o de hipoclorito o hipobromito para el control\/dosificaci\u00f3n de biocidas oxidantes.<\/li>\r\n \t<li style=\"text-align: left;\">Temporizador para la dosificaci\u00f3n de choque de biocidas<\/li>\r\n \t<li style=\"text-align: left;\">Medici\u00f3n del producto trazador, medici\u00f3n en ppm del producto dosificado<\/li>\r\n \t<li style=\"text-align: left;\">Medici\u00f3n de la corrosi\u00f3n con sensores en diversos materiales para ver el MPY<\/li>\r\n \t<li style=\"text-align: left;\">Medici\u00f3n de la turbidez<\/li>\r\n \t<li style=\"text-align: left;\">Dosificaci\u00f3n de diversos productos, en funci\u00f3n del caudal o de la medici\u00f3n anal\u00edtica o del temporizador<\/li>\r\n<\/ul>\r\n[\/vc_column_text][\/vc_column][vc_column width=&#8221;1\/2&#8243;][vc_empty_space height=&#8221;50px&#8221;][vc_column_text css_animation=&#8221;fadeInUp&#8221;]\r\n<h4 style=\"text-align: left;\"><span style=\"color: #2dc84d;\">PANELES PREMONTADOS<\/span><\/h4>\r\n&nbsp;\r\n\r\nLas bombas dosificadoras y los sistemas de medici\u00f3n y control EMEC pueden montarse con sondas y accesorios en paneles seg\u00fan combinaciones espec\u00edficas para ofrecer soluciones llave en mano de \u00faltima generaci\u00f3n para sistemas de torres de refrigeraci\u00f3n.\r\n\r\nLos paneles premontados pueden incluir:\r\n<ul>\r\n \t<li style=\"text-align: left;\">bombas, controladores o elementos de propiedad del cliente montados por EMEC<\/li>\r\n \t<li style=\"text-align: left;\">logotipos personalizados<\/li>\r\n \t<li style=\"text-align: left;\">fondos seleccionados por el cliente<\/li>\r\n \t<li style=\"text-align: left;\">dimensiones personalizadas<\/li>\r\n \t<li style=\"text-align: left;\">cuadros el\u00e9ctricos a medida<\/li>\r\n<\/ul>\r\n&nbsp;\r\n<h4 style=\"text-align: left;\"><span style=\"color: #2dc84d;\">SISTEMAS EN PATINES O EN CAJAS PERSONALIZADAS<\/span><\/h4>\r\n<p style=\"text-align: left;\">El pat\u00edn de acero inoxidable o pl\u00e1stico se dise\u00f1a y fabrica seg\u00fan los requisitos del cliente. Adem\u00e1s de la soluci\u00f3n en patines, es posible realizar sistemas de dosificaci\u00f3n en cajas, con una pantalla protectora o con una ventana. Los cuadros el\u00e9ctricos de control est\u00e1n dise\u00f1ados para controlar toda la soluci\u00f3n montada.\r\nEl producto final incluye conexiones el\u00e9ctricas y de tuber\u00edas listas para su instalaci\u00f3n.<\/p>\r\n[\/vc_column_text][\/vc_column][\/vc_row]<\/div>","protected":false},"excerpt":{"rendered":"[vc_row full_width=&#8221;stretch_row&#8221; gap=&#8221;10&#8243; pix_particles_check=&#8221;&#8221; css=&#8221;.vc_custom_1610450323231{margin-top: 50px !important;}&#8221;][vc_column width=&#8221;1\/2&#8243;][\/vc_column][vc_column width=&#8221;1\/2&#8243;][vc_empty_space height=&#8221;50px&#8221;][vc_column_text css_animation=&#8221;fadeInUp&#8221;] M\u00c1XIMA EFICIENCIA EN LA GESTI\u00d3N DE TORRES DE REFRIGERACI\u00d3N EMEC siempre ha buscado las mejores soluciones para ofrecer la mayor eficiencia posible en la gesti\u00f3n de torres de refrigeraci\u00f3n&#8230;.","protected":false},"author":1,"featured_media":37362,"parent":0,"menu_order":0,"comment_status":"closed","ping_status":"closed","template":"","meta":{"lazy_load_responsive_images_disabled":false,"footnotes":""},"class_list":["post-57392","page","type-page","status-publish","has-post-thumbnail","hentry"],"yoast_head":"<!-- This site is optimized with the Yoast SEO plugin v26.6 - https:\/\/yoast.com\/wordpress\/plugins\/seo\/ -->\n<title>Sistemas para torres de refrigeraci\u00f3n - Emec Pumps - Pompe dosatrici e Sistemi di disinfezione<\/title>\n<meta name=\"robots\" content=\"index, follow, max-snippet:-1, max-image-preview:large, max-video-preview:-1\" \/>\n<link rel=\"canonical\" href=\"https:\/\/www.emecpumps.com\/es\/sistemas-para-torres-de-refrigeracion\/\" \/>\n<meta property=\"og:locale\" content=\"es_ES\" \/>\n<meta property=\"og:type\" content=\"article\" \/>\n<meta property=\"og:title\" content=\"Sistemas para torres de refrigeraci\u00f3n - Emec Pumps - Pompe dosatrici e Sistemi di disinfezione\" \/>\n<meta property=\"og:description\" content=\"[vc_row full_width=&#8221;stretch_row&#8221; gap=&#8221;10&#8243; pix_particles_check=&#8221;&#8221; css=&#8221;.vc_custom_1610450323231{margin-top: 50px !important;}&#8221;][vc_column width=&#8221;1\/2&#8243;][\/vc_column][vc_column width=&#8221;1\/2&#8243;][vc_empty_space height=&#8221;50px&#8221;][vc_column_text css_animation=&#8221;fadeInUp&#8221;] M\u00c1XIMA EFICIENCIA EN LA GESTI\u00d3N DE TORRES DE REFRIGERACI\u00d3N EMEC siempre ha buscado las mejores soluciones para ofrecer la mayor eficiencia posible en la gesti\u00f3n de torres de refrigeraci\u00f3n....\" \/>\n<meta property=\"og:url\" content=\"https:\/\/www.emecpumps.com\/es\/sistemas-para-torres-de-refrigeracion\/\" \/>\n<meta property=\"og:site_name\" content=\"Emec Pumps - Pompe dosatrici e Sistemi di disinfezione\" \/>\n<meta property=\"article:publisher\" content=\"https:\/\/www.facebook.com\/emecpumps\" \/>\n<meta property=\"article:modified_time\" content=\"2026-01-09T08:34:28+00:00\" \/>\n<meta property=\"og:image\" content=\"https:\/\/www.emecpumps.com\/wp-content\/uploads\/2021\/01\/logs.jpg\" \/>\n\t<meta property=\"og:image:width\" content=\"2369\" \/>\n\t<meta property=\"og:image:height\" content=\"1544\" \/>\n\t<meta property=\"og:image:type\" content=\"image\/jpeg\" \/>\n<meta name=\"twitter:card\" content=\"summary_large_image\" \/>\n<meta name=\"twitter:site\" content=\"@EMECpumps\" \/>\n<meta name=\"twitter:label1\" content=\"Tiempo de lectura\" \/>\n\t<meta name=\"twitter:data1\" content=\"5 minutos\" \/>\n<script type=\"application\/ld+json\" class=\"yoast-schema-graph\">{\"@context\":\"https:\/\/schema.org\",\"@graph\":[{\"@type\":\"WebPage\",\"@id\":\"https:\/\/www.emecpumps.com\/es\/sistemas-para-torres-de-refrigeracion\/\",\"url\":\"https:\/\/www.emecpumps.com\/es\/sistemas-para-torres-de-refrigeracion\/\",\"name\":\"Sistemas para torres de refrigeraci\u00f3n - Emec Pumps - Pompe dosatrici e Sistemi di disinfezione\",\"isPartOf\":{\"@id\":\"https:\/\/www.emecpumps.com\/es\/#website\"},\"primaryImageOfPage\":{\"@id\":\"https:\/\/www.emecpumps.com\/es\/sistemas-para-torres-de-refrigeracion\/#primaryimage\"},\"image\":{\"@id\":\"https:\/\/www.emecpumps.com\/es\/sistemas-para-torres-de-refrigeracion\/#primaryimage\"},\"thumbnailUrl\":\"https:\/\/www.emecpumps.com\/wp-content\/uploads\/2021\/01\/logs.jpg\",\"datePublished\":\"2021-04-15T13:50:54+00:00\",\"dateModified\":\"2026-01-09T08:34:28+00:00\",\"breadcrumb\":{\"@id\":\"https:\/\/www.emecpumps.com\/es\/sistemas-para-torres-de-refrigeracion\/#breadcrumb\"},\"inLanguage\":\"es\",\"potentialAction\":[{\"@type\":\"ReadAction\",\"target\":[\"https:\/\/www.emecpumps.com\/es\/sistemas-para-torres-de-refrigeracion\/\"]}]},{\"@type\":\"ImageObject\",\"inLanguage\":\"es\",\"@id\":\"https:\/\/www.emecpumps.com\/es\/sistemas-para-torres-de-refrigeracion\/#primaryimage\",\"url\":\"https:\/\/www.emecpumps.com\/wp-content\/uploads\/2021\/01\/logs.jpg\",\"contentUrl\":\"https:\/\/www.emecpumps.com\/wp-content\/uploads\/2021\/01\/logs.jpg\",\"width\":2369,\"height\":1544},{\"@type\":\"BreadcrumbList\",\"@id\":\"https:\/\/www.emecpumps.com\/es\/sistemas-para-torres-de-refrigeracion\/#breadcrumb\",\"itemListElement\":[{\"@type\":\"ListItem\",\"position\":1,\"name\":\"Home\",\"item\":\"https:\/\/www.emecpumps.com\/es\/\"},{\"@type\":\"ListItem\",\"position\":2,\"name\":\"Sistemas para torres de refrigeraci\u00f3n\"}]},{\"@type\":\"WebSite\",\"@id\":\"https:\/\/www.emecpumps.com\/es\/#website\",\"url\":\"https:\/\/www.emecpumps.com\/es\/\",\"name\":\"Emec Pumps - Pompe dosatrici e Sistemi di disinfezione\",\"description\":\"Pompe dosatrici e Sistemi di disinfezione\",\"publisher\":{\"@id\":\"https:\/\/www.emecpumps.com\/es\/#organization\"},\"alternateName\":\"Emec\",\"potentialAction\":[{\"@type\":\"SearchAction\",\"target\":{\"@type\":\"EntryPoint\",\"urlTemplate\":\"https:\/\/www.emecpumps.com\/es\/?s={search_term_string}\"},\"query-input\":{\"@type\":\"PropertyValueSpecification\",\"valueRequired\":true,\"valueName\":\"search_term_string\"}}],\"inLanguage\":\"es\"},{\"@type\":\"Organization\",\"@id\":\"https:\/\/www.emecpumps.com\/es\/#organization\",\"name\":\"Emec Pumps - Pompe dosatrici e Sistemi di disinfezione\",\"url\":\"https:\/\/www.emecpumps.com\/es\/\",\"logo\":{\"@type\":\"ImageObject\",\"inLanguage\":\"es\",\"@id\":\"https:\/\/www.emecpumps.com\/es\/#\/schema\/logo\/image\/\",\"url\":\"https:\/\/www.emecpumps.com\/wp-content\/uploads\/2024\/01\/logo_emec.png\",\"contentUrl\":\"https:\/\/www.emecpumps.com\/wp-content\/uploads\/2024\/01\/logo_emec.png\",\"width\":470,\"height\":133,\"caption\":\"Emec Pumps - Pompe dosatrici e Sistemi di disinfezione\"},\"image\":{\"@id\":\"https:\/\/www.emecpumps.com\/es\/#\/schema\/logo\/image\/\"},\"sameAs\":[\"https:\/\/www.facebook.com\/emecpumps\",\"https:\/\/x.com\/EMECpumps\",\"https:\/\/www.instagram.com\/emecpumps\/\",\"https:\/\/www.linkedin.com\/company\/2715607\/admin\/\"]}]}<\/script>\n<!-- \/ Yoast SEO plugin. -->","yoast_head_json":{"title":"Sistemas para torres de refrigeraci\u00f3n - Emec Pumps - Pompe dosatrici e Sistemi di disinfezione","robots":{"index":"index","follow":"follow","max-snippet":"max-snippet:-1","max-image-preview":"max-image-preview:large","max-video-preview":"max-video-preview:-1"},"canonical":"https:\/\/www.emecpumps.com\/es\/sistemas-para-torres-de-refrigeracion\/","og_locale":"es_ES","og_type":"article","og_title":"Sistemas para torres de refrigeraci\u00f3n - Emec Pumps - Pompe dosatrici e Sistemi di disinfezione","og_description":"[vc_row full_width=&#8221;stretch_row&#8221; gap=&#8221;10&#8243; pix_particles_check=&#8221;&#8221; css=&#8221;.vc_custom_1610450323231{margin-top: 50px !important;}&#8221;][vc_column width=&#8221;1\/2&#8243;][\/vc_column][vc_column width=&#8221;1\/2&#8243;][vc_empty_space height=&#8221;50px&#8221;][vc_column_text css_animation=&#8221;fadeInUp&#8221;] M\u00c1XIMA EFICIENCIA EN LA GESTI\u00d3N DE TORRES DE REFRIGERACI\u00d3N EMEC siempre ha buscado las mejores soluciones para ofrecer la mayor eficiencia posible en la gesti\u00f3n de torres de refrigeraci\u00f3n....","og_url":"https:\/\/www.emecpumps.com\/es\/sistemas-para-torres-de-refrigeracion\/","og_site_name":"Emec Pumps - Pompe dosatrici e Sistemi di disinfezione","article_publisher":"https:\/\/www.facebook.com\/emecpumps","article_modified_time":"2026-01-09T08:34:28+00:00","og_image":[{"width":2369,"height":1544,"url":"https:\/\/www.emecpumps.com\/wp-content\/uploads\/2021\/01\/logs.jpg","type":"image\/jpeg"}],"twitter_card":"summary_large_image","twitter_site":"@EMECpumps","twitter_misc":{"Tiempo de lectura":"5 minutos"},"schema":{"@context":"https:\/\/schema.org","@graph":[{"@type":"WebPage","@id":"https:\/\/www.emecpumps.com\/es\/sistemas-para-torres-de-refrigeracion\/","url":"https:\/\/www.emecpumps.com\/es\/sistemas-para-torres-de-refrigeracion\/","name":"Sistemas para torres de refrigeraci\u00f3n - Emec Pumps - Pompe dosatrici e Sistemi di disinfezione","isPartOf":{"@id":"https:\/\/www.emecpumps.com\/es\/#website"},"primaryImageOfPage":{"@id":"https:\/\/www.emecpumps.com\/es\/sistemas-para-torres-de-refrigeracion\/#primaryimage"},"image":{"@id":"https:\/\/www.emecpumps.com\/es\/sistemas-para-torres-de-refrigeracion\/#primaryimage"},"thumbnailUrl":"https:\/\/www.emecpumps.com\/wp-content\/uploads\/2021\/01\/logs.jpg","datePublished":"2021-04-15T13:50:54+00:00","dateModified":"2026-01-09T08:34:28+00:00","breadcrumb":{"@id":"https:\/\/www.emecpumps.com\/es\/sistemas-para-torres-de-refrigeracion\/#breadcrumb"},"inLanguage":"es","potentialAction":[{"@type":"ReadAction","target":["https:\/\/www.emecpumps.com\/es\/sistemas-para-torres-de-refrigeracion\/"]}]},{"@type":"ImageObject","inLanguage":"es","@id":"https:\/\/www.emecpumps.com\/es\/sistemas-para-torres-de-refrigeracion\/#primaryimage","url":"https:\/\/www.emecpumps.com\/wp-content\/uploads\/2021\/01\/logs.jpg","contentUrl":"https:\/\/www.emecpumps.com\/wp-content\/uploads\/2021\/01\/logs.jpg","width":2369,"height":1544},{"@type":"BreadcrumbList","@id":"https:\/\/www.emecpumps.com\/es\/sistemas-para-torres-de-refrigeracion\/#breadcrumb","itemListElement":[{"@type":"ListItem","position":1,"name":"Home","item":"https:\/\/www.emecpumps.com\/es\/"},{"@type":"ListItem","position":2,"name":"Sistemas para torres de refrigeraci\u00f3n"}]},{"@type":"WebSite","@id":"https:\/\/www.emecpumps.com\/es\/#website","url":"https:\/\/www.emecpumps.com\/es\/","name":"Emec Pumps - Pompe dosatrici e Sistemi di disinfezione","description":"Pompe dosatrici e Sistemi di disinfezione","publisher":{"@id":"https:\/\/www.emecpumps.com\/es\/#organization"},"alternateName":"Emec","potentialAction":[{"@type":"SearchAction","target":{"@type":"EntryPoint","urlTemplate":"https:\/\/www.emecpumps.com\/es\/?s={search_term_string}"},"query-input":{"@type":"PropertyValueSpecification","valueRequired":true,"valueName":"search_term_string"}}],"inLanguage":"es"},{"@type":"Organization","@id":"https:\/\/www.emecpumps.com\/es\/#organization","name":"Emec Pumps - Pompe dosatrici e Sistemi di disinfezione","url":"https:\/\/www.emecpumps.com\/es\/","logo":{"@type":"ImageObject","inLanguage":"es","@id":"https:\/\/www.emecpumps.com\/es\/#\/schema\/logo\/image\/","url":"https:\/\/www.emecpumps.com\/wp-content\/uploads\/2024\/01\/logo_emec.png","contentUrl":"https:\/\/www.emecpumps.com\/wp-content\/uploads\/2024\/01\/logo_emec.png","width":470,"height":133,"caption":"Emec Pumps - Pompe dosatrici e Sistemi di disinfezione"},"image":{"@id":"https:\/\/www.emecpumps.com\/es\/#\/schema\/logo\/image\/"},"sameAs":["https:\/\/www.facebook.com\/emecpumps","https:\/\/x.com\/EMECpumps","https:\/\/www.instagram.com\/emecpumps\/","https:\/\/www.linkedin.com\/company\/2715607\/admin\/"]}]}},"_links":{"self":[{"href":"https:\/\/www.emecpumps.com\/es\/wp-json\/wp\/v2\/pages\/57392","targetHints":{"allow":["GET"]}}],"collection":[{"href":"https:\/\/www.emecpumps.com\/es\/wp-json\/wp\/v2\/pages"}],"about":[{"href":"https:\/\/www.emecpumps.com\/es\/wp-json\/wp\/v2\/types\/page"}],"author":[{"embeddable":true,"href":"https:\/\/www.emecpumps.com\/es\/wp-json\/wp\/v2\/users\/1"}],"replies":[{"embeddable":true,"href":"https:\/\/www.emecpumps.com\/es\/wp-json\/wp\/v2\/comments?post=57392"}],"version-history":[{"count":4,"href":"https:\/\/www.emecpumps.com\/es\/wp-json\/wp\/v2\/pages\/57392\/revisions"}],"predecessor-version":[{"id":75745,"href":"https:\/\/www.emecpumps.com\/es\/wp-json\/wp\/v2\/pages\/57392\/revisions\/75745"}],"wp:featuredmedia":[{"embeddable":true,"href":"https:\/\/www.emecpumps.com\/es\/wp-json\/wp\/v2\/media\/37362"}],"wp:attachment":[{"href":"https:\/\/www.emecpumps.com\/es\/wp-json\/wp\/v2\/media?parent=57392"}],"curies":[{"name":"wp","href":"https:\/\/api.w.org\/{rel}","templated":true}]}}