{"id":74846,"date":"2025-10-28T12:53:45","date_gmt":"2025-10-28T11:53:45","guid":{"rendered":"https:\/\/www.emecpumps.com\/mi-aplicacion-emec\/"},"modified":"2025-10-28T12:53:48","modified_gmt":"2025-10-28T11:53:48","slug":"mi-aplicacion-emec","status":"publish","type":"page","link":"https:\/\/www.emecpumps.com\/es\/mi-aplicacion-emec\/","title":{"rendered":"Mi aplicaci\u00f3n Emec"},"content":{"rendered":"<div class=\"wpb-content-wrapper\">[vc_row content_placement=&#8221;top&#8221; css_animation=&#8221;fadeInLeft&#8221; pix_scale_in=&#8221;pix-scale-in&#8221; pix_particles_check=&#8221;&#8221; css=&#8221;.vc_custom_1761650580844{margin-bottom: 50px !important;padding-top: 50px !important;padding-right: 50px !important;padding-bottom: 50px !important;padding-left: 50px !important;background-color: #FFFFFF !important;background-position: 0 0 !important;background-repeat: no-repeat !important;border-radius: 30px !important;}&#8221;][vc_column][vc_row_inner][vc_column_inner width=&#8221;2\/3&#8243;]<div class=\"pix-img-element d-inline-block \" ><div class=\"animate-in  d-inline-block\" data-anim-type=\"fade-in\" data-anim-delay=\"200\"><div class=\"pix-img-el    text-center d-inline-block  w-100 rounded-0\"  data-jarallax-element=\"50px \" data-xaxis=\"50px\" data-yaxis=\"\"><img decoding=\"async\" class=\"card-img2 pix-img-elem rounded-0  h-1002\" style=\"height:auto;\" width=\"2466\" height=\"2347\" srcset=\"https:\/\/www.emecpumps.com\/wp-content\/uploads\/2025\/10\/myemec.jpg 2466w, https:\/\/www.emecpumps.com\/wp-content\/uploads\/2025\/10\/myemec-700x666.jpg 700w, https:\/\/www.emecpumps.com\/wp-content\/uploads\/2025\/10\/myemec-1024x975.jpg 1024w, https:\/\/www.emecpumps.com\/wp-content\/uploads\/2025\/10\/myemec-768x731.jpg 768w, https:\/\/www.emecpumps.com\/wp-content\/uploads\/2025\/10\/myemec-1536x1462.jpg 1536w, https:\/\/www.emecpumps.com\/wp-content\/uploads\/2025\/10\/myemec-2048x1949.jpg 2048w\" sizes=\"(max-width: 2466px) 100vw, 2466px\" src=\"https:\/\/www.emecpumps.com\/wp-content\/uploads\/2025\/10\/myemec.jpg\" alt=\"Image link\" \/><\/div><\/div><\/div>[\/vc_column_inner][vc_column_inner width=&#8221;1\/3&#8243;]<div  class=\"pix-heading-el text-left  vc_custom_1761651431285\"><h3 class=\"text-secondary font-weight-bold h3 heading-text el-title_custom_color mb-12\" style=\"\" data-anim-type=\"\" data-anim-delay=\"0\">Mi aplicaci\u00f3n emec<\/h3><\/div><div id=\"el1761651062986-f9389981-526f\" class=\"pix-el-text   w-100  \" ><p class=\"\"><h4 class=\"p1\"><strong><span class=\"s1\">Con\u00e9ctate a tus sistemas EMEC<br \/>\na distancia con la nueva app myEmec<\/span><\/strong><\/h4>\n<p>Est\u00e9s donde est\u00e9s, puedes acceder a todas tus instalaciones directamente desde tu tel\u00e9fono en una sola app, de forma r\u00e1pida e inteligente.<\/p>\n<p><strong>Funciones:<\/strong><\/p>\n<ul>\n<li>  Notificaciones en tiempo real sobre estado, alarmas y alertas<\/li>\n<li>Ver todos los datos y cambiar los ajustes y modos de trabajo<\/li>\n<li>Registra nuevos controladores y bombas en tu cuenta<\/li>\n<li>Gesti\u00f3n multiusuario r\u00e1pida y sencilla<\/li>\n<li>Acceso r\u00e1pido a la documentaci\u00f3n t\u00e9cnica<\/li>\n<li>Videotutoriales sobre todas las funciones principales<\/li>\n<\/ul>\n<\/p><\/div>[\/vc_column_inner][\/vc_row_inner][vc_row_inner][vc_column_inner width=&#8221;1\/4&#8243;]<div class=\"pix-img-element d-inline-block \" ><a href=\"https:\/\/apps.apple.com\/us\/app\/myemec\/id6502632830\" target=\"_blank\" class=\"pix-img-el    fly text-left d-inline-block  rounded-0\"  aria-label=\"Image link\"><img decoding=\"async\" class=\"rounded-0 h-1002\" src=\"https:\/\/www.emecpumps.com\/wp-content\/uploads\/2024\/07\/app_ios.png\" width=\"500\" height=\"145\" alt=\"Image link\" style=\"height:auto;\"\/><\/a><\/div>[\/vc_column_inner][vc_column_inner width=&#8221;1\/4&#8243;]<div class=\"pix-img-element d-inline-block \" ><a href=\"https:\/\/play.google.com\/store\/apps\/details?id=com.emec.myemec&amp;pcampaignid=web_share\" target=\"_blank\" class=\"pix-img-el    fly text-left d-inline-block  rounded-0\"  aria-label=\"Image link\"><img decoding=\"async\" class=\"rounded-0 h-1002\" src=\"https:\/\/www.emecpumps.com\/wp-content\/uploads\/2024\/07\/app_google.png\" width=\"500\" height=\"145\" alt=\"Image link\" style=\"height:auto;\"\/><\/a><\/div>[\/vc_column_inner][vc_column_inner width=&#8221;1\/4&#8243;][\/vc_column_inner][vc_column_inner width=&#8221;1\/4&#8243;][\/vc_column_inner][\/vc_row_inner][\/vc_column][\/vc_row][vc_row pix_particles_check=&#8221;&#8221;][vc_column]<div id=\"el1747658970325-7b1ceee2-a214\" class=\"w-100 d-block \"><\/div>[\/vc_column][\/vc_row]<\/div>","protected":false},"excerpt":{"rendered":"[vc_row content_placement=&#8221;top&#8221; css_animation=&#8221;fadeInLeft&#8221; pix_scale_in=&#8221;pix-scale-in&#8221; pix_particles_check=&#8221;&#8221; css=&#8221;.vc_custom_1761650580844{margin-bottom: 50px !important;padding-top: 50px !important;padding-right: 50px !important;padding-bottom: 50px !important;padding-left: 50px !important;background-color: #FFFFFF !important;background-position: 0 0 !important;background-repeat: no-repeat !important;border-radius: 30px !important;}&#8221;][vc_column][vc_row_inner][vc_column_inner width=&#8221;2\/3&#8243;][\/vc_column_inner][vc_column_inner width=&#8221;1\/3&#8243;][\/vc_column_inner][\/vc_row_inner][vc_row_inner][vc_column_inner width=&#8221;1\/4&#8243;][\/vc_column_inner][vc_column_inner width=&#8221;1\/4&#8243;][\/vc_column_inner][vc_column_inner width=&#8221;1\/4&#8243;][\/vc_column_inner][vc_column_inner width=&#8221;1\/4&#8243;][\/vc_column_inner][\/vc_row_inner][\/vc_column][\/vc_row][vc_row pix_particles_check=&#8221;&#8221;][vc_column][\/vc_column][\/vc_row]","protected":false},"author":1,"featured_media":16165,"parent":0,"menu_order":0,"comment_status":"closed","ping_status":"closed","template":"","meta":{"lazy_load_responsive_images_disabled":false,"footnotes":""},"class_list":["post-74846","page","type-page","status-publish","has-post-thumbnail","hentry"],"yoast_head":"<!-- This site is optimized with the Yoast SEO plugin v26.6 - https:\/\/yoast.com\/wordpress\/plugins\/seo\/ -->\n<title>Mi aplicaci\u00f3n Emec - Emec Pumps - Pompe dosatrici e Sistemi di disinfezione<\/title>\n<meta name=\"description\" content=\"Descubre PRISMA, la bomba dosificadora con motor paso a paso para una dosificaci\u00f3n de gran precisi\u00f3n y fiabilidad.\" \/>\n<meta name=\"robots\" content=\"index, follow, max-snippet:-1, max-image-preview:large, max-video-preview:-1\" \/>\n<link rel=\"canonical\" href=\"https:\/\/www.emecpumps.com\/es\/mi-aplicacion-emec\/\" \/>\n<meta property=\"og:locale\" content=\"es_ES\" \/>\n<meta property=\"og:type\" content=\"article\" \/>\n<meta property=\"og:title\" content=\"Mi aplicaci\u00f3n Emec - Emec Pumps - Pompe dosatrici e Sistemi di disinfezione\" \/>\n<meta property=\"og:description\" content=\"Descubre PRISMA, la bomba dosificadora con motor paso a paso para una dosificaci\u00f3n de gran precisi\u00f3n y fiabilidad.\" \/>\n<meta property=\"og:url\" content=\"https:\/\/www.emecpumps.com\/es\/mi-aplicacion-emec\/\" \/>\n<meta property=\"og:site_name\" content=\"Emec Pumps - Pompe dosatrici e Sistemi di disinfezione\" \/>\n<meta property=\"article:publisher\" content=\"https:\/\/www.facebook.com\/emecpumps\" \/>\n<meta property=\"article:modified_time\" content=\"2025-10-28T11:53:48+00:00\" \/>\n<meta property=\"og:image\" content=\"https:\/\/www.emecpumps.com\/wp-content\/uploads\/2021\/01\/logs.jpg\" \/>\n\t<meta property=\"og:image:width\" content=\"2369\" \/>\n\t<meta property=\"og:image:height\" content=\"1544\" \/>\n\t<meta property=\"og:image:type\" content=\"image\/jpeg\" \/>\n<meta name=\"twitter:card\" content=\"summary_large_image\" \/>\n<meta name=\"twitter:site\" content=\"@EMECpumps\" \/>\n<meta name=\"twitter:label1\" content=\"Tiempo de lectura\" \/>\n\t<meta name=\"twitter:data1\" content=\"2 minutos\" \/>\n<script type=\"application\/ld+json\" class=\"yoast-schema-graph\">{\"@context\":\"https:\/\/schema.org\",\"@graph\":[{\"@type\":\"WebPage\",\"@id\":\"https:\/\/www.emecpumps.com\/es\/mi-aplicacion-emec\/\",\"url\":\"https:\/\/www.emecpumps.com\/es\/mi-aplicacion-emec\/\",\"name\":\"Mi aplicaci\u00f3n Emec - Emec Pumps - Pompe dosatrici e Sistemi di disinfezione\",\"isPartOf\":{\"@id\":\"https:\/\/www.emecpumps.com\/es\/#website\"},\"primaryImageOfPage\":{\"@id\":\"https:\/\/www.emecpumps.com\/es\/mi-aplicacion-emec\/#primaryimage\"},\"image\":{\"@id\":\"https:\/\/www.emecpumps.com\/es\/mi-aplicacion-emec\/#primaryimage\"},\"thumbnailUrl\":\"https:\/\/www.emecpumps.com\/wp-content\/uploads\/2021\/01\/logs.jpg\",\"datePublished\":\"2025-10-28T11:53:45+00:00\",\"dateModified\":\"2025-10-28T11:53:48+00:00\",\"description\":\"Descubre PRISMA, la bomba dosificadora con motor paso a paso para una dosificaci\u00f3n de gran precisi\u00f3n y fiabilidad.\",\"breadcrumb\":{\"@id\":\"https:\/\/www.emecpumps.com\/es\/mi-aplicacion-emec\/#breadcrumb\"},\"inLanguage\":\"es\",\"potentialAction\":[{\"@type\":\"ReadAction\",\"target\":[\"https:\/\/www.emecpumps.com\/es\/mi-aplicacion-emec\/\"]}]},{\"@type\":\"ImageObject\",\"inLanguage\":\"es\",\"@id\":\"https:\/\/www.emecpumps.com\/es\/mi-aplicacion-emec\/#primaryimage\",\"url\":\"https:\/\/www.emecpumps.com\/wp-content\/uploads\/2021\/01\/logs.jpg\",\"contentUrl\":\"https:\/\/www.emecpumps.com\/wp-content\/uploads\/2021\/01\/logs.jpg\",\"width\":2369,\"height\":1544},{\"@type\":\"BreadcrumbList\",\"@id\":\"https:\/\/www.emecpumps.com\/es\/mi-aplicacion-emec\/#breadcrumb\",\"itemListElement\":[{\"@type\":\"ListItem\",\"position\":1,\"name\":\"Home\",\"item\":\"https:\/\/www.emecpumps.com\/es\/\"},{\"@type\":\"ListItem\",\"position\":2,\"name\":\"Mi aplicaci\u00f3n Emec\"}]},{\"@type\":\"WebSite\",\"@id\":\"https:\/\/www.emecpumps.com\/es\/#website\",\"url\":\"https:\/\/www.emecpumps.com\/es\/\",\"name\":\"Emec Pumps - Pompe dosatrici e Sistemi di disinfezione\",\"description\":\"Pompe dosatrici e Sistemi di disinfezione\",\"publisher\":{\"@id\":\"https:\/\/www.emecpumps.com\/es\/#organization\"},\"alternateName\":\"Emec\",\"potentialAction\":[{\"@type\":\"SearchAction\",\"target\":{\"@type\":\"EntryPoint\",\"urlTemplate\":\"https:\/\/www.emecpumps.com\/es\/?s={search_term_string}\"},\"query-input\":{\"@type\":\"PropertyValueSpecification\",\"valueRequired\":true,\"valueName\":\"search_term_string\"}}],\"inLanguage\":\"es\"},{\"@type\":\"Organization\",\"@id\":\"https:\/\/www.emecpumps.com\/es\/#organization\",\"name\":\"Emec Pumps - Pompe dosatrici e Sistemi di disinfezione\",\"url\":\"https:\/\/www.emecpumps.com\/es\/\",\"logo\":{\"@type\":\"ImageObject\",\"inLanguage\":\"es\",\"@id\":\"https:\/\/www.emecpumps.com\/es\/#\/schema\/logo\/image\/\",\"url\":\"https:\/\/www.emecpumps.com\/wp-content\/uploads\/2024\/01\/logo_emec.png\",\"contentUrl\":\"https:\/\/www.emecpumps.com\/wp-content\/uploads\/2024\/01\/logo_emec.png\",\"width\":470,\"height\":133,\"caption\":\"Emec Pumps - Pompe dosatrici e Sistemi di disinfezione\"},\"image\":{\"@id\":\"https:\/\/www.emecpumps.com\/es\/#\/schema\/logo\/image\/\"},\"sameAs\":[\"https:\/\/www.facebook.com\/emecpumps\",\"https:\/\/x.com\/EMECpumps\",\"https:\/\/www.instagram.com\/emecpumps\/\",\"https:\/\/www.linkedin.com\/company\/2715607\/admin\/\"]}]}<\/script>\n<!-- \/ Yoast SEO plugin. -->","yoast_head_json":{"title":"Mi aplicaci\u00f3n Emec - Emec Pumps - Pompe dosatrici e Sistemi di disinfezione","description":"Descubre PRISMA, la bomba dosificadora con motor paso a paso para una dosificaci\u00f3n de gran precisi\u00f3n y fiabilidad.","robots":{"index":"index","follow":"follow","max-snippet":"max-snippet:-1","max-image-preview":"max-image-preview:large","max-video-preview":"max-video-preview:-1"},"canonical":"https:\/\/www.emecpumps.com\/es\/mi-aplicacion-emec\/","og_locale":"es_ES","og_type":"article","og_title":"Mi aplicaci\u00f3n Emec - Emec Pumps - Pompe dosatrici e Sistemi di disinfezione","og_description":"Descubre PRISMA, la bomba dosificadora con motor paso a paso para una dosificaci\u00f3n de gran precisi\u00f3n y fiabilidad.","og_url":"https:\/\/www.emecpumps.com\/es\/mi-aplicacion-emec\/","og_site_name":"Emec Pumps - Pompe dosatrici e Sistemi di disinfezione","article_publisher":"https:\/\/www.facebook.com\/emecpumps","article_modified_time":"2025-10-28T11:53:48+00:00","og_image":[{"width":2369,"height":1544,"url":"https:\/\/www.emecpumps.com\/wp-content\/uploads\/2021\/01\/logs.jpg","type":"image\/jpeg"}],"twitter_card":"summary_large_image","twitter_site":"@EMECpumps","twitter_misc":{"Tiempo de lectura":"2 minutos"},"schema":{"@context":"https:\/\/schema.org","@graph":[{"@type":"WebPage","@id":"https:\/\/www.emecpumps.com\/es\/mi-aplicacion-emec\/","url":"https:\/\/www.emecpumps.com\/es\/mi-aplicacion-emec\/","name":"Mi aplicaci\u00f3n Emec - Emec Pumps - Pompe dosatrici e Sistemi di disinfezione","isPartOf":{"@id":"https:\/\/www.emecpumps.com\/es\/#website"},"primaryImageOfPage":{"@id":"https:\/\/www.emecpumps.com\/es\/mi-aplicacion-emec\/#primaryimage"},"image":{"@id":"https:\/\/www.emecpumps.com\/es\/mi-aplicacion-emec\/#primaryimage"},"thumbnailUrl":"https:\/\/www.emecpumps.com\/wp-content\/uploads\/2021\/01\/logs.jpg","datePublished":"2025-10-28T11:53:45+00:00","dateModified":"2025-10-28T11:53:48+00:00","description":"Descubre PRISMA, la bomba dosificadora con motor paso a paso para una dosificaci\u00f3n de gran precisi\u00f3n y fiabilidad.","breadcrumb":{"@id":"https:\/\/www.emecpumps.com\/es\/mi-aplicacion-emec\/#breadcrumb"},"inLanguage":"es","potentialAction":[{"@type":"ReadAction","target":["https:\/\/www.emecpumps.com\/es\/mi-aplicacion-emec\/"]}]},{"@type":"ImageObject","inLanguage":"es","@id":"https:\/\/www.emecpumps.com\/es\/mi-aplicacion-emec\/#primaryimage","url":"https:\/\/www.emecpumps.com\/wp-content\/uploads\/2021\/01\/logs.jpg","contentUrl":"https:\/\/www.emecpumps.com\/wp-content\/uploads\/2021\/01\/logs.jpg","width":2369,"height":1544},{"@type":"BreadcrumbList","@id":"https:\/\/www.emecpumps.com\/es\/mi-aplicacion-emec\/#breadcrumb","itemListElement":[{"@type":"ListItem","position":1,"name":"Home","item":"https:\/\/www.emecpumps.com\/es\/"},{"@type":"ListItem","position":2,"name":"Mi aplicaci\u00f3n Emec"}]},{"@type":"WebSite","@id":"https:\/\/www.emecpumps.com\/es\/#website","url":"https:\/\/www.emecpumps.com\/es\/","name":"Emec Pumps - Pompe dosatrici e Sistemi di disinfezione","description":"Pompe dosatrici e Sistemi di disinfezione","publisher":{"@id":"https:\/\/www.emecpumps.com\/es\/#organization"},"alternateName":"Emec","potentialAction":[{"@type":"SearchAction","target":{"@type":"EntryPoint","urlTemplate":"https:\/\/www.emecpumps.com\/es\/?s={search_term_string}"},"query-input":{"@type":"PropertyValueSpecification","valueRequired":true,"valueName":"search_term_string"}}],"inLanguage":"es"},{"@type":"Organization","@id":"https:\/\/www.emecpumps.com\/es\/#organization","name":"Emec Pumps - Pompe dosatrici e Sistemi di disinfezione","url":"https:\/\/www.emecpumps.com\/es\/","logo":{"@type":"ImageObject","inLanguage":"es","@id":"https:\/\/www.emecpumps.com\/es\/#\/schema\/logo\/image\/","url":"https:\/\/www.emecpumps.com\/wp-content\/uploads\/2024\/01\/logo_emec.png","contentUrl":"https:\/\/www.emecpumps.com\/wp-content\/uploads\/2024\/01\/logo_emec.png","width":470,"height":133,"caption":"Emec Pumps - Pompe dosatrici e Sistemi di disinfezione"},"image":{"@id":"https:\/\/www.emecpumps.com\/es\/#\/schema\/logo\/image\/"},"sameAs":["https:\/\/www.facebook.com\/emecpumps","https:\/\/x.com\/EMECpumps","https:\/\/www.instagram.com\/emecpumps\/","https:\/\/www.linkedin.com\/company\/2715607\/admin\/"]}]}},"_links":{"self":[{"href":"https:\/\/www.emecpumps.com\/es\/wp-json\/wp\/v2\/pages\/74846","targetHints":{"allow":["GET"]}}],"collection":[{"href":"https:\/\/www.emecpumps.com\/es\/wp-json\/wp\/v2\/pages"}],"about":[{"href":"https:\/\/www.emecpumps.com\/es\/wp-json\/wp\/v2\/types\/page"}],"author":[{"embeddable":true,"href":"https:\/\/www.emecpumps.com\/es\/wp-json\/wp\/v2\/users\/1"}],"replies":[{"embeddable":true,"href":"https:\/\/www.emecpumps.com\/es\/wp-json\/wp\/v2\/comments?post=74846"}],"version-history":[{"count":2,"href":"https:\/\/www.emecpumps.com\/es\/wp-json\/wp\/v2\/pages\/74846\/revisions"}],"predecessor-version":[{"id":74848,"href":"https:\/\/www.emecpumps.com\/es\/wp-json\/wp\/v2\/pages\/74846\/revisions\/74848"}],"wp:featuredmedia":[{"embeddable":true,"href":"https:\/\/www.emecpumps.com\/es\/wp-json\/wp\/v2\/media\/16165"}],"wp:attachment":[{"href":"https:\/\/www.emecpumps.com\/es\/wp-json\/wp\/v2\/media?parent=74846"}],"curies":[{"name":"wp","href":"https:\/\/api.w.org\/{rel}","templated":true}]}}