{"id":75491,"date":"2025-11-18T12:43:43","date_gmt":"2025-11-18T11:43:43","guid":{"rendered":"https:\/\/www.emecpumps.com\/descargo-de-responsabilidad-aviso-legal\/"},"modified":"2025-11-18T12:43:43","modified_gmt":"2025-11-18T11:43:43","slug":"descargo-de-responsabilidad-aviso-legal","status":"publish","type":"page","link":"https:\/\/www.emecpumps.com\/es\/descargo-de-responsabilidad-aviso-legal\/","title":{"rendered":"Descargo de responsabilidad &#8211; Aviso legal"},"content":{"rendered":"<div class=\"wpb-content-wrapper\">[vc_row pix_particles_check=&#8221;&#8221;][vc_column][vc_column_text css=&#8221;&#8221;]\r\n<h2>Descargo de responsabilidad &#8211; Aviso legal<\/h2>\r\n&nbsp;\r\n<p class=\"p1\"><b>1. Condiciones de uso del sitio web<\/b><\/p>\r\n<p class=\"p1\">Cualquier persona que acceda o utilice este sitio web de cualquier forma acepta sin restricciones quedar vinculada por los t\u00e9rminos y condiciones aqu\u00ed establecidos. Si no las aceptas o no pretendes quedar vinculado por ellas, no puedes acceder, utilizar o descargar material de este sitio web. En cualquier momento, EMEC srl (en adelante, el &#8220;Propietario&#8221;) se reserva el derecho de actualizar o modificar estas condiciones y la forma de uso del sitio web, sin previo aviso. En caso de modificaci\u00f3n de las condiciones, el acceso al sitio web implica el compromiso de respetar las condiciones modificadas.   <\/p>\r\n<p class=\"p1\"><b>2. Legislaci\u00f3n aplicable<\/b><\/p>\r\n<p class=\"p1\">Todos los contenidos publicados o presentes en el sitio web, incluida su selecci\u00f3n y organizaci\u00f3n, as\u00ed como la disposici\u00f3n y el dise\u00f1o del sitio web, est\u00e1n protegidos por la legislaci\u00f3n sobre privacidad (Reg. UE 2016\/679 &#8211; GDPR), la ley sobre derechos de autor (Ley 22\/4\/1941, n.\u00ba 633, modificada por el Decreto Legislativo 29\/12\/1992 n.\u00ba 518, sobre la Protecci\u00f3n Jur\u00eddica del Software) y otras normativas nacionales e internacionales sobre la protecci\u00f3n de la propiedad intelectual e industrial, sus modificaciones y adiciones.<\/p>\r\n<p class=\"p1\"><b>3. Titularidad de los derechos<\/b><\/p>\r\n<p class=\"p1\">Este sitio web es propiedad exclusiva y pertenece al Propietario; la asignaci\u00f3n del nombre de dominio de Internet se obtuvo formalmente, de acuerdo con los m\u00e9todos y procedimientos vigentes en el momento de la solicitud de asignaci\u00f3n.<\/p>\r\n<p class=\"p1\">Los derechos sobre el Contenido pertenecen al Propietario. Algunas p\u00e1ginas de Internet de este sitio web tambi\u00e9n pueden contener material sujeto a los derechos de autor de quienes lo han puesto a disposici\u00f3n. <\/p>\r\n<p class=\"p1\">Al publicarlos, el propietario no transfiere ning\u00fan derecho sobre ninguno de los contenidos del sitio web.<\/p>\r\n<p class=\"p1\"><b>4. Contenido y finalidad del sitio web<\/b><\/p>\r\n<p class=\"p1\">Los contenidos del sitio web han sido dise\u00f1ados de conformidad con las leyes italianas y las directivas de la Uni\u00f3n Europea, incluidas las relativas a la protecci\u00f3n de las obras literarias y art\u00edsticas, y est\u00e1n dirigidos a usuarios nacionales y de la UE. La finalidad del sitio es la difusi\u00f3n, a trav\u00e9s de Internet, de las actividades institucionales del Titular. <\/p>\r\n<p class=\"p1\"><b>5. El Titular confirma que:<\/b><\/p>\r\n<p class=\"p1\">&#8211; adopta los procedimientos adecuados para garantizar los est\u00e1ndares de exactitud, integridad, adecuaci\u00f3n, actualizaci\u00f3n y actualidad de la informaci\u00f3n contenida en el sitio web; se compromete a eliminar cualquier error t\u00e9cnico o tipogr\u00e1fico en el menor tiempo posible; se reserva el derecho a realizar cambios en cualquier momento, sin previo aviso y a su propia discreci\u00f3n, en el contenido y los m\u00e9todos funcionales y operativos del sitio web y de los servicios ofrecidos. El Contenido, en todas sus partes, s\u00f3lo puede ser reproducido con el consentimiento previo por escrito del Propietario. <\/p>\r\n<p class=\"p1\"><b>6. R\u00e9gimen de utilizaci\u00f3n de los materiales publicados en el sitio y reproducci\u00f3n por terceros<\/b><\/p>\r\n<p class=\"p1\">a) Comportamiento permitido<\/p>\r\n<p class=\"p1\">El acceso al sitio web y a su contenido s\u00f3lo est\u00e1 permitido para los fines permitidos por el Propietario y destacados en este sitio web. El sitio web y los datos que contiene s\u00f3lo pueden consultarse para uso personal. <\/p>\r\n<p class=\"p1\">b) Comportamientos prohibidos<\/p>\r\n<p class=\"p1\">En cualquier caso, el usuario no podr\u00e1 utilizar ni hacer que terceros utilicen el sitio web y los datos contenidos en el mismo con fines comerciales. Por tanto, queda expresamente prohibido en todo momento cualquier uso con fines comerciales o de explotaci\u00f3n econ\u00f3mica por parte de los usuarios. <\/p>\r\n<p class=\"p1\">Tambi\u00e9n est\u00e1n prohibidos en todos los casos modificar el sitio web o cualquiera de sus contenidos o m\u00e9todos de acceso al mismo; conductas que constituyan un delito seg\u00fan la legislaci\u00f3n vigente (por ejemplo, los llamados delitos inform\u00e1ticos, como la pirater\u00eda inform\u00e1tica); conductas dirigidas a romper partes o secciones de este sitio web y\/o incorporarlas a otros sitios web de terceros, modificar, copiar, reproducir, volver a publicar, cargar desde un programa, hacer p\u00fablico, transmitir o distribuir de cualquier forma el Contenido, en su totalidad o en parte, incluidos los c\u00f3digos y el software sin consentimiento previo o incumpliendo estas condiciones intentar acceder a \u00e1reas restringidas del sitio web sin el perfil de permiso; cargar programas inform\u00e1ticos, archivos y otros materiales que contengan caracter\u00edsticas destructivas o perturbadoras, como virus, archivos manipulados, archivos &#8220;ocultos&#8221; (como im\u00e1genes en las que se integran archivos de audio), gusanos, troyanos o bots con el fin de desplazarse o para lanzar m\u00faltiples pantallas y para otras actividades en general capaces de perturbar la integridad o la funcionalidad o la comunicaci\u00f3n en l\u00ednea del sitio web; en general, el uso que cause o pueda causar da\u00f1os, interrupci\u00f3n o limitaci\u00f3n de este sitio web o de sus servicios; la recogida no autorizada, a trav\u00e9s del sitio web, de informaci\u00f3n personal sobre terceros (por ejemplo, direcciones de correo electr\u00f3nico).<\/p>\r\n<p class=\"p1\">c) Conductas prohibidas &#8211; Consecuencias<\/p>\r\n<p class=\"p1\">Sin perjuicio de cualquier posible derecho, facultad o poder de terceros, en caso de adopci\u00f3n de un comportamiento prohibido, el Propietario se reserva el derecho de actuar de conformidad con la ley. En caso de que se constaten violaciones de las condiciones de uso del sitio, el Propietario se reserva el derecho de adoptar cualquier medida correctiva sin previo aviso, incluida la exclusi\u00f3n del visitante\/usuario del acceso al sitio y a sus servicios y la eliminaci\u00f3n de cualquier material publicado en el sitio por el mismo visitante\/usuario, sin asumir ninguna responsabilidad directa o indirecta al respecto. El Propietario se compromete desde ahora a cooperar con las Autoridades competentes tambi\u00e9n con el fin de identificar r\u00e1pidamente a los autores de las infracciones.  <\/p>\r\n<p class=\"p1\"><b>7. Enlaces a otros sitios web<\/b><\/p>\r\n<p class=\"p1\">El sitio web puede contener enlaces a otros sitios web de terceros. Al enlazar con otros sitios, abandonas voluntariamente el sitio web del Propietario y eres dirigido a p\u00e1ginas web de sitios de la red distintos de este sitio web. El Propietario se compromete a solicitar autorizaci\u00f3n previa para enlazar con cualquier sitio web de terceros. Los usuarios que, a trav\u00e9s de enlaces del sitio web, decidan acceder a otros sitios web enlazados asumen todos los riesgos asociados a esa decisi\u00f3n. El Propietario no es responsable del contenido de los sitios accesibles a trav\u00e9s de enlaces que no est\u00e9n bajo su control. Sin perjuicio de los acuerdos con terceros, el Propietario se reserva el derecho a eliminar cualquier enlace o programa de enlaces en cualquier momento. Los denominados &#8220;enlaces profundos&#8221; est\u00e1n estrictamente prohibidos: todos los enlaces a este sitio web deben llevar a la p\u00e1gina principal del sitio web y deben dejar claro que este sitio web y sus contenidos deben considerarse de forma separada del sitio web que contiene el enlace; tambi\u00e9n deben dejar claro que la propiedad y el funcionamiento de este sitio web es del Propietario, sin que se compartan los contenidos del sitio web que activa el enlace. Del mismo modo, queda prohibido el uso de la t\u00e9cnica del &#8220;framing&#8221;.       <\/p>\r\n<p class=\"p1\"><b>8. Responsabilidad<\/b><\/p>\r\n<p class=\"p1\">El Propietario (t\u00e9rmino que, a los efectos del presente apartado, se entender\u00e1 que incluye tambi\u00e9n a los administradores, auditores, directivos, empleados, agentes y asesores del Propietario) podr\u00e1 ser considerado responsable de los hechos y\/o da\u00f1os que puedan causarse al usuario y\/o a terceros como consecuencia de la utilizaci\u00f3n de este sitio y\/o de su Contenido. El Propietario no podr\u00e1 ser considerado responsable de los hechos y\/o da\u00f1os causados por acciones emprendidas por el Propietario como consecuencia de conductas prohibidas del usuario o de terceros. Asimismo, la Propietaria no podr\u00e1 ser considerada responsable de los problemas que para el usuario se deriven de interrupciones, suspensiones, retrasos o anomal\u00edas en la prestaci\u00f3n del servicio. A pesar de sus continuos esfuerzos por mejorar los servicios ofrecidos, el Propietario no puede garantizar de forma absoluta ni la exactitud ni la constante actualizaci\u00f3n de los Contenidos del Sitio Web.   <\/p>\r\n<p class=\"p1\"><b>9. Definiciones<\/b><\/p>\r\n<p class=\"p1\">Por &#8220;Aviso legal&#8221; se entienden estas condiciones;<\/p>\r\n<p class=\"p1\">Titular&#8221;: EMEC Ltd. como propietario del sitio web;<\/p>\r\n<p class=\"p1\">sitio web&#8221; o &#8220;sitio&#8221; significa la p\u00e1gina de inicio de www.emecpumps.com<span class=\"Apple-converted-space\">  <\/span>y las p\u00e1ginas de Internet que contiene o cualquier otra colecci\u00f3n de informaci\u00f3n y\/o aplicaciones operadas y puestas a disposici\u00f3n para su acceso mediante equipos inform\u00e1ticos como ordenadores personales, port\u00e1tiles, tel\u00e9fonos m\u00f3viles, ordenadores de mano, c\u00e1maras digitales, televisores u otros dispositivos de red para redes conectadas f\u00edsica o inal\u00e1mbricamente;<\/p>\r\n<p class=\"p1\">Por &#8220;Contenido&#8221; se entienden las p\u00e1ginas web, documentos textuales, contenidos editoriales, comunicaciones, dibujos, gr\u00e1ficos, im\u00e1genes y fotograf\u00edas, bases de datos, software y cualquier otro material audiovisual de cualquier tipo y naturaleza;<\/p>\r\n<p class=\"p1\">servicios&#8221; se refiere a todas aquellas funciones, dispositivos, aplicaciones, informaci\u00f3n u otros servicios disponibles a trav\u00e9s de este sitio web;<\/p>\r\n<p class=\"p1\">visitante&#8221; o &#8220;usuario&#8221;: cualquier persona que acceda al sitio web o lo utilice;<\/p>\r\n<p class=\"p1\">framing&#8221; significa la inserci\u00f3n de la p\u00e1gina &#8220;llamada&#8221; (enlazada), perteneciente a un determinado sitio, dentro de la estructura de otro sitio &#8220;llamante&#8221; (enlazante);<\/p>\r\n<p class=\"p1\">enlace profundo&#8221;: una llamada directa, contenida en un sitio, a una p\u00e1gina espec\u00edfica de un sitio diferente, sin pasar por la p\u00e1gina de inicio de este \u00faltimo sitio.<\/p>\r\n[\/vc_column_text][\/vc_column][\/vc_row]<\/div>","protected":false},"excerpt":{"rendered":"[vc_row pix_particles_check=&#8221;&#8221;][vc_column][vc_column_text css=&#8221;&#8221;] Descargo de responsabilidad &#8211; Aviso legal &nbsp; 1. Condiciones de uso del sitio web Cualquier persona que acceda o utilice este sitio web de cualquier forma acepta sin restricciones quedar vinculada por los t\u00e9rminos y condiciones aqu\u00ed&#8230;","protected":false},"author":1,"featured_media":16165,"parent":0,"menu_order":0,"comment_status":"closed","ping_status":"open","template":"","meta":{"lazy_load_responsive_images_disabled":false,"footnotes":""},"class_list":["post-75491","page","type-page","status-publish","has-post-thumbnail","hentry"],"yoast_head":"<!-- This site is optimized with the Yoast SEO plugin v26.6 - https:\/\/yoast.com\/wordpress\/plugins\/seo\/ -->\n<title>Descargo de responsabilidad - Aviso legal - Emec Pumps - Pompe dosatrici e Sistemi di disinfezione<\/title>\n<meta name=\"robots\" content=\"index, follow, max-snippet:-1, max-image-preview:large, max-video-preview:-1\" \/>\n<link rel=\"canonical\" href=\"https:\/\/www.emecpumps.com\/es\/descargo-de-responsabilidad-aviso-legal\/\" \/>\n<meta property=\"og:locale\" content=\"es_ES\" \/>\n<meta property=\"og:type\" content=\"article\" \/>\n<meta property=\"og:title\" content=\"Descargo de responsabilidad - Aviso legal - Emec Pumps - Pompe dosatrici e Sistemi di disinfezione\" \/>\n<meta property=\"og:description\" content=\"[vc_row pix_particles_check=&#8221;&#8221;][vc_column][vc_column_text css=&#8221;&#8221;] Descargo de responsabilidad &#8211; Aviso legal &nbsp; 1. Condiciones de uso del sitio web Cualquier persona que acceda o utilice este sitio web de cualquier forma acepta sin restricciones quedar vinculada por los t\u00e9rminos y condiciones aqu\u00ed...\" \/>\n<meta property=\"og:url\" content=\"https:\/\/www.emecpumps.com\/es\/descargo-de-responsabilidad-aviso-legal\/\" \/>\n<meta property=\"og:site_name\" content=\"Emec Pumps - Pompe dosatrici e Sistemi di disinfezione\" \/>\n<meta property=\"article:publisher\" content=\"https:\/\/www.facebook.com\/emecpumps\" \/>\n<meta property=\"og:image\" content=\"https:\/\/www.emecpumps.com\/wp-content\/uploads\/2021\/01\/logs.jpg\" \/>\n\t<meta property=\"og:image:width\" content=\"2369\" \/>\n\t<meta property=\"og:image:height\" content=\"1544\" \/>\n\t<meta property=\"og:image:type\" content=\"image\/jpeg\" \/>\n<meta name=\"twitter:card\" content=\"summary_large_image\" \/>\n<meta name=\"twitter:site\" content=\"@EMECpumps\" \/>\n<meta name=\"twitter:label1\" content=\"Tiempo de lectura\" \/>\n\t<meta name=\"twitter:data1\" content=\"8 minutos\" \/>\n<script type=\"application\/ld+json\" class=\"yoast-schema-graph\">{\"@context\":\"https:\/\/schema.org\",\"@graph\":[{\"@type\":\"WebPage\",\"@id\":\"https:\/\/www.emecpumps.com\/es\/descargo-de-responsabilidad-aviso-legal\/\",\"url\":\"https:\/\/www.emecpumps.com\/es\/descargo-de-responsabilidad-aviso-legal\/\",\"name\":\"Descargo de responsabilidad - Aviso legal - Emec Pumps - Pompe dosatrici e Sistemi di disinfezione\",\"isPartOf\":{\"@id\":\"https:\/\/www.emecpumps.com\/es\/#website\"},\"primaryImageOfPage\":{\"@id\":\"https:\/\/www.emecpumps.com\/es\/descargo-de-responsabilidad-aviso-legal\/#primaryimage\"},\"image\":{\"@id\":\"https:\/\/www.emecpumps.com\/es\/descargo-de-responsabilidad-aviso-legal\/#primaryimage\"},\"thumbnailUrl\":\"https:\/\/www.emecpumps.com\/wp-content\/uploads\/2021\/01\/logs.jpg\",\"datePublished\":\"2025-11-18T11:43:43+00:00\",\"breadcrumb\":{\"@id\":\"https:\/\/www.emecpumps.com\/es\/descargo-de-responsabilidad-aviso-legal\/#breadcrumb\"},\"inLanguage\":\"es\",\"potentialAction\":[{\"@type\":\"ReadAction\",\"target\":[\"https:\/\/www.emecpumps.com\/es\/descargo-de-responsabilidad-aviso-legal\/\"]}]},{\"@type\":\"ImageObject\",\"inLanguage\":\"es\",\"@id\":\"https:\/\/www.emecpumps.com\/es\/descargo-de-responsabilidad-aviso-legal\/#primaryimage\",\"url\":\"https:\/\/www.emecpumps.com\/wp-content\/uploads\/2021\/01\/logs.jpg\",\"contentUrl\":\"https:\/\/www.emecpumps.com\/wp-content\/uploads\/2021\/01\/logs.jpg\",\"width\":2369,\"height\":1544},{\"@type\":\"BreadcrumbList\",\"@id\":\"https:\/\/www.emecpumps.com\/es\/descargo-de-responsabilidad-aviso-legal\/#breadcrumb\",\"itemListElement\":[{\"@type\":\"ListItem\",\"position\":1,\"name\":\"Home\",\"item\":\"https:\/\/www.emecpumps.com\/es\/\"},{\"@type\":\"ListItem\",\"position\":2,\"name\":\"Descargo de responsabilidad &#8211; Aviso legal\"}]},{\"@type\":\"WebSite\",\"@id\":\"https:\/\/www.emecpumps.com\/es\/#website\",\"url\":\"https:\/\/www.emecpumps.com\/es\/\",\"name\":\"Emec Pumps - Pompe dosatrici e Sistemi di disinfezione\",\"description\":\"Pompe dosatrici e Sistemi di disinfezione\",\"publisher\":{\"@id\":\"https:\/\/www.emecpumps.com\/es\/#organization\"},\"alternateName\":\"Emec\",\"potentialAction\":[{\"@type\":\"SearchAction\",\"target\":{\"@type\":\"EntryPoint\",\"urlTemplate\":\"https:\/\/www.emecpumps.com\/es\/?s={search_term_string}\"},\"query-input\":{\"@type\":\"PropertyValueSpecification\",\"valueRequired\":true,\"valueName\":\"search_term_string\"}}],\"inLanguage\":\"es\"},{\"@type\":\"Organization\",\"@id\":\"https:\/\/www.emecpumps.com\/es\/#organization\",\"name\":\"Emec Pumps - Pompe dosatrici e Sistemi di disinfezione\",\"url\":\"https:\/\/www.emecpumps.com\/es\/\",\"logo\":{\"@type\":\"ImageObject\",\"inLanguage\":\"es\",\"@id\":\"https:\/\/www.emecpumps.com\/es\/#\/schema\/logo\/image\/\",\"url\":\"https:\/\/www.emecpumps.com\/wp-content\/uploads\/2024\/01\/logo_emec.png\",\"contentUrl\":\"https:\/\/www.emecpumps.com\/wp-content\/uploads\/2024\/01\/logo_emec.png\",\"width\":470,\"height\":133,\"caption\":\"Emec Pumps - Pompe dosatrici e Sistemi di disinfezione\"},\"image\":{\"@id\":\"https:\/\/www.emecpumps.com\/es\/#\/schema\/logo\/image\/\"},\"sameAs\":[\"https:\/\/www.facebook.com\/emecpumps\",\"https:\/\/x.com\/EMECpumps\",\"https:\/\/www.instagram.com\/emecpumps\/\",\"https:\/\/www.linkedin.com\/company\/2715607\/admin\/\"]}]}<\/script>\n<!-- \/ Yoast SEO plugin. -->","yoast_head_json":{"title":"Descargo de responsabilidad - Aviso legal - Emec Pumps - Pompe dosatrici e Sistemi di disinfezione","robots":{"index":"index","follow":"follow","max-snippet":"max-snippet:-1","max-image-preview":"max-image-preview:large","max-video-preview":"max-video-preview:-1"},"canonical":"https:\/\/www.emecpumps.com\/es\/descargo-de-responsabilidad-aviso-legal\/","og_locale":"es_ES","og_type":"article","og_title":"Descargo de responsabilidad - Aviso legal - Emec Pumps - Pompe dosatrici e Sistemi di disinfezione","og_description":"[vc_row pix_particles_check=&#8221;&#8221;][vc_column][vc_column_text css=&#8221;&#8221;] Descargo de responsabilidad &#8211; Aviso legal &nbsp; 1. Condiciones de uso del sitio web Cualquier persona que acceda o utilice este sitio web de cualquier forma acepta sin restricciones quedar vinculada por los t\u00e9rminos y condiciones aqu\u00ed...","og_url":"https:\/\/www.emecpumps.com\/es\/descargo-de-responsabilidad-aviso-legal\/","og_site_name":"Emec Pumps - Pompe dosatrici e Sistemi di disinfezione","article_publisher":"https:\/\/www.facebook.com\/emecpumps","og_image":[{"width":2369,"height":1544,"url":"https:\/\/www.emecpumps.com\/wp-content\/uploads\/2021\/01\/logs.jpg","type":"image\/jpeg"}],"twitter_card":"summary_large_image","twitter_site":"@EMECpumps","twitter_misc":{"Tiempo de lectura":"8 minutos"},"schema":{"@context":"https:\/\/schema.org","@graph":[{"@type":"WebPage","@id":"https:\/\/www.emecpumps.com\/es\/descargo-de-responsabilidad-aviso-legal\/","url":"https:\/\/www.emecpumps.com\/es\/descargo-de-responsabilidad-aviso-legal\/","name":"Descargo de responsabilidad - Aviso legal - Emec Pumps - Pompe dosatrici e Sistemi di disinfezione","isPartOf":{"@id":"https:\/\/www.emecpumps.com\/es\/#website"},"primaryImageOfPage":{"@id":"https:\/\/www.emecpumps.com\/es\/descargo-de-responsabilidad-aviso-legal\/#primaryimage"},"image":{"@id":"https:\/\/www.emecpumps.com\/es\/descargo-de-responsabilidad-aviso-legal\/#primaryimage"},"thumbnailUrl":"https:\/\/www.emecpumps.com\/wp-content\/uploads\/2021\/01\/logs.jpg","datePublished":"2025-11-18T11:43:43+00:00","breadcrumb":{"@id":"https:\/\/www.emecpumps.com\/es\/descargo-de-responsabilidad-aviso-legal\/#breadcrumb"},"inLanguage":"es","potentialAction":[{"@type":"ReadAction","target":["https:\/\/www.emecpumps.com\/es\/descargo-de-responsabilidad-aviso-legal\/"]}]},{"@type":"ImageObject","inLanguage":"es","@id":"https:\/\/www.emecpumps.com\/es\/descargo-de-responsabilidad-aviso-legal\/#primaryimage","url":"https:\/\/www.emecpumps.com\/wp-content\/uploads\/2021\/01\/logs.jpg","contentUrl":"https:\/\/www.emecpumps.com\/wp-content\/uploads\/2021\/01\/logs.jpg","width":2369,"height":1544},{"@type":"BreadcrumbList","@id":"https:\/\/www.emecpumps.com\/es\/descargo-de-responsabilidad-aviso-legal\/#breadcrumb","itemListElement":[{"@type":"ListItem","position":1,"name":"Home","item":"https:\/\/www.emecpumps.com\/es\/"},{"@type":"ListItem","position":2,"name":"Descargo de responsabilidad &#8211; Aviso legal"}]},{"@type":"WebSite","@id":"https:\/\/www.emecpumps.com\/es\/#website","url":"https:\/\/www.emecpumps.com\/es\/","name":"Emec Pumps - Pompe dosatrici e Sistemi di disinfezione","description":"Pompe dosatrici e Sistemi di disinfezione","publisher":{"@id":"https:\/\/www.emecpumps.com\/es\/#organization"},"alternateName":"Emec","potentialAction":[{"@type":"SearchAction","target":{"@type":"EntryPoint","urlTemplate":"https:\/\/www.emecpumps.com\/es\/?s={search_term_string}"},"query-input":{"@type":"PropertyValueSpecification","valueRequired":true,"valueName":"search_term_string"}}],"inLanguage":"es"},{"@type":"Organization","@id":"https:\/\/www.emecpumps.com\/es\/#organization","name":"Emec Pumps - Pompe dosatrici e Sistemi di disinfezione","url":"https:\/\/www.emecpumps.com\/es\/","logo":{"@type":"ImageObject","inLanguage":"es","@id":"https:\/\/www.emecpumps.com\/es\/#\/schema\/logo\/image\/","url":"https:\/\/www.emecpumps.com\/wp-content\/uploads\/2024\/01\/logo_emec.png","contentUrl":"https:\/\/www.emecpumps.com\/wp-content\/uploads\/2024\/01\/logo_emec.png","width":470,"height":133,"caption":"Emec Pumps - Pompe dosatrici e Sistemi di disinfezione"},"image":{"@id":"https:\/\/www.emecpumps.com\/es\/#\/schema\/logo\/image\/"},"sameAs":["https:\/\/www.facebook.com\/emecpumps","https:\/\/x.com\/EMECpumps","https:\/\/www.instagram.com\/emecpumps\/","https:\/\/www.linkedin.com\/company\/2715607\/admin\/"]}]}},"_links":{"self":[{"href":"https:\/\/www.emecpumps.com\/es\/wp-json\/wp\/v2\/pages\/75491","targetHints":{"allow":["GET"]}}],"collection":[{"href":"https:\/\/www.emecpumps.com\/es\/wp-json\/wp\/v2\/pages"}],"about":[{"href":"https:\/\/www.emecpumps.com\/es\/wp-json\/wp\/v2\/types\/page"}],"author":[{"embeddable":true,"href":"https:\/\/www.emecpumps.com\/es\/wp-json\/wp\/v2\/users\/1"}],"replies":[{"embeddable":true,"href":"https:\/\/www.emecpumps.com\/es\/wp-json\/wp\/v2\/comments?post=75491"}],"version-history":[{"count":2,"href":"https:\/\/www.emecpumps.com\/es\/wp-json\/wp\/v2\/pages\/75491\/revisions"}],"predecessor-version":[{"id":75493,"href":"https:\/\/www.emecpumps.com\/es\/wp-json\/wp\/v2\/pages\/75491\/revisions\/75493"}],"wp:featuredmedia":[{"embeddable":true,"href":"https:\/\/www.emecpumps.com\/es\/wp-json\/wp\/v2\/media\/16165"}],"wp:attachment":[{"href":"https:\/\/www.emecpumps.com\/es\/wp-json\/wp\/v2\/media?parent=75491"}],"curies":[{"name":"wp","href":"https:\/\/api.w.org\/{rel}","templated":true}]}}