{"id":28582,"date":"2020-11-30T15:31:07","date_gmt":"2020-11-30T14:31:07","guid":{"rendered":"https:\/\/webtrial.emecpumps.com\/wordpress\/spare-parts\/"},"modified":"2022-01-14T09:10:40","modified_gmt":"2022-01-14T08:10:40","slug":"spare-parts","status":"publish","type":"page","link":"https:\/\/www.emecpumps.com\/fr\/spare-parts\/","title":{"rendered":"Pi\u00e8ces d\u00e9tach\u00e9es"},"content":{"rendered":"<div class=\"wpb-content-wrapper\">[vc_row pix_particles_check=&#8221;&#8221;][vc_column][vc_row_inner][vc_column_inner][vc_column_text]<iframe src=\" https:\/\/webold.emecpumps.com\/it?option=com_azurapagebuilder&amp;view=page&amp;id=468\" width=\"100%\" height=\"800\" frameborder=\"0\"><\/iframe>[\/vc_column_text][\/vc_column_inner][\/vc_row_inner][\/vc_column][\/vc_row][vc_row pix_particles_check=&#8221;&#8221;][vc_column][vc_message message_box_color=&#8221;green&#8221;]Gr\u00e2ce au syst\u00e8me de recherche des pi\u00e8ces d\u00e9tach\u00e9es EMEC, pour chaque produit et chaque panneau pr\u00e9-assembl\u00e9, il est possible d\u2019obtenir la liste compl\u00e8te des composants (liste de base) simplement en ins\u00e9rant dans le champ de recherche le code ou le nom (dans le champ \u00ab\u00a0Description\u00a0\u00bb) du produit cherch\u00e9. Ou bien, pour trouver chaque information essentielle encore plus rapidement, simplement en pointant son smartphone sur la Data Matrix qui se trouve sur l\u2019\u00e9tiquette de chaque produit EMEC, et acc\u00e9dant ainsi directement \u00e0 la liste de base.\r\n\r\nUne fois trouv\u00e9 le produit EMEC que vous cherchez, pour rendre plus simple une \u00e9ventuelle commande de pi\u00e8ces d\u00e9tach\u00e9es, dans la liste de base, \u00e0 c\u00f4t\u00e9 de chaque composant se trouve un code qui l\u2019identifie de mani\u00e8re univoque.\r\n\r\nEn s\u00e9lectionnant les pi\u00e8ces d\u00e9tach\u00e9es dont vous avez besoin, il est de plus possible de cr\u00e9er un rappel \u00e0 envoyer \u00e0 l&#8217;adresse e-mail associ\u00e9 \u00e0 votre compte. Gr\u00e2ce \u00e0 ce rappel, demander un devis \u00e0 order@emecpumps.com devient plus simple et rapide.\r\n\r\nAvec le moteur de recherche, il est \u00e9galement possible de trouver des manuels, de fiches techniques et, uniquement pour les pompes doseuses, les vues explos\u00e9es (sur lesquelles il est possible d\u2019identifier chaque composant gr\u00e2ce \u00e0 un num\u00e9ro de r\u00e9f\u00e9rence). La liste de base, les manuels, les fiches techniques et les vues explos\u00e9es peuvent tous \u00eatre t\u00e9l\u00e9charg\u00e9s en format PDF.\r\n\r\nLa documentation de chaque produit est dans tous les cas disponible pour le t\u00e9l\u00e9chargement, toujours au format PDF, m\u00eame \u00e0 partir de sa page pr\u00e9sente dans la section produits de ce site.[\/vc_message][\/vc_column][\/vc_row]<\/div>","protected":false},"excerpt":{"rendered":"[vc_row pix_particles_check=&#8221;&#8221;][vc_column][vc_row_inner][vc_column_inner][vc_column_text][\/vc_column_text][\/vc_column_inner][\/vc_row_inner][\/vc_column][\/vc_row][vc_row pix_particles_check=&#8221;&#8221;][vc_column][vc_message message_box_color=&#8221;green&#8221;]Gr\u00e2ce au syst\u00e8me de recherche des pi\u00e8ces d\u00e9tach\u00e9es EMEC, pour chaque produit et chaque panneau pr\u00e9-assembl\u00e9, il est possible d\u2019obtenir la liste compl\u00e8te des composants (liste de base) simplement en ins\u00e9rant dans le champ de recherche le&#8230;","protected":false},"author":1,"featured_media":28153,"parent":0,"menu_order":0,"comment_status":"closed","ping_status":"closed","template":"","meta":{"lazy_load_responsive_images_disabled":false,"footnotes":""},"class_list":["post-28582","page","type-page","status-publish","has-post-thumbnail","hentry"],"yoast_head":"<!-- This site is optimized with the Yoast SEO plugin v26.6 - https:\/\/yoast.com\/wordpress\/plugins\/seo\/ -->\n<title>Pi\u00e8ces d\u00e9tach\u00e9es - Emec - Pompes doseuses et syst\u00e8mes de d\u00e9sinfection<\/title>\n<meta name=\"description\" content=\"Remplissez facilement le formulaire en ligne pour recevoir une assistance pour tout ce qui concerne les pi\u00e8ces de rechange pour nos produits.\" \/>\n<meta name=\"robots\" content=\"index, follow, max-snippet:-1, max-image-preview:large, max-video-preview:-1\" \/>\n<link rel=\"canonical\" href=\"https:\/\/www.emecpumps.com\/fr\/spare-parts\/\" \/>\n<meta property=\"og:locale\" content=\"fr_FR\" \/>\n<meta property=\"og:type\" content=\"article\" \/>\n<meta property=\"og:title\" content=\"Pi\u00e8ces d\u00e9tach\u00e9es - Emec - Pompes doseuses et syst\u00e8mes de d\u00e9sinfection\" \/>\n<meta property=\"og:description\" content=\"Remplissez facilement le formulaire en ligne pour recevoir une assistance pour tout ce qui concerne les pi\u00e8ces de rechange pour nos produits.\" \/>\n<meta property=\"og:url\" content=\"https:\/\/www.emecpumps.com\/fr\/spare-parts\/\" \/>\n<meta property=\"og:site_name\" content=\"Emec - Pompes doseuses et syst\u00e8mes de d\u00e9sinfection\" \/>\n<meta property=\"article:publisher\" content=\"https:\/\/www.facebook.com\/emecpumps\" \/>\n<meta property=\"article:modified_time\" content=\"2022-01-14T08:10:40+00:00\" \/>\n<meta property=\"og:image\" content=\"https:\/\/www.emecpumps.com\/wp-content\/uploads\/2021\/01\/logs.jpg\" \/>\n\t<meta property=\"og:image:width\" content=\"2369\" \/>\n\t<meta property=\"og:image:height\" content=\"1544\" \/>\n\t<meta property=\"og:image:type\" content=\"image\/jpeg\" \/>\n<meta name=\"twitter:card\" content=\"summary_large_image\" \/>\n<meta name=\"twitter:site\" content=\"@EMECpumps\" \/>\n<meta name=\"twitter:label1\" content=\"Dur\u00e9e de lecture estim\u00e9e\" \/>\n\t<meta name=\"twitter:data1\" content=\"2 minutes\" \/>\n<script type=\"application\/ld+json\" class=\"yoast-schema-graph\">{\"@context\":\"https:\/\/schema.org\",\"@graph\":[{\"@type\":\"WebPage\",\"@id\":\"https:\/\/www.emecpumps.com\/fr\/spare-parts\/\",\"url\":\"https:\/\/www.emecpumps.com\/fr\/spare-parts\/\",\"name\":\"Pi\u00e8ces d\u00e9tach\u00e9es - Emec - Pompes doseuses et syst\u00e8mes de d\u00e9sinfection\",\"isPartOf\":{\"@id\":\"https:\/\/www.emecpumps.com\/fr\/#website\"},\"primaryImageOfPage\":{\"@id\":\"https:\/\/www.emecpumps.com\/fr\/spare-parts\/#primaryimage\"},\"image\":{\"@id\":\"https:\/\/www.emecpumps.com\/fr\/spare-parts\/#primaryimage\"},\"thumbnailUrl\":\"https:\/\/www.emecpumps.com\/wp-content\/uploads\/2021\/01\/logs.jpg\",\"datePublished\":\"2020-11-30T14:31:07+00:00\",\"dateModified\":\"2022-01-14T08:10:40+00:00\",\"description\":\"Remplissez facilement le formulaire en ligne pour recevoir une assistance pour tout ce qui concerne les pi\u00e8ces de rechange pour nos produits.\",\"breadcrumb\":{\"@id\":\"https:\/\/www.emecpumps.com\/fr\/spare-parts\/#breadcrumb\"},\"inLanguage\":\"fr-FR\",\"potentialAction\":[{\"@type\":\"ReadAction\",\"target\":[\"https:\/\/www.emecpumps.com\/fr\/spare-parts\/\"]}]},{\"@type\":\"ImageObject\",\"inLanguage\":\"fr-FR\",\"@id\":\"https:\/\/www.emecpumps.com\/fr\/spare-parts\/#primaryimage\",\"url\":\"https:\/\/www.emecpumps.com\/wp-content\/uploads\/2021\/01\/logs.jpg\",\"contentUrl\":\"https:\/\/www.emecpumps.com\/wp-content\/uploads\/2021\/01\/logs.jpg\",\"width\":2369,\"height\":1544},{\"@type\":\"BreadcrumbList\",\"@id\":\"https:\/\/www.emecpumps.com\/fr\/spare-parts\/#breadcrumb\",\"itemListElement\":[{\"@type\":\"ListItem\",\"position\":1,\"name\":\"Home\",\"item\":\"https:\/\/www.emecpumps.com\/fr\/\"},{\"@type\":\"ListItem\",\"position\":2,\"name\":\"Pi\u00e8ces d\u00e9tach\u00e9es\"}]},{\"@type\":\"WebSite\",\"@id\":\"https:\/\/www.emecpumps.com\/fr\/#website\",\"url\":\"https:\/\/www.emecpumps.com\/fr\/\",\"name\":\"Emec Pumps - Pompe dosatrici e Sistemi di disinfezione\",\"description\":\"Pompes doseuses et syst\u00e8mes de d\u00e9sinfection\",\"publisher\":{\"@id\":\"https:\/\/www.emecpumps.com\/fr\/#organization\"},\"alternateName\":\"Emec\",\"potentialAction\":[{\"@type\":\"SearchAction\",\"target\":{\"@type\":\"EntryPoint\",\"urlTemplate\":\"https:\/\/www.emecpumps.com\/fr\/?s={search_term_string}\"},\"query-input\":{\"@type\":\"PropertyValueSpecification\",\"valueRequired\":true,\"valueName\":\"search_term_string\"}}],\"inLanguage\":\"fr-FR\"},{\"@type\":\"Organization\",\"@id\":\"https:\/\/www.emecpumps.com\/fr\/#organization\",\"name\":\"Emec Pumps - Pompe dosatrici e Sistemi di disinfezione\",\"url\":\"https:\/\/www.emecpumps.com\/fr\/\",\"logo\":{\"@type\":\"ImageObject\",\"inLanguage\":\"fr-FR\",\"@id\":\"https:\/\/www.emecpumps.com\/fr\/#\/schema\/logo\/image\/\",\"url\":\"https:\/\/www.emecpumps.com\/wp-content\/uploads\/2024\/01\/logo_emec.png\",\"contentUrl\":\"https:\/\/www.emecpumps.com\/wp-content\/uploads\/2024\/01\/logo_emec.png\",\"width\":470,\"height\":133,\"caption\":\"Emec Pumps - Pompe dosatrici e Sistemi di disinfezione\"},\"image\":{\"@id\":\"https:\/\/www.emecpumps.com\/fr\/#\/schema\/logo\/image\/\"},\"sameAs\":[\"https:\/\/www.facebook.com\/emecpumps\",\"https:\/\/x.com\/EMECpumps\",\"https:\/\/www.instagram.com\/emecpumps\/\",\"https:\/\/www.linkedin.com\/company\/2715607\/admin\/\"]}]}<\/script>\n<!-- \/ Yoast SEO plugin. -->","yoast_head_json":{"title":"Pi\u00e8ces d\u00e9tach\u00e9es - Emec - Pompes doseuses et syst\u00e8mes de d\u00e9sinfection","description":"Remplissez facilement le formulaire en ligne pour recevoir une assistance pour tout ce qui concerne les pi\u00e8ces de rechange pour nos produits.","robots":{"index":"index","follow":"follow","max-snippet":"max-snippet:-1","max-image-preview":"max-image-preview:large","max-video-preview":"max-video-preview:-1"},"canonical":"https:\/\/www.emecpumps.com\/fr\/spare-parts\/","og_locale":"fr_FR","og_type":"article","og_title":"Pi\u00e8ces d\u00e9tach\u00e9es - Emec - Pompes doseuses et syst\u00e8mes de d\u00e9sinfection","og_description":"Remplissez facilement le formulaire en ligne pour recevoir une assistance pour tout ce qui concerne les pi\u00e8ces de rechange pour nos produits.","og_url":"https:\/\/www.emecpumps.com\/fr\/spare-parts\/","og_site_name":"Emec - Pompes doseuses et syst\u00e8mes de d\u00e9sinfection","article_publisher":"https:\/\/www.facebook.com\/emecpumps","article_modified_time":"2022-01-14T08:10:40+00:00","og_image":[{"width":2369,"height":1544,"url":"https:\/\/www.emecpumps.com\/wp-content\/uploads\/2021\/01\/logs.jpg","type":"image\/jpeg"}],"twitter_card":"summary_large_image","twitter_site":"@EMECpumps","twitter_misc":{"Dur\u00e9e de lecture estim\u00e9e":"2 minutes"},"schema":{"@context":"https:\/\/schema.org","@graph":[{"@type":"WebPage","@id":"https:\/\/www.emecpumps.com\/fr\/spare-parts\/","url":"https:\/\/www.emecpumps.com\/fr\/spare-parts\/","name":"Pi\u00e8ces d\u00e9tach\u00e9es - Emec - Pompes doseuses et syst\u00e8mes de d\u00e9sinfection","isPartOf":{"@id":"https:\/\/www.emecpumps.com\/fr\/#website"},"primaryImageOfPage":{"@id":"https:\/\/www.emecpumps.com\/fr\/spare-parts\/#primaryimage"},"image":{"@id":"https:\/\/www.emecpumps.com\/fr\/spare-parts\/#primaryimage"},"thumbnailUrl":"https:\/\/www.emecpumps.com\/wp-content\/uploads\/2021\/01\/logs.jpg","datePublished":"2020-11-30T14:31:07+00:00","dateModified":"2022-01-14T08:10:40+00:00","description":"Remplissez facilement le formulaire en ligne pour recevoir une assistance pour tout ce qui concerne les pi\u00e8ces de rechange pour nos produits.","breadcrumb":{"@id":"https:\/\/www.emecpumps.com\/fr\/spare-parts\/#breadcrumb"},"inLanguage":"fr-FR","potentialAction":[{"@type":"ReadAction","target":["https:\/\/www.emecpumps.com\/fr\/spare-parts\/"]}]},{"@type":"ImageObject","inLanguage":"fr-FR","@id":"https:\/\/www.emecpumps.com\/fr\/spare-parts\/#primaryimage","url":"https:\/\/www.emecpumps.com\/wp-content\/uploads\/2021\/01\/logs.jpg","contentUrl":"https:\/\/www.emecpumps.com\/wp-content\/uploads\/2021\/01\/logs.jpg","width":2369,"height":1544},{"@type":"BreadcrumbList","@id":"https:\/\/www.emecpumps.com\/fr\/spare-parts\/#breadcrumb","itemListElement":[{"@type":"ListItem","position":1,"name":"Home","item":"https:\/\/www.emecpumps.com\/fr\/"},{"@type":"ListItem","position":2,"name":"Pi\u00e8ces d\u00e9tach\u00e9es"}]},{"@type":"WebSite","@id":"https:\/\/www.emecpumps.com\/fr\/#website","url":"https:\/\/www.emecpumps.com\/fr\/","name":"Emec Pumps - Pompe dosatrici e Sistemi di disinfezione","description":"Pompes doseuses et syst\u00e8mes de d\u00e9sinfection","publisher":{"@id":"https:\/\/www.emecpumps.com\/fr\/#organization"},"alternateName":"Emec","potentialAction":[{"@type":"SearchAction","target":{"@type":"EntryPoint","urlTemplate":"https:\/\/www.emecpumps.com\/fr\/?s={search_term_string}"},"query-input":{"@type":"PropertyValueSpecification","valueRequired":true,"valueName":"search_term_string"}}],"inLanguage":"fr-FR"},{"@type":"Organization","@id":"https:\/\/www.emecpumps.com\/fr\/#organization","name":"Emec Pumps - Pompe dosatrici e Sistemi di disinfezione","url":"https:\/\/www.emecpumps.com\/fr\/","logo":{"@type":"ImageObject","inLanguage":"fr-FR","@id":"https:\/\/www.emecpumps.com\/fr\/#\/schema\/logo\/image\/","url":"https:\/\/www.emecpumps.com\/wp-content\/uploads\/2024\/01\/logo_emec.png","contentUrl":"https:\/\/www.emecpumps.com\/wp-content\/uploads\/2024\/01\/logo_emec.png","width":470,"height":133,"caption":"Emec Pumps - Pompe dosatrici e Sistemi di disinfezione"},"image":{"@id":"https:\/\/www.emecpumps.com\/fr\/#\/schema\/logo\/image\/"},"sameAs":["https:\/\/www.facebook.com\/emecpumps","https:\/\/x.com\/EMECpumps","https:\/\/www.instagram.com\/emecpumps\/","https:\/\/www.linkedin.com\/company\/2715607\/admin\/"]}]}},"_links":{"self":[{"href":"https:\/\/www.emecpumps.com\/fr\/wp-json\/wp\/v2\/pages\/28582","targetHints":{"allow":["GET"]}}],"collection":[{"href":"https:\/\/www.emecpumps.com\/fr\/wp-json\/wp\/v2\/pages"}],"about":[{"href":"https:\/\/www.emecpumps.com\/fr\/wp-json\/wp\/v2\/types\/page"}],"author":[{"embeddable":true,"href":"https:\/\/www.emecpumps.com\/fr\/wp-json\/wp\/v2\/users\/1"}],"replies":[{"embeddable":true,"href":"https:\/\/www.emecpumps.com\/fr\/wp-json\/wp\/v2\/comments?post=28582"}],"version-history":[{"count":6,"href":"https:\/\/www.emecpumps.com\/fr\/wp-json\/wp\/v2\/pages\/28582\/revisions"}],"predecessor-version":[{"id":39368,"href":"https:\/\/www.emecpumps.com\/fr\/wp-json\/wp\/v2\/pages\/28582\/revisions\/39368"}],"wp:featuredmedia":[{"embeddable":true,"href":"https:\/\/www.emecpumps.com\/fr\/wp-json\/wp\/v2\/media\/28153"}],"wp:attachment":[{"href":"https:\/\/www.emecpumps.com\/fr\/wp-json\/wp\/v2\/media?parent=28582"}],"curies":[{"name":"wp","href":"https:\/\/api.w.org\/{rel}","templated":true}]}}