{"id":28667,"date":"2021-02-01T12:31:36","date_gmt":"2021-02-01T11:31:36","guid":{"rendered":"https:\/\/webtrial.emecpumps.com\/wordpress\/returns-and-repairs\/"},"modified":"2023-09-04T09:16:54","modified_gmt":"2023-09-04T08:16:54","slug":"returns-and-repairs","status":"publish","type":"page","link":"https:\/\/www.emecpumps.com\/fr\/returns-and-repairs\/","title":{"rendered":"Rendus et r\u00e9parations"},"content":{"rendered":"<div class=\"wpb-content-wrapper\">[vc_row full_width=&#8221;stretch_row&#8221; gap=&#8221;10&#8243; pix_particles_check=&#8221;&#8221; css=&#8221;.vc_custom_1610450323231{margin-top: 50px !important;}&#8221;][vc_column][vc_empty_space height=&#8221;50px&#8221;][vc_column_text css_animation=&#8221;fadeInUp&#8221;]Nos proc\u00e9dures de traitement des r\u00e9parations, sous garantie et hors garantie, sont constamment mises \u00e0 jour et optimis\u00e9es pour garantir une efficacit\u00e9 maximale, tant en termes d&#8217;organisation des processus que de rapidit\u00e9 d&#8217;ex\u00e9cution et de s\u00e9curit\u00e9 des op\u00e9rateurs.\r\n\r\nEn cas de rendu pour besoin de remplacement, r\u00e9paration ou autre, il faut contacter son commercial de r\u00e9f\u00e9rence (ou en alternative <a href=\"mailto:ordini@emec.it\">ordini@emec.it<\/a>, en sp\u00e9cifiant les donn\u00e9es n\u00e9cessaires) pour accorder et pr\u00e9voir la proc\u00e9dure \u00e0 suivre en fonction des buts de l\u2019op\u00e9ration. Pour garantir la qualit\u00e9 et la rapidit\u00e9 du service de rendu, nous demandons \u00e0 nos clients de joindre \u00e9galement \u00e0 l\u2019exp\u00e9dition des produits le <span style=\"color: #2dc84d;\"><strong>nouveau<\/strong><\/span> Module de rendu (MDR) et le <span style=\"color: #2dc84d;\"><strong>nouveau<\/strong><\/span> Module de D\u00e9contamination.\r\n\r\n<strong>Module de rendu (MDR)\r\n<\/strong>Il permet d&#8217;analyser la proc\u00e9dure \u00e0 appliquer au retour de la marchandise afin de r\u00e9duire le plus possible les temps d\u2019ex\u00e9cution.\r\n\r\n<strong>Module de d\u00e9contamination\r\n<\/strong>Au sens et pour les effets de la norme en vigueur, il est de la responsabilit\u00e9 de l\u2019utilisateur de proc\u00e9der au nettoyage et \u00e0 la d\u00e9contamination de tout le mat\u00e9riel qui est renvoy\u00e9 chez EMEC. Ce module permet d&#8217;analyser le niveau de dangerosit\u00e9 des substances chimiques entr\u00e9es en contact avec les instruments afin de pouvoir appliquer les mesures les plus adapt\u00e9es comme tutelle de nos employ\u00e9s.\r\nLe module doit \u00eatre enti\u00e8rement rempli et joint au Document de transport. La pr\u00e9sence du module de d\u00e9contamination est une condition indispensable pour l\u2019ouverture de l\u2019emballage et le dossier de travail correspondant. Si l\u2019exp\u00e9dition est constitu\u00e9e de plusieurs colis, un module doit \u00eatre rempli pour chaque produit.[\/vc_column_text][vc_row_inner][vc_column_inner width=&#8221;1\/3&#8243;][\/vc_column_inner][vc_column_inner width=&#8221;1\/3&#8243;]<a  href=\"https:\/\/www.emecpumps.com\/wp-content\/uploads\/2023\/08\/Moduli-accettazione-al-rientro_EN.pdf\" class=\"btn mb-2     btn-secondary d-flex w-100  justify-content-center  align-items-center     btn-rounded btn-normal\" target=\"_blank\" rel=\"noopener\"    ><svg class=\"pixfort-icon font-weight-bold   mr-2\" width=\"24\" height=\"24\"  data-name=\"Line\/pixfort-icon-page-down-1\" viewBox=\"2 2 20 20\"><path fill=\"none\" stroke=\"var(--pf-icon-color)\" stroke-linecap=\"round\" stroke-linejoin=\"round\" stroke-width=\"var(--pf-icon-stroke-width)\" d=\"M12,3 L12,17 M6,12 L12,18 L18,12 M3,21 L21,21\"\/><\/svg><span class=\"font-weight-bold \" >T\u00e9l\u00e9charger<\/span><\/a>[\/vc_column_inner][vc_column_inner width=&#8221;1\/3&#8243;][\/vc_column_inner][\/vc_row_inner]<div id=\"el1612254276318-1098ccac-a7b5\" class=\"w-100 d-block \"><\/div>[\/vc_column][\/vc_row]<\/div>","protected":false},"excerpt":{"rendered":"[vc_row full_width=&#8221;stretch_row&#8221; gap=&#8221;10&#8243; pix_particles_check=&#8221;&#8221; css=&#8221;.vc_custom_1610450323231{margin-top: 50px !important;}&#8221;][vc_column][vc_empty_space height=&#8221;50px&#8221;][vc_column_text css_animation=&#8221;fadeInUp&#8221;]Nos proc\u00e9dures de traitement des r\u00e9parations, sous garantie et hors garantie, sont constamment mises \u00e0 jour et optimis\u00e9es pour garantir une efficacit\u00e9 maximale, tant en termes d&#8217;organisation des processus que de rapidit\u00e9&#8230;","protected":false},"author":1,"featured_media":28153,"parent":0,"menu_order":0,"comment_status":"closed","ping_status":"closed","template":"","meta":{"lazy_load_responsive_images_disabled":false,"footnotes":""},"class_list":["post-28667","page","type-page","status-publish","has-post-thumbnail","hentry"],"yoast_head":"<!-- This site is optimized with the Yoast SEO plugin v26.6 - https:\/\/yoast.com\/wordpress\/plugins\/seo\/ -->\n<title>Rendus et r\u00e9parations - Emec - Pompes doseuses et syst\u00e8mes de d\u00e9sinfection<\/title>\n<meta name=\"description\" content=\"D\u00e9couvrez la proc\u00e9dure \u00e0 suivre et les formulaires \u00e0 consulter en cas de retour pour remplacement, r\u00e9paration ou autres besoins.\" \/>\n<meta name=\"robots\" content=\"index, follow, max-snippet:-1, max-image-preview:large, max-video-preview:-1\" \/>\n<link rel=\"canonical\" href=\"https:\/\/www.emecpumps.com\/fr\/returns-and-repairs\/\" \/>\n<meta property=\"og:locale\" content=\"fr_FR\" \/>\n<meta property=\"og:type\" content=\"article\" \/>\n<meta property=\"og:title\" content=\"Rendus et r\u00e9parations - Emec - Pompes doseuses et syst\u00e8mes de d\u00e9sinfection\" \/>\n<meta property=\"og:description\" content=\"D\u00e9couvrez la proc\u00e9dure \u00e0 suivre et les formulaires \u00e0 consulter en cas de retour pour remplacement, r\u00e9paration ou autres besoins.\" \/>\n<meta property=\"og:url\" content=\"https:\/\/www.emecpumps.com\/fr\/returns-and-repairs\/\" \/>\n<meta property=\"og:site_name\" content=\"Emec - Pompes doseuses et syst\u00e8mes de d\u00e9sinfection\" \/>\n<meta property=\"article:publisher\" content=\"https:\/\/www.facebook.com\/emecpumps\" \/>\n<meta property=\"article:modified_time\" content=\"2023-09-04T08:16:54+00:00\" \/>\n<meta property=\"og:image\" content=\"https:\/\/www.emecpumps.com\/wp-content\/uploads\/2021\/01\/logs.jpg\" \/>\n\t<meta property=\"og:image:width\" content=\"2369\" \/>\n\t<meta property=\"og:image:height\" content=\"1544\" \/>\n\t<meta property=\"og:image:type\" content=\"image\/jpeg\" \/>\n<meta name=\"twitter:card\" content=\"summary_large_image\" \/>\n<meta name=\"twitter:site\" content=\"@EMECpumps\" \/>\n<meta name=\"twitter:label1\" content=\"Dur\u00e9e de lecture estim\u00e9e\" \/>\n\t<meta name=\"twitter:data1\" content=\"2 minutes\" \/>\n<script type=\"application\/ld+json\" class=\"yoast-schema-graph\">{\"@context\":\"https:\/\/schema.org\",\"@graph\":[{\"@type\":\"WebPage\",\"@id\":\"https:\/\/www.emecpumps.com\/fr\/returns-and-repairs\/\",\"url\":\"https:\/\/www.emecpumps.com\/fr\/returns-and-repairs\/\",\"name\":\"Rendus et r\u00e9parations - Emec - Pompes doseuses et syst\u00e8mes de d\u00e9sinfection\",\"isPartOf\":{\"@id\":\"https:\/\/www.emecpumps.com\/fr\/#website\"},\"primaryImageOfPage\":{\"@id\":\"https:\/\/www.emecpumps.com\/fr\/returns-and-repairs\/#primaryimage\"},\"image\":{\"@id\":\"https:\/\/www.emecpumps.com\/fr\/returns-and-repairs\/#primaryimage\"},\"thumbnailUrl\":\"https:\/\/www.emecpumps.com\/wp-content\/uploads\/2021\/01\/logs.jpg\",\"datePublished\":\"2021-02-01T11:31:36+00:00\",\"dateModified\":\"2023-09-04T08:16:54+00:00\",\"description\":\"D\u00e9couvrez la proc\u00e9dure \u00e0 suivre et les formulaires \u00e0 consulter en cas de retour pour remplacement, r\u00e9paration ou autres besoins.\",\"breadcrumb\":{\"@id\":\"https:\/\/www.emecpumps.com\/fr\/returns-and-repairs\/#breadcrumb\"},\"inLanguage\":\"fr-FR\",\"potentialAction\":[{\"@type\":\"ReadAction\",\"target\":[\"https:\/\/www.emecpumps.com\/fr\/returns-and-repairs\/\"]}]},{\"@type\":\"ImageObject\",\"inLanguage\":\"fr-FR\",\"@id\":\"https:\/\/www.emecpumps.com\/fr\/returns-and-repairs\/#primaryimage\",\"url\":\"https:\/\/www.emecpumps.com\/wp-content\/uploads\/2021\/01\/logs.jpg\",\"contentUrl\":\"https:\/\/www.emecpumps.com\/wp-content\/uploads\/2021\/01\/logs.jpg\",\"width\":2369,\"height\":1544},{\"@type\":\"BreadcrumbList\",\"@id\":\"https:\/\/www.emecpumps.com\/fr\/returns-and-repairs\/#breadcrumb\",\"itemListElement\":[{\"@type\":\"ListItem\",\"position\":1,\"name\":\"Home\",\"item\":\"https:\/\/www.emecpumps.com\/fr\/\"},{\"@type\":\"ListItem\",\"position\":2,\"name\":\"Rendus et r\u00e9parations\"}]},{\"@type\":\"WebSite\",\"@id\":\"https:\/\/www.emecpumps.com\/fr\/#website\",\"url\":\"https:\/\/www.emecpumps.com\/fr\/\",\"name\":\"Emec Pumps - Pompe dosatrici e Sistemi di disinfezione\",\"description\":\"Pompes doseuses et syst\u00e8mes de d\u00e9sinfection\",\"publisher\":{\"@id\":\"https:\/\/www.emecpumps.com\/fr\/#organization\"},\"alternateName\":\"Emec\",\"potentialAction\":[{\"@type\":\"SearchAction\",\"target\":{\"@type\":\"EntryPoint\",\"urlTemplate\":\"https:\/\/www.emecpumps.com\/fr\/?s={search_term_string}\"},\"query-input\":{\"@type\":\"PropertyValueSpecification\",\"valueRequired\":true,\"valueName\":\"search_term_string\"}}],\"inLanguage\":\"fr-FR\"},{\"@type\":\"Organization\",\"@id\":\"https:\/\/www.emecpumps.com\/fr\/#organization\",\"name\":\"Emec Pumps - Pompe dosatrici e Sistemi di disinfezione\",\"url\":\"https:\/\/www.emecpumps.com\/fr\/\",\"logo\":{\"@type\":\"ImageObject\",\"inLanguage\":\"fr-FR\",\"@id\":\"https:\/\/www.emecpumps.com\/fr\/#\/schema\/logo\/image\/\",\"url\":\"https:\/\/www.emecpumps.com\/wp-content\/uploads\/2024\/01\/logo_emec.png\",\"contentUrl\":\"https:\/\/www.emecpumps.com\/wp-content\/uploads\/2024\/01\/logo_emec.png\",\"width\":470,\"height\":133,\"caption\":\"Emec Pumps - Pompe dosatrici e Sistemi di disinfezione\"},\"image\":{\"@id\":\"https:\/\/www.emecpumps.com\/fr\/#\/schema\/logo\/image\/\"},\"sameAs\":[\"https:\/\/www.facebook.com\/emecpumps\",\"https:\/\/x.com\/EMECpumps\",\"https:\/\/www.instagram.com\/emecpumps\/\",\"https:\/\/www.linkedin.com\/company\/2715607\/admin\/\"]}]}<\/script>\n<!-- \/ Yoast SEO plugin. -->","yoast_head_json":{"title":"Rendus et r\u00e9parations - Emec - Pompes doseuses et syst\u00e8mes de d\u00e9sinfection","description":"D\u00e9couvrez la proc\u00e9dure \u00e0 suivre et les formulaires \u00e0 consulter en cas de retour pour remplacement, r\u00e9paration ou autres besoins.","robots":{"index":"index","follow":"follow","max-snippet":"max-snippet:-1","max-image-preview":"max-image-preview:large","max-video-preview":"max-video-preview:-1"},"canonical":"https:\/\/www.emecpumps.com\/fr\/returns-and-repairs\/","og_locale":"fr_FR","og_type":"article","og_title":"Rendus et r\u00e9parations - Emec - Pompes doseuses et syst\u00e8mes de d\u00e9sinfection","og_description":"D\u00e9couvrez la proc\u00e9dure \u00e0 suivre et les formulaires \u00e0 consulter en cas de retour pour remplacement, r\u00e9paration ou autres besoins.","og_url":"https:\/\/www.emecpumps.com\/fr\/returns-and-repairs\/","og_site_name":"Emec - Pompes doseuses et syst\u00e8mes de d\u00e9sinfection","article_publisher":"https:\/\/www.facebook.com\/emecpumps","article_modified_time":"2023-09-04T08:16:54+00:00","og_image":[{"width":2369,"height":1544,"url":"https:\/\/www.emecpumps.com\/wp-content\/uploads\/2021\/01\/logs.jpg","type":"image\/jpeg"}],"twitter_card":"summary_large_image","twitter_site":"@EMECpumps","twitter_misc":{"Dur\u00e9e de lecture estim\u00e9e":"2 minutes"},"schema":{"@context":"https:\/\/schema.org","@graph":[{"@type":"WebPage","@id":"https:\/\/www.emecpumps.com\/fr\/returns-and-repairs\/","url":"https:\/\/www.emecpumps.com\/fr\/returns-and-repairs\/","name":"Rendus et r\u00e9parations - Emec - Pompes doseuses et syst\u00e8mes de d\u00e9sinfection","isPartOf":{"@id":"https:\/\/www.emecpumps.com\/fr\/#website"},"primaryImageOfPage":{"@id":"https:\/\/www.emecpumps.com\/fr\/returns-and-repairs\/#primaryimage"},"image":{"@id":"https:\/\/www.emecpumps.com\/fr\/returns-and-repairs\/#primaryimage"},"thumbnailUrl":"https:\/\/www.emecpumps.com\/wp-content\/uploads\/2021\/01\/logs.jpg","datePublished":"2021-02-01T11:31:36+00:00","dateModified":"2023-09-04T08:16:54+00:00","description":"D\u00e9couvrez la proc\u00e9dure \u00e0 suivre et les formulaires \u00e0 consulter en cas de retour pour remplacement, r\u00e9paration ou autres besoins.","breadcrumb":{"@id":"https:\/\/www.emecpumps.com\/fr\/returns-and-repairs\/#breadcrumb"},"inLanguage":"fr-FR","potentialAction":[{"@type":"ReadAction","target":["https:\/\/www.emecpumps.com\/fr\/returns-and-repairs\/"]}]},{"@type":"ImageObject","inLanguage":"fr-FR","@id":"https:\/\/www.emecpumps.com\/fr\/returns-and-repairs\/#primaryimage","url":"https:\/\/www.emecpumps.com\/wp-content\/uploads\/2021\/01\/logs.jpg","contentUrl":"https:\/\/www.emecpumps.com\/wp-content\/uploads\/2021\/01\/logs.jpg","width":2369,"height":1544},{"@type":"BreadcrumbList","@id":"https:\/\/www.emecpumps.com\/fr\/returns-and-repairs\/#breadcrumb","itemListElement":[{"@type":"ListItem","position":1,"name":"Home","item":"https:\/\/www.emecpumps.com\/fr\/"},{"@type":"ListItem","position":2,"name":"Rendus et r\u00e9parations"}]},{"@type":"WebSite","@id":"https:\/\/www.emecpumps.com\/fr\/#website","url":"https:\/\/www.emecpumps.com\/fr\/","name":"Emec Pumps - Pompe dosatrici e Sistemi di disinfezione","description":"Pompes doseuses et syst\u00e8mes de d\u00e9sinfection","publisher":{"@id":"https:\/\/www.emecpumps.com\/fr\/#organization"},"alternateName":"Emec","potentialAction":[{"@type":"SearchAction","target":{"@type":"EntryPoint","urlTemplate":"https:\/\/www.emecpumps.com\/fr\/?s={search_term_string}"},"query-input":{"@type":"PropertyValueSpecification","valueRequired":true,"valueName":"search_term_string"}}],"inLanguage":"fr-FR"},{"@type":"Organization","@id":"https:\/\/www.emecpumps.com\/fr\/#organization","name":"Emec Pumps - Pompe dosatrici e Sistemi di disinfezione","url":"https:\/\/www.emecpumps.com\/fr\/","logo":{"@type":"ImageObject","inLanguage":"fr-FR","@id":"https:\/\/www.emecpumps.com\/fr\/#\/schema\/logo\/image\/","url":"https:\/\/www.emecpumps.com\/wp-content\/uploads\/2024\/01\/logo_emec.png","contentUrl":"https:\/\/www.emecpumps.com\/wp-content\/uploads\/2024\/01\/logo_emec.png","width":470,"height":133,"caption":"Emec Pumps - Pompe dosatrici e Sistemi di disinfezione"},"image":{"@id":"https:\/\/www.emecpumps.com\/fr\/#\/schema\/logo\/image\/"},"sameAs":["https:\/\/www.facebook.com\/emecpumps","https:\/\/x.com\/EMECpumps","https:\/\/www.instagram.com\/emecpumps\/","https:\/\/www.linkedin.com\/company\/2715607\/admin\/"]}]}},"_links":{"self":[{"href":"https:\/\/www.emecpumps.com\/fr\/wp-json\/wp\/v2\/pages\/28667","targetHints":{"allow":["GET"]}}],"collection":[{"href":"https:\/\/www.emecpumps.com\/fr\/wp-json\/wp\/v2\/pages"}],"about":[{"href":"https:\/\/www.emecpumps.com\/fr\/wp-json\/wp\/v2\/types\/page"}],"author":[{"embeddable":true,"href":"https:\/\/www.emecpumps.com\/fr\/wp-json\/wp\/v2\/users\/1"}],"replies":[{"embeddable":true,"href":"https:\/\/www.emecpumps.com\/fr\/wp-json\/wp\/v2\/comments?post=28667"}],"version-history":[{"count":6,"href":"https:\/\/www.emecpumps.com\/fr\/wp-json\/wp\/v2\/pages\/28667\/revisions"}],"predecessor-version":[{"id":58888,"href":"https:\/\/www.emecpumps.com\/fr\/wp-json\/wp\/v2\/pages\/28667\/revisions\/58888"}],"wp:featuredmedia":[{"embeddable":true,"href":"https:\/\/www.emecpumps.com\/fr\/wp-json\/wp\/v2\/media\/28153"}],"wp:attachment":[{"href":"https:\/\/www.emecpumps.com\/fr\/wp-json\/wp\/v2\/media?parent=28667"}],"curies":[{"name":"wp","href":"https:\/\/api.w.org\/{rel}","templated":true}]}}