{"id":57245,"date":"2022-11-11T13:01:03","date_gmt":"2022-11-11T12:01:03","guid":{"rendered":"https:\/\/www.emecpumps.org\/ermes-il-sistema-di-controllo-online\/"},"modified":"2025-06-23T12:09:33","modified_gmt":"2025-06-23T11:09:33","slug":"ermes-systeme-de-controle-en-ligne","status":"publish","type":"page","link":"https:\/\/www.emecpumps.com\/fr\/ermes-systeme-de-controle-en-ligne\/","title":{"rendered":"ERMES &#8211; Syst\u00e8me de contr\u00f4le en ligne"},"content":{"rendered":"<div class=\"wpb-content-wrapper\">[vc_row full_width=&#8221;stretch_row&#8221; content_placement=&#8221;top&#8221; pix_particles_check=&#8221;&#8221; css=&#8221;.vc_custom_1611154581845{margin-bottom: 50px !important;background-position: 0 0 !important;background-repeat: no-repeat !important;}&#8221;][vc_column][vc_row_inner][vc_column_inner width=&#8221;1\/2&#8243;][vc_column_text]\r\n<h2><span style=\"color: #16502d;\"><strong>ERMES<\/strong><\/span><\/h2>\r\n<h5><span style=\"color: #63a75d;\">SYST\u00c8ME DE CONTR\u00d4LE EN LIGNE<\/span><\/h5>\r\n[\/vc_column_text][\/vc_column_inner][vc_column_inner width=&#8221;1\/2&#8243;][\/vc_column_inner][\/vc_row_inner][vc_row_inner][vc_column_inner width=&#8221;1\/2&#8243;][vc_column_text]\r\n<h4>Qu\u2019est-ce qu\u2019ERMES ?<\/h4>\r\n<p><strong>ERMES<\/strong>\u00a0est la plateforme de contr\u00f4le en ligne d\u2019EMEC bas\u00e9e sur cloud et accessible depuis le web ou un portable sur <a href=\"http:\/\/www.ermes-server.com\/\">www.ermes-server.com<\/a>. Elle permet de g\u00e9rer \u00e0 distance \u00e0 travers une interface web les syst\u00e8mes bas\u00e9s sur le contr\u00f4leur EMEC.<\/p>\r\n<p>Tout ce dont vous avez besoin est un contr\u00f4leur compatible EMEC connect\u00e9 \u00e0 Internet et \u00e0 un navigateur web.<\/p>\r\n<p><strong>Tous les contr\u00f4leurs EMEC les plus r\u00e9cents sont pr\u00e9dispos\u00e9s pour ERMES:<\/strong><\/p>\r\n<p>LOTUS<br \/>\r\nCENTURIO<br \/>\r\nMTOWER<br \/>\r\nWD<br \/>\r\nLD MULTICHANNEL<br \/>\r\nLDS<br \/>\r\nLD LOG<br \/>\r\nLDOSIN[\/vc_column_text][\/vc_column_inner][vc_column_inner width=&#8221;1\/2&#8243;][vc_column_text]\r\n<h4>Pourquoi le contr\u00f4le \u00e0 distance ?<\/h4>\r\n<p><strong>Avantages :<\/strong><\/p>\r\n<ul>\r\n<li>Visualiser les donn\u00e9es en temps r\u00e9el de n\u2019importe quel navigateur web<\/li>\r\n<li>Visualiser et t\u00e9l\u00e9charger les registres des donn\u00e9es<\/li>\r\n<li>Recevoir les alertes par courriel ou SMS<\/li>\r\n<li>Modifier les configurations programm\u00e9es \u00e0 distance<\/li>\r\n<li>Choix de la m\u00e9thode de connexion \u00e0 travers 4G, WiFi ou Ethernet<\/li>\r\n<\/ul>\r\n<p><strong>Acc\u00e9dez \u00e0 notre plateforme \u00e0 distance bas\u00e9e sur Cloud\u00a0<\/strong><br \/>\r\n<a href=\"http:\/\/www.ermes-server.com\/\">www.ermes-server.com<\/a>[\/vc_column_text][\/vc_column_inner][\/vc_row_inner][\/vc_column][\/vc_row][vc_row full_width=&#8221;stretch_row&#8221; content_placement=&#8221;top&#8221; top_divider_select=&#8221;dynamic&#8221; top_moving_divider_color=&#8221;%5B%7B%22d_color_1%22%3A%22%23f8f9fa%22%2C%22d_color_2%22%3A%22%23f8f9fa%22%7D%5D&#8221; pix_particles_check=&#8221;&#8221; css=&#8221;.vc_custom_1611748474053{margin-bottom: 50px !important;padding-top: 50px !important;background-color: #ffffff !important;background-position: 0 0 !important;background-repeat: no-repeat !important;}&#8221;][vc_column]<div id=\"el1611758016724-54347387-da56\" class=\"w-100 d-block \"><\/div>[vc_row_inner][vc_column_inner][vc_column_text]\r\n<h2>La versatilit\u00e9 et la puissance d\u2019ERMES<\/h2>\r\n<h5><span style=\"color: #63a75d;\">Connexion 4G\/Ethernet\/WiFi pour un contr\u00f4le \u00e0 distance complet<br \/>\r\n<\/span><\/h5>\r\n[\/vc_column_text][\/vc_column_inner][\/vc_row_inner][vc_row_inner][vc_column_inner][vc_column_text]Les contr\u00f4leurs EMEC avec des fonctionnalit\u00e9s <strong>ETHERNET<\/strong>, <strong>4G<\/strong> ou <strong>WiFi<\/strong> peuvent se connecter au r\u00e9seau et \u00eatre disponibles pour le contr\u00f4le \u00e0 distance \u00e0 travers le logiciel bas\u00e9 sur <strong>ERMES<\/strong>, accessible de n\u2019importe quel navigateur ou de n\u2019importe quel dispositif.[\/vc_column_text][\/vc_column_inner][\/vc_row_inner][vc_row_inner][vc_column_inner]<div class=\"pix-img-element d-inline-block \" ><div class=\"animate-in  d-inline-block\" data-anim-type=\"fade-in-up\" data-anim-delay=\"100\"><div class=\"pix-img-el    text-center d-inline-block  w-100 rounded-0\"  ><img decoding=\"async\" class=\"card-img2 pix-img-elem rounded-0  h-1002\" style=\"height:auto;\" width=\"2147\" height=\"2417\" srcset=\"https:\/\/www.emecpumps.com\/wp-content\/uploads\/2025\/06\/ermes_cloud_page.png 2147w, https:\/\/www.emecpumps.com\/wp-content\/uploads\/2025\/06\/ermes_cloud_page-622x700.png 622w, https:\/\/www.emecpumps.com\/wp-content\/uploads\/2025\/06\/ermes_cloud_page-910x1024.png 910w, https:\/\/www.emecpumps.com\/wp-content\/uploads\/2025\/06\/ermes_cloud_page-768x865.png 768w, https:\/\/www.emecpumps.com\/wp-content\/uploads\/2025\/06\/ermes_cloud_page-1364x1536.png 1364w, https:\/\/www.emecpumps.com\/wp-content\/uploads\/2025\/06\/ermes_cloud_page-1819x2048.png 1819w\" sizes=\"(max-width: 2147px) 100vw, 2147px\" src=\"https:\/\/www.emecpumps.com\/wp-content\/uploads\/2025\/06\/ermes_cloud_page.png\" alt=\"Image link\" \/><\/div><\/div><\/div>[\/vc_column_inner][\/vc_row_inner][\/vc_column][\/vc_row][vc_row full_width=&#8221;stretch_row&#8221; content_placement=&#8221;top&#8221; pix_particles_check=&#8221;&#8221; pix_overlay_color=&#8221;gray-1&#8243; css=&#8221;.vc_custom_1668163933950{margin-bottom: 50px !important;padding-top: 50px !important;background-color: #f6f6f6 !important;background-position: 0 0 !important;background-repeat: no-repeat !important;}&#8221;][vc_column width=&#8221;1\/2&#8243;]<div class=\"pix-img-element d-inline-block \" ><div class=\"animate-in  d-inline-block\" data-anim-type=\"slide-in-up\" data-anim-delay=\"0\"><div class=\"tilt\"><div class=\"pix-img-el    text-left d-inline-block  w-100 rounded-0\"  ><img decoding=\"async\" class=\"card-img2 pix-img-elem rounded-0  h-1002\" style=\"height:auto;\" width=\"719\" height=\"532\" srcset=\"https:\/\/www.emecpumps.com\/wp-content\/uploads\/2022\/11\/What-is-ERMES-dashboard.png 719w, https:\/\/www.emecpumps.com\/wp-content\/uploads\/2022\/11\/What-is-ERMES-dashboard-700x518.png 700w\" sizes=\"(max-width: 719px) 100vw, 719px\" src=\"https:\/\/www.emecpumps.com\/wp-content\/uploads\/2022\/11\/What-is-ERMES-dashboard.png\" alt=\"Image link\" \/><\/div><\/div><\/div><\/div>[\/vc_column][vc_column width=&#8221;1\/2&#8243;][vc_column_text]\r\n<h2>Que peut faire ERMES?<\/h2>\r\n[\/vc_column_text][vc_column_text]\u00c0 travers\u00a0<strong>ERMES<\/strong>\u00a0il est possible de superviser et de g\u00e9rer les param\u00e8tres et les fonctions des contr\u00f4leurs\u00a0<strong>EMEC<\/strong>, parmi lesquels :<\/p>\r\n<ul>\r\n<li>Les entr\u00e9es du contr\u00f4leur<\/li>\r\n<li>Les niveaux du r\u00e9servoir<\/li>\r\n<li>La temp\u00e9rature<\/li>\r\n<li>Les points de consigne et les configurations<\/li>\r\n<li>Les lectures<\/li>\r\n<li>Les registres<\/li>\r\n<li>Les graphiques<\/li>\r\n<\/ul>\r\n<p>Vous pourrez lire, analyser et modifier facilement les param\u00e8tres des syst\u00e8mes EMEC imm\u00e9diatement de votre Ordinateur, smartphone ou tablette, \u00e0 travers un navigateur web.[\/vc_column_text][vc_column_text]\r\n<h2>Toujours en contact<\/h2>\r\n[\/vc_column_text][vc_column_text]<strong>ERMES<\/strong>\u00a0peut vous tenir constamment inform\u00e9 par courriel ou SMS sur l\u2019\u00e9tat du syst\u00e8me et des \u00e9ventuelles alertes, avec diff\u00e9rentes options de rapport, en r\u00e9duisant consid\u00e9rablement le besoin de surveillance ou d\u2019inspections manuelles sur place.<\/p>\r\n<p>Vous avez la supervision, l\u2019analyse et la configuration r\u00e9elle, o\u00f9 que vous soyez.[\/vc_column_text][\/vc_column][\/vc_row][vc_row full_width=&#8221;stretch_row&#8221; content_placement=&#8221;top&#8221; pix_particles_check=&#8221;&#8221; pix_overlay_color=&#8221;white&#8221; css=&#8221;.vc_custom_1668164689383{margin-bottom: 50px !important;padding-top: 50px !important;background-color: #f6f6f6 !important;background-position: 0 0 !important;background-repeat: no-repeat !important;}&#8221;][vc_column width=&#8221;1\/2&#8243;]<div id=\"el1668164770261-ea90a914-a0d5\" class=\"w-100 d-block \"><\/div>[vc_column_text]\r\n<h2>Comment enregistrer votre syst\u00e8me et acc\u00e9der aux LOGS<\/h2>\r\n[\/vc_column_text][vc_column_text]Si votre contr\u00f4leur <strong>EMEC<\/strong>\u00a0est dot\u00e9 de connexion 4G, Wifi ou ETHERNET, vous pouvez le connecter imm\u00e9diatement \u00e0 ERMES en cr\u00e9ant votre compte gratuit.[\/vc_column_text][\/vc_column][vc_column width=&#8221;1\/2&#8243;]<div id=\"el1668164783494-d15aeae5-44b5\" class=\"w-100 d-block \"><\/div>[vc_video link=&#8221;https:\/\/youtu.be\/Fd7naA8jWds&#8221; align=&#8221;center&#8221;][\/vc_column][\/vc_row]\r\n<\/div>","protected":false},"excerpt":{"rendered":"[vc_row full_width=&#8221;stretch_row&#8221; content_placement=&#8221;top&#8221; pix_particles_check=&#8221;&#8221; css=&#8221;.vc_custom_1611154581845{margin-bottom: 50px !important;background-position: 0 0 !important;background-repeat: no-repeat !important;}&#8221;][vc_column][vc_row_inner][vc_column_inner width=&#8221;1\/2&#8243;][vc_column_text] ERMES SYST\u00c8ME DE CONTR\u00d4LE EN LIGNE [\/vc_column_text][\/vc_column_inner][vc_column_inner width=&#8221;1\/2&#8243;][\/vc_column_inner][\/vc_row_inner][vc_row_inner][vc_column_inner width=&#8221;1\/2&#8243;][vc_column_text] Qu\u2019est-ce qu\u2019ERMES ? ERMES\u00a0est la plateforme de contr\u00f4le en ligne d\u2019EMEC bas\u00e9e sur cloud et accessible depuis le&#8230;","protected":false},"author":1,"featured_media":28153,"parent":0,"menu_order":0,"comment_status":"closed","ping_status":"closed","template":"","meta":{"lazy_load_responsive_images_disabled":false,"footnotes":""},"class_list":["post-57245","page","type-page","status-publish","has-post-thumbnail","hentry"],"yoast_head":"<!-- This site is optimized with the Yoast SEO plugin v26.6 - https:\/\/yoast.com\/wordpress\/plugins\/seo\/ -->\n<title>ERMES - Syst\u00e8me de contr\u00f4le en ligne - Emec - Pompes doseuses et syst\u00e8mes de d\u00e9sinfection<\/title>\n<meta name=\"robots\" content=\"index, follow, max-snippet:-1, max-image-preview:large, max-video-preview:-1\" \/>\n<link rel=\"canonical\" href=\"https:\/\/www.emecpumps.com\/fr\/ermes-systeme-de-controle-en-ligne\/\" \/>\n<meta property=\"og:locale\" content=\"fr_FR\" \/>\n<meta property=\"og:type\" content=\"article\" \/>\n<meta property=\"og:title\" content=\"ERMES - Syst\u00e8me de contr\u00f4le en ligne - Emec - Pompes doseuses et syst\u00e8mes de d\u00e9sinfection\" \/>\n<meta property=\"og:description\" content=\"[vc_row full_width=&#8221;stretch_row&#8221; content_placement=&#8221;top&#8221; pix_particles_check=&#8221;&#8221; css=&#8221;.vc_custom_1611154581845{margin-bottom: 50px !important;background-position: 0 0 !important;background-repeat: no-repeat !important;}&#8221;][vc_column][vc_row_inner][vc_column_inner width=&#8221;1\/2&#8243;][vc_column_text] ERMES SYST\u00c8ME DE CONTR\u00d4LE EN LIGNE [\/vc_column_text][\/vc_column_inner][vc_column_inner width=&#8221;1\/2&#8243;][\/vc_column_inner][\/vc_row_inner][vc_row_inner][vc_column_inner width=&#8221;1\/2&#8243;][vc_column_text] Qu\u2019est-ce qu\u2019ERMES ? ERMES\u00a0est la plateforme de contr\u00f4le en ligne d\u2019EMEC bas\u00e9e sur cloud et accessible depuis le...\" \/>\n<meta property=\"og:url\" content=\"https:\/\/www.emecpumps.com\/fr\/ermes-systeme-de-controle-en-ligne\/\" \/>\n<meta property=\"og:site_name\" content=\"Emec - Pompes doseuses et syst\u00e8mes de d\u00e9sinfection\" \/>\n<meta property=\"article:publisher\" content=\"https:\/\/www.facebook.com\/emecpumps\" \/>\n<meta property=\"article:modified_time\" content=\"2025-06-23T11:09:33+00:00\" \/>\n<meta property=\"og:image\" content=\"https:\/\/www.emecpumps.com\/wp-content\/uploads\/2021\/01\/logs.jpg\" \/>\n\t<meta property=\"og:image:width\" content=\"2369\" \/>\n\t<meta property=\"og:image:height\" content=\"1544\" \/>\n\t<meta property=\"og:image:type\" content=\"image\/jpeg\" \/>\n<meta name=\"twitter:card\" content=\"summary_large_image\" \/>\n<meta name=\"twitter:site\" content=\"@EMECpumps\" \/>\n<meta name=\"twitter:label1\" content=\"Dur\u00e9e de lecture estim\u00e9e\" \/>\n\t<meta name=\"twitter:data1\" content=\"4 minutes\" \/>\n<script type=\"application\/ld+json\" class=\"yoast-schema-graph\">{\"@context\":\"https:\/\/schema.org\",\"@graph\":[{\"@type\":\"WebPage\",\"@id\":\"https:\/\/www.emecpumps.com\/fr\/ermes-systeme-de-controle-en-ligne\/\",\"url\":\"https:\/\/www.emecpumps.com\/fr\/ermes-systeme-de-controle-en-ligne\/\",\"name\":\"ERMES - Syst\u00e8me de contr\u00f4le en ligne - Emec - Pompes doseuses et syst\u00e8mes de d\u00e9sinfection\",\"isPartOf\":{\"@id\":\"https:\/\/www.emecpumps.com\/fr\/#website\"},\"primaryImageOfPage\":{\"@id\":\"https:\/\/www.emecpumps.com\/fr\/ermes-systeme-de-controle-en-ligne\/#primaryimage\"},\"image\":{\"@id\":\"https:\/\/www.emecpumps.com\/fr\/ermes-systeme-de-controle-en-ligne\/#primaryimage\"},\"thumbnailUrl\":\"https:\/\/www.emecpumps.com\/wp-content\/uploads\/2021\/01\/logs.jpg\",\"datePublished\":\"2022-11-11T12:01:03+00:00\",\"dateModified\":\"2025-06-23T11:09:33+00:00\",\"breadcrumb\":{\"@id\":\"https:\/\/www.emecpumps.com\/fr\/ermes-systeme-de-controle-en-ligne\/#breadcrumb\"},\"inLanguage\":\"fr-FR\",\"potentialAction\":[{\"@type\":\"ReadAction\",\"target\":[\"https:\/\/www.emecpumps.com\/fr\/ermes-systeme-de-controle-en-ligne\/\"]}]},{\"@type\":\"ImageObject\",\"inLanguage\":\"fr-FR\",\"@id\":\"https:\/\/www.emecpumps.com\/fr\/ermes-systeme-de-controle-en-ligne\/#primaryimage\",\"url\":\"https:\/\/www.emecpumps.com\/wp-content\/uploads\/2021\/01\/logs.jpg\",\"contentUrl\":\"https:\/\/www.emecpumps.com\/wp-content\/uploads\/2021\/01\/logs.jpg\",\"width\":2369,\"height\":1544},{\"@type\":\"BreadcrumbList\",\"@id\":\"https:\/\/www.emecpumps.com\/fr\/ermes-systeme-de-controle-en-ligne\/#breadcrumb\",\"itemListElement\":[{\"@type\":\"ListItem\",\"position\":1,\"name\":\"Home\",\"item\":\"https:\/\/www.emecpumps.com\/fr\/\"},{\"@type\":\"ListItem\",\"position\":2,\"name\":\"ERMES &#8211; Syst\u00e8me de contr\u00f4le en ligne\"}]},{\"@type\":\"WebSite\",\"@id\":\"https:\/\/www.emecpumps.com\/fr\/#website\",\"url\":\"https:\/\/www.emecpumps.com\/fr\/\",\"name\":\"Emec Pumps - Pompe dosatrici e Sistemi di disinfezione\",\"description\":\"Pompes doseuses et syst\u00e8mes de d\u00e9sinfection\",\"publisher\":{\"@id\":\"https:\/\/www.emecpumps.com\/fr\/#organization\"},\"alternateName\":\"Emec\",\"potentialAction\":[{\"@type\":\"SearchAction\",\"target\":{\"@type\":\"EntryPoint\",\"urlTemplate\":\"https:\/\/www.emecpumps.com\/fr\/?s={search_term_string}\"},\"query-input\":{\"@type\":\"PropertyValueSpecification\",\"valueRequired\":true,\"valueName\":\"search_term_string\"}}],\"inLanguage\":\"fr-FR\"},{\"@type\":\"Organization\",\"@id\":\"https:\/\/www.emecpumps.com\/fr\/#organization\",\"name\":\"Emec Pumps - Pompe dosatrici e Sistemi di disinfezione\",\"url\":\"https:\/\/www.emecpumps.com\/fr\/\",\"logo\":{\"@type\":\"ImageObject\",\"inLanguage\":\"fr-FR\",\"@id\":\"https:\/\/www.emecpumps.com\/fr\/#\/schema\/logo\/image\/\",\"url\":\"https:\/\/www.emecpumps.com\/wp-content\/uploads\/2024\/01\/logo_emec.png\",\"contentUrl\":\"https:\/\/www.emecpumps.com\/wp-content\/uploads\/2024\/01\/logo_emec.png\",\"width\":470,\"height\":133,\"caption\":\"Emec Pumps - Pompe dosatrici e Sistemi di disinfezione\"},\"image\":{\"@id\":\"https:\/\/www.emecpumps.com\/fr\/#\/schema\/logo\/image\/\"},\"sameAs\":[\"https:\/\/www.facebook.com\/emecpumps\",\"https:\/\/x.com\/EMECpumps\",\"https:\/\/www.instagram.com\/emecpumps\/\",\"https:\/\/www.linkedin.com\/company\/2715607\/admin\/\"]}]}<\/script>\n<!-- \/ Yoast SEO plugin. -->","yoast_head_json":{"title":"ERMES - Syst\u00e8me de contr\u00f4le en ligne - Emec - Pompes doseuses et syst\u00e8mes de d\u00e9sinfection","robots":{"index":"index","follow":"follow","max-snippet":"max-snippet:-1","max-image-preview":"max-image-preview:large","max-video-preview":"max-video-preview:-1"},"canonical":"https:\/\/www.emecpumps.com\/fr\/ermes-systeme-de-controle-en-ligne\/","og_locale":"fr_FR","og_type":"article","og_title":"ERMES - Syst\u00e8me de contr\u00f4le en ligne - Emec - Pompes doseuses et syst\u00e8mes de d\u00e9sinfection","og_description":"[vc_row full_width=&#8221;stretch_row&#8221; content_placement=&#8221;top&#8221; pix_particles_check=&#8221;&#8221; css=&#8221;.vc_custom_1611154581845{margin-bottom: 50px !important;background-position: 0 0 !important;background-repeat: no-repeat !important;}&#8221;][vc_column][vc_row_inner][vc_column_inner width=&#8221;1\/2&#8243;][vc_column_text] ERMES SYST\u00c8ME DE CONTR\u00d4LE EN LIGNE [\/vc_column_text][\/vc_column_inner][vc_column_inner width=&#8221;1\/2&#8243;][\/vc_column_inner][\/vc_row_inner][vc_row_inner][vc_column_inner width=&#8221;1\/2&#8243;][vc_column_text] Qu\u2019est-ce qu\u2019ERMES ? ERMES\u00a0est la plateforme de contr\u00f4le en ligne d\u2019EMEC bas\u00e9e sur cloud et accessible depuis le...","og_url":"https:\/\/www.emecpumps.com\/fr\/ermes-systeme-de-controle-en-ligne\/","og_site_name":"Emec - Pompes doseuses et syst\u00e8mes de d\u00e9sinfection","article_publisher":"https:\/\/www.facebook.com\/emecpumps","article_modified_time":"2025-06-23T11:09:33+00:00","og_image":[{"width":2369,"height":1544,"url":"https:\/\/www.emecpumps.com\/wp-content\/uploads\/2021\/01\/logs.jpg","type":"image\/jpeg"}],"twitter_card":"summary_large_image","twitter_site":"@EMECpumps","twitter_misc":{"Dur\u00e9e de lecture estim\u00e9e":"4 minutes"},"schema":{"@context":"https:\/\/schema.org","@graph":[{"@type":"WebPage","@id":"https:\/\/www.emecpumps.com\/fr\/ermes-systeme-de-controle-en-ligne\/","url":"https:\/\/www.emecpumps.com\/fr\/ermes-systeme-de-controle-en-ligne\/","name":"ERMES - Syst\u00e8me de contr\u00f4le en ligne - Emec - Pompes doseuses et syst\u00e8mes de d\u00e9sinfection","isPartOf":{"@id":"https:\/\/www.emecpumps.com\/fr\/#website"},"primaryImageOfPage":{"@id":"https:\/\/www.emecpumps.com\/fr\/ermes-systeme-de-controle-en-ligne\/#primaryimage"},"image":{"@id":"https:\/\/www.emecpumps.com\/fr\/ermes-systeme-de-controle-en-ligne\/#primaryimage"},"thumbnailUrl":"https:\/\/www.emecpumps.com\/wp-content\/uploads\/2021\/01\/logs.jpg","datePublished":"2022-11-11T12:01:03+00:00","dateModified":"2025-06-23T11:09:33+00:00","breadcrumb":{"@id":"https:\/\/www.emecpumps.com\/fr\/ermes-systeme-de-controle-en-ligne\/#breadcrumb"},"inLanguage":"fr-FR","potentialAction":[{"@type":"ReadAction","target":["https:\/\/www.emecpumps.com\/fr\/ermes-systeme-de-controle-en-ligne\/"]}]},{"@type":"ImageObject","inLanguage":"fr-FR","@id":"https:\/\/www.emecpumps.com\/fr\/ermes-systeme-de-controle-en-ligne\/#primaryimage","url":"https:\/\/www.emecpumps.com\/wp-content\/uploads\/2021\/01\/logs.jpg","contentUrl":"https:\/\/www.emecpumps.com\/wp-content\/uploads\/2021\/01\/logs.jpg","width":2369,"height":1544},{"@type":"BreadcrumbList","@id":"https:\/\/www.emecpumps.com\/fr\/ermes-systeme-de-controle-en-ligne\/#breadcrumb","itemListElement":[{"@type":"ListItem","position":1,"name":"Home","item":"https:\/\/www.emecpumps.com\/fr\/"},{"@type":"ListItem","position":2,"name":"ERMES &#8211; Syst\u00e8me de contr\u00f4le en ligne"}]},{"@type":"WebSite","@id":"https:\/\/www.emecpumps.com\/fr\/#website","url":"https:\/\/www.emecpumps.com\/fr\/","name":"Emec Pumps - Pompe dosatrici e Sistemi di disinfezione","description":"Pompes doseuses et syst\u00e8mes de d\u00e9sinfection","publisher":{"@id":"https:\/\/www.emecpumps.com\/fr\/#organization"},"alternateName":"Emec","potentialAction":[{"@type":"SearchAction","target":{"@type":"EntryPoint","urlTemplate":"https:\/\/www.emecpumps.com\/fr\/?s={search_term_string}"},"query-input":{"@type":"PropertyValueSpecification","valueRequired":true,"valueName":"search_term_string"}}],"inLanguage":"fr-FR"},{"@type":"Organization","@id":"https:\/\/www.emecpumps.com\/fr\/#organization","name":"Emec Pumps - Pompe dosatrici e Sistemi di disinfezione","url":"https:\/\/www.emecpumps.com\/fr\/","logo":{"@type":"ImageObject","inLanguage":"fr-FR","@id":"https:\/\/www.emecpumps.com\/fr\/#\/schema\/logo\/image\/","url":"https:\/\/www.emecpumps.com\/wp-content\/uploads\/2024\/01\/logo_emec.png","contentUrl":"https:\/\/www.emecpumps.com\/wp-content\/uploads\/2024\/01\/logo_emec.png","width":470,"height":133,"caption":"Emec Pumps - Pompe dosatrici e Sistemi di disinfezione"},"image":{"@id":"https:\/\/www.emecpumps.com\/fr\/#\/schema\/logo\/image\/"},"sameAs":["https:\/\/www.facebook.com\/emecpumps","https:\/\/x.com\/EMECpumps","https:\/\/www.instagram.com\/emecpumps\/","https:\/\/www.linkedin.com\/company\/2715607\/admin\/"]}]}},"_links":{"self":[{"href":"https:\/\/www.emecpumps.com\/fr\/wp-json\/wp\/v2\/pages\/57245","targetHints":{"allow":["GET"]}}],"collection":[{"href":"https:\/\/www.emecpumps.com\/fr\/wp-json\/wp\/v2\/pages"}],"about":[{"href":"https:\/\/www.emecpumps.com\/fr\/wp-json\/wp\/v2\/types\/page"}],"author":[{"embeddable":true,"href":"https:\/\/www.emecpumps.com\/fr\/wp-json\/wp\/v2\/users\/1"}],"replies":[{"embeddable":true,"href":"https:\/\/www.emecpumps.com\/fr\/wp-json\/wp\/v2\/comments?post=57245"}],"version-history":[{"count":6,"href":"https:\/\/www.emecpumps.com\/fr\/wp-json\/wp\/v2\/pages\/57245\/revisions"}],"predecessor-version":[{"id":72929,"href":"https:\/\/www.emecpumps.com\/fr\/wp-json\/wp\/v2\/pages\/57245\/revisions\/72929"}],"wp:featuredmedia":[{"embeddable":true,"href":"https:\/\/www.emecpumps.com\/fr\/wp-json\/wp\/v2\/media\/28153"}],"wp:attachment":[{"href":"https:\/\/www.emecpumps.com\/fr\/wp-json\/wp\/v2\/media?parent=57245"}],"curies":[{"name":"wp","href":"https:\/\/api.w.org\/{rel}","templated":true}]}}