{"id":57388,"date":"2021-04-15T14:50:54","date_gmt":"2021-04-15T13:50:54","guid":{"rendered":"https:\/\/www.emecpumps.org\/sistemi-per-torri-di-raffreddamento\/"},"modified":"2025-08-28T14:15:18","modified_gmt":"2025-08-28T13:15:18","slug":"systemes-de-tours-de-refroidissement","status":"publish","type":"page","link":"https:\/\/www.emecpumps.com\/fr\/systemes-de-tours-de-refroidissement\/","title":{"rendered":"Syst\u00e8mes de tours de refroidissement"},"content":{"rendered":"<div class=\"wpb-content-wrapper\">[vc_row full_width=&#8221;stretch_row&#8221; gap=&#8221;10&#8243; pix_particles_check=&#8221;&#8221; css=&#8221;.vc_custom_1610450323231{margin-top: 50px !important;}&#8221;][vc_column width=&#8221;1\/2&#8243;]<div class=\"pix-img-element d-inline-block \" ><div class=\"tilt_big\"><div class=\"pix-img-el    text-left d-inline-block  w-100 rounded-0\"  data-jarallax-element=\"100 100\" data-xaxis=\"100\" data-yaxis=\"100\"><img decoding=\"async\" class=\"card-img2 pix-img-elem rounded-0  h-1002\" style=\"height:auto;\" width=\"2560\" height=\"1707\" srcset=\"https:\/\/www.emecpumps.com\/wp-content\/uploads\/2022\/12\/thermal-power-plant-at-dusk-scaled.jpeg 2560w, https:\/\/www.emecpumps.com\/wp-content\/uploads\/2022\/12\/thermal-power-plant-at-dusk-700x467.jpeg 700w, https:\/\/www.emecpumps.com\/wp-content\/uploads\/2022\/12\/thermal-power-plant-at-dusk-1024x683.jpeg 1024w, https:\/\/www.emecpumps.com\/wp-content\/uploads\/2022\/12\/thermal-power-plant-at-dusk-768x512.jpeg 768w, https:\/\/www.emecpumps.com\/wp-content\/uploads\/2022\/12\/thermal-power-plant-at-dusk-1536x1024.jpeg 1536w, https:\/\/www.emecpumps.com\/wp-content\/uploads\/2022\/12\/thermal-power-plant-at-dusk-2048x1365.jpeg 2048w\" sizes=\"(max-width: 2560px) 100vw, 2560px\" src=\"https:\/\/www.emecpumps.com\/wp-content\/uploads\/2022\/12\/thermal-power-plant-at-dusk-scaled.jpeg\" alt=\"Image link\" \/><\/div><\/div><\/div>[\/vc_column][vc_column width=&#8221;1\/2&#8243;][vc_empty_space height=&#8221;50px&#8221;][vc_column_text css_animation=&#8221;fadeInUp&#8221;]\r\n<h5 style=\"text-align: left;\"><span style=\"color: #2dc84d;\">LA GESTION LA PLUS EFFICACE DES SYST\u00c8MES DES TOURS DE REFROIDISSEMENT<\/span><\/h5>\r\n<p style=\"text-align: left;\"><strong>Depuis le tout d\u00e9but, EMEC a recherch\u00e9 les solutions les plus compl\u00e8tes pour offrir le meilleur rendement possible dans le fonctionnement des tours de refroidissement.<\/strong><\/p>\r\n<p style=\"text-align: left;\">Avec notre exp\u00e9rience nous proposons maintenant des solutions pour les syst\u00e8mes de tours de refroidissement aussi bien pour le secteur civil, comme les h\u00f4pitaux, grands immeubles d\u2019habitation, centres commerciaux, que pour les industries comme les industries alimentaires, du papier, pharmaceutiques, de raffineries de sucre, l\u2019industrie chimique jusqu&#8217;\u00e0 l&#8217;industrie lourde des aci\u00e9ries Pour ceux qui construisent des tours de refroidissement et ceux qui sont impliqu\u00e9s dans le traitement de l\u2019eau et notamment dans la production de produits chimiques.<\/p>\r\n[\/vc_column_text]<a  href=\"https:\/\/www.emecpumps.com\/wp-content\/uploads\/2025\/08\/20201120_Catalogo_Torri_2025_FRA-Cool-Grey-8-compresso.pdf\" class=\"btn mb-2     btn-primary btn-flat d-inline-flex align-items-center      btn-md\" target=\"_blank\" rel=\"noopener\"    ><svg class=\"pixfort-icon font-weight-bold   mr-2\" width=\"24\" height=\"24\"  data-name=\"Line\/pixfort-icon-page-down-1\" viewBox=\"2 2 20 20\"><path fill=\"none\" stroke=\"var(--pf-icon-color)\" stroke-linecap=\"round\" stroke-linejoin=\"round\" stroke-width=\"var(--pf-icon-stroke-width)\" d=\"M12,3 L12,17 M6,12 L12,18 L18,12 M3,21 L21,21\"\/><\/svg><span class=\"font-weight-bold \" >CATALOGUE TOURS (PDF)<\/span><\/a>[\/vc_column][\/vc_row][vc_row full_width=&#8221;stretch_row&#8221; gap=&#8221;10&#8243; pix_particles_check=&#8221;&#8221; css=&#8221;.vc_custom_1610450323231{margin-top: 50px !important;}&#8221;][vc_column][vc_empty_space height=&#8221;50px&#8221;][vc_column_text css_animation=&#8221;fadeInUp&#8221;]\r\n<h3>Tours de refroidissement, comment elles fonctionnent<\/h3>\r\n<p>&nbsp;<\/p>\r\n<p style=\"text-align: left;\">Les tours de refroidissement peuvent baisser la temp\u00e9rature de l\u2019eau dans une installation, civile ou industrielle, en \u00e9vaporant une quantit\u00e9 d\u2019eau faible mais suffisante pour g\u00e9n\u00e9rer un refroidissement de toute la masse en circulation, en lui permettant d\u2019\u00eatre r\u00e9utilis\u00e9e (\u00e0 une temp\u00e9rature plus basse) et en limitant donc la consommation.<\/p>\r\n<p style=\"text-align: left;\">Pour un syst\u00e8me de refroidissement efficace, toutefois, un contr\u00f4le continu et, surtout un traitement attentif de l\u2019eau sont fondamentaux pour emp\u00eacher aussi bien la corrosion des composants du syst\u00e8me que la formation de biofilm bact\u00e9rien ou d\u2019autres composants biologiques potentiellement dangereux.<\/p>\r\n[\/vc_column_text][\/vc_column][\/vc_row][vc_row full_width=&#8221;stretch_row&#8221; parallax=&#8221;content-moving&#8221; parallax_image=&#8221;23923&#8243; pix_over_visibility=&#8221;1&#8243; pix_particles_check=&#8221;&#8221; css=&#8221;.vc_custom_1618496543312{margin-top: 50px !important;background-color: #ffffff !important;}&#8221;][vc_column][vc_empty_space height=&#8221;600px&#8221;][\/vc_column][\/vc_row][vc_row full_width=&#8221;stretch_row&#8221; gap=&#8221;10&#8243; pix_particles_check=&#8221;&#8221; css=&#8221;.vc_custom_1610450323231{margin-top: 50px !important;}&#8221;][vc_column][vc_empty_space height=&#8221;50px&#8221;][vc_column_text css_animation=&#8221;fadeInUp&#8221;]\r\n<h3>Les solutions EMEC<\/h3>\r\n<p>&nbsp;<\/p>\r\n<p style=\"text-align: left;\">Des solutions pr\u00eates \u00e0 l\u2019emploi ont \u00e9t\u00e9 choisies pour leur facilit\u00e9 d\u2019utilisation, dans le but d\u2019avoir tout l\u2019\u00e9quipement au m\u00eame endroit de mani\u00e8re compacte, au lieu de le diviser dans de nombreux emplacements. \u00c9tant donn\u00e9 la n\u00e9cessit\u00e9 de manipuler souvent des produits chimiques agressifs, nos solutions sont \u00e9galement con\u00e7ues pour sauvegarder la s\u00e9curit\u00e9 des op\u00e9rateurs.<\/p>\r\n[\/vc_column_text][\/vc_column][\/vc_row][vc_row full_width=&#8221;stretch_row&#8221; gap=&#8221;10&#8243; pix_particles_check=&#8221;&#8221; css=&#8221;.vc_custom_1610450323231{margin-top: 50px !important;}&#8221;][vc_column width=&#8221;1\/2&#8243;][vc_empty_space height=&#8221;50px&#8221;][vc_column_text css_animation=&#8221;fadeInUp&#8221;]\r\n<h4>SOLUTIONS HYDRAULIQUES<\/h4>\r\n<ul>\r\n<li style=\"text-align: left;\">Supports de sondes Unique<\/li>\r\n<li style=\"text-align: left;\">Tuyauterie ou collecteurs pour pouvoir mesurer et injecter les produits chimiques utilis\u00e9s pour le conditionnement<\/li>\r\n<li style=\"text-align: left;\">Tuyauterie ou collecteurs pour g\u00e9rer la purge sur le panneau mais pas l\u2019injection du produit chimique<\/li>\r\n<li style=\"text-align: left;\">Tuyauterie ou collecteurs pour mesurer, injection mais \u00e9galement purge directement sur le panneau<\/li>\r\n<\/ul>\r\n[\/vc_column_text][vc_column_text css_animation=&#8221;fadeInUp&#8221;]\r\n<h4>SOLUTIONS COMPACTES ET FIABLES<\/h4>\r\n<ul>\r\n<li style=\"text-align: left;\">Mesure de la conductivit\u00e9 dans l\u2019eau de recirculatiion pour purge avec vanne motoris\u00e9e pour maintenir la salinit\u00e9<\/li>\r\n<li style=\"text-align: left;\">En cas de changements, mesure seconde conductivit\u00e9 pour l\u2019eau d\u2019appoint, avec ouverture de purge successive<\/li>\r\n<li style=\"text-align: left;\">Mesure du d\u00e9bit d\u2019eau d\u2019appoint et\/ou d\u00e9bit de purge pour le contr\u00f4le des cycles de concentration, avec totaliseur<\/li>\r\n<li style=\"text-align: left;\">Mesure pH pour tours pH contr\u00f4l\u00e9es avec dosage d\u2019acide et \u00e9ventuelle redondance (c\u2019est-\u00e0-dire deux mesures du pH, avec la seconde pour contr\u00f4ler la premi\u00e8re)<\/li>\r\n<li style=\"text-align: left;\">Mesure potentiel Redox ou hypochlorite ou hypobromite ou contr\u00f4le\/dosage biocides oxydants<\/li>\r\n<li style=\"text-align: left;\">Minuties pour dose de choc de biocides<\/li>\r\n<li style=\"text-align: left;\">Mesure de produit traceur, mesure ppm du produit dos\u00e9<\/li>\r\n<li style=\"text-align: left;\">Mesure corrosion avec capteurs en diff\u00e9rents mat\u00e9riels pour voir MPY<\/li>\r\n<li style=\"text-align: left;\">Mesure de la turbidit\u00e9<\/li>\r\n<li style=\"text-align: left;\">Dosage de divers produits, en fonction du d\u00e9bit ou mesure analytique o minuterie<\/li>\r\n<\/ul>\r\n[\/vc_column_text][\/vc_column][vc_column width=&#8221;1\/2&#8243;][vc_empty_space height=&#8221;50px&#8221;][vc_column_text css_animation=&#8221;fadeInUp&#8221;]\r\n<h4 style=\"text-align: left;\"><span style=\"color: #2dc84d;\">PANNEAUX PR\u00c9ASSEMBL\u00c9S<\/span><\/h4>\r\n<p>&nbsp;<\/p>\r\n<p style=\"text-align: left;\">Les pompes de dosage EMEC et les syst\u00e8mes de mesure et de contr\u00f4le peuvent \u00eatre assembl\u00e9s sur les panneaux selon des combinaisons sp\u00e9cifiques afin d\u2019offrir des solutions cl\u00e9s en main pour les syst\u00e8mes tours de refroidissement.<\/p>\r\n<p style=\"text-align: left;\">Les panneaux pr\u00e9-assembl\u00e9s peuvent disposer de:<\/p>\r\n<ul>\r\n<li style=\"text-align: left;\">pompes, contr\u00f4leurs ou \u00e9l\u00e9ments qui appartiennent au client et qui sont assembl\u00e9s par EMEC<\/li>\r\n<li style=\"text-align: left;\">logos personnalis\u00e9s<\/li>\r\n<li style=\"text-align: left;\">fonds s\u00e9lectionn\u00e9s par le client<\/li>\r\n<li style=\"text-align: left;\">tailles personnalis\u00e9es<\/li>\r\n<li style=\"text-align: left;\">panneaux d\u2019alimentation personnalis\u00e9s<\/li>\r\n<\/ul>\r\n<p>&nbsp;<\/p>\r\n<h4 style=\"text-align: left;\"><span style=\"color: #2dc84d;\">SYST\u00c8MES SUR CALES OU DANS DES CABINES PERSONNALIS\u00c9ES<\/span><\/h4>\r\n<p style=\"text-align: left;\">La cale en acier inoxydable ou en mati\u00e8re plastique est con\u00e7ue et fabriqu\u00e9e selon les besoins des clients. En plus de la solution sur des cales, il est possible de cr\u00e9er des installations de dosage dans une cabine, protection d&#8217;\u00e9cran ou avec fen\u00eatre. Panneau de contr\u00f4le \u00e9lectrique con\u00e7u pour contr\u00f4ler toute la solution assembl\u00e9e.<\/p>\r\n<p style=\"text-align: left;\">Le produit final comprend les branchements \u00e9lectriques et hydrauliques pr\u00eats pour l\u2019installation.<\/p>\r\n[\/vc_column_text][\/vc_column][\/vc_row]\r\n<\/div>","protected":false},"excerpt":{"rendered":"[vc_row full_width=&#8221;stretch_row&#8221; gap=&#8221;10&#8243; pix_particles_check=&#8221;&#8221; css=&#8221;.vc_custom_1610450323231{margin-top: 50px !important;}&#8221;][vc_column width=&#8221;1\/2&#8243;][\/vc_column][vc_column width=&#8221;1\/2&#8243;][vc_empty_space height=&#8221;50px&#8221;][vc_column_text css_animation=&#8221;fadeInUp&#8221;] LA GESTION LA PLUS EFFICACE DES SYST\u00c8MES DES TOURS DE REFROIDISSEMENT Depuis le tout d\u00e9but, EMEC a recherch\u00e9 les solutions les plus compl\u00e8tes pour offrir le meilleur rendement possible&#8230;","protected":false},"author":1,"featured_media":28153,"parent":0,"menu_order":0,"comment_status":"closed","ping_status":"closed","template":"","meta":{"lazy_load_responsive_images_disabled":false,"footnotes":""},"class_list":["post-57388","page","type-page","status-publish","has-post-thumbnail","hentry"],"yoast_head":"<!-- This site is optimized with the Yoast SEO plugin v26.6 - https:\/\/yoast.com\/wordpress\/plugins\/seo\/ -->\n<title>Syst\u00e8mes de tours de refroidissement - Emec - Pompes doseuses et syst\u00e8mes de d\u00e9sinfection<\/title>\n<meta name=\"robots\" content=\"index, follow, max-snippet:-1, max-image-preview:large, max-video-preview:-1\" \/>\n<link rel=\"canonical\" href=\"https:\/\/www.emecpumps.com\/fr\/systemes-de-tours-de-refroidissement\/\" \/>\n<meta property=\"og:locale\" content=\"fr_FR\" \/>\n<meta property=\"og:type\" content=\"article\" \/>\n<meta property=\"og:title\" content=\"Syst\u00e8mes de tours de refroidissement - Emec - Pompes doseuses et syst\u00e8mes de d\u00e9sinfection\" \/>\n<meta property=\"og:description\" content=\"[vc_row full_width=&#8221;stretch_row&#8221; gap=&#8221;10&#8243; pix_particles_check=&#8221;&#8221; css=&#8221;.vc_custom_1610450323231{margin-top: 50px !important;}&#8221;][vc_column width=&#8221;1\/2&#8243;][\/vc_column][vc_column width=&#8221;1\/2&#8243;][vc_empty_space height=&#8221;50px&#8221;][vc_column_text css_animation=&#8221;fadeInUp&#8221;] LA GESTION LA PLUS EFFICACE DES SYST\u00c8MES DES TOURS DE REFROIDISSEMENT Depuis le tout d\u00e9but, EMEC a recherch\u00e9 les solutions les plus compl\u00e8tes pour offrir le meilleur rendement possible...\" \/>\n<meta property=\"og:url\" content=\"https:\/\/www.emecpumps.com\/fr\/systemes-de-tours-de-refroidissement\/\" \/>\n<meta property=\"og:site_name\" content=\"Emec - Pompes doseuses et syst\u00e8mes de d\u00e9sinfection\" \/>\n<meta property=\"article:publisher\" content=\"https:\/\/www.facebook.com\/emecpumps\" \/>\n<meta property=\"article:modified_time\" content=\"2025-08-28T13:15:18+00:00\" \/>\n<meta property=\"og:image\" content=\"https:\/\/www.emecpumps.com\/wp-content\/uploads\/2021\/01\/logs.jpg\" \/>\n\t<meta property=\"og:image:width\" content=\"2369\" \/>\n\t<meta property=\"og:image:height\" content=\"1544\" \/>\n\t<meta property=\"og:image:type\" content=\"image\/jpeg\" \/>\n<meta name=\"twitter:card\" content=\"summary_large_image\" \/>\n<meta name=\"twitter:site\" content=\"@EMECpumps\" \/>\n<meta name=\"twitter:label1\" content=\"Dur\u00e9e de lecture estim\u00e9e\" \/>\n\t<meta name=\"twitter:data1\" content=\"5 minutes\" \/>\n<script type=\"application\/ld+json\" class=\"yoast-schema-graph\">{\"@context\":\"https:\/\/schema.org\",\"@graph\":[{\"@type\":\"WebPage\",\"@id\":\"https:\/\/www.emecpumps.com\/fr\/systemes-de-tours-de-refroidissement\/\",\"url\":\"https:\/\/www.emecpumps.com\/fr\/systemes-de-tours-de-refroidissement\/\",\"name\":\"Syst\u00e8mes de tours de refroidissement - Emec - Pompes doseuses et syst\u00e8mes de d\u00e9sinfection\",\"isPartOf\":{\"@id\":\"https:\/\/www.emecpumps.com\/fr\/#website\"},\"primaryImageOfPage\":{\"@id\":\"https:\/\/www.emecpumps.com\/fr\/systemes-de-tours-de-refroidissement\/#primaryimage\"},\"image\":{\"@id\":\"https:\/\/www.emecpumps.com\/fr\/systemes-de-tours-de-refroidissement\/#primaryimage\"},\"thumbnailUrl\":\"https:\/\/www.emecpumps.com\/wp-content\/uploads\/2021\/01\/logs.jpg\",\"datePublished\":\"2021-04-15T13:50:54+00:00\",\"dateModified\":\"2025-08-28T13:15:18+00:00\",\"breadcrumb\":{\"@id\":\"https:\/\/www.emecpumps.com\/fr\/systemes-de-tours-de-refroidissement\/#breadcrumb\"},\"inLanguage\":\"fr-FR\",\"potentialAction\":[{\"@type\":\"ReadAction\",\"target\":[\"https:\/\/www.emecpumps.com\/fr\/systemes-de-tours-de-refroidissement\/\"]}]},{\"@type\":\"ImageObject\",\"inLanguage\":\"fr-FR\",\"@id\":\"https:\/\/www.emecpumps.com\/fr\/systemes-de-tours-de-refroidissement\/#primaryimage\",\"url\":\"https:\/\/www.emecpumps.com\/wp-content\/uploads\/2021\/01\/logs.jpg\",\"contentUrl\":\"https:\/\/www.emecpumps.com\/wp-content\/uploads\/2021\/01\/logs.jpg\",\"width\":2369,\"height\":1544},{\"@type\":\"BreadcrumbList\",\"@id\":\"https:\/\/www.emecpumps.com\/fr\/systemes-de-tours-de-refroidissement\/#breadcrumb\",\"itemListElement\":[{\"@type\":\"ListItem\",\"position\":1,\"name\":\"Home\",\"item\":\"https:\/\/www.emecpumps.com\/fr\/\"},{\"@type\":\"ListItem\",\"position\":2,\"name\":\"Syst\u00e8mes de tours de refroidissement\"}]},{\"@type\":\"WebSite\",\"@id\":\"https:\/\/www.emecpumps.com\/fr\/#website\",\"url\":\"https:\/\/www.emecpumps.com\/fr\/\",\"name\":\"Emec Pumps - Pompe dosatrici e Sistemi di disinfezione\",\"description\":\"Pompes doseuses et syst\u00e8mes de d\u00e9sinfection\",\"publisher\":{\"@id\":\"https:\/\/www.emecpumps.com\/fr\/#organization\"},\"alternateName\":\"Emec\",\"potentialAction\":[{\"@type\":\"SearchAction\",\"target\":{\"@type\":\"EntryPoint\",\"urlTemplate\":\"https:\/\/www.emecpumps.com\/fr\/?s={search_term_string}\"},\"query-input\":{\"@type\":\"PropertyValueSpecification\",\"valueRequired\":true,\"valueName\":\"search_term_string\"}}],\"inLanguage\":\"fr-FR\"},{\"@type\":\"Organization\",\"@id\":\"https:\/\/www.emecpumps.com\/fr\/#organization\",\"name\":\"Emec Pumps - Pompe dosatrici e Sistemi di disinfezione\",\"url\":\"https:\/\/www.emecpumps.com\/fr\/\",\"logo\":{\"@type\":\"ImageObject\",\"inLanguage\":\"fr-FR\",\"@id\":\"https:\/\/www.emecpumps.com\/fr\/#\/schema\/logo\/image\/\",\"url\":\"https:\/\/www.emecpumps.com\/wp-content\/uploads\/2024\/01\/logo_emec.png\",\"contentUrl\":\"https:\/\/www.emecpumps.com\/wp-content\/uploads\/2024\/01\/logo_emec.png\",\"width\":470,\"height\":133,\"caption\":\"Emec Pumps - Pompe dosatrici e Sistemi di disinfezione\"},\"image\":{\"@id\":\"https:\/\/www.emecpumps.com\/fr\/#\/schema\/logo\/image\/\"},\"sameAs\":[\"https:\/\/www.facebook.com\/emecpumps\",\"https:\/\/x.com\/EMECpumps\",\"https:\/\/www.instagram.com\/emecpumps\/\",\"https:\/\/www.linkedin.com\/company\/2715607\/admin\/\"]}]}<\/script>\n<!-- \/ Yoast SEO plugin. -->","yoast_head_json":{"title":"Syst\u00e8mes de tours de refroidissement - Emec - Pompes doseuses et syst\u00e8mes de d\u00e9sinfection","robots":{"index":"index","follow":"follow","max-snippet":"max-snippet:-1","max-image-preview":"max-image-preview:large","max-video-preview":"max-video-preview:-1"},"canonical":"https:\/\/www.emecpumps.com\/fr\/systemes-de-tours-de-refroidissement\/","og_locale":"fr_FR","og_type":"article","og_title":"Syst\u00e8mes de tours de refroidissement - Emec - Pompes doseuses et syst\u00e8mes de d\u00e9sinfection","og_description":"[vc_row full_width=&#8221;stretch_row&#8221; gap=&#8221;10&#8243; pix_particles_check=&#8221;&#8221; css=&#8221;.vc_custom_1610450323231{margin-top: 50px !important;}&#8221;][vc_column width=&#8221;1\/2&#8243;][\/vc_column][vc_column width=&#8221;1\/2&#8243;][vc_empty_space height=&#8221;50px&#8221;][vc_column_text css_animation=&#8221;fadeInUp&#8221;] LA GESTION LA PLUS EFFICACE DES SYST\u00c8MES DES TOURS DE REFROIDISSEMENT Depuis le tout d\u00e9but, EMEC a recherch\u00e9 les solutions les plus compl\u00e8tes pour offrir le meilleur rendement possible...","og_url":"https:\/\/www.emecpumps.com\/fr\/systemes-de-tours-de-refroidissement\/","og_site_name":"Emec - Pompes doseuses et syst\u00e8mes de d\u00e9sinfection","article_publisher":"https:\/\/www.facebook.com\/emecpumps","article_modified_time":"2025-08-28T13:15:18+00:00","og_image":[{"width":2369,"height":1544,"url":"https:\/\/www.emecpumps.com\/wp-content\/uploads\/2021\/01\/logs.jpg","type":"image\/jpeg"}],"twitter_card":"summary_large_image","twitter_site":"@EMECpumps","twitter_misc":{"Dur\u00e9e de lecture estim\u00e9e":"5 minutes"},"schema":{"@context":"https:\/\/schema.org","@graph":[{"@type":"WebPage","@id":"https:\/\/www.emecpumps.com\/fr\/systemes-de-tours-de-refroidissement\/","url":"https:\/\/www.emecpumps.com\/fr\/systemes-de-tours-de-refroidissement\/","name":"Syst\u00e8mes de tours de refroidissement - Emec - Pompes doseuses et syst\u00e8mes de d\u00e9sinfection","isPartOf":{"@id":"https:\/\/www.emecpumps.com\/fr\/#website"},"primaryImageOfPage":{"@id":"https:\/\/www.emecpumps.com\/fr\/systemes-de-tours-de-refroidissement\/#primaryimage"},"image":{"@id":"https:\/\/www.emecpumps.com\/fr\/systemes-de-tours-de-refroidissement\/#primaryimage"},"thumbnailUrl":"https:\/\/www.emecpumps.com\/wp-content\/uploads\/2021\/01\/logs.jpg","datePublished":"2021-04-15T13:50:54+00:00","dateModified":"2025-08-28T13:15:18+00:00","breadcrumb":{"@id":"https:\/\/www.emecpumps.com\/fr\/systemes-de-tours-de-refroidissement\/#breadcrumb"},"inLanguage":"fr-FR","potentialAction":[{"@type":"ReadAction","target":["https:\/\/www.emecpumps.com\/fr\/systemes-de-tours-de-refroidissement\/"]}]},{"@type":"ImageObject","inLanguage":"fr-FR","@id":"https:\/\/www.emecpumps.com\/fr\/systemes-de-tours-de-refroidissement\/#primaryimage","url":"https:\/\/www.emecpumps.com\/wp-content\/uploads\/2021\/01\/logs.jpg","contentUrl":"https:\/\/www.emecpumps.com\/wp-content\/uploads\/2021\/01\/logs.jpg","width":2369,"height":1544},{"@type":"BreadcrumbList","@id":"https:\/\/www.emecpumps.com\/fr\/systemes-de-tours-de-refroidissement\/#breadcrumb","itemListElement":[{"@type":"ListItem","position":1,"name":"Home","item":"https:\/\/www.emecpumps.com\/fr\/"},{"@type":"ListItem","position":2,"name":"Syst\u00e8mes de tours de refroidissement"}]},{"@type":"WebSite","@id":"https:\/\/www.emecpumps.com\/fr\/#website","url":"https:\/\/www.emecpumps.com\/fr\/","name":"Emec Pumps - Pompe dosatrici e Sistemi di disinfezione","description":"Pompes doseuses et syst\u00e8mes de d\u00e9sinfection","publisher":{"@id":"https:\/\/www.emecpumps.com\/fr\/#organization"},"alternateName":"Emec","potentialAction":[{"@type":"SearchAction","target":{"@type":"EntryPoint","urlTemplate":"https:\/\/www.emecpumps.com\/fr\/?s={search_term_string}"},"query-input":{"@type":"PropertyValueSpecification","valueRequired":true,"valueName":"search_term_string"}}],"inLanguage":"fr-FR"},{"@type":"Organization","@id":"https:\/\/www.emecpumps.com\/fr\/#organization","name":"Emec Pumps - Pompe dosatrici e Sistemi di disinfezione","url":"https:\/\/www.emecpumps.com\/fr\/","logo":{"@type":"ImageObject","inLanguage":"fr-FR","@id":"https:\/\/www.emecpumps.com\/fr\/#\/schema\/logo\/image\/","url":"https:\/\/www.emecpumps.com\/wp-content\/uploads\/2024\/01\/logo_emec.png","contentUrl":"https:\/\/www.emecpumps.com\/wp-content\/uploads\/2024\/01\/logo_emec.png","width":470,"height":133,"caption":"Emec Pumps - Pompe dosatrici e Sistemi di disinfezione"},"image":{"@id":"https:\/\/www.emecpumps.com\/fr\/#\/schema\/logo\/image\/"},"sameAs":["https:\/\/www.facebook.com\/emecpumps","https:\/\/x.com\/EMECpumps","https:\/\/www.instagram.com\/emecpumps\/","https:\/\/www.linkedin.com\/company\/2715607\/admin\/"]}]}},"_links":{"self":[{"href":"https:\/\/www.emecpumps.com\/fr\/wp-json\/wp\/v2\/pages\/57388","targetHints":{"allow":["GET"]}}],"collection":[{"href":"https:\/\/www.emecpumps.com\/fr\/wp-json\/wp\/v2\/pages"}],"about":[{"href":"https:\/\/www.emecpumps.com\/fr\/wp-json\/wp\/v2\/types\/page"}],"author":[{"embeddable":true,"href":"https:\/\/www.emecpumps.com\/fr\/wp-json\/wp\/v2\/users\/1"}],"replies":[{"embeddable":true,"href":"https:\/\/www.emecpumps.com\/fr\/wp-json\/wp\/v2\/comments?post=57388"}],"version-history":[{"count":5,"href":"https:\/\/www.emecpumps.com\/fr\/wp-json\/wp\/v2\/pages\/57388\/revisions"}],"predecessor-version":[{"id":73640,"href":"https:\/\/www.emecpumps.com\/fr\/wp-json\/wp\/v2\/pages\/57388\/revisions\/73640"}],"wp:featuredmedia":[{"embeddable":true,"href":"https:\/\/www.emecpumps.com\/fr\/wp-json\/wp\/v2\/media\/28153"}],"wp:attachment":[{"href":"https:\/\/www.emecpumps.com\/fr\/wp-json\/wp\/v2\/media?parent=57388"}],"curies":[{"name":"wp","href":"https:\/\/api.w.org\/{rel}","templated":true}]}}