{"id":74445,"date":"2025-10-02T11:54:41","date_gmt":"2025-10-02T10:54:41","guid":{"rendered":"https:\/\/www.emecpumps.com\/nimbus\/"},"modified":"2026-03-10T16:21:39","modified_gmt":"2026-03-10T15:21:39","slug":"nimbus","status":"publish","type":"page","link":"https:\/\/www.emecpumps.com\/fr\/nimbus\/","title":{"rendered":"Nimbus"},"content":{"rendered":"<div class=\"wpb-content-wrapper\">[vc_row full_width=&#8221;stretch_row&#8221; content_placement=&#8221;top&#8221; pix_particles_check=&#8221;&#8221; css=&#8221;.vc_custom_1611154581845{margin-bottom: 50px !important;background-position: 0 0 !important;background-repeat: no-repeat !important;}&#8221;][vc_column][vc_row_inner][vc_column_inner]<div class=\"pix-img-element d-inline-block \" style=\"width:50%;\"><div class=\"pix-bounce-sm pix-duration-slow\"><div class=\"pix-img-el    text-left d-inline-block  w-100 rounded-0\"  ><img decoding=\"async\" class=\"card-img2 pix-img-elem rounded-0  h-1002\" style=\"width:50%;height:auto;\" width=\"500\" height=\"299\" src=\"https:\/\/www.emecpumps.com\/wp-content\/uploads\/2025\/09\/loghetto.png\" alt=\"Image link\" \/><\/div><\/div><\/div>[vc_column_text css=&#8221;.vc_custom_1758717593764{margin-bottom: 0px !important;}&#8221;]\n<h2><span style=\"color: #16502d;\"><strong>NIMBUS <span style=\"color: #63a75d; font-size: 26px;\">by emec<\/span><\/strong><\/span><\/h2>\n<p><span style=\"font-size: 22px; color: #63a75d;\">PLUS D\u2019EFFICACIT\u00c9, MOINS DE GASPILLAGE,<br \/>\nUN CONTR\u00d4LE TOTAL.<\/span>[\/vc_column_text]<div class=\"pix-img-element d-inline-block \" ><div class=\"animate-in  d-inline-block\" data-anim-type=\"fade-in-Img\" data-anim-delay=\"200\"><div class=\"pix-img-el  vc_custom_1758717762163   text-center d-inline-block  w-100 rounded-0\"  ><img decoding=\"async\" class=\"card-img2 pix-img-elem rounded-0  h-1002\" style=\"height:auto;\" width=\"1311\" height=\"882\" srcset=\"https:\/\/www.emecpumps.com\/wp-content\/uploads\/2025\/09\/nimbus_bg.png 1311w, https:\/\/www.emecpumps.com\/wp-content\/uploads\/2025\/09\/nimbus_bg-700x471.png 700w, https:\/\/www.emecpumps.com\/wp-content\/uploads\/2025\/09\/nimbus_bg-1024x689.png 1024w, https:\/\/www.emecpumps.com\/wp-content\/uploads\/2025\/09\/nimbus_bg-768x517.png 768w\" sizes=\"(max-width: 1311px) 100vw, 1311px\" src=\"https:\/\/www.emecpumps.com\/wp-content\/uploads\/2025\/09\/nimbus_bg.png\" alt=\"Image link\" \/><\/div><\/div><\/div>[\/vc_column_inner][\/vc_row_inner][vc_row_inner][vc_column_inner width=&#8221;1\/2&#8243;]<div class=\"d-block w-100 text-left\"><a  href=\"https:\/\/www.emecpumps.com\/wp-content\/uploads\/2026\/02\/20210360-BROCHURE-3-ANTE-NIMBUS-FRA.pdf\" class=\"btn mb-2     btn-secondary d-inline-flex align-items-center     btn-rounded pix-btn-div btn-normal\" target=\"_blank\" rel=\"noopener\"    ><svg class=\"pixfort-icon font-weight-bold   mr-2\" width=\"24\" height=\"24\"  data-name=\"Line\/pixfort-icon-bookmark-7\" viewBox=\"2 2 20 20\"><path fill=\"none\" stroke=\"var(--pf-icon-color)\" stroke-linecap=\"round\" stroke-linejoin=\"round\" stroke-width=\"var(--pf-icon-stroke-width)\" d=\"M12.9396835,5.29837775 L18.5661391,4.04805429 C19.6444055,3.80843952 20.7127594,4.48830104 20.9523741,5.56656749 C20.9840296,5.70901729 21,5.85450372 21,6.00042841 L21,15.9028531 C21,16.8402504 20.348936,17.6518772 19.4338609,17.8552272 L13.4603166,19.1826815 C12.8133567,19.3264504 12.1723444,18.9185334 12.0285755,18.2715735 C12.0095822,18.1861037 12,18.0988118 12,18.011257 L12,6.46980227 C12,5.90736387 12.3906384,5.42038777 12.9396835,5.29837775 Z M11.0603165,5.29837775 L5.43386092,4.04805429 C4.35559446,3.80843952 3.28724065,4.48830104 3.04762588,5.56656749 C3.01597037,5.70901729 3,5.85450372 3,6.00042841 L3,15.9028531 C3,16.8402504 3.65106397,17.6518772 4.56613908,17.8552272 L10.5396834,19.1826815 C11.1866433,19.3264504 11.8276556,18.9185334 11.9714245,18.2715735 C11.9904178,18.1861037 12,18.0988118 12,18.011257 L12,6.46980227 C12,5.90736387 11.6093616,5.42038777 11.0603165,5.29837775 Z M17,4.41679037 L17,8 L16,8.20294478 L16,4.63256957\"\/><\/svg><span class=\"font-weight-bold \" >Brochure<\/span><\/a><\/div>[\/vc_column_inner][vc_column_inner width=&#8221;1\/2&#8243;][\/vc_column_inner][\/vc_row_inner][\/vc_column][\/vc_row][vc_row css_animation=&#8221;fadeIn&#8221; pix_particles_check=&#8221;1&#8243; pix_particles=&#8221;%5B%7B%22h_position%22%3A%22left%22%2C%22horizontal%22%3A%220%22%2C%22v_position%22%3A%22top%22%2C%22vertical%22%3A%220%22%2C%22pix_particles_type%22%3A%22%22%2C%22pix_particles_type_2%22%3A%22%22%2C%22pix_particles_type_3%22%3A%22%22%2C%22depth%22%3A%220.2%22%2C%22xaxis%22%3A%22100%22%2C%22yaxis%22%3A%220%22%2C%22rotation_speed%22%3A%22300%22%2C%22pix_inverse_rotation%22%3A%22%22%2C%22pix_infinite_speed%22%3A%22pix-duration-fast%22%2C%22hide%22%3A%22%22%7D%5D&#8221; css=&#8221;.vc_custom_1758718993802{margin-top: 40px !important;margin-bottom: 20px !important;padding-top: 20px !important;padding-right: 20px !important;padding-bottom: 20px !important;padding-left: 20px !important;background-color: #FFFFFF00 !important;}&#8221;][vc_column width=&#8221;1\/3&#8243;][vc_row_inner css=&#8221;.vc_custom_1758628740507{padding-right: 0px !important;padding-left: 0px !important;}&#8221;][vc_column_inner width=&#8221;1\/4&#8243;][vc_single_image image=&#8221;74205&#8243; img_size=&#8221;&#8221; alignment=&#8221;center&#8221; css=&#8221;&#8221;][\/vc_column_inner][vc_column_inner width=&#8221;3\/4&#8243;]<div id=\"el1758719155093-60335966-4302\" class=\"pix-el-text   w-100  \" ><p class=\"\"><p class=\"p1\">UN TABLEAU DE BORD QUI S\u2019ADAPTE \u00c0 VOUS<\/p>\n<\/p><\/div>[\/vc_column_inner][\/vc_row_inner][\/vc_column][vc_column width=&#8221;1\/3&#8243;][vc_row_inner css=&#8221;.vc_custom_1758628740507{padding-right: 0px !important;padding-left: 0px !important;}&#8221;][vc_column_inner width=&#8221;1\/4&#8243;][vc_single_image image=&#8221;74304&#8243; img_size=&#8221;&#8221; alignment=&#8221;center&#8221; css=&#8221;&#8221;][\/vc_column_inner][vc_column_inner width=&#8221;3\/4&#8243;]<div id=\"el1758719280390-8b1a372f-39ed\" class=\"pix-el-text   w-100  \" ><p class=\"\"><p class=\"p1\">CARTE INTERACTIVE AVEC SUIVI EN TEMPS R\u00c9EL DES INSTALLATIONS ET DES APPAREILS<\/p>\n<\/p><\/div>[\/vc_column_inner][\/vc_row_inner][\/vc_column][vc_column width=&#8221;1\/3&#8243;][vc_row_inner css=&#8221;.vc_custom_1758628740507{padding-right: 0px !important;padding-left: 0px !important;}&#8221;][vc_column_inner width=&#8221;1\/4&#8243;][vc_single_image image=&#8221;74221&#8243; img_size=&#8221;&#8221; alignment=&#8221;center&#8221; css=&#8221;&#8221;][\/vc_column_inner][vc_column_inner width=&#8221;3\/4&#8243;]<div id=\"el1758719279878-277457e9-5d28\" class=\"pix-el-text   w-100  \" ><p class=\"\"><p class=\"p1\">G\u00c9OLOCALISATION INT\u00c9GR\u00c9E DE TOUS VOS SITES ET \u00c9QUIPEMENTS<\/p>\n<\/p><\/div>[\/vc_column_inner][\/vc_row_inner][\/vc_column][\/vc_row][vc_row css_animation=&#8221;fadeIn&#8221; pix_particles_check=&#8221;1&#8243; pix_particles=&#8221;%5B%7B%22h_position%22%3A%22left%22%2C%22horizontal%22%3A%220%22%2C%22v_position%22%3A%22top%22%2C%22vertical%22%3A%220%22%2C%22pix_particles_type%22%3A%22%22%2C%22pix_particles_type_2%22%3A%22%22%2C%22pix_particles_type_3%22%3A%22%22%2C%22depth%22%3A%220.2%22%2C%22xaxis%22%3A%22100%22%2C%22yaxis%22%3A%220%22%2C%22rotation_speed%22%3A%22300%22%2C%22pix_inverse_rotation%22%3A%22%22%2C%22pix_infinite_speed%22%3A%22pix-duration-fast%22%2C%22hide%22%3A%22%22%7D%5D&#8221; css=&#8221;.vc_custom_1758718993802{margin-top: 40px !important;margin-bottom: 20px !important;padding-top: 20px !important;padding-right: 20px !important;padding-bottom: 20px !important;padding-left: 20px !important;background-color: #FFFFFF00 !important;}&#8221;][vc_column width=&#8221;1\/3&#8243;][vc_row_inner css=&#8221;.vc_custom_1758628740507{padding-right: 0px !important;padding-left: 0px !important;}&#8221;][vc_column_inner width=&#8221;1\/4&#8243;][vc_single_image image=&#8221;74229&#8243; img_size=&#8221;&#8221; alignment=&#8221;center&#8221; css=&#8221;&#8221;][\/vc_column_inner][vc_column_inner width=&#8221;3\/4&#8243;]<div id=\"el1758719493096-1084f040-f529\" class=\"pix-el-text   w-100  \" ><p class=\"\"><p class=\"p1\">ENREGISTREMENT GUID\u00c9 DES APPAREILS<\/p>\n<\/p><\/div>[\/vc_column_inner][\/vc_row_inner][\/vc_column][vc_column width=&#8221;1\/3&#8243;][vc_row_inner css=&#8221;.vc_custom_1758628740507{padding-right: 0px !important;padding-left: 0px !important;}&#8221;][vc_column_inner width=&#8221;1\/4&#8243;][vc_single_image image=&#8221;74237&#8243; img_size=&#8221;&#8221; alignment=&#8221;center&#8221; css=&#8221;&#8221;][\/vc_column_inner][vc_column_inner width=&#8221;3\/4&#8243;]<div id=\"el1758719492954-efb253e7-9663\" class=\"pix-el-text   w-100  \" ><p class=\"\"><p class=\"p1\"><span class=\"s1\">CONFIGURATION ET CONTR\u00d4LE \u00c0 DISTANCE, O\u00d9 QUE VOUS SOYEZ<\/span><\/p>\n<\/p><\/div>[\/vc_column_inner][\/vc_row_inner][\/vc_column][vc_column width=&#8221;1\/3&#8243;][vc_row_inner css=&#8221;.vc_custom_1758628740507{padding-right: 0px !important;padding-left: 0px !important;}&#8221;][vc_column_inner width=&#8221;1\/4&#8243;][vc_single_image image=&#8221;74245&#8243; img_size=&#8221;&#8221; alignment=&#8221;center&#8221; css=&#8221;&#8221;][\/vc_column_inner][vc_column_inner width=&#8221;3\/4&#8243;]<div id=\"el1758719493027-95a106c1-4ecc\" class=\"pix-el-text   w-100  \" ><p class=\"\"><p class=\"p1\"><span class=\"s1\">GESTION INTELLIGENTE DE L\u2019\u00c9QUIPE AVEC NIVEAUX D\u2019ACC\u00c8S PERSONNALIS\u00c9S<\/span><\/p>\n<\/p><\/div>[\/vc_column_inner][\/vc_row_inner][\/vc_column][\/vc_row][vc_row css_animation=&#8221;fadeIn&#8221; pix_particles_check=&#8221;1&#8243; pix_particles=&#8221;%5B%7B%22h_position%22%3A%22left%22%2C%22horizontal%22%3A%220%22%2C%22v_position%22%3A%22top%22%2C%22vertical%22%3A%220%22%2C%22pix_particles_type%22%3A%22%22%2C%22pix_particles_type_2%22%3A%22%22%2C%22pix_particles_type_3%22%3A%22%22%2C%22depth%22%3A%220.2%22%2C%22xaxis%22%3A%22100%22%2C%22yaxis%22%3A%220%22%2C%22rotation_speed%22%3A%22300%22%2C%22pix_inverse_rotation%22%3A%22%22%2C%22pix_infinite_speed%22%3A%22pix-duration-fast%22%2C%22hide%22%3A%22%22%7D%5D&#8221; css=&#8221;.vc_custom_1758718993802{margin-top: 40px !important;margin-bottom: 20px !important;padding-top: 20px !important;padding-right: 20px !important;padding-bottom: 20px !important;padding-left: 20px !important;background-color: #FFFFFF00 !important;}&#8221;][vc_column width=&#8221;1\/3&#8243;][vc_row_inner css=&#8221;.vc_custom_1758628740507{padding-right: 0px !important;padding-left: 0px !important;}&#8221;][vc_column_inner width=&#8221;1\/4&#8243;][vc_single_image image=&#8221;74253&#8243; img_size=&#8221;&#8221; alignment=&#8221;center&#8221; css=&#8221;&#8221;][\/vc_column_inner][vc_column_inner width=&#8221;3\/4&#8243;]<div id=\"el1758719710733-e47158c5-68df\" class=\"pix-el-text   w-100  \" ><p class=\"\"><p class=\"p1\">AGENDA INT\u00c9GR\u00c9 POUR PLANIFIER INTERVENTIONS ET MAINTENANCES<\/p>\n<\/p><\/div>[\/vc_column_inner][\/vc_row_inner][\/vc_column][vc_column width=&#8221;1\/3&#8243;][vc_row_inner css=&#8221;.vc_custom_1758628740507{padding-right: 0px !important;padding-left: 0px !important;}&#8221;][vc_column_inner width=&#8221;1\/4&#8243;][vc_single_image image=&#8221;74261&#8243; img_size=&#8221;&#8221; alignment=&#8221;center&#8221; css=&#8221;&#8221;][\/vc_column_inner][vc_column_inner width=&#8221;3\/4&#8243;]<div id=\"el1758719710808-48f13211-4a6a\" class=\"pix-el-text   w-100  \" ><p class=\"\"><p class=\"p1\"><span class=\"s1\">RAPPORTS D\u00c9TAILL\u00c9S ET PERSONNALIS\u00c9S \u00c0 PORT\u00c9E DE MAIN<\/span><\/p>\n<\/p><\/div>[\/vc_column_inner][\/vc_row_inner][\/vc_column][vc_column width=&#8221;1\/3&#8243;][vc_row_inner css=&#8221;.vc_custom_1758628740507{padding-right: 0px !important;padding-left: 0px !important;}&#8221;][vc_column_inner width=&#8221;1\/4&#8243;][vc_single_image image=&#8221;74269&#8243; img_size=&#8221;&#8221; alignment=&#8221;center&#8221; css=&#8221;&#8221;][\/vc_column_inner][vc_column_inner width=&#8221;3\/4&#8243;]<div id=\"el1758719710908-0dfdb360-f7d6\" class=\"pix-el-text   w-100  \" ><p class=\"\"><p class=\"p1\"><span class=\"s1\">PLATEFORME MULTILINGUE<\/span><\/p>\n<\/p><\/div>[\/vc_column_inner][\/vc_row_inner][\/vc_column][\/vc_row][vc_row css_animation=&#8221;fadeIn&#8221; pix_particles_check=&#8221;1&#8243; pix_particles=&#8221;%5B%7B%22h_position%22%3A%22left%22%2C%22horizontal%22%3A%220%22%2C%22v_position%22%3A%22top%22%2C%22vertical%22%3A%220%22%2C%22pix_particles_type%22%3A%22%22%2C%22pix_particles_type_2%22%3A%22%22%2C%22pix_particles_type_3%22%3A%22%22%2C%22depth%22%3A%220.2%22%2C%22xaxis%22%3A%22100%22%2C%22yaxis%22%3A%220%22%2C%22rotation_speed%22%3A%22300%22%2C%22pix_inverse_rotation%22%3A%22%22%2C%22pix_infinite_speed%22%3A%22pix-duration-fast%22%2C%22hide%22%3A%22%22%7D%5D&#8221; css=&#8221;.vc_custom_1758718993802{margin-top: 40px !important;margin-bottom: 20px !important;padding-top: 20px !important;padding-right: 20px !important;padding-bottom: 20px !important;padding-left: 20px !important;background-color: #FFFFFF00 !important;}&#8221;][vc_column width=&#8221;1\/3&#8243;][vc_row_inner css=&#8221;.vc_custom_1758628740507{padding-right: 0px !important;padding-left: 0px !important;}&#8221;][vc_column_inner width=&#8221;1\/4&#8243;][vc_single_image image=&#8221;74277&#8243; img_size=&#8221;&#8221; alignment=&#8221;center&#8221; css=&#8221;&#8221;][\/vc_column_inner][vc_column_inner width=&#8221;3\/4&#8243;]<div id=\"el1758719759402-3df292d6-1d27\" class=\"pix-el-text   w-100  \" ><p class=\"\"><p class=\"p1\"><span class=\"s1\">CONNEXION S\u00c9CURIS\u00c9E AVEC PROTOCOLES DE CHIFFREMENT DE POINTE<\/span><\/p>\n<\/p><\/div>[\/vc_column_inner][\/vc_row_inner][\/vc_column][vc_column width=&#8221;1\/3&#8243;][vc_row_inner css=&#8221;.vc_custom_1758628740507{padding-right: 0px !important;padding-left: 0px !important;}&#8221;][vc_column_inner width=&#8221;1\/4&#8243;][vc_single_image image=&#8221;74285&#8243; img_size=&#8221;&#8221; alignment=&#8221;center&#8221; css=&#8221;&#8221;][\/vc_column_inner][vc_column_inner width=&#8221;3\/4&#8243;]<div id=\"el1758719759500-4459b7b7-0b41\" class=\"pix-el-text   w-100  \" ><p class=\"\"><p>GESTION DES DONN\u00c9ES CONFORME AUX STANDARDS DE S\u00c9CURIT\u00c9 ET DE CONFIDENTIALIT\u00c9 LES PLUS \u00c9LEV\u00c9S<\/p>\n<\/p><\/div>[\/vc_column_inner][\/vc_row_inner][\/vc_column][vc_column width=&#8221;1\/3&#8243;][\/vc_column][\/vc_row]\n<\/div>","protected":false},"excerpt":{"rendered":"[vc_row full_width=&#8221;stretch_row&#8221; content_placement=&#8221;top&#8221; pix_particles_check=&#8221;&#8221; css=&#8221;.vc_custom_1611154581845{margin-bottom: 50px !important;background-position: 0 0 !important;background-repeat: no-repeat !important;}&#8221;][vc_column][vc_row_inner][vc_column_inner][vc_column_text css=&#8221;.vc_custom_1758717593764{margin-bottom: 0px !important;}&#8221;] NIMBUS by emec PLUS D\u2019EFFICACIT\u00c9, MOINS DE GASPILLAGE, UN CONTR\u00d4LE TOTAL.[\/vc_column_text][\/vc_column_inner][\/vc_row_inner][vc_row_inner][vc_column_inner width=&#8221;1\/2&#8243;][\/vc_column_inner][vc_column_inner width=&#8221;1\/2&#8243;][\/vc_column_inner][\/vc_row_inner][\/vc_column][\/vc_row][vc_row css_animation=&#8221;fadeIn&#8221; pix_particles_check=&#8221;1&#8243; pix_particles=&#8221;%5B%7B%22h_position%22%3A%22left%22%2C%22horizontal%22%3A%220%22%2C%22v_position%22%3A%22top%22%2C%22vertical%22%3A%220%22%2C%22pix_particles_type%22%3A%22%22%2C%22pix_particles_type_2%22%3A%22%22%2C%22pix_particles_type_3%22%3A%22%22%2C%22depth%22%3A%220.2%22%2C%22xaxis%22%3A%22100%22%2C%22yaxis%22%3A%220%22%2C%22rotation_speed%22%3A%22300%22%2C%22pix_inverse_rotation%22%3A%22%22%2C%22pix_infinite_speed%22%3A%22pix-duration-fast%22%2C%22hide%22%3A%22%22%7D%5D&#8221; css=&#8221;.vc_custom_1758718993802{margin-top: 40px !important;margin-bottom: 20px !important;padding-top: 20px !important;padding-right: 20px !important;padding-bottom:&#8230;","protected":false},"author":1,"featured_media":16165,"parent":0,"menu_order":0,"comment_status":"closed","ping_status":"closed","template":"","meta":{"lazy_load_responsive_images_disabled":false,"footnotes":""},"class_list":["post-74445","page","type-page","status-publish","has-post-thumbnail","hentry"],"yoast_head":"<!-- This site is optimized with the Yoast SEO plugin v26.6 - https:\/\/yoast.com\/wordpress\/plugins\/seo\/ -->\n<title>Nimbus - Emec - Pompes doseuses et syst\u00e8mes de d\u00e9sinfection<\/title>\n<meta name=\"description\" content=\"D\u00e9couvrez PRISMA, la pompe doseuse \u00e0 moteur pas \u00e0 pas pour un dosage extr\u00eamement pr\u00e9cis et fiable.\" \/>\n<meta name=\"robots\" content=\"index, follow, max-snippet:-1, max-image-preview:large, max-video-preview:-1\" \/>\n<link rel=\"canonical\" href=\"https:\/\/www.emecpumps.com\/fr\/nimbus\/\" \/>\n<meta property=\"og:locale\" content=\"fr_FR\" \/>\n<meta property=\"og:type\" content=\"article\" \/>\n<meta property=\"og:title\" content=\"Nimbus - Emec - Pompes doseuses et syst\u00e8mes de d\u00e9sinfection\" \/>\n<meta property=\"og:description\" content=\"D\u00e9couvrez PRISMA, la pompe doseuse \u00e0 moteur pas \u00e0 pas pour un dosage extr\u00eamement pr\u00e9cis et fiable.\" \/>\n<meta property=\"og:url\" content=\"https:\/\/www.emecpumps.com\/fr\/nimbus\/\" \/>\n<meta property=\"og:site_name\" content=\"Emec - Pompes doseuses et syst\u00e8mes de d\u00e9sinfection\" \/>\n<meta property=\"article:publisher\" content=\"https:\/\/www.facebook.com\/emecpumps\" \/>\n<meta property=\"article:modified_time\" content=\"2026-03-10T15:21:39+00:00\" \/>\n<meta property=\"og:image\" content=\"https:\/\/www.emecpumps.com\/wp-content\/uploads\/2021\/01\/logs.jpg\" \/>\n\t<meta property=\"og:image:width\" content=\"2369\" \/>\n\t<meta property=\"og:image:height\" content=\"1544\" \/>\n\t<meta property=\"og:image:type\" content=\"image\/jpeg\" \/>\n<meta name=\"twitter:card\" content=\"summary_large_image\" \/>\n<meta name=\"twitter:site\" content=\"@EMECpumps\" \/>\n<meta name=\"twitter:label1\" content=\"Dur\u00e9e de lecture estim\u00e9e\" \/>\n\t<meta name=\"twitter:data1\" content=\"7 minutes\" \/>\n<script type=\"application\/ld+json\" class=\"yoast-schema-graph\">{\"@context\":\"https:\/\/schema.org\",\"@graph\":[{\"@type\":\"WebPage\",\"@id\":\"https:\/\/www.emecpumps.com\/fr\/nimbus\/\",\"url\":\"https:\/\/www.emecpumps.com\/fr\/nimbus\/\",\"name\":\"Nimbus - Emec - Pompes doseuses et syst\u00e8mes de d\u00e9sinfection\",\"isPartOf\":{\"@id\":\"https:\/\/www.emecpumps.com\/fr\/#website\"},\"primaryImageOfPage\":{\"@id\":\"https:\/\/www.emecpumps.com\/fr\/nimbus\/#primaryimage\"},\"image\":{\"@id\":\"https:\/\/www.emecpumps.com\/fr\/nimbus\/#primaryimage\"},\"thumbnailUrl\":\"https:\/\/www.emecpumps.com\/wp-content\/uploads\/2021\/01\/logs.jpg\",\"datePublished\":\"2025-10-02T10:54:41+00:00\",\"dateModified\":\"2026-03-10T15:21:39+00:00\",\"description\":\"D\u00e9couvrez PRISMA, la pompe doseuse \u00e0 moteur pas \u00e0 pas pour un dosage extr\u00eamement pr\u00e9cis et fiable.\",\"breadcrumb\":{\"@id\":\"https:\/\/www.emecpumps.com\/fr\/nimbus\/#breadcrumb\"},\"inLanguage\":\"fr-FR\",\"potentialAction\":[{\"@type\":\"ReadAction\",\"target\":[\"https:\/\/www.emecpumps.com\/fr\/nimbus\/\"]}]},{\"@type\":\"ImageObject\",\"inLanguage\":\"fr-FR\",\"@id\":\"https:\/\/www.emecpumps.com\/fr\/nimbus\/#primaryimage\",\"url\":\"https:\/\/www.emecpumps.com\/wp-content\/uploads\/2021\/01\/logs.jpg\",\"contentUrl\":\"https:\/\/www.emecpumps.com\/wp-content\/uploads\/2021\/01\/logs.jpg\",\"width\":2369,\"height\":1544},{\"@type\":\"BreadcrumbList\",\"@id\":\"https:\/\/www.emecpumps.com\/fr\/nimbus\/#breadcrumb\",\"itemListElement\":[{\"@type\":\"ListItem\",\"position\":1,\"name\":\"Home\",\"item\":\"https:\/\/www.emecpumps.com\/fr\/\"},{\"@type\":\"ListItem\",\"position\":2,\"name\":\"Nimbus\"}]},{\"@type\":\"WebSite\",\"@id\":\"https:\/\/www.emecpumps.com\/fr\/#website\",\"url\":\"https:\/\/www.emecpumps.com\/fr\/\",\"name\":\"Emec Pumps - Pompe dosatrici e Sistemi di disinfezione\",\"description\":\"Pompes doseuses et syst\u00e8mes de d\u00e9sinfection\",\"publisher\":{\"@id\":\"https:\/\/www.emecpumps.com\/fr\/#organization\"},\"alternateName\":\"Emec\",\"potentialAction\":[{\"@type\":\"SearchAction\",\"target\":{\"@type\":\"EntryPoint\",\"urlTemplate\":\"https:\/\/www.emecpumps.com\/fr\/?s={search_term_string}\"},\"query-input\":{\"@type\":\"PropertyValueSpecification\",\"valueRequired\":true,\"valueName\":\"search_term_string\"}}],\"inLanguage\":\"fr-FR\"},{\"@type\":\"Organization\",\"@id\":\"https:\/\/www.emecpumps.com\/fr\/#organization\",\"name\":\"Emec Pumps - Pompe dosatrici e Sistemi di disinfezione\",\"url\":\"https:\/\/www.emecpumps.com\/fr\/\",\"logo\":{\"@type\":\"ImageObject\",\"inLanguage\":\"fr-FR\",\"@id\":\"https:\/\/www.emecpumps.com\/fr\/#\/schema\/logo\/image\/\",\"url\":\"https:\/\/www.emecpumps.com\/wp-content\/uploads\/2024\/01\/logo_emec.png\",\"contentUrl\":\"https:\/\/www.emecpumps.com\/wp-content\/uploads\/2024\/01\/logo_emec.png\",\"width\":470,\"height\":133,\"caption\":\"Emec Pumps - Pompe dosatrici e Sistemi di disinfezione\"},\"image\":{\"@id\":\"https:\/\/www.emecpumps.com\/fr\/#\/schema\/logo\/image\/\"},\"sameAs\":[\"https:\/\/www.facebook.com\/emecpumps\",\"https:\/\/x.com\/EMECpumps\",\"https:\/\/www.instagram.com\/emecpumps\/\",\"https:\/\/www.linkedin.com\/company\/2715607\/admin\/\"]}]}<\/script>\n<!-- \/ Yoast SEO plugin. -->","yoast_head_json":{"title":"Nimbus - Emec - Pompes doseuses et syst\u00e8mes de d\u00e9sinfection","description":"D\u00e9couvrez PRISMA, la pompe doseuse \u00e0 moteur pas \u00e0 pas pour un dosage extr\u00eamement pr\u00e9cis et fiable.","robots":{"index":"index","follow":"follow","max-snippet":"max-snippet:-1","max-image-preview":"max-image-preview:large","max-video-preview":"max-video-preview:-1"},"canonical":"https:\/\/www.emecpumps.com\/fr\/nimbus\/","og_locale":"fr_FR","og_type":"article","og_title":"Nimbus - Emec - Pompes doseuses et syst\u00e8mes de d\u00e9sinfection","og_description":"D\u00e9couvrez PRISMA, la pompe doseuse \u00e0 moteur pas \u00e0 pas pour un dosage extr\u00eamement pr\u00e9cis et fiable.","og_url":"https:\/\/www.emecpumps.com\/fr\/nimbus\/","og_site_name":"Emec - Pompes doseuses et syst\u00e8mes de d\u00e9sinfection","article_publisher":"https:\/\/www.facebook.com\/emecpumps","article_modified_time":"2026-03-10T15:21:39+00:00","og_image":[{"width":2369,"height":1544,"url":"https:\/\/www.emecpumps.com\/wp-content\/uploads\/2021\/01\/logs.jpg","type":"image\/jpeg"}],"twitter_card":"summary_large_image","twitter_site":"@EMECpumps","twitter_misc":{"Dur\u00e9e de lecture estim\u00e9e":"7 minutes"},"schema":{"@context":"https:\/\/schema.org","@graph":[{"@type":"WebPage","@id":"https:\/\/www.emecpumps.com\/fr\/nimbus\/","url":"https:\/\/www.emecpumps.com\/fr\/nimbus\/","name":"Nimbus - Emec - Pompes doseuses et syst\u00e8mes de d\u00e9sinfection","isPartOf":{"@id":"https:\/\/www.emecpumps.com\/fr\/#website"},"primaryImageOfPage":{"@id":"https:\/\/www.emecpumps.com\/fr\/nimbus\/#primaryimage"},"image":{"@id":"https:\/\/www.emecpumps.com\/fr\/nimbus\/#primaryimage"},"thumbnailUrl":"https:\/\/www.emecpumps.com\/wp-content\/uploads\/2021\/01\/logs.jpg","datePublished":"2025-10-02T10:54:41+00:00","dateModified":"2026-03-10T15:21:39+00:00","description":"D\u00e9couvrez PRISMA, la pompe doseuse \u00e0 moteur pas \u00e0 pas pour un dosage extr\u00eamement pr\u00e9cis et fiable.","breadcrumb":{"@id":"https:\/\/www.emecpumps.com\/fr\/nimbus\/#breadcrumb"},"inLanguage":"fr-FR","potentialAction":[{"@type":"ReadAction","target":["https:\/\/www.emecpumps.com\/fr\/nimbus\/"]}]},{"@type":"ImageObject","inLanguage":"fr-FR","@id":"https:\/\/www.emecpumps.com\/fr\/nimbus\/#primaryimage","url":"https:\/\/www.emecpumps.com\/wp-content\/uploads\/2021\/01\/logs.jpg","contentUrl":"https:\/\/www.emecpumps.com\/wp-content\/uploads\/2021\/01\/logs.jpg","width":2369,"height":1544},{"@type":"BreadcrumbList","@id":"https:\/\/www.emecpumps.com\/fr\/nimbus\/#breadcrumb","itemListElement":[{"@type":"ListItem","position":1,"name":"Home","item":"https:\/\/www.emecpumps.com\/fr\/"},{"@type":"ListItem","position":2,"name":"Nimbus"}]},{"@type":"WebSite","@id":"https:\/\/www.emecpumps.com\/fr\/#website","url":"https:\/\/www.emecpumps.com\/fr\/","name":"Emec Pumps - Pompe dosatrici e Sistemi di disinfezione","description":"Pompes doseuses et syst\u00e8mes de d\u00e9sinfection","publisher":{"@id":"https:\/\/www.emecpumps.com\/fr\/#organization"},"alternateName":"Emec","potentialAction":[{"@type":"SearchAction","target":{"@type":"EntryPoint","urlTemplate":"https:\/\/www.emecpumps.com\/fr\/?s={search_term_string}"},"query-input":{"@type":"PropertyValueSpecification","valueRequired":true,"valueName":"search_term_string"}}],"inLanguage":"fr-FR"},{"@type":"Organization","@id":"https:\/\/www.emecpumps.com\/fr\/#organization","name":"Emec Pumps - Pompe dosatrici e Sistemi di disinfezione","url":"https:\/\/www.emecpumps.com\/fr\/","logo":{"@type":"ImageObject","inLanguage":"fr-FR","@id":"https:\/\/www.emecpumps.com\/fr\/#\/schema\/logo\/image\/","url":"https:\/\/www.emecpumps.com\/wp-content\/uploads\/2024\/01\/logo_emec.png","contentUrl":"https:\/\/www.emecpumps.com\/wp-content\/uploads\/2024\/01\/logo_emec.png","width":470,"height":133,"caption":"Emec Pumps - Pompe dosatrici e Sistemi di disinfezione"},"image":{"@id":"https:\/\/www.emecpumps.com\/fr\/#\/schema\/logo\/image\/"},"sameAs":["https:\/\/www.facebook.com\/emecpumps","https:\/\/x.com\/EMECpumps","https:\/\/www.instagram.com\/emecpumps\/","https:\/\/www.linkedin.com\/company\/2715607\/admin\/"]}]}},"_links":{"self":[{"href":"https:\/\/www.emecpumps.com\/fr\/wp-json\/wp\/v2\/pages\/74445","targetHints":{"allow":["GET"]}}],"collection":[{"href":"https:\/\/www.emecpumps.com\/fr\/wp-json\/wp\/v2\/pages"}],"about":[{"href":"https:\/\/www.emecpumps.com\/fr\/wp-json\/wp\/v2\/types\/page"}],"author":[{"embeddable":true,"href":"https:\/\/www.emecpumps.com\/fr\/wp-json\/wp\/v2\/users\/1"}],"replies":[{"embeddable":true,"href":"https:\/\/www.emecpumps.com\/fr\/wp-json\/wp\/v2\/comments?post=74445"}],"version-history":[{"count":5,"href":"https:\/\/www.emecpumps.com\/fr\/wp-json\/wp\/v2\/pages\/74445\/revisions"}],"predecessor-version":[{"id":75980,"href":"https:\/\/www.emecpumps.com\/fr\/wp-json\/wp\/v2\/pages\/74445\/revisions\/75980"}],"wp:featuredmedia":[{"embeddable":true,"href":"https:\/\/www.emecpumps.com\/fr\/wp-json\/wp\/v2\/media\/16165"}],"wp:attachment":[{"href":"https:\/\/www.emecpumps.com\/fr\/wp-json\/wp\/v2\/media?parent=74445"}],"curies":[{"name":"wp","href":"https:\/\/api.w.org\/{rel}","templated":true}]}}