{"id":26798,"date":"2021-01-27T11:34:41","date_gmt":"2021-01-27T10:34:41","guid":{"rendered":"http:\/\/webtrial.emecpumps.com\/wordpress\/all-in-one-solutions\/"},"modified":"2024-05-07T16:30:33","modified_gmt":"2024-05-07T15:30:33","slug":"sistemas-pre-montados","status":"publish","type":"page","link":"https:\/\/www.emecpumps.com\/pt-br\/sistemas-pre-montados\/","title":{"rendered":"Sistemas pr\u00e9-montados"},"content":{"rendered":"<div class=\"wpb-content-wrapper\">[vc_row full_width=&#8221;stretch_row&#8221; content_placement=&#8221;top&#8221; pix_particles_check=&#8221;&#8221; css=&#8221;.vc_custom_1611154581845{margin-bottom: 50px !important;background-position: 0 0 !important;background-repeat: no-repeat !important;}&#8221;][vc_column][vc_row_inner][vc_column_inner][vc_column_text]\r\n<h2><span style=\"color: #16502d;\"><strong>\u00a0 \u00a0 \u00a0 \u00a0 SOLU\u00c7\u00d5ES ALL-IN-ONE<\/strong><\/span><\/h2>\r\n<h5><span style=\"color: #63a75d;\">PARA O TRATAMENTO DAS \u00c1GUAS<\/span><\/h5>\r\n[\/vc_column_text][\/vc_column_inner][\/vc_row_inner][vc_column_text]<strong>O que distingue a oferta EMEC n\u00e3o \u00e9 somente a vasta gama de produtos, mas tamb\u00e9m a capacidade de montar solu\u00e7\u00f5es integradas, prontas para aplica\u00e7\u00f5es espec\u00edficas (piscinas, torres de arrefecimento, etc.), que podem ser personalizadas em fun\u00e7\u00e3o das exig\u00eancias ou demandas dos clientes.<\/strong>\r\n\r\nA oferta EMEC de sistemas de dosagem inclui tamb\u00e9m solu\u00e7\u00f5es completas, chaves em m\u00e3os: bombas doseadoras e instrumentos de medi\u00e7\u00e3o e controle podem ser montados com sondas e acess\u00f3rios em pain\u00e9is personaliz\u00e1veis com base em espec\u00edficas exig\u00eancias de utiliza\u00e7\u00e3o. A montagem pode ser realizada em espec\u00edficas cabines dotadas de comportas e em estruturas personalizadas de a\u00e7o inoxid\u00e1vel (skids). Quadros el\u00e9tricos de comando fornecidos de f\u00e1brica, projetados e realizados para pilotar a instrumenta\u00e7\u00e3o, completam as solu\u00e7\u00f5es propostas. As nossas solu\u00e7\u00f5es All-in-One podem ser utilizadas, a t\u00edtulo exemplificativo e n\u00e3o exaustivo, no setor das piscinas e das torres de arrefecimento, no tratamento das \u00e1guas residuais e nas esta\u00e7\u00f5es de potabiliza\u00e7\u00e3o.[\/vc_column_text][\/vc_column][\/vc_row][vc_row full_width=&#8221;stretch_row_content&#8221; pix_particles_check=&#8221;&#8221;][vc_column pix_particles_check=&#8221;1&#8243; pix_particles=&#8221;%5B%7B%22image%22%3A%2216059%22%2C%22h_position%22%3A%22left%22%2C%22horizontal%22%3A%220px%22%2C%22v_position%22%3A%22top%22%2C%22vertical%22%3A%220px%22%2C%22pix_particles_type_2%22%3A%22mouse_parallax%22%2C%22depth%22%3A%220.5%22%2C%22xaxis%22%3A%22100%22%2C%22yaxis%22%3A%220%22%2C%22rotation_speed%22%3A%22300%22%2C%22img_width%22%3A%2220%25%22%2C%22pix_infinite_speed%22%3A%22pix-duration-fast%22%2C%22hide%22%3A%22true%22%7D%2C%7B%22image%22%3A%2216062%22%2C%22h_position%22%3A%22left%22%2C%22horizontal%22%3A%22100px%22%2C%22v_position%22%3A%22top%22%2C%22vertical%22%3A%2260px%22%2C%22pix_particles_type_2%22%3A%22mouse_parallax%22%2C%22depth%22%3A%220.2%22%2C%22xaxis%22%3A%22100%22%2C%22yaxis%22%3A%220%22%2C%22rotation_speed%22%3A%22300%22%2C%22img_width%22%3A%2225%25%22%2C%22pix_infinite_speed%22%3A%22pix-duration-fast%22%2C%22hide%22%3A%22true%22%7D%5D&#8221; offset=&#8221;vc_hidden-xs&#8221;][\/vc_column][\/vc_row][vc_row full_width=&#8221;stretch_row&#8221; content_placement=&#8221;top&#8221; top_divider_select=&#8221;dynamic&#8221; top_moving_divider_color=&#8221;%5B%7B%22d_color_1%22%3A%22%23f8f9fa%22%2C%22d_color_2%22%3A%22%23f8f9fa%22%7D%5D&#8221; pix_particles_check=&#8221;&#8221; css=&#8221;.vc_custom_1611748474053{margin-bottom: 50px !important;padding-top: 50px !important;background-color: #ffffff !important;background-position: 0 0 !important;background-repeat: no-repeat !important;}&#8221;][vc_column width=&#8221;1\/4&#8243;][\/vc_column][vc_column width=&#8221;3\/4&#8243;]<div id=\"el1611758016724-54347387-da56\" class=\"w-100 d-block \"><\/div>[vc_row_inner][vc_column_inner][vc_column_text]\r\n<h2><span style=\"color: #16502d;\">\u00a0 \u00a0<strong>PAIN\u00c9IS PR\u00c9-MONTADOS<\/strong><\/span><\/h2>\r\n<h5><span style=\"color: #63a75d;\">PISCINAS \u2013 TORRES DE EVAPORA\u00c7\u00c3O \u2013 SOLU\u00c7\u00d5ES ESPECIAIS<\/span><\/h5>\r\n[\/vc_column_text][\/vc_column_inner][\/vc_row_inner]<div class=\"d-block w-100 text-right\"><span  class=\"btn mb-2    vc_custom_1628687839810  btn-secondary d-inline-flex align-items-center     btn-rounded pix-popup-link pix-btn-div btn-normal\"     data-popup-link=\"https:\/\/www.emecpumps.com\/wp-admin\/admin-ajax.php?action=pix_popup_content&id=26324&nonce=e6c6dbfb86\" data-popup-id=\"26324\"><svg class=\"pixfort-icon font-weight-bold   mr-2\" width=\"24\" height=\"24\"  data-name=\"Line\/pixfort-icon-bookmark-7\" viewBox=\"2 2 20 20\"><path fill=\"none\" stroke=\"var(--pf-icon-color)\" stroke-linecap=\"round\" stroke-linejoin=\"round\" stroke-width=\"var(--pf-icon-stroke-width)\" d=\"M12.9396835,5.29837775 L18.5661391,4.04805429 C19.6444055,3.80843952 20.7127594,4.48830104 20.9523741,5.56656749 C20.9840296,5.70901729 21,5.85450372 21,6.00042841 L21,15.9028531 C21,16.8402504 20.348936,17.6518772 19.4338609,17.8552272 L13.4603166,19.1826815 C12.8133567,19.3264504 12.1723444,18.9185334 12.0285755,18.2715735 C12.0095822,18.1861037 12,18.0988118 12,18.011257 L12,6.46980227 C12,5.90736387 12.3906384,5.42038777 12.9396835,5.29837775 Z M11.0603165,5.29837775 L5.43386092,4.04805429 C4.35559446,3.80843952 3.28724065,4.48830104 3.04762588,5.56656749 C3.01597037,5.70901729 3,5.85450372 3,6.00042841 L3,15.9028531 C3,16.8402504 3.65106397,17.6518772 4.56613908,17.8552272 L10.5396834,19.1826815 C11.1866433,19.3264504 11.8276556,18.9185334 11.9714245,18.2715735 C11.9904178,18.1861037 12,18.0988118 12,18.011257 L12,6.46980227 C12,5.90736387 11.6093616,5.42038777 11.0603165,5.29837775 Z M17,4.41679037 L17,8 L16,8.20294478 L16,4.63256957\"\/><\/svg><span class=\"font-weight-bold \" >Cat\u00e1logo<\/span><\/span><\/div>[vc_row_inner][vc_column_inner]<div class=\"d-block w-100 text-left\"><a  href=\".\/swimming-pool-systems\/\" class=\"btn mb-2     btn-primary d-inline-flex align-items-center     btn-rounded pix-btn-div btn-normal\"     ><svg class=\"pixfort-icon font-weight-bold   mr-2\" width=\"24\" height=\"24\"  data-name=\"Line\/pixfort-icon-arrow-right-circle-1\" viewBox=\"2 2 20 20\"><path fill=\"none\" stroke=\"var(--pf-icon-color)\" stroke-linecap=\"round\" stroke-linejoin=\"round\" stroke-width=\"var(--pf-icon-stroke-width)\" d=\"M12,21 C16.9705627,21 21,16.9705627 21,12 C21,7.02943725 16.9705627,3 12,3 C7.02943725,3 3,7.02943725 3,12 C3,16.9705627 7.02943725,21 12,21 Z M7,12 L16,12 M12,17 L17,12 L12,7\"\/><\/svg><span class=\"font-weight-bold \" >Sistemas para piscinas<\/span><\/a><\/div><div class=\"pix-element-div w-100 text-left\"><span class=\"pix-badge-element h5 d-inline-flex mr-1 \"  ><span class=\"badge font-weight-bold badge-pill bg-gray-4  vc_custom_1628687934195  \" style=\" \"><span class=\"text-white\" style=\"\">Sistemas para torre de resfriamento (em breve online)<\/span><\/span><\/span><\/div><div id=\"el1618496423278-7adc733c-959e\" class=\"w-100 d-block \"><\/div>[\/vc_column_inner][\/vc_row_inner][\/vc_column][\/vc_row][vc_row full_width=&#8221;stretch_row_content&#8221; pix_particles_check=&#8221;&#8221;][vc_column pix_particles_check=&#8221;1&#8243; pix_particles=&#8221;%5B%7B%22image%22%3A%2260221%22%2C%22h_position%22%3A%22right%22%2C%22horizontal%22%3A%220px%22%2C%22v_position%22%3A%22top%22%2C%22vertical%22%3A%22150px%22%2C%22pix_particles_type_2%22%3A%22mouse_parallax%22%2C%22depth%22%3A%220.1%22%2C%22xaxis%22%3A%22100%22%2C%22yaxis%22%3A%220%22%2C%22rotation_speed%22%3A%22300%22%2C%22img_width%22%3A%2215%25%22%2C%22pix_infinite_speed%22%3A%22pix-duration-fast%22%2C%22hide%22%3A%22true%22%7D%2C%7B%22image%22%3A%2260213%22%2C%22h_position%22%3A%22right%22%2C%22horizontal%22%3A%2250px%22%2C%22v_position%22%3A%22top%22%2C%22vertical%22%3A%22150px%22%2C%22pix_particles_type_2%22%3A%22mouse_parallax%22%2C%22depth%22%3A%220.3%22%2C%22xaxis%22%3A%22100%22%2C%22yaxis%22%3A%220%22%2C%22rotation_speed%22%3A%22300%22%2C%22img_width%22%3A%2230%25%22%2C%22pix_infinite_speed%22%3A%22pix-duration-fast%22%2C%22hide%22%3A%22true%22%7D%5D&#8221; offset=&#8221;vc_hidden-xs&#8221;][\/vc_column][\/vc_row][vc_row full_width=&#8221;stretch_row&#8221; content_placement=&#8221;top&#8221; pix_particles_check=&#8221;&#8221; css=&#8221;.vc_custom_1611913622577{margin-bottom: 50px !important;padding-top: 50px !important;background-position: 0 0 !important;background-repeat: no-repeat !important;}&#8221;][vc_column width=&#8221;2\/3&#8243;]<div id=\"el1611758367945-1dced1fa-77e1\" class=\"w-100 d-block \"><\/div>[vc_row_inner][vc_column_inner][vc_column_text]\r\n<h2 style=\"text-align: right;\"><span style=\"color: #16502d;\">SKIDS E CABINES DE DOSAGEM PERSONALIZADAS<\/span><\/h2>\r\n[\/vc_column_text][vc_column_text]Uma instala\u00e7\u00e3o em skid \u00e9 uma instala\u00e7\u00e3o montada em uma estrutura de suporte de a\u00e7o inoxid\u00e1vel. A estrutura \u00e9 realizada com base nas especifica\u00e7\u00f5es fornecidas pelo cliente.\r\n\r\nPara al\u00e9m da solu\u00e7\u00e3o referida acima, \u00e9 poss\u00edvel realizar instala\u00e7\u00f5es de dosagem tamb\u00e9m em cabines com vigias e comportas.\r\n\r\nQuadros el\u00e9tricos de comando fornecidos de f\u00e1brica, projetados e realizados para pilotar a instrumenta\u00e7\u00e3o, completam as solu\u00e7\u00f5es propostas. A estrutura acabada inclui as liga\u00e7\u00f5es el\u00e9tricas e hidr\u00e1ulicas e est\u00e1, portanto, pronta para a instala\u00e7\u00e3o.[\/vc_column_text]<a  href=\"https:\/\/www.emecpumps.com\/wp-content\/uploads\/2024\/05\/DS_SKID_S_M_ENG.pdf\" class=\"btn mb-2     btn-secondary d-inline-flex align-items-center     btn-rounded btn-normal\" target=\"_blank\" rel=\"noopener\"    ><svg class=\"pixfort-icon font-weight-bold   mr-2\" width=\"24\" height=\"24\"  data-name=\"Line\/pixfort-icon-page-down-1\" viewBox=\"2 2 20 20\"><path fill=\"none\" stroke=\"var(--pf-icon-color)\" stroke-linecap=\"round\" stroke-linejoin=\"round\" stroke-width=\"var(--pf-icon-stroke-width)\" d=\"M12,3 L12,17 M6,12 L12,18 L18,12 M3,21 L21,21\"\/><\/svg><span class=\"font-weight-bold \" >Download Datasheet<\/span><\/a>[\/vc_column_inner][\/vc_row_inner][\/vc_column][vc_column width=&#8221;1\/3&#8243;][\/vc_column][\/vc_row][vc_row full_width=&#8221;stretch_row_content&#8221; pix_particles_check=&#8221;&#8221;][vc_column pix_particles_check=&#8221;1&#8243; pix_particles=&#8221;%5B%7B%22image%22%3A%2216140%22%2C%22h_position%22%3A%22left%22%2C%22horizontal%22%3A%2270px%22%2C%22v_position%22%3A%22top%22%2C%22vertical%22%3A%22100px%22%2C%22pix_particles_type_2%22%3A%22mouse_parallax%22%2C%22depth%22%3A%220.3%22%2C%22xaxis%22%3A%22100%22%2C%22yaxis%22%3A%220%22%2C%22rotation_speed%22%3A%22300%22%2C%22img_width%22%3A%2212%25%22%2C%22pix_infinite_speed%22%3A%22pix-duration-fast%22%2C%22hide%22%3A%22true%22%7D%2C%7B%22image%22%3A%2216246%22%2C%22h_position%22%3A%22left%22%2C%22horizontal%22%3A%2250px%22%2C%22v_position%22%3A%22top%22%2C%22vertical%22%3A%2260px%22%2C%22pix_particles_type_2%22%3A%22mouse_parallax%22%2C%22depth%22%3A%220.2%22%2C%22xaxis%22%3A%22100%22%2C%22yaxis%22%3A%220%22%2C%22rotation_speed%22%3A%22300%22%2C%22img_width%22%3A%2220%25%22%2C%22pix_infinite_speed%22%3A%22pix-duration-fast%22%2C%22hide%22%3A%22true%22%7D%5D&#8221; offset=&#8221;vc_hidden-xs&#8221;][\/vc_column][\/vc_row][vc_row full_width=&#8221;stretch_row&#8221; content_placement=&#8221;top&#8221; top_divider_select=&#8221;dynamic&#8221; top_moving_divider_color=&#8221;%5B%7B%22d_color_1%22%3A%22%23f8f9fa%22%2C%22d_color_2%22%3A%22%23f8f9fa%22%7D%5D&#8221; pix_particles_check=&#8221;&#8221; css=&#8221;.vc_custom_1611748474053{margin-bottom: 50px !important;padding-top: 50px !important;background-color: #ffffff !important;background-position: 0 0 !important;background-repeat: no-repeat !important;}&#8221;][vc_column width=&#8221;1\/4&#8243;][\/vc_column][vc_column width=&#8221;3\/4&#8243;]<div id=\"el1611758996380-62918d66-6143\" class=\"w-100 d-block \"><\/div>[vc_row_inner][vc_column_inner][vc_column_text]\r\n<h2 style=\"text-align: left;\"><span style=\"color: #16502d;\"><strong>ESTA\u00c7\u00d5ES DE DOSAGEM &amp; MISTURA<\/strong><\/span><\/h2>\r\n[\/vc_column_text][vc_column_text]As esta\u00e7\u00f5es de dosagem s\u00e3o pr\u00e9via e completamente montadas e incluem a bordo:\r\n<ul>\r\n \t<li>bombas de dosagem<\/li>\r\n \t<li>lan\u00e7as de aspira\u00e7\u00e3o<\/li>\r\n \t<li>agitador para mistura<\/li>\r\n \t<li>torneira de entrada da \u00e1gua<\/li>\r\n \t<li>torneira de descarga<\/li>\r\n<\/ul>\r\nAs esta\u00e7\u00f5es de dosagem s\u00e3o solu\u00e7\u00f5es acabadas: somente as opera\u00e7\u00f5es de liga\u00e7\u00e3o hidr\u00e1ulica e el\u00e9trica ficam sob a responsabilidade do cliente.[\/vc_column_text]<div id=\"el1611759916262-a56eb9a9-bf08\" class=\"w-100 d-block \"><\/div>[\/vc_column_inner][\/vc_row_inner][\/vc_column][\/vc_row]<\/div>","protected":false},"excerpt":{"rendered":"[vc_row full_width=&#8221;stretch_row&#8221; content_placement=&#8221;top&#8221; pix_particles_check=&#8221;&#8221; css=&#8221;.vc_custom_1611154581845{margin-bottom: 50px !important;background-position: 0 0 !important;background-repeat: no-repeat !important;}&#8221;][vc_column][vc_row_inner][vc_column_inner][vc_column_text] \u00a0 \u00a0 \u00a0 \u00a0 SOLU\u00c7\u00d5ES ALL-IN-ONE PARA O TRATAMENTO DAS \u00c1GUAS [\/vc_column_text][\/vc_column_inner][\/vc_row_inner][vc_column_text]O que distingue a oferta EMEC n\u00e3o \u00e9 somente a vasta gama de produtos, mas tamb\u00e9m a&#8230;","protected":false},"author":1,"featured_media":26787,"parent":0,"menu_order":0,"comment_status":"closed","ping_status":"closed","template":"","meta":{"lazy_load_responsive_images_disabled":false,"footnotes":""},"class_list":["post-26798","page","type-page","status-publish","has-post-thumbnail","hentry"],"yoast_head":"<!-- This site is optimized with the Yoast SEO plugin v26.6 - https:\/\/yoast.com\/wordpress\/plugins\/seo\/ -->\n<title>Sistemas pr\u00e9-montados - Emec - Bombas Dosadoras e Sistemas de Desinfec\u00e7\u00e3o<\/title>\n<meta name=\"description\" content=\"A oferta EMEC tamb\u00e9m inclui solu\u00e7\u00f5es chave-na-m\u00e3o tudo-em-um que podem ser montadas de acordo com os requisitos espec\u00edficos do cliente.\" \/>\n<meta name=\"robots\" content=\"index, follow, max-snippet:-1, max-image-preview:large, max-video-preview:-1\" \/>\n<link rel=\"canonical\" href=\"https:\/\/www.emecpumps.com\/pt-br\/sistemas-pre-montados\/\" \/>\n<meta property=\"og:locale\" content=\"pt_BR\" \/>\n<meta property=\"og:type\" content=\"article\" \/>\n<meta property=\"og:title\" content=\"Sistemas pr\u00e9-montados - Emec - Bombas Dosadoras e Sistemas de Desinfec\u00e7\u00e3o\" \/>\n<meta property=\"og:description\" content=\"A oferta EMEC tamb\u00e9m inclui solu\u00e7\u00f5es chave-na-m\u00e3o tudo-em-um que podem ser montadas de acordo com os requisitos espec\u00edficos do cliente.\" \/>\n<meta property=\"og:url\" content=\"https:\/\/www.emecpumps.com\/pt-br\/sistemas-pre-montados\/\" \/>\n<meta property=\"og:site_name\" content=\"Emec - Bombas Dosadoras e Sistemas de Desinfec\u00e7\u00e3o\" \/>\n<meta property=\"article:publisher\" content=\"https:\/\/www.facebook.com\/emecpumps\" \/>\n<meta property=\"article:modified_time\" content=\"2024-05-07T15:30:33+00:00\" \/>\n<meta property=\"og:image\" content=\"https:\/\/www.emecpumps.com\/wp-content\/uploads\/2021\/01\/logs.jpg\" \/>\n\t<meta property=\"og:image:width\" content=\"2369\" \/>\n\t<meta property=\"og:image:height\" content=\"1544\" \/>\n\t<meta property=\"og:image:type\" content=\"image\/jpeg\" \/>\n<meta name=\"twitter:card\" content=\"summary_large_image\" \/>\n<meta name=\"twitter:site\" content=\"@EMECpumps\" \/>\n<meta name=\"twitter:label1\" content=\"Est. tempo de leitura\" \/>\n\t<meta name=\"twitter:data1\" content=\"2 minutos\" \/>\n<script type=\"application\/ld+json\" class=\"yoast-schema-graph\">{\"@context\":\"https:\/\/schema.org\",\"@graph\":[{\"@type\":\"WebPage\",\"@id\":\"https:\/\/www.emecpumps.com\/pt-br\/sistemas-pre-montados\/\",\"url\":\"https:\/\/www.emecpumps.com\/pt-br\/sistemas-pre-montados\/\",\"name\":\"Sistemas pr\u00e9-montados - Emec - Bombas Dosadoras e Sistemas de Desinfec\u00e7\u00e3o\",\"isPartOf\":{\"@id\":\"https:\/\/www.emecpumps.com\/pt-br\/#website\"},\"primaryImageOfPage\":{\"@id\":\"https:\/\/www.emecpumps.com\/pt-br\/sistemas-pre-montados\/#primaryimage\"},\"image\":{\"@id\":\"https:\/\/www.emecpumps.com\/pt-br\/sistemas-pre-montados\/#primaryimage\"},\"thumbnailUrl\":\"https:\/\/www.emecpumps.com\/wp-content\/uploads\/2021\/01\/logs.jpg\",\"datePublished\":\"2021-01-27T10:34:41+00:00\",\"dateModified\":\"2024-05-07T15:30:33+00:00\",\"description\":\"A oferta EMEC tamb\u00e9m inclui solu\u00e7\u00f5es chave-na-m\u00e3o tudo-em-um que podem ser montadas de acordo com os requisitos espec\u00edficos do cliente.\",\"breadcrumb\":{\"@id\":\"https:\/\/www.emecpumps.com\/pt-br\/sistemas-pre-montados\/#breadcrumb\"},\"inLanguage\":\"pt-BR\",\"potentialAction\":[{\"@type\":\"ReadAction\",\"target\":[\"https:\/\/www.emecpumps.com\/pt-br\/sistemas-pre-montados\/\"]}]},{\"@type\":\"ImageObject\",\"inLanguage\":\"pt-BR\",\"@id\":\"https:\/\/www.emecpumps.com\/pt-br\/sistemas-pre-montados\/#primaryimage\",\"url\":\"https:\/\/www.emecpumps.com\/wp-content\/uploads\/2021\/01\/logs.jpg\",\"contentUrl\":\"https:\/\/www.emecpumps.com\/wp-content\/uploads\/2021\/01\/logs.jpg\",\"width\":2369,\"height\":1544},{\"@type\":\"BreadcrumbList\",\"@id\":\"https:\/\/www.emecpumps.com\/pt-br\/sistemas-pre-montados\/#breadcrumb\",\"itemListElement\":[{\"@type\":\"ListItem\",\"position\":1,\"name\":\"Home\",\"item\":\"https:\/\/www.emecpumps.com\/pt-br\/\"},{\"@type\":\"ListItem\",\"position\":2,\"name\":\"Sistemas pr\u00e9-montados\"}]},{\"@type\":\"WebSite\",\"@id\":\"https:\/\/www.emecpumps.com\/pt-br\/#website\",\"url\":\"https:\/\/www.emecpumps.com\/pt-br\/\",\"name\":\"Emec Pumps - Pompe dosatrici e Sistemi di disinfezione\",\"description\":\"Bombas Dosadoras e Sistemas de Desinfec\u00e7\u00e3o\",\"publisher\":{\"@id\":\"https:\/\/www.emecpumps.com\/pt-br\/#organization\"},\"alternateName\":\"Emec\",\"potentialAction\":[{\"@type\":\"SearchAction\",\"target\":{\"@type\":\"EntryPoint\",\"urlTemplate\":\"https:\/\/www.emecpumps.com\/pt-br\/?s={search_term_string}\"},\"query-input\":{\"@type\":\"PropertyValueSpecification\",\"valueRequired\":true,\"valueName\":\"search_term_string\"}}],\"inLanguage\":\"pt-BR\"},{\"@type\":\"Organization\",\"@id\":\"https:\/\/www.emecpumps.com\/pt-br\/#organization\",\"name\":\"Emec Pumps - Pompe dosatrici e Sistemi di disinfezione\",\"url\":\"https:\/\/www.emecpumps.com\/pt-br\/\",\"logo\":{\"@type\":\"ImageObject\",\"inLanguage\":\"pt-BR\",\"@id\":\"https:\/\/www.emecpumps.com\/pt-br\/#\/schema\/logo\/image\/\",\"url\":\"https:\/\/www.emecpumps.com\/wp-content\/uploads\/2024\/01\/logo_emec.png\",\"contentUrl\":\"https:\/\/www.emecpumps.com\/wp-content\/uploads\/2024\/01\/logo_emec.png\",\"width\":470,\"height\":133,\"caption\":\"Emec Pumps - Pompe dosatrici e Sistemi di disinfezione\"},\"image\":{\"@id\":\"https:\/\/www.emecpumps.com\/pt-br\/#\/schema\/logo\/image\/\"},\"sameAs\":[\"https:\/\/www.facebook.com\/emecpumps\",\"https:\/\/x.com\/EMECpumps\",\"https:\/\/www.instagram.com\/emecpumps\/\",\"https:\/\/www.linkedin.com\/company\/2715607\/admin\/\"]}]}<\/script>\n<!-- \/ Yoast SEO plugin. -->","yoast_head_json":{"title":"Sistemas pr\u00e9-montados - Emec - Bombas Dosadoras e Sistemas de Desinfec\u00e7\u00e3o","description":"A oferta EMEC tamb\u00e9m inclui solu\u00e7\u00f5es chave-na-m\u00e3o tudo-em-um que podem ser montadas de acordo com os requisitos espec\u00edficos do cliente.","robots":{"index":"index","follow":"follow","max-snippet":"max-snippet:-1","max-image-preview":"max-image-preview:large","max-video-preview":"max-video-preview:-1"},"canonical":"https:\/\/www.emecpumps.com\/pt-br\/sistemas-pre-montados\/","og_locale":"pt_BR","og_type":"article","og_title":"Sistemas pr\u00e9-montados - Emec - Bombas Dosadoras e Sistemas de Desinfec\u00e7\u00e3o","og_description":"A oferta EMEC tamb\u00e9m inclui solu\u00e7\u00f5es chave-na-m\u00e3o tudo-em-um que podem ser montadas de acordo com os requisitos espec\u00edficos do cliente.","og_url":"https:\/\/www.emecpumps.com\/pt-br\/sistemas-pre-montados\/","og_site_name":"Emec - Bombas Dosadoras e Sistemas de Desinfec\u00e7\u00e3o","article_publisher":"https:\/\/www.facebook.com\/emecpumps","article_modified_time":"2024-05-07T15:30:33+00:00","og_image":[{"width":2369,"height":1544,"url":"https:\/\/www.emecpumps.com\/wp-content\/uploads\/2021\/01\/logs.jpg","type":"image\/jpeg"}],"twitter_card":"summary_large_image","twitter_site":"@EMECpumps","twitter_misc":{"Est. tempo de leitura":"2 minutos"},"schema":{"@context":"https:\/\/schema.org","@graph":[{"@type":"WebPage","@id":"https:\/\/www.emecpumps.com\/pt-br\/sistemas-pre-montados\/","url":"https:\/\/www.emecpumps.com\/pt-br\/sistemas-pre-montados\/","name":"Sistemas pr\u00e9-montados - Emec - Bombas Dosadoras e Sistemas de Desinfec\u00e7\u00e3o","isPartOf":{"@id":"https:\/\/www.emecpumps.com\/pt-br\/#website"},"primaryImageOfPage":{"@id":"https:\/\/www.emecpumps.com\/pt-br\/sistemas-pre-montados\/#primaryimage"},"image":{"@id":"https:\/\/www.emecpumps.com\/pt-br\/sistemas-pre-montados\/#primaryimage"},"thumbnailUrl":"https:\/\/www.emecpumps.com\/wp-content\/uploads\/2021\/01\/logs.jpg","datePublished":"2021-01-27T10:34:41+00:00","dateModified":"2024-05-07T15:30:33+00:00","description":"A oferta EMEC tamb\u00e9m inclui solu\u00e7\u00f5es chave-na-m\u00e3o tudo-em-um que podem ser montadas de acordo com os requisitos espec\u00edficos do cliente.","breadcrumb":{"@id":"https:\/\/www.emecpumps.com\/pt-br\/sistemas-pre-montados\/#breadcrumb"},"inLanguage":"pt-BR","potentialAction":[{"@type":"ReadAction","target":["https:\/\/www.emecpumps.com\/pt-br\/sistemas-pre-montados\/"]}]},{"@type":"ImageObject","inLanguage":"pt-BR","@id":"https:\/\/www.emecpumps.com\/pt-br\/sistemas-pre-montados\/#primaryimage","url":"https:\/\/www.emecpumps.com\/wp-content\/uploads\/2021\/01\/logs.jpg","contentUrl":"https:\/\/www.emecpumps.com\/wp-content\/uploads\/2021\/01\/logs.jpg","width":2369,"height":1544},{"@type":"BreadcrumbList","@id":"https:\/\/www.emecpumps.com\/pt-br\/sistemas-pre-montados\/#breadcrumb","itemListElement":[{"@type":"ListItem","position":1,"name":"Home","item":"https:\/\/www.emecpumps.com\/pt-br\/"},{"@type":"ListItem","position":2,"name":"Sistemas pr\u00e9-montados"}]},{"@type":"WebSite","@id":"https:\/\/www.emecpumps.com\/pt-br\/#website","url":"https:\/\/www.emecpumps.com\/pt-br\/","name":"Emec Pumps - Pompe dosatrici e Sistemi di disinfezione","description":"Bombas Dosadoras e Sistemas de Desinfec\u00e7\u00e3o","publisher":{"@id":"https:\/\/www.emecpumps.com\/pt-br\/#organization"},"alternateName":"Emec","potentialAction":[{"@type":"SearchAction","target":{"@type":"EntryPoint","urlTemplate":"https:\/\/www.emecpumps.com\/pt-br\/?s={search_term_string}"},"query-input":{"@type":"PropertyValueSpecification","valueRequired":true,"valueName":"search_term_string"}}],"inLanguage":"pt-BR"},{"@type":"Organization","@id":"https:\/\/www.emecpumps.com\/pt-br\/#organization","name":"Emec Pumps - Pompe dosatrici e Sistemi di disinfezione","url":"https:\/\/www.emecpumps.com\/pt-br\/","logo":{"@type":"ImageObject","inLanguage":"pt-BR","@id":"https:\/\/www.emecpumps.com\/pt-br\/#\/schema\/logo\/image\/","url":"https:\/\/www.emecpumps.com\/wp-content\/uploads\/2024\/01\/logo_emec.png","contentUrl":"https:\/\/www.emecpumps.com\/wp-content\/uploads\/2024\/01\/logo_emec.png","width":470,"height":133,"caption":"Emec Pumps - Pompe dosatrici e Sistemi di disinfezione"},"image":{"@id":"https:\/\/www.emecpumps.com\/pt-br\/#\/schema\/logo\/image\/"},"sameAs":["https:\/\/www.facebook.com\/emecpumps","https:\/\/x.com\/EMECpumps","https:\/\/www.instagram.com\/emecpumps\/","https:\/\/www.linkedin.com\/company\/2715607\/admin\/"]}]}},"_links":{"self":[{"href":"https:\/\/www.emecpumps.com\/pt-br\/wp-json\/wp\/v2\/pages\/26798","targetHints":{"allow":["GET"]}}],"collection":[{"href":"https:\/\/www.emecpumps.com\/pt-br\/wp-json\/wp\/v2\/pages"}],"about":[{"href":"https:\/\/www.emecpumps.com\/pt-br\/wp-json\/wp\/v2\/types\/page"}],"author":[{"embeddable":true,"href":"https:\/\/www.emecpumps.com\/pt-br\/wp-json\/wp\/v2\/users\/1"}],"replies":[{"embeddable":true,"href":"https:\/\/www.emecpumps.com\/pt-br\/wp-json\/wp\/v2\/comments?post=26798"}],"version-history":[{"count":6,"href":"https:\/\/www.emecpumps.com\/pt-br\/wp-json\/wp\/v2\/pages\/26798\/revisions"}],"predecessor-version":[{"id":60256,"href":"https:\/\/www.emecpumps.com\/pt-br\/wp-json\/wp\/v2\/pages\/26798\/revisions\/60256"}],"wp:featuredmedia":[{"embeddable":true,"href":"https:\/\/www.emecpumps.com\/pt-br\/wp-json\/wp\/v2\/media\/26787"}],"wp:attachment":[{"href":"https:\/\/www.emecpumps.com\/pt-br\/wp-json\/wp\/v2\/media?parent=26798"}],"curies":[{"name":"wp","href":"https:\/\/api.w.org\/{rel}","templated":true}]}}