{"id":26829,"date":"2020-11-06T13:33:28","date_gmt":"2020-11-06T12:33:28","guid":{"rendered":"http:\/\/webtrial.emecpumps.com\/wordpress\/contacts\/"},"modified":"2022-12-19T14:23:06","modified_gmt":"2022-12-19T13:23:06","slug":"contatos","status":"publish","type":"page","link":"https:\/\/www.emecpumps.com\/pt-br\/contatos\/","title":{"rendered":"Contatos"},"content":{"rendered":"<div class=\"wpb-content-wrapper\">[vc_row full_width=&#8221;stretch_row_content&#8221; pix_particles_check=&#8221;&#8221; css=&#8221;.vc_custom_1671456183705{margin-bottom: 100px !important;}&#8221;][vc_column]<div class=\"overflow-hidden pix-map-out mb-2 mb-sm-0     animate-in\" data-anim-delay=\"0\" data-anim-type=\"fade-in\"><section class=\"pix-google-map w-100\" data-style=\"silver\" data-color=\"#1274E7\" data-saturation=\"-20\" data-brightness=\"5\" data-latitude=\"-23.72673356710026\" data-longitude=\"-46.5698920872501\" data-map-zoom=\"14\" data-marker=\"https:\/\/www.emecpumps.com\/wp-content\/plugins\/pixfort-core\/functions\/images\/map\/pix-icon-location.svg\"><div class=\"google-container\"><\/div><div class=\"pix-zoom-in bg-white shadow rounded text-dark-opacity-8 text-18 d-flex align-items-center justify-content-center\"><svg class=\"pixfort-icon \" width=\"24\" height=\"24\"  data-name=\"Line\/pixfort-icon-plus-circle-1\" viewBox=\"2 2 20 20\"><path fill=\"none\" stroke=\"var(--pf-icon-color)\" stroke-linecap=\"round\" stroke-linejoin=\"round\" stroke-width=\"var(--pf-icon-stroke-width)\" d=\"M12,21 C16.9705627,21 21,16.9705627 21,12 C21,7.02943725 16.9705627,3 12,3 C7.02943725,3 3,7.02943725 3,12 C3,16.9705627 7.02943725,21 12,21 Z M12,8 L12,16 M8,12 L16,12\"\/><\/svg><\/div><div class=\"pix-zoom-out bg-white mt-1 shadow rounded text-dark-opacity-8 text-18 d-flex align-items-center justify-content-center\"><svg class=\"pixfort-icon \" width=\"24\" height=\"24\"  data-name=\"Line\/pixfort-icon-minus-circle-1\" viewBox=\"2 2 20 20\"><path fill=\"none\" stroke=\"var(--pf-icon-color)\" stroke-linecap=\"round\" stroke-linejoin=\"round\" stroke-width=\"var(--pf-icon-stroke-width)\" d=\"M12,21 C16.9705627,21 21,16.9705627 21,12 C21,7.02943725 16.9705627,3 12,3 C7.02943725,3 3,7.02943725 3,12 C3,16.9705627 7.02943725,21 12,21 Z M8,12 L16,12\"\/><\/svg><\/div><address class=\"bg-white rounded-lg text-body-default font-weight-bold shadow-inverse\">Rua Wadia Jafet Assad, 179, Bairro dos Casa, S\u00e3o Bernardo do Campo, SP - Brasil. CEP: 09850-090<\/address><\/section><\/div>[\/vc_column][\/vc_row][vc_row pix_particles_check=&#8221;&#8221;][vc_column width=&#8221;2\/3&#8243;]<div id=\"el1671455680001-ba4e5252-8093\" class=\"pix-el-text   w-100  \" ><p class=\"\"><div id=\"quform-8c923d\" class=\"quform quform-24 quform-support-page-caching\"><form id=\"quform-form-8c923d\" class=\"quform-form quform-form-24\" action=\"\/pt-br\/wp-json\/wp\/v2\/pages\/26829#quform-8c923d\" method=\"post\" enctype=\"multipart\/form-data\" novalidate=\"novalidate\" data-options=\"{&quot;id&quot;:24,&quot;uniqueId&quot;:&quot;8c923d&quot;,&quot;theme&quot;:&quot;&quot;,&quot;ajax&quot;:true,&quot;logic&quot;:{&quot;logic&quot;:[],&quot;dependents&quot;:[],&quot;elementIds&quot;:[],&quot;dependentElementIds&quot;:[],&quot;animate&quot;:true},&quot;currentPageId&quot;:1,&quot;errorsIcon&quot;:&quot;&quot;,&quot;updateFancybox&quot;:true,&quot;hasPages&quot;:false,&quot;pages&quot;:[1],&quot;pageProgressType&quot;:&quot;numbers&quot;,&quot;tooltipsEnabled&quot;:true,&quot;tooltipClasses&quot;:&quot;qtip-quform-dark qtip-shadow&quot;,&quot;tooltipMy&quot;:&quot;left center&quot;,&quot;tooltipAt&quot;:&quot;right center&quot;,&quot;isRtl&quot;:false,&quot;scrollOffset&quot;:-50,&quot;scrollSpeed&quot;:800}\"><button class=\"quform-default-submit\" name=\"quform_submit\" type=\"submit\" value=\"submit\" aria-hidden=\"true\" tabindex=\"-1\"><\/button><div class=\"quform-form-inner quform-form-inner-24\"><input type=\"hidden\" name=\"quform_form_id\" value=\"24\" \/><input type=\"hidden\" name=\"quform_form_uid\" value=\"8c923d\" \/><input type=\"hidden\" name=\"quform_count\" value=\"1\" \/><input type=\"hidden\" name=\"form_url\" value=\"https:\/\/www.emecpumps.com\/pt-br\/wp-json\/wp\/v2\/pages\/26829\" \/><input type=\"hidden\" name=\"referring_url\" value=\"\" \/><input type=\"hidden\" name=\"post_id\" value=\"\" \/><input type=\"hidden\" name=\"post_title\" value=\"\" \/><input type=\"hidden\" name=\"quform_current_page_id\" value=\"1\" \/><input type=\"hidden\" name=\"quform_loaded\" value=\"1776590146|164b3a303c1d657285514919084ffafe\" \/><input type=\"hidden\" name=\"quform_csrf_token\" value=\"a6rSWb466ifyROtLnwD3W0a30O2PFKdlybRgtvqB\" \/><div class=\"quform-elements quform-elements-24 quform-cf quform-responsive-elements-phone-landscape\"><div class=\"quform-element quform-element-page quform-page-1 quform-page-24_1 quform-cf quform-group-style-plain quform-first-page quform-last-page quform-current-page\"><div class=\"quform-child-elements\"><div class=\"quform-element quform-element-row quform-element-row-24_6 quform-2-columns quform-element-row-size-fixed quform-responsive-columns-phone-landscape\"><div class=\"quform-element quform-element-column quform-element-24_7\"><div class=\"quform-element quform-element-text quform-element-24_5 quform-cf quform-element-required\"><div class=\"quform-spacer\"><div class=\"quform-label quform-label-24_5\"><label class=\"quform-label-text\" for=\"quform_24_5_8c923d\">Nome<span class=\"quform-required\">*<\/span><\/label><\/div><div class=\"quform-inner quform-inner-text quform-inner-24_5\"><div class=\"quform-input quform-input-text quform-input-24_5 quform-cf\"><input type=\"text\" id=\"quform_24_5_8c923d\" name=\"quform_24_5\" class=\"quform-field quform-field-text quform-field-24_5\" \/><\/div><\/div><\/div><\/div><div class=\"quform-element quform-element-email quform-element-24_10 quform-cf quform-element-required\"><div class=\"quform-spacer\"><div class=\"quform-label quform-label-24_10\"><label class=\"quform-label-text\" for=\"quform_24_10_8c923d\">E-mail<span class=\"quform-required\">*<\/span><\/label><\/div><div class=\"quform-inner quform-inner-email quform-inner-24_10\"><div class=\"quform-input quform-input-email quform-input-24_10 quform-cf\"><input type=\"email\" id=\"quform_24_10_8c923d\" name=\"quform_24_10\" class=\"quform-field quform-field-email quform-field-24_10\" \/><\/div><\/div><\/div><\/div><\/div><div class=\"quform-element quform-element-column quform-element-24_8\"><div class=\"quform-element quform-element-text quform-element-24_9 quform-cf quform-element-required\"><div class=\"quform-spacer\"><div class=\"quform-label quform-label-24_9\"><label class=\"quform-label-text\" for=\"quform_24_9_8c923d\">Empresa<span class=\"quform-required\">*<\/span><\/label><\/div><div class=\"quform-inner quform-inner-text quform-inner-24_9\"><div class=\"quform-input quform-input-text quform-input-24_9 quform-cf\"><input type=\"text\" id=\"quform_24_9_8c923d\" name=\"quform_24_9\" class=\"quform-field quform-field-text quform-field-24_9\" \/><\/div><\/div><\/div><\/div><div class=\"quform-element quform-element-text quform-element-24_11 quform-cf quform-element-required\"><div class=\"quform-spacer\"><div class=\"quform-label quform-label-24_11\"><label class=\"quform-label-text\" for=\"quform_24_11_8c923d\">Telefone<span class=\"quform-required\">*<\/span><\/label><\/div><div class=\"quform-inner quform-inner-text quform-inner-24_11\"><div class=\"quform-input quform-input-text quform-input-24_11 quform-cf\"><input type=\"text\" id=\"quform_24_11_8c923d\" name=\"quform_24_11\" class=\"quform-field quform-field-text quform-field-24_11\" \/><\/div><\/div><\/div><\/div><\/div><\/div><div class=\"quform-element quform-element-select quform-element-24_12 quform-cf quform-element-required\"><div class=\"quform-spacer\"><div class=\"quform-label quform-label-24_12\"><label class=\"quform-label-text\" for=\"quform_24_12_8c923d\">Assunto <span class=\"quform-required\">*<\/span><\/label><\/div><div class=\"quform-inner quform-inner-select quform-inner-24_12\"><div class=\"quform-input quform-input-select quform-input-24_12 quform-cf\"><select id=\"quform_24_12_8c923d\" name=\"quform_24_12\" class=\"quform-field quform-field-select quform-field-24_12\"><option value=\"\" selected=\"selected\">Aplica\u00e7\u00f5es de nossos produtos<\/option><option value=\"Assist\u00eancia T\u00e9cnica e Instala\u00e7\u00f5es\">Assist\u00eancia T\u00e9cnica e Instala\u00e7\u00f5es<\/option><option value=\"Automa\u00e7\u00e3o de Lavanderias\">Automa\u00e7\u00e3o de Lavanderias<\/option><option value=\"Bombas Dosadoras\">Bombas Dosadoras<\/option><option value=\"Compatibilidade Qu\u00edmica\">Compatibilidade Qu\u00edmica<\/option><option value=\"Dilui\u00e7\u00e3o e Higieniza\u00e7\u00e3o\">Dilui\u00e7\u00e3o e Higieniza\u00e7\u00e3o<\/option><option value=\"Dosagem para Lava-Lou\u00e7a\">Dosagem para Lava-Lou\u00e7a<\/option><option value=\"Instrumentos Analisadores\">Instrumentos Analisadores<\/option><option value=\"Manuais, Catalogos e Downloads\">Manuais, Catalogos e Downloads<\/option><option value=\"Outros\">Outros<\/option><\/select><\/div><\/div><\/div><\/div><div class=\"quform-element quform-element-row quform-element-row-24_13 quform-2-columns quform-element-row-size-fixed quform-responsive-columns-phone-landscape\"><div class=\"quform-element quform-element-column quform-element-24_14\"><div class=\"quform-element quform-element-text quform-element-24_15 quform-cf quform-element-optional\"><div class=\"quform-spacer\"><div class=\"quform-label quform-label-24_15\"><label class=\"quform-label-text\" for=\"quform_24_15_8c923d\">Press\u00e3o<\/label><\/div><div class=\"quform-inner quform-inner-text quform-inner-24_15\"><div class=\"quform-input quform-input-text quform-input-24_15 quform-cf\"><input type=\"text\" id=\"quform_24_15_8c923d\" name=\"quform_24_15\" class=\"quform-field quform-field-text quform-field-24_15\" \/><\/div><\/div><\/div><\/div><div class=\"quform-element quform-element-email quform-element-24_16 quform-cf quform-element-optional\"><div class=\"quform-spacer\"><div class=\"quform-label quform-label-24_16\"><label class=\"quform-label-text\" for=\"quform_24_16_8c923d\">Produto a ser dosado<\/label><\/div><div class=\"quform-inner quform-inner-email quform-inner-24_16\"><div class=\"quform-input quform-input-email quform-input-24_16 quform-cf\"><input type=\"email\" id=\"quform_24_16_8c923d\" name=\"quform_24_16\" class=\"quform-field quform-field-email quform-field-24_16\" \/><\/div><\/div><\/div><\/div><\/div><div class=\"quform-element quform-element-column quform-element-24_17\"><div class=\"quform-element quform-element-text quform-element-24_18 quform-cf quform-element-optional\"><div class=\"quform-spacer\"><div class=\"quform-label quform-label-24_18\"><label class=\"quform-label-text\" for=\"quform_24_18_8c923d\">Vaz\u00e3o<\/label><\/div><div class=\"quform-inner quform-inner-text quform-inner-24_18\"><div class=\"quform-input quform-input-text quform-input-24_18 quform-cf\"><input type=\"text\" id=\"quform_24_18_8c923d\" name=\"quform_24_18\" class=\"quform-field quform-field-text quform-field-24_18\" \/><\/div><\/div><\/div><\/div><div class=\"quform-element quform-element-text quform-element-24_19 quform-cf quform-element-required\"><div class=\"quform-spacer\"><div class=\"quform-label quform-label-24_19\"><label class=\"quform-label-text\" for=\"quform_24_19_8c923d\">CPF\/CNPJ <span class=\"quform-required\">*<\/span><\/label><\/div><div class=\"quform-inner quform-inner-text quform-inner-24_19\"><div class=\"quform-input quform-input-text quform-input-24_19 quform-cf\"><input type=\"text\" id=\"quform_24_19_8c923d\" name=\"quform_24_19\" class=\"quform-field quform-field-text quform-field-24_19\" \/><\/div><\/div><\/div><\/div><\/div><\/div><div class=\"quform-element quform-element-textarea quform-element-24_20 quform-cf quform-element-required\"><div class=\"quform-spacer\"><div class=\"quform-label quform-label-24_20\"><label class=\"quform-label-text\" for=\"quform_24_20_8c923d\">Mensagem <span class=\"quform-required\">*<\/span><\/label><\/div><div class=\"quform-inner quform-inner-textarea quform-inner-24_20\"><div class=\"quform-input quform-input-textarea quform-input-24_20 quform-cf\"><textarea id=\"quform_24_20_8c923d\" name=\"quform_24_20\" class=\"quform-field quform-field-textarea quform-field-24_20\"><\/textarea><\/div><\/div><\/div><\/div><div class=\"quform-element quform-element-submit quform-element-24_2 quform-cf quform-button-style-chilled\"><div class=\"quform-button-submit quform-button-submit-default quform-button-submit-24_2\"><button name=\"quform_submit\" type=\"submit\" class=\"quform-submit\" value=\"submit\"><span class=\"quform-button-text quform-button-submit-text\">Enviar Mensagem<\/span><\/button><\/div><div class=\"quform-loading quform-loading-position-left quform-loading-type-spinner-1\"><div class=\"quform-loading-inner\"><div class=\"quform-loading-spinner\"><div class=\"quform-loading-spinner-inner\"><\/div><\/div><\/div><\/div><\/div><div class=\"quform-element quform-element-textarea quform-element-24_469118 quform-sr-only quform-cf\" style=\"clip: rect(1px, 1px, 1px, 1px); clip-path: inset(50%); position: absolute !important; height: 1px; width: 1px; overflow: hidden;\"><div class=\"quform-spacer\"><div class=\"quform-label quform-label-24_469118\"><label class=\"quform-label-text\" for=\"quform_24_469118_8c923d\">Phone Number<span class=\"quform-required\">*<\/span><\/label><\/div><div class=\"quform-inner quform-inner-24_469118\"><textarea id=\"quform_24_469118_8c923d\" name=\"quform_24_469118\" class=\"quform-field quform-field-textarea quform-field-24_469118\" tabindex=\"-1\" autocomplete=\"new-password\"><\/textarea><\/div><\/div><\/div><\/div><\/div><\/div><\/div><\/form><\/div><\/div>[\/vc_column][vc_column width=&#8221;1\/3&#8243;]<div id=\"el1671455680016-e51aaae4-4380\" class=\"pix-el-text   w-100  \" ><p class=\"\"><h4 class=\"push-top\">Entre em\u00a0<strong>Contato<\/strong><\/h4>\n<p>Agradecemos o seu contato e responderemos sua solicita\u00e7\u00e3o o mais breve poss\u00edvel.<\/p>\n<hr \/>\n<h4>Nosso\u00a0<strong>Escrit\u00f3rio<\/strong><\/h4>\n<ul class=\"list-unstyled\">\n<li><i class=\"fa fa-map-marker\"><\/i>\u00a0<strong>Endere\u00e7o:<\/strong>\u00a0Rua Wadia Jafet Assad, 179, Bairro dos Casa, S\u00e3o Bernardo do Campo, SP &#8211; Brasil. CEP: 09850-090<\/li>\n<li><i class=\"fa fa-phone\"><\/i>\u00a0<strong>Telefone:<\/strong>\u00a0+55(11) 4356-1130<\/li>\n<li><i class=\"fa fa-phone\"><\/i>\u00a0<strong>WhatsApp Assist\u00eancia T\u00e9cnica:<\/strong>\u00a0+55(11) 98851-6227<\/li>\n<li><i class=\"fa fa-phone\"><\/i>\u00a0<strong>WhatsApp Vendas:<\/strong>\u00a0+55(11) 99659-8256<\/li>\n<li><i class=\"fa fa-envelope\"><\/i>\u00a0<strong>Email:<\/strong>\u00a0<a href=\"mailto:emecbrasil@emecbrasil.com.br\">emecbrasil@emecbrasil.com.br<\/a><\/li>\n<\/ul>\n<hr \/>\n<h4>Hor\u00e1rio de\u00a0<strong>Funcionamento<\/strong><\/h4>\n<ul class=\"list-unstyled\">\n<li><i class=\"fa fa-time\"><\/i>\u00a0Segunda &#8211; Quinta 8:00 \u00e0s 18:00<\/li>\n<li><i class=\"fa fa-time\"><\/i>\u00a0Sexta &#8211; 8:00 \u00e0s 17:00<\/li>\n<li><i class=\"fa fa-time\"><\/i>\u00a0S\u00e1bados, Domingos e Feriados &#8211; Fechado<\/li>\n<\/ul>\n<\/p><\/div>[\/vc_column][\/vc_row][vc_row pix_particles_check=&#8221;&#8221;][vc_column]<div id=\"el1612777220184-8122bea6-2268\" class=\"w-100 d-block \"><\/div>[\/vc_column][\/vc_row]<\/div>","protected":false},"excerpt":{"rendered":"[vc_row full_width=&#8221;stretch_row_content&#8221; pix_particles_check=&#8221;&#8221; css=&#8221;.vc_custom_1671456183705{margin-bottom: 100px !important;}&#8221;][vc_column][\/vc_column][\/vc_row][vc_row pix_particles_check=&#8221;&#8221;][vc_column width=&#8221;2\/3&#8243;][\/vc_column][vc_column width=&#8221;1\/3&#8243;][\/vc_column][\/vc_row][vc_row pix_particles_check=&#8221;&#8221;][vc_column][\/vc_column][\/vc_row]","protected":false},"author":1,"featured_media":26787,"parent":0,"menu_order":0,"comment_status":"closed","ping_status":"closed","template":"","meta":{"lazy_load_responsive_images_disabled":false,"footnotes":""},"class_list":["post-26829","page","type-page","status-publish","has-post-thumbnail","hentry"],"yoast_head":"<!-- This site is optimized with the Yoast SEO plugin v26.6 - https:\/\/yoast.com\/wordpress\/plugins\/seo\/ -->\n<title>Contatos - Emec - Bombas Dosadoras e Sistemas de Desinfec\u00e7\u00e3o<\/title>\n<meta name=\"description\" content=\"Descubra as localiza\u00e7\u00f5es da EMEC em todo o mundo e n\u00e3o hesite em contactar-nos por telefone ou e-mail para todas as suas necessidades.\" \/>\n<meta name=\"robots\" content=\"index, follow, max-snippet:-1, max-image-preview:large, max-video-preview:-1\" \/>\n<link rel=\"canonical\" href=\"https:\/\/www.emecpumps.com\/pt-br\/contatos\/\" \/>\n<meta property=\"og:locale\" content=\"pt_BR\" \/>\n<meta property=\"og:type\" content=\"article\" \/>\n<meta property=\"og:title\" content=\"Contatos - Emec - Bombas Dosadoras e Sistemas de Desinfec\u00e7\u00e3o\" \/>\n<meta property=\"og:description\" content=\"Descubra as localiza\u00e7\u00f5es da EMEC em todo o mundo e n\u00e3o hesite em contactar-nos por telefone ou e-mail para todas as suas necessidades.\" \/>\n<meta property=\"og:url\" content=\"https:\/\/www.emecpumps.com\/pt-br\/contatos\/\" \/>\n<meta property=\"og:site_name\" content=\"Emec - Bombas Dosadoras e Sistemas de Desinfec\u00e7\u00e3o\" \/>\n<meta property=\"article:publisher\" content=\"https:\/\/www.facebook.com\/emecpumps\" \/>\n<meta property=\"article:modified_time\" content=\"2022-12-19T13:23:06+00:00\" \/>\n<meta property=\"og:image\" content=\"https:\/\/www.emecpumps.com\/wp-content\/uploads\/2021\/01\/logs.jpg\" \/>\n\t<meta property=\"og:image:width\" content=\"2369\" \/>\n\t<meta property=\"og:image:height\" content=\"1544\" \/>\n\t<meta property=\"og:image:type\" content=\"image\/jpeg\" \/>\n<meta name=\"twitter:card\" content=\"summary_large_image\" \/>\n<meta name=\"twitter:site\" content=\"@EMECpumps\" \/>\n<meta name=\"twitter:label1\" content=\"Est. tempo de leitura\" \/>\n\t<meta name=\"twitter:data1\" content=\"3 minutos\" \/>\n<script type=\"application\/ld+json\" class=\"yoast-schema-graph\">{\"@context\":\"https:\/\/schema.org\",\"@graph\":[{\"@type\":\"WebPage\",\"@id\":\"https:\/\/www.emecpumps.com\/pt-br\/contatos\/\",\"url\":\"https:\/\/www.emecpumps.com\/pt-br\/contatos\/\",\"name\":\"Contatos - Emec - Bombas Dosadoras e Sistemas de Desinfec\u00e7\u00e3o\",\"isPartOf\":{\"@id\":\"https:\/\/www.emecpumps.com\/pt-br\/#website\"},\"primaryImageOfPage\":{\"@id\":\"https:\/\/www.emecpumps.com\/pt-br\/contatos\/#primaryimage\"},\"image\":{\"@id\":\"https:\/\/www.emecpumps.com\/pt-br\/contatos\/#primaryimage\"},\"thumbnailUrl\":\"https:\/\/www.emecpumps.com\/wp-content\/uploads\/2021\/01\/logs.jpg\",\"datePublished\":\"2020-11-06T12:33:28+00:00\",\"dateModified\":\"2022-12-19T13:23:06+00:00\",\"description\":\"Descubra as localiza\u00e7\u00f5es da EMEC em todo o mundo e n\u00e3o hesite em contactar-nos por telefone ou e-mail para todas as suas necessidades.\",\"breadcrumb\":{\"@id\":\"https:\/\/www.emecpumps.com\/pt-br\/contatos\/#breadcrumb\"},\"inLanguage\":\"pt-BR\",\"potentialAction\":[{\"@type\":\"ReadAction\",\"target\":[\"https:\/\/www.emecpumps.com\/pt-br\/contatos\/\"]}]},{\"@type\":\"ImageObject\",\"inLanguage\":\"pt-BR\",\"@id\":\"https:\/\/www.emecpumps.com\/pt-br\/contatos\/#primaryimage\",\"url\":\"https:\/\/www.emecpumps.com\/wp-content\/uploads\/2021\/01\/logs.jpg\",\"contentUrl\":\"https:\/\/www.emecpumps.com\/wp-content\/uploads\/2021\/01\/logs.jpg\",\"width\":2369,\"height\":1544},{\"@type\":\"BreadcrumbList\",\"@id\":\"https:\/\/www.emecpumps.com\/pt-br\/contatos\/#breadcrumb\",\"itemListElement\":[{\"@type\":\"ListItem\",\"position\":1,\"name\":\"Home\",\"item\":\"https:\/\/www.emecpumps.com\/pt-br\/\"},{\"@type\":\"ListItem\",\"position\":2,\"name\":\"Contatos\"}]},{\"@type\":\"WebSite\",\"@id\":\"https:\/\/www.emecpumps.com\/pt-br\/#website\",\"url\":\"https:\/\/www.emecpumps.com\/pt-br\/\",\"name\":\"Emec Pumps - Pompe dosatrici e Sistemi di disinfezione\",\"description\":\"Bombas Dosadoras e Sistemas de Desinfec\u00e7\u00e3o\",\"publisher\":{\"@id\":\"https:\/\/www.emecpumps.com\/pt-br\/#organization\"},\"alternateName\":\"Emec\",\"potentialAction\":[{\"@type\":\"SearchAction\",\"target\":{\"@type\":\"EntryPoint\",\"urlTemplate\":\"https:\/\/www.emecpumps.com\/pt-br\/?s={search_term_string}\"},\"query-input\":{\"@type\":\"PropertyValueSpecification\",\"valueRequired\":true,\"valueName\":\"search_term_string\"}}],\"inLanguage\":\"pt-BR\"},{\"@type\":\"Organization\",\"@id\":\"https:\/\/www.emecpumps.com\/pt-br\/#organization\",\"name\":\"Emec Pumps - Pompe dosatrici e Sistemi di disinfezione\",\"url\":\"https:\/\/www.emecpumps.com\/pt-br\/\",\"logo\":{\"@type\":\"ImageObject\",\"inLanguage\":\"pt-BR\",\"@id\":\"https:\/\/www.emecpumps.com\/pt-br\/#\/schema\/logo\/image\/\",\"url\":\"https:\/\/www.emecpumps.com\/wp-content\/uploads\/2024\/01\/logo_emec.png\",\"contentUrl\":\"https:\/\/www.emecpumps.com\/wp-content\/uploads\/2024\/01\/logo_emec.png\",\"width\":470,\"height\":133,\"caption\":\"Emec Pumps - Pompe dosatrici e Sistemi di disinfezione\"},\"image\":{\"@id\":\"https:\/\/www.emecpumps.com\/pt-br\/#\/schema\/logo\/image\/\"},\"sameAs\":[\"https:\/\/www.facebook.com\/emecpumps\",\"https:\/\/x.com\/EMECpumps\",\"https:\/\/www.instagram.com\/emecpumps\/\",\"https:\/\/www.linkedin.com\/company\/2715607\/admin\/\"]}]}<\/script>\n<!-- \/ Yoast SEO plugin. -->","yoast_head_json":{"title":"Contatos - Emec - Bombas Dosadoras e Sistemas de Desinfec\u00e7\u00e3o","description":"Descubra as localiza\u00e7\u00f5es da EMEC em todo o mundo e n\u00e3o hesite em contactar-nos por telefone ou e-mail para todas as suas necessidades.","robots":{"index":"index","follow":"follow","max-snippet":"max-snippet:-1","max-image-preview":"max-image-preview:large","max-video-preview":"max-video-preview:-1"},"canonical":"https:\/\/www.emecpumps.com\/pt-br\/contatos\/","og_locale":"pt_BR","og_type":"article","og_title":"Contatos - Emec - Bombas Dosadoras e Sistemas de Desinfec\u00e7\u00e3o","og_description":"Descubra as localiza\u00e7\u00f5es da EMEC em todo o mundo e n\u00e3o hesite em contactar-nos por telefone ou e-mail para todas as suas necessidades.","og_url":"https:\/\/www.emecpumps.com\/pt-br\/contatos\/","og_site_name":"Emec - Bombas Dosadoras e Sistemas de Desinfec\u00e7\u00e3o","article_publisher":"https:\/\/www.facebook.com\/emecpumps","article_modified_time":"2022-12-19T13:23:06+00:00","og_image":[{"width":2369,"height":1544,"url":"https:\/\/www.emecpumps.com\/wp-content\/uploads\/2021\/01\/logs.jpg","type":"image\/jpeg"}],"twitter_card":"summary_large_image","twitter_site":"@EMECpumps","twitter_misc":{"Est. tempo de leitura":"3 minutos"},"schema":{"@context":"https:\/\/schema.org","@graph":[{"@type":"WebPage","@id":"https:\/\/www.emecpumps.com\/pt-br\/contatos\/","url":"https:\/\/www.emecpumps.com\/pt-br\/contatos\/","name":"Contatos - Emec - Bombas Dosadoras e Sistemas de Desinfec\u00e7\u00e3o","isPartOf":{"@id":"https:\/\/www.emecpumps.com\/pt-br\/#website"},"primaryImageOfPage":{"@id":"https:\/\/www.emecpumps.com\/pt-br\/contatos\/#primaryimage"},"image":{"@id":"https:\/\/www.emecpumps.com\/pt-br\/contatos\/#primaryimage"},"thumbnailUrl":"https:\/\/www.emecpumps.com\/wp-content\/uploads\/2021\/01\/logs.jpg","datePublished":"2020-11-06T12:33:28+00:00","dateModified":"2022-12-19T13:23:06+00:00","description":"Descubra as localiza\u00e7\u00f5es da EMEC em todo o mundo e n\u00e3o hesite em contactar-nos por telefone ou e-mail para todas as suas necessidades.","breadcrumb":{"@id":"https:\/\/www.emecpumps.com\/pt-br\/contatos\/#breadcrumb"},"inLanguage":"pt-BR","potentialAction":[{"@type":"ReadAction","target":["https:\/\/www.emecpumps.com\/pt-br\/contatos\/"]}]},{"@type":"ImageObject","inLanguage":"pt-BR","@id":"https:\/\/www.emecpumps.com\/pt-br\/contatos\/#primaryimage","url":"https:\/\/www.emecpumps.com\/wp-content\/uploads\/2021\/01\/logs.jpg","contentUrl":"https:\/\/www.emecpumps.com\/wp-content\/uploads\/2021\/01\/logs.jpg","width":2369,"height":1544},{"@type":"BreadcrumbList","@id":"https:\/\/www.emecpumps.com\/pt-br\/contatos\/#breadcrumb","itemListElement":[{"@type":"ListItem","position":1,"name":"Home","item":"https:\/\/www.emecpumps.com\/pt-br\/"},{"@type":"ListItem","position":2,"name":"Contatos"}]},{"@type":"WebSite","@id":"https:\/\/www.emecpumps.com\/pt-br\/#website","url":"https:\/\/www.emecpumps.com\/pt-br\/","name":"Emec Pumps - Pompe dosatrici e Sistemi di disinfezione","description":"Bombas Dosadoras e Sistemas de Desinfec\u00e7\u00e3o","publisher":{"@id":"https:\/\/www.emecpumps.com\/pt-br\/#organization"},"alternateName":"Emec","potentialAction":[{"@type":"SearchAction","target":{"@type":"EntryPoint","urlTemplate":"https:\/\/www.emecpumps.com\/pt-br\/?s={search_term_string}"},"query-input":{"@type":"PropertyValueSpecification","valueRequired":true,"valueName":"search_term_string"}}],"inLanguage":"pt-BR"},{"@type":"Organization","@id":"https:\/\/www.emecpumps.com\/pt-br\/#organization","name":"Emec Pumps - Pompe dosatrici e Sistemi di disinfezione","url":"https:\/\/www.emecpumps.com\/pt-br\/","logo":{"@type":"ImageObject","inLanguage":"pt-BR","@id":"https:\/\/www.emecpumps.com\/pt-br\/#\/schema\/logo\/image\/","url":"https:\/\/www.emecpumps.com\/wp-content\/uploads\/2024\/01\/logo_emec.png","contentUrl":"https:\/\/www.emecpumps.com\/wp-content\/uploads\/2024\/01\/logo_emec.png","width":470,"height":133,"caption":"Emec Pumps - Pompe dosatrici e Sistemi di disinfezione"},"image":{"@id":"https:\/\/www.emecpumps.com\/pt-br\/#\/schema\/logo\/image\/"},"sameAs":["https:\/\/www.facebook.com\/emecpumps","https:\/\/x.com\/EMECpumps","https:\/\/www.instagram.com\/emecpumps\/","https:\/\/www.linkedin.com\/company\/2715607\/admin\/"]}]}},"_links":{"self":[{"href":"https:\/\/www.emecpumps.com\/pt-br\/wp-json\/wp\/v2\/pages\/26829","targetHints":{"allow":["GET"]}}],"collection":[{"href":"https:\/\/www.emecpumps.com\/pt-br\/wp-json\/wp\/v2\/pages"}],"about":[{"href":"https:\/\/www.emecpumps.com\/pt-br\/wp-json\/wp\/v2\/types\/page"}],"author":[{"embeddable":true,"href":"https:\/\/www.emecpumps.com\/pt-br\/wp-json\/wp\/v2\/users\/1"}],"replies":[{"embeddable":true,"href":"https:\/\/www.emecpumps.com\/pt-br\/wp-json\/wp\/v2\/comments?post=26829"}],"version-history":[{"count":16,"href":"https:\/\/www.emecpumps.com\/pt-br\/wp-json\/wp\/v2\/pages\/26829\/revisions"}],"predecessor-version":[{"id":57724,"href":"https:\/\/www.emecpumps.com\/pt-br\/wp-json\/wp\/v2\/pages\/26829\/revisions\/57724"}],"wp:featuredmedia":[{"embeddable":true,"href":"https:\/\/www.emecpumps.com\/pt-br\/wp-json\/wp\/v2\/media\/26787"}],"wp:attachment":[{"href":"https:\/\/www.emecpumps.com\/pt-br\/wp-json\/wp\/v2\/media?parent=26829"}],"curies":[{"name":"wp","href":"https:\/\/api.w.org\/{rel}","templated":true}]}}