{"id":26946,"date":"2021-02-01T12:31:36","date_gmt":"2021-02-01T11:31:36","guid":{"rendered":"http:\/\/webtrial.emecpumps.com\/wordpress\/returns-and-repairs\/"},"modified":"2023-08-31T16:48:16","modified_gmt":"2023-08-31T15:48:16","slug":"devolucoes-e-reparos","status":"publish","type":"page","link":"https:\/\/www.emecpumps.com\/pt-br\/devolucoes-e-reparos\/","title":{"rendered":"Devolu\u00e7\u00f5es e reparos"},"content":{"rendered":"<div class=\"wpb-content-wrapper\">[vc_row full_width=&#8221;stretch_row&#8221; gap=&#8221;10&#8243; pix_particles_check=&#8221;&#8221; css=&#8221;.vc_custom_1610450323231{margin-top: 50px !important;}&#8221;][vc_column][vc_empty_space height=&#8221;50px&#8221;][vc_column_text css_animation=&#8221;fadeInUp&#8221;]Em caso de devolu\u00e7\u00e3o por necessidade de substitui\u00e7\u00e3o, reparo ou outros motivos, \u00e9 necess\u00e1rio entrar em contato com o seu representante de refer\u00eancia (ou alternativamente escrever para\u00a0<a href=\"mailto:info@emecpumps.com\">info@emecpumps.com<\/a>\u00a0especificando todos os dados necess\u00e1rios) para concordar e preparar o procedimento a seguir com base na finalidade da opera\u00e7\u00e3o. A fim de garantir a qualidade e a rapidez da opera\u00e7\u00e3o de devolu\u00e7\u00e3o, solicitamos aos nossos clientes que anexem aos produtos o Formul\u00e1rio de Devolu\u00e7\u00e3o (MDR) e o Formul\u00e1rio de Descontamina\u00e7\u00e3o.\r\n\r\n<strong>\u00a0<\/strong>\r\n\r\n<strong>Formul\u00e1rio de Devolu\u00e7\u00e3o (MDR)<\/strong>\r\n\r\nPermite analisar o procedimento a ser aplicado \u00e0 devolu\u00e7\u00e3o da mercadoria de forma a reduzir ao m\u00e1ximo os tempos de execu\u00e7\u00e3o.\r\n\r\n<strong>\u00a0<\/strong>\r\n\r\n<strong>Formul\u00e1rio de Descontamina\u00e7\u00e3o<\/strong>\r\n\r\nNos termos e para os efeitos da legisla\u00e7\u00e3o em vigor, o Utilizador \u00e9 respons\u00e1vel por efetuar a limpeza e descontamina\u00e7\u00e3o de todo o material eventualmente devolvido \u00e0 EMEC. Este formul\u00e1rio permite analisar o n\u00edvel de perigosidade das subst\u00e2ncias qu\u00edmicas que entraram em contato com a instrumenta\u00e7\u00e3o a fim de implementar as medidas mais adequadas para proteger os nossos funcion\u00e1rios.\r\nO formul\u00e1rio deve ser integralmente preenchido e anexado \u00e0 documenta\u00e7\u00e3o de transporte. A presen\u00e7a do Formul\u00e1rio de Descontamina\u00e7\u00e3o \u00e9 uma condi\u00e7\u00e3o essencial para a abertura da embalagem e a execu\u00e7\u00e3o do trabalho. No caso de diversas embalagens, dever\u00e1 ser preenchido um formul\u00e1rio para cada produto.[\/vc_column_text][vc_row_inner][vc_column_inner width=&#8221;1\/3&#8243;][\/vc_column_inner][vc_column_inner width=&#8221;1\/3&#8243;]<a  href=\"https:\/\/www.emecpumps.com\/wp-content\/uploads\/2023\/08\/Moduli-accettazione-al-rientro_EN.pdf\" class=\"btn mb-2     btn-secondary d-flex w-100  justify-content-center  align-items-center     btn-rounded btn-normal\" target=\"_blank\" rel=\"noopener\"    ><svg class=\"pixfort-icon font-weight-bold   mr-2\" width=\"24\" height=\"24\"  data-name=\"Line\/pixfort-icon-page-down-1\" viewBox=\"2 2 20 20\"><path fill=\"none\" stroke=\"var(--pf-icon-color)\" stroke-linecap=\"round\" stroke-linejoin=\"round\" stroke-width=\"var(--pf-icon-stroke-width)\" d=\"M12,3 L12,17 M6,12 L12,18 L18,12 M3,21 L21,21\"\/><\/svg><span class=\"font-weight-bold \" >Baixe<\/span><\/a>[\/vc_column_inner][vc_column_inner width=&#8221;1\/3&#8243;][\/vc_column_inner][\/vc_row_inner]<div id=\"el1612254276318-1098ccac-a7b5\" class=\"w-100 d-block \"><\/div>[\/vc_column][\/vc_row]<\/div>","protected":false},"excerpt":{"rendered":"[vc_row full_width=&#8221;stretch_row&#8221; gap=&#8221;10&#8243; pix_particles_check=&#8221;&#8221; css=&#8221;.vc_custom_1610450323231{margin-top: 50px !important;}&#8221;][vc_column][vc_empty_space height=&#8221;50px&#8221;][vc_column_text css_animation=&#8221;fadeInUp&#8221;]Em caso de devolu\u00e7\u00e3o por necessidade de substitui\u00e7\u00e3o, reparo ou outros motivos, \u00e9 necess\u00e1rio entrar em contato com o seu representante de refer\u00eancia (ou alternativamente escrever para\u00a0info@emecpumps.com\u00a0especificando todos os dados necess\u00e1rios) para&#8230;","protected":false},"author":1,"featured_media":26787,"parent":0,"menu_order":0,"comment_status":"closed","ping_status":"closed","template":"","meta":{"lazy_load_responsive_images_disabled":false,"footnotes":""},"class_list":["post-26946","page","type-page","status-publish","has-post-thumbnail","hentry"],"yoast_head":"<!-- This site is optimized with the Yoast SEO plugin v26.6 - https:\/\/yoast.com\/wordpress\/plugins\/seo\/ -->\n<title>Devolu\u00e7\u00f5es e reparos - Emec - Bombas Dosadoras e Sistemas de Desinfec\u00e7\u00e3o<\/title>\n<meta name=\"description\" content=\"Descubra o procedimento a seguir e os formul\u00e1rios a consultar em caso de devolu\u00e7\u00e3o para substitui\u00e7\u00e3o, reparo ou outras necessidades.\" \/>\n<meta name=\"robots\" content=\"index, follow, max-snippet:-1, max-image-preview:large, max-video-preview:-1\" \/>\n<link rel=\"canonical\" href=\"https:\/\/www.emecpumps.com\/pt-br\/devolucoes-e-reparos\/\" \/>\n<meta property=\"og:locale\" content=\"pt_BR\" \/>\n<meta property=\"og:type\" content=\"article\" \/>\n<meta property=\"og:title\" content=\"Devolu\u00e7\u00f5es e reparos - Emec - Bombas Dosadoras e Sistemas de Desinfec\u00e7\u00e3o\" \/>\n<meta property=\"og:description\" content=\"Descubra o procedimento a seguir e os formul\u00e1rios a consultar em caso de devolu\u00e7\u00e3o para substitui\u00e7\u00e3o, reparo ou outras necessidades.\" \/>\n<meta property=\"og:url\" content=\"https:\/\/www.emecpumps.com\/pt-br\/devolucoes-e-reparos\/\" \/>\n<meta property=\"og:site_name\" content=\"Emec - Bombas Dosadoras e Sistemas de Desinfec\u00e7\u00e3o\" \/>\n<meta property=\"article:publisher\" content=\"https:\/\/www.facebook.com\/emecpumps\" \/>\n<meta property=\"article:modified_time\" content=\"2023-08-31T15:48:16+00:00\" \/>\n<meta property=\"og:image\" content=\"https:\/\/www.emecpumps.com\/wp-content\/uploads\/2021\/01\/logs.jpg\" \/>\n\t<meta property=\"og:image:width\" content=\"2369\" \/>\n\t<meta property=\"og:image:height\" content=\"1544\" \/>\n\t<meta property=\"og:image:type\" content=\"image\/jpeg\" \/>\n<meta name=\"twitter:card\" content=\"summary_large_image\" \/>\n<meta name=\"twitter:site\" content=\"@EMECpumps\" \/>\n<meta name=\"twitter:label1\" content=\"Est. tempo de leitura\" \/>\n\t<meta name=\"twitter:data1\" content=\"2 minutos\" \/>\n<script type=\"application\/ld+json\" class=\"yoast-schema-graph\">{\"@context\":\"https:\/\/schema.org\",\"@graph\":[{\"@type\":\"WebPage\",\"@id\":\"https:\/\/www.emecpumps.com\/pt-br\/devolucoes-e-reparos\/\",\"url\":\"https:\/\/www.emecpumps.com\/pt-br\/devolucoes-e-reparos\/\",\"name\":\"Devolu\u00e7\u00f5es e reparos - Emec - Bombas Dosadoras e Sistemas de Desinfec\u00e7\u00e3o\",\"isPartOf\":{\"@id\":\"https:\/\/www.emecpumps.com\/pt-br\/#website\"},\"primaryImageOfPage\":{\"@id\":\"https:\/\/www.emecpumps.com\/pt-br\/devolucoes-e-reparos\/#primaryimage\"},\"image\":{\"@id\":\"https:\/\/www.emecpumps.com\/pt-br\/devolucoes-e-reparos\/#primaryimage\"},\"thumbnailUrl\":\"https:\/\/www.emecpumps.com\/wp-content\/uploads\/2021\/01\/logs.jpg\",\"datePublished\":\"2021-02-01T11:31:36+00:00\",\"dateModified\":\"2023-08-31T15:48:16+00:00\",\"description\":\"Descubra o procedimento a seguir e os formul\u00e1rios a consultar em caso de devolu\u00e7\u00e3o para substitui\u00e7\u00e3o, reparo ou outras necessidades.\",\"breadcrumb\":{\"@id\":\"https:\/\/www.emecpumps.com\/pt-br\/devolucoes-e-reparos\/#breadcrumb\"},\"inLanguage\":\"pt-BR\",\"potentialAction\":[{\"@type\":\"ReadAction\",\"target\":[\"https:\/\/www.emecpumps.com\/pt-br\/devolucoes-e-reparos\/\"]}]},{\"@type\":\"ImageObject\",\"inLanguage\":\"pt-BR\",\"@id\":\"https:\/\/www.emecpumps.com\/pt-br\/devolucoes-e-reparos\/#primaryimage\",\"url\":\"https:\/\/www.emecpumps.com\/wp-content\/uploads\/2021\/01\/logs.jpg\",\"contentUrl\":\"https:\/\/www.emecpumps.com\/wp-content\/uploads\/2021\/01\/logs.jpg\",\"width\":2369,\"height\":1544},{\"@type\":\"BreadcrumbList\",\"@id\":\"https:\/\/www.emecpumps.com\/pt-br\/devolucoes-e-reparos\/#breadcrumb\",\"itemListElement\":[{\"@type\":\"ListItem\",\"position\":1,\"name\":\"Home\",\"item\":\"https:\/\/www.emecpumps.com\/pt-br\/\"},{\"@type\":\"ListItem\",\"position\":2,\"name\":\"Devolu\u00e7\u00f5es e reparos\"}]},{\"@type\":\"WebSite\",\"@id\":\"https:\/\/www.emecpumps.com\/pt-br\/#website\",\"url\":\"https:\/\/www.emecpumps.com\/pt-br\/\",\"name\":\"Emec Pumps - Pompe dosatrici e Sistemi di disinfezione\",\"description\":\"Bombas Dosadoras e Sistemas de Desinfec\u00e7\u00e3o\",\"publisher\":{\"@id\":\"https:\/\/www.emecpumps.com\/pt-br\/#organization\"},\"alternateName\":\"Emec\",\"potentialAction\":[{\"@type\":\"SearchAction\",\"target\":{\"@type\":\"EntryPoint\",\"urlTemplate\":\"https:\/\/www.emecpumps.com\/pt-br\/?s={search_term_string}\"},\"query-input\":{\"@type\":\"PropertyValueSpecification\",\"valueRequired\":true,\"valueName\":\"search_term_string\"}}],\"inLanguage\":\"pt-BR\"},{\"@type\":\"Organization\",\"@id\":\"https:\/\/www.emecpumps.com\/pt-br\/#organization\",\"name\":\"Emec Pumps - Pompe dosatrici e Sistemi di disinfezione\",\"url\":\"https:\/\/www.emecpumps.com\/pt-br\/\",\"logo\":{\"@type\":\"ImageObject\",\"inLanguage\":\"pt-BR\",\"@id\":\"https:\/\/www.emecpumps.com\/pt-br\/#\/schema\/logo\/image\/\",\"url\":\"https:\/\/www.emecpumps.com\/wp-content\/uploads\/2024\/01\/logo_emec.png\",\"contentUrl\":\"https:\/\/www.emecpumps.com\/wp-content\/uploads\/2024\/01\/logo_emec.png\",\"width\":470,\"height\":133,\"caption\":\"Emec Pumps - Pompe dosatrici e Sistemi di disinfezione\"},\"image\":{\"@id\":\"https:\/\/www.emecpumps.com\/pt-br\/#\/schema\/logo\/image\/\"},\"sameAs\":[\"https:\/\/www.facebook.com\/emecpumps\",\"https:\/\/x.com\/EMECpumps\",\"https:\/\/www.instagram.com\/emecpumps\/\",\"https:\/\/www.linkedin.com\/company\/2715607\/admin\/\"]}]}<\/script>\n<!-- \/ Yoast SEO plugin. -->","yoast_head_json":{"title":"Devolu\u00e7\u00f5es e reparos - Emec - Bombas Dosadoras e Sistemas de Desinfec\u00e7\u00e3o","description":"Descubra o procedimento a seguir e os formul\u00e1rios a consultar em caso de devolu\u00e7\u00e3o para substitui\u00e7\u00e3o, reparo ou outras necessidades.","robots":{"index":"index","follow":"follow","max-snippet":"max-snippet:-1","max-image-preview":"max-image-preview:large","max-video-preview":"max-video-preview:-1"},"canonical":"https:\/\/www.emecpumps.com\/pt-br\/devolucoes-e-reparos\/","og_locale":"pt_BR","og_type":"article","og_title":"Devolu\u00e7\u00f5es e reparos - Emec - Bombas Dosadoras e Sistemas de Desinfec\u00e7\u00e3o","og_description":"Descubra o procedimento a seguir e os formul\u00e1rios a consultar em caso de devolu\u00e7\u00e3o para substitui\u00e7\u00e3o, reparo ou outras necessidades.","og_url":"https:\/\/www.emecpumps.com\/pt-br\/devolucoes-e-reparos\/","og_site_name":"Emec - Bombas Dosadoras e Sistemas de Desinfec\u00e7\u00e3o","article_publisher":"https:\/\/www.facebook.com\/emecpumps","article_modified_time":"2023-08-31T15:48:16+00:00","og_image":[{"width":2369,"height":1544,"url":"https:\/\/www.emecpumps.com\/wp-content\/uploads\/2021\/01\/logs.jpg","type":"image\/jpeg"}],"twitter_card":"summary_large_image","twitter_site":"@EMECpumps","twitter_misc":{"Est. tempo de leitura":"2 minutos"},"schema":{"@context":"https:\/\/schema.org","@graph":[{"@type":"WebPage","@id":"https:\/\/www.emecpumps.com\/pt-br\/devolucoes-e-reparos\/","url":"https:\/\/www.emecpumps.com\/pt-br\/devolucoes-e-reparos\/","name":"Devolu\u00e7\u00f5es e reparos - Emec - Bombas Dosadoras e Sistemas de Desinfec\u00e7\u00e3o","isPartOf":{"@id":"https:\/\/www.emecpumps.com\/pt-br\/#website"},"primaryImageOfPage":{"@id":"https:\/\/www.emecpumps.com\/pt-br\/devolucoes-e-reparos\/#primaryimage"},"image":{"@id":"https:\/\/www.emecpumps.com\/pt-br\/devolucoes-e-reparos\/#primaryimage"},"thumbnailUrl":"https:\/\/www.emecpumps.com\/wp-content\/uploads\/2021\/01\/logs.jpg","datePublished":"2021-02-01T11:31:36+00:00","dateModified":"2023-08-31T15:48:16+00:00","description":"Descubra o procedimento a seguir e os formul\u00e1rios a consultar em caso de devolu\u00e7\u00e3o para substitui\u00e7\u00e3o, reparo ou outras necessidades.","breadcrumb":{"@id":"https:\/\/www.emecpumps.com\/pt-br\/devolucoes-e-reparos\/#breadcrumb"},"inLanguage":"pt-BR","potentialAction":[{"@type":"ReadAction","target":["https:\/\/www.emecpumps.com\/pt-br\/devolucoes-e-reparos\/"]}]},{"@type":"ImageObject","inLanguage":"pt-BR","@id":"https:\/\/www.emecpumps.com\/pt-br\/devolucoes-e-reparos\/#primaryimage","url":"https:\/\/www.emecpumps.com\/wp-content\/uploads\/2021\/01\/logs.jpg","contentUrl":"https:\/\/www.emecpumps.com\/wp-content\/uploads\/2021\/01\/logs.jpg","width":2369,"height":1544},{"@type":"BreadcrumbList","@id":"https:\/\/www.emecpumps.com\/pt-br\/devolucoes-e-reparos\/#breadcrumb","itemListElement":[{"@type":"ListItem","position":1,"name":"Home","item":"https:\/\/www.emecpumps.com\/pt-br\/"},{"@type":"ListItem","position":2,"name":"Devolu\u00e7\u00f5es e reparos"}]},{"@type":"WebSite","@id":"https:\/\/www.emecpumps.com\/pt-br\/#website","url":"https:\/\/www.emecpumps.com\/pt-br\/","name":"Emec Pumps - Pompe dosatrici e Sistemi di disinfezione","description":"Bombas Dosadoras e Sistemas de Desinfec\u00e7\u00e3o","publisher":{"@id":"https:\/\/www.emecpumps.com\/pt-br\/#organization"},"alternateName":"Emec","potentialAction":[{"@type":"SearchAction","target":{"@type":"EntryPoint","urlTemplate":"https:\/\/www.emecpumps.com\/pt-br\/?s={search_term_string}"},"query-input":{"@type":"PropertyValueSpecification","valueRequired":true,"valueName":"search_term_string"}}],"inLanguage":"pt-BR"},{"@type":"Organization","@id":"https:\/\/www.emecpumps.com\/pt-br\/#organization","name":"Emec Pumps - Pompe dosatrici e Sistemi di disinfezione","url":"https:\/\/www.emecpumps.com\/pt-br\/","logo":{"@type":"ImageObject","inLanguage":"pt-BR","@id":"https:\/\/www.emecpumps.com\/pt-br\/#\/schema\/logo\/image\/","url":"https:\/\/www.emecpumps.com\/wp-content\/uploads\/2024\/01\/logo_emec.png","contentUrl":"https:\/\/www.emecpumps.com\/wp-content\/uploads\/2024\/01\/logo_emec.png","width":470,"height":133,"caption":"Emec Pumps - Pompe dosatrici e Sistemi di disinfezione"},"image":{"@id":"https:\/\/www.emecpumps.com\/pt-br\/#\/schema\/logo\/image\/"},"sameAs":["https:\/\/www.facebook.com\/emecpumps","https:\/\/x.com\/EMECpumps","https:\/\/www.instagram.com\/emecpumps\/","https:\/\/www.linkedin.com\/company\/2715607\/admin\/"]}]}},"_links":{"self":[{"href":"https:\/\/www.emecpumps.com\/pt-br\/wp-json\/wp\/v2\/pages\/26946","targetHints":{"allow":["GET"]}}],"collection":[{"href":"https:\/\/www.emecpumps.com\/pt-br\/wp-json\/wp\/v2\/pages"}],"about":[{"href":"https:\/\/www.emecpumps.com\/pt-br\/wp-json\/wp\/v2\/types\/page"}],"author":[{"embeddable":true,"href":"https:\/\/www.emecpumps.com\/pt-br\/wp-json\/wp\/v2\/users\/1"}],"replies":[{"embeddable":true,"href":"https:\/\/www.emecpumps.com\/pt-br\/wp-json\/wp\/v2\/comments?post=26946"}],"version-history":[{"count":5,"href":"https:\/\/www.emecpumps.com\/pt-br\/wp-json\/wp\/v2\/pages\/26946\/revisions"}],"predecessor-version":[{"id":58883,"href":"https:\/\/www.emecpumps.com\/pt-br\/wp-json\/wp\/v2\/pages\/26946\/revisions\/58883"}],"wp:featuredmedia":[{"embeddable":true,"href":"https:\/\/www.emecpumps.com\/pt-br\/wp-json\/wp\/v2\/media\/26787"}],"wp:attachment":[{"href":"https:\/\/www.emecpumps.com\/pt-br\/wp-json\/wp\/v2\/media?parent=26946"}],"curies":[{"name":"wp","href":"https:\/\/api.w.org\/{rel}","templated":true}]}}