{"id":26988,"date":"2021-01-12T18:20:11","date_gmt":"2021-01-12T17:20:11","guid":{"rendered":"http:\/\/webtrial.emecpumps.com\/wordpress\/sustainability\/"},"modified":"2021-11-23T10:13:18","modified_gmt":"2021-11-23T09:13:18","slug":"sustentabilidade-e-territorio","status":"publish","type":"page","link":"https:\/\/www.emecpumps.com\/pt-br\/sustentabilidade-e-territorio\/","title":{"rendered":"Sustentabilidade e territ\u00f3rio"},"content":{"rendered":"<div class=\"wpb-content-wrapper\">[vc_row full_width=&#8221;stretch_row&#8221; gap=&#8221;10&#8243; pix_particles_check=&#8221;&#8221; css=&#8221;.vc_custom_1610450323231{margin-top: 50px !important;}&#8221;][vc_column][vc_empty_space height=&#8221;50px&#8221;][vc_column_text css_animation=&#8221;fadeInUp&#8221;]\r\n<h5 style=\"text-align: center;\"><span style=\"color: #2dc84d;\">RIETI<\/span><\/h5>\r\n<h4 style=\"text-align: center;\">O nosso territ\u00f3rio<\/h4>\r\n&nbsp;\r\n<p style=\"text-align: center;\">A vis\u00e3o de EMEC \u00e9 estritamente ligada ao seu territ\u00f3rio, que \u00e9 parte integrante do DNA da nossa empresa.\u00a0<strong>Rieti<\/strong>\u00a0surge, de fato, em uma \u00e1rea particularmente\u00a0<strong>rica em \u00e1gua<\/strong>\u00a0nas margens de uma plan\u00edcie ocupada, at\u00e9 \u00e0 \u00e9poca romana, pelo Lago Velino. O rio hom\u00f4nimo, que ainda hoje atravessa a cidade de Rieti, deu origem \u00e0 Cascata delle Marmore, entre as mais altas e sugestivas de toda a Europa.<\/p>\r\n[\/vc_column_text][\/vc_column][\/vc_row][vc_row full_width=&#8221;stretch_row&#8221; video_bg=&#8221;yes&#8221; video_bg_url=&#8221;https:\/\/youtu.be\/-6kpwL-qHKY&#8221; video_bg_parallax=&#8221;content-moving&#8221; pix_over_visibility=&#8221;1&#8243; pix_particles_check=&#8221;&#8221; css=&#8221;.vc_custom_1615392784082{margin-top: 50px !important;}&#8221;][vc_column][vc_empty_space height=&#8221;600px&#8221;][\/vc_column][\/vc_row][vc_row full_width=&#8221;stretch_row&#8221; gap=&#8221;10&#8243; pix_particles_check=&#8221;&#8221; css=&#8221;.vc_custom_1610457143497{margin-top: 50px !important;background-color: #ffffff !important;}&#8221;][vc_column][vc_empty_space height=&#8221;50px&#8221;][vc_column_text css_animation=&#8221;fadeInUp&#8221;]\r\n<p style=\"text-align: center;\">Um pouco fora de Rieti encontram-se as Fontes de Cottorella, que fornecem uma \u00e1gua mineral particularmente pura, enquanto na cidade de Cotilia existem nascentes termais frequentadas j\u00e1 durante a \u00e9poca romana. Na Prov\u00edncia de Rieti est\u00e1 tamb\u00e9m localizado o Aqueduto de Peschiera, que fornece cerca de <strong>85% da \u00e1gua consumida em Roma<\/strong>\u00a0e \u00e9 considerado um dos maiores do mundo.<\/p>\r\n<p style=\"text-align: center;\">NESTE CEN\u00c1RIO EXTRAORDIN\u00c1RIO A EMEC NASCEU E CONTINUA A CRESCER<\/p>\r\n&nbsp;\r\n\r\n&nbsp;\r\n<h5 style=\"text-align: center;\"><span style=\"color: #2dc84d;\">EMEC E O MEIO AMBIENTE<\/span><\/h5>\r\n<h4 style=\"text-align: center;\">UM MUNDO DE ATEN\u00c7\u00d5ES<\/h4>\r\n&nbsp;\r\n<p style=\"text-align: center;\">A \u00e1gua \u00e9 um elemento vital em que se baseia a nossa paix\u00e3o.<\/p>\r\n<p style=\"text-align: center;\">Cientes dos impactos que as atividades humanas causam no planeta, estivemos, estamos e estaremos sempre comprometidos em garantir que as gera\u00e7\u00f5es futuras tamb\u00e9m possam beneficiar deste recurso inestim\u00e1vel.\u00a0N\u00e3o se trata apenas de respeitar as leis, mas de permanecer fi\u00e9is aos nossos conceitos e valores \u00e9ticos.<\/p>\r\n[\/vc_column_text][vc_row_inner content_placement=&#8221;middle&#8221; css=&#8221;.vc_custom_1610473726445{background-position: 0 0 !important;background-repeat: no-repeat !important;border-radius: 35px !important;}&#8221;][vc_column_inner][vc_column_text]<img decoding=\"async\" class=\"size-full wp-image-15309 aligncenter\" src=\"https:\/\/www.emecpumps.com\/wp-content\/uploads\/2021\/01\/animation_500_kju3v4b5.gif\" alt=\"\" width=\"500\" height=\"500\" \/>[\/vc_column_text][\/vc_column_inner][\/vc_row_inner][\/vc_column][\/vc_row][vc_row full_width=&#8221;stretch_row&#8221; gap=&#8221;10&#8243; pix_particles_check=&#8221;&#8221; css=&#8221;.vc_custom_1610474207480{padding-top: 50px !important;padding-bottom: 50px !important;background-color: #ffffff !important;}&#8221;][vc_column width=&#8221;1\/4&#8243;]<div class=\"pix-img-element d-inline-block \" ><div class=\"pix-scale-sm pix-duration-md\"><div class=\"animate-in  d-inline-block\" data-anim-type=\"fade-in-left\" data-anim-delay=\"500\"><div class=\"pix-img-el    text-left d-inline-block   rounded-0\"  ><img decoding=\"async\" class=\"card-img2 pix-img-elem rounded-0  h-1002\" style=\"width:200px;height:auto;\" width=\"1118\" height=\"1200\" srcset=\"https:\/\/www.emecpumps.com\/wp-content\/uploads\/2021\/01\/ISO14001.jpg 1118w, https:\/\/www.emecpumps.com\/wp-content\/uploads\/2021\/01\/ISO14001-300x322.jpg 300w, https:\/\/www.emecpumps.com\/wp-content\/uploads\/2021\/01\/ISO14001-600x644.jpg 600w, https:\/\/www.emecpumps.com\/wp-content\/uploads\/2021\/01\/ISO14001-280x300.jpg 280w, https:\/\/www.emecpumps.com\/wp-content\/uploads\/2021\/01\/ISO14001-954x1024.jpg 954w, https:\/\/www.emecpumps.com\/wp-content\/uploads\/2021\/01\/ISO14001-768x824.jpg 768w\" sizes=\"(max-width: 1118px) 100vw, 1118px\" src=\"https:\/\/www.emecpumps.com\/wp-content\/uploads\/2021\/01\/ISO14001.jpg\" alt=\"Image link\" \/><\/div><\/div><\/div><\/div>[\/vc_column][vc_column width=&#8221;3\/4&#8243;][vc_column_text css_animation=&#8221;fadeInUp&#8221;]\r\n<h4 style=\"text-align: center;\">MENOS IMPACTOS, MAIS SUSTENTABILIDADE<\/h4>\r\n&nbsp;\r\n\r\nPara n\u00f3s de EMEC a sustentabilidade \u00e9 um caminho infinito, feito de passos sempre mais virtuosos para minimizar o impacto da nossa realidade no meio ambiente. Por esta raz\u00e3o adotamos um<strong>\u00a0Sistema de Gest\u00e3o Ambiental<\/strong> em conformidade com a norma internacional ISO 14001, que nos permite reduzir as emiss\u00f5es para a atmosfera e sonoras, racionalizar os consumos de \u00e1gua, energia el\u00e9trica e g\u00e1s e limitar a produ\u00e7\u00e3o de res\u00edduos e de contamina\u00e7\u00e3o do solo.\r\n\r\nSustentabilidade para EMEC significa tamb\u00e9m\u00a0<strong>dar uma segunda vida aos materiais res\u00edduos<\/strong>: reciclamos ou recuperamos cerca de 93% das placas de circuito, papel, pl\u00e1stico, aparas de ferro, alum\u00ednio, cobre, bronze, lat\u00e3o e madeira. Para este fim nos equipamos com um separador de \u00f3leo, que permite separar a \u00e1gua e o \u00f3leo durante os processos de limpeza de m\u00e1quinas e instrumentos para reutiliz\u00e1-los sucessivamente nos ciclos de produ\u00e7\u00e3o.[\/vc_column_text][vc_column_text css_animation=&#8221;fadeInUp&#8221;]\r\n<h4><\/h4>\r\n<h4 style=\"text-align: center;\">DE BOAS PROPOSTAS A BOAS PR\u00c1TICAS<\/h4>\r\n&nbsp;\r\n\r\nA ado\u00e7\u00e3o de fontes de energia renov\u00e1veis, caldeiras de \u00faltima gera\u00e7\u00e3o e um sistema de condicionadores inteligentes nos permitiu\u00a0<strong>reduzir drasticamente os consumos<\/strong>\u00a0de g\u00e1s e energia el\u00e9trica. A \u00fanica energia que n\u00e3o queremos economizar \u00e9 a que colocamos em nosso trabalho diariamente.[\/vc_column_text][\/vc_column][\/vc_row][vc_row full_width=&#8221;stretch_row_content&#8221; pix_particles_check=&#8221;&#8221; css=&#8221;.vc_custom_1620028616095{background-color: #ffffff !important;}&#8221;][vc_column]<div id=\"el1620028554084-41c68fb1-2074\" class=\"w-100 d-block \"><\/div>[\/vc_column][\/vc_row]<\/div>","protected":false},"excerpt":{"rendered":"[vc_row full_width=&#8221;stretch_row&#8221; gap=&#8221;10&#8243; pix_particles_check=&#8221;&#8221; css=&#8221;.vc_custom_1610450323231{margin-top: 50px !important;}&#8221;][vc_column][vc_empty_space height=&#8221;50px&#8221;][vc_column_text css_animation=&#8221;fadeInUp&#8221;] RIETI O nosso territ\u00f3rio &nbsp; A vis\u00e3o de EMEC \u00e9 estritamente ligada ao seu territ\u00f3rio, que \u00e9 parte integrante do DNA da nossa empresa.\u00a0Rieti\u00a0surge, de fato, em uma \u00e1rea particularmente\u00a0rica em&#8230;","protected":false},"author":1,"featured_media":26787,"parent":0,"menu_order":0,"comment_status":"closed","ping_status":"closed","template":"","meta":{"lazy_load_responsive_images_disabled":false,"footnotes":""},"class_list":["post-26988","page","type-page","status-publish","has-post-thumbnail","hentry"],"yoast_head":"<!-- This site is optimized with the Yoast SEO plugin v26.6 - https:\/\/yoast.com\/wordpress\/plugins\/seo\/ -->\n<title>Sustentabilidade e territ\u00f3rio - Emec - Bombas Dosadoras e Sistemas de Desinfec\u00e7\u00e3o<\/title>\n<meta name=\"description\" content=\"A vis\u00e3o da EMEC est\u00e1 estreitamente ligada ao seu belo territ\u00f3rio, que \u00e9 parte integrante do ADN da nossa empresa.\" \/>\n<meta name=\"robots\" content=\"index, follow, max-snippet:-1, max-image-preview:large, max-video-preview:-1\" \/>\n<link rel=\"canonical\" href=\"https:\/\/www.emecpumps.com\/pt-br\/sustentabilidade-e-territorio\/\" \/>\n<meta property=\"og:locale\" content=\"pt_BR\" \/>\n<meta property=\"og:type\" content=\"article\" \/>\n<meta property=\"og:title\" content=\"Sustentabilidade e territ\u00f3rio - Emec - Bombas Dosadoras e Sistemas de Desinfec\u00e7\u00e3o\" \/>\n<meta property=\"og:description\" content=\"A vis\u00e3o da EMEC est\u00e1 estreitamente ligada ao seu belo territ\u00f3rio, que \u00e9 parte integrante do ADN da nossa empresa.\" \/>\n<meta property=\"og:url\" content=\"https:\/\/www.emecpumps.com\/pt-br\/sustentabilidade-e-territorio\/\" \/>\n<meta property=\"og:site_name\" content=\"Emec - Bombas Dosadoras e Sistemas de Desinfec\u00e7\u00e3o\" \/>\n<meta property=\"article:publisher\" content=\"https:\/\/www.facebook.com\/emecpumps\" \/>\n<meta property=\"article:modified_time\" content=\"2021-11-23T09:13:18+00:00\" \/>\n<meta property=\"og:image\" content=\"https:\/\/www.emecpumps.com\/wp-content\/uploads\/2021\/01\/logs.jpg\" \/>\n\t<meta property=\"og:image:width\" content=\"2369\" \/>\n\t<meta property=\"og:image:height\" content=\"1544\" \/>\n\t<meta property=\"og:image:type\" content=\"image\/jpeg\" \/>\n<meta name=\"twitter:card\" content=\"summary_large_image\" \/>\n<meta name=\"twitter:site\" content=\"@EMECpumps\" \/>\n<meta name=\"twitter:label1\" content=\"Est. tempo de leitura\" \/>\n\t<meta name=\"twitter:data1\" content=\"3 minutos\" \/>\n<script type=\"application\/ld+json\" class=\"yoast-schema-graph\">{\"@context\":\"https:\/\/schema.org\",\"@graph\":[{\"@type\":\"WebPage\",\"@id\":\"https:\/\/www.emecpumps.com\/pt-br\/sustentabilidade-e-territorio\/\",\"url\":\"https:\/\/www.emecpumps.com\/pt-br\/sustentabilidade-e-territorio\/\",\"name\":\"Sustentabilidade e territ\u00f3rio - Emec - Bombas Dosadoras e Sistemas de Desinfec\u00e7\u00e3o\",\"isPartOf\":{\"@id\":\"https:\/\/www.emecpumps.com\/pt-br\/#website\"},\"primaryImageOfPage\":{\"@id\":\"https:\/\/www.emecpumps.com\/pt-br\/sustentabilidade-e-territorio\/#primaryimage\"},\"image\":{\"@id\":\"https:\/\/www.emecpumps.com\/pt-br\/sustentabilidade-e-territorio\/#primaryimage\"},\"thumbnailUrl\":\"https:\/\/www.emecpumps.com\/wp-content\/uploads\/2021\/01\/logs.jpg\",\"datePublished\":\"2021-01-12T17:20:11+00:00\",\"dateModified\":\"2021-11-23T09:13:18+00:00\",\"description\":\"A vis\u00e3o da EMEC est\u00e1 estreitamente ligada ao seu belo territ\u00f3rio, que \u00e9 parte integrante do ADN da nossa empresa.\",\"breadcrumb\":{\"@id\":\"https:\/\/www.emecpumps.com\/pt-br\/sustentabilidade-e-territorio\/#breadcrumb\"},\"inLanguage\":\"pt-BR\",\"potentialAction\":[{\"@type\":\"ReadAction\",\"target\":[\"https:\/\/www.emecpumps.com\/pt-br\/sustentabilidade-e-territorio\/\"]}]},{\"@type\":\"ImageObject\",\"inLanguage\":\"pt-BR\",\"@id\":\"https:\/\/www.emecpumps.com\/pt-br\/sustentabilidade-e-territorio\/#primaryimage\",\"url\":\"https:\/\/www.emecpumps.com\/wp-content\/uploads\/2021\/01\/logs.jpg\",\"contentUrl\":\"https:\/\/www.emecpumps.com\/wp-content\/uploads\/2021\/01\/logs.jpg\",\"width\":2369,\"height\":1544},{\"@type\":\"BreadcrumbList\",\"@id\":\"https:\/\/www.emecpumps.com\/pt-br\/sustentabilidade-e-territorio\/#breadcrumb\",\"itemListElement\":[{\"@type\":\"ListItem\",\"position\":1,\"name\":\"Home\",\"item\":\"https:\/\/www.emecpumps.com\/pt-br\/\"},{\"@type\":\"ListItem\",\"position\":2,\"name\":\"Sustentabilidade e territ\u00f3rio\"}]},{\"@type\":\"WebSite\",\"@id\":\"https:\/\/www.emecpumps.com\/pt-br\/#website\",\"url\":\"https:\/\/www.emecpumps.com\/pt-br\/\",\"name\":\"Emec Pumps - Pompe dosatrici e Sistemi di disinfezione\",\"description\":\"Bombas Dosadoras e Sistemas de Desinfec\u00e7\u00e3o\",\"publisher\":{\"@id\":\"https:\/\/www.emecpumps.com\/pt-br\/#organization\"},\"alternateName\":\"Emec\",\"potentialAction\":[{\"@type\":\"SearchAction\",\"target\":{\"@type\":\"EntryPoint\",\"urlTemplate\":\"https:\/\/www.emecpumps.com\/pt-br\/?s={search_term_string}\"},\"query-input\":{\"@type\":\"PropertyValueSpecification\",\"valueRequired\":true,\"valueName\":\"search_term_string\"}}],\"inLanguage\":\"pt-BR\"},{\"@type\":\"Organization\",\"@id\":\"https:\/\/www.emecpumps.com\/pt-br\/#organization\",\"name\":\"Emec Pumps - Pompe dosatrici e Sistemi di disinfezione\",\"url\":\"https:\/\/www.emecpumps.com\/pt-br\/\",\"logo\":{\"@type\":\"ImageObject\",\"inLanguage\":\"pt-BR\",\"@id\":\"https:\/\/www.emecpumps.com\/pt-br\/#\/schema\/logo\/image\/\",\"url\":\"https:\/\/www.emecpumps.com\/wp-content\/uploads\/2024\/01\/logo_emec.png\",\"contentUrl\":\"https:\/\/www.emecpumps.com\/wp-content\/uploads\/2024\/01\/logo_emec.png\",\"width\":470,\"height\":133,\"caption\":\"Emec Pumps - Pompe dosatrici e Sistemi di disinfezione\"},\"image\":{\"@id\":\"https:\/\/www.emecpumps.com\/pt-br\/#\/schema\/logo\/image\/\"},\"sameAs\":[\"https:\/\/www.facebook.com\/emecpumps\",\"https:\/\/x.com\/EMECpumps\",\"https:\/\/www.instagram.com\/emecpumps\/\",\"https:\/\/www.linkedin.com\/company\/2715607\/admin\/\"]}]}<\/script>\n<!-- \/ Yoast SEO plugin. -->","yoast_head_json":{"title":"Sustentabilidade e territ\u00f3rio - Emec - Bombas Dosadoras e Sistemas de Desinfec\u00e7\u00e3o","description":"A vis\u00e3o da EMEC est\u00e1 estreitamente ligada ao seu belo territ\u00f3rio, que \u00e9 parte integrante do ADN da nossa empresa.","robots":{"index":"index","follow":"follow","max-snippet":"max-snippet:-1","max-image-preview":"max-image-preview:large","max-video-preview":"max-video-preview:-1"},"canonical":"https:\/\/www.emecpumps.com\/pt-br\/sustentabilidade-e-territorio\/","og_locale":"pt_BR","og_type":"article","og_title":"Sustentabilidade e territ\u00f3rio - Emec - Bombas Dosadoras e Sistemas de Desinfec\u00e7\u00e3o","og_description":"A vis\u00e3o da EMEC est\u00e1 estreitamente ligada ao seu belo territ\u00f3rio, que \u00e9 parte integrante do ADN da nossa empresa.","og_url":"https:\/\/www.emecpumps.com\/pt-br\/sustentabilidade-e-territorio\/","og_site_name":"Emec - Bombas Dosadoras e Sistemas de Desinfec\u00e7\u00e3o","article_publisher":"https:\/\/www.facebook.com\/emecpumps","article_modified_time":"2021-11-23T09:13:18+00:00","og_image":[{"width":2369,"height":1544,"url":"https:\/\/www.emecpumps.com\/wp-content\/uploads\/2021\/01\/logs.jpg","type":"image\/jpeg"}],"twitter_card":"summary_large_image","twitter_site":"@EMECpumps","twitter_misc":{"Est. tempo de leitura":"3 minutos"},"schema":{"@context":"https:\/\/schema.org","@graph":[{"@type":"WebPage","@id":"https:\/\/www.emecpumps.com\/pt-br\/sustentabilidade-e-territorio\/","url":"https:\/\/www.emecpumps.com\/pt-br\/sustentabilidade-e-territorio\/","name":"Sustentabilidade e territ\u00f3rio - Emec - Bombas Dosadoras e Sistemas de Desinfec\u00e7\u00e3o","isPartOf":{"@id":"https:\/\/www.emecpumps.com\/pt-br\/#website"},"primaryImageOfPage":{"@id":"https:\/\/www.emecpumps.com\/pt-br\/sustentabilidade-e-territorio\/#primaryimage"},"image":{"@id":"https:\/\/www.emecpumps.com\/pt-br\/sustentabilidade-e-territorio\/#primaryimage"},"thumbnailUrl":"https:\/\/www.emecpumps.com\/wp-content\/uploads\/2021\/01\/logs.jpg","datePublished":"2021-01-12T17:20:11+00:00","dateModified":"2021-11-23T09:13:18+00:00","description":"A vis\u00e3o da EMEC est\u00e1 estreitamente ligada ao seu belo territ\u00f3rio, que \u00e9 parte integrante do ADN da nossa empresa.","breadcrumb":{"@id":"https:\/\/www.emecpumps.com\/pt-br\/sustentabilidade-e-territorio\/#breadcrumb"},"inLanguage":"pt-BR","potentialAction":[{"@type":"ReadAction","target":["https:\/\/www.emecpumps.com\/pt-br\/sustentabilidade-e-territorio\/"]}]},{"@type":"ImageObject","inLanguage":"pt-BR","@id":"https:\/\/www.emecpumps.com\/pt-br\/sustentabilidade-e-territorio\/#primaryimage","url":"https:\/\/www.emecpumps.com\/wp-content\/uploads\/2021\/01\/logs.jpg","contentUrl":"https:\/\/www.emecpumps.com\/wp-content\/uploads\/2021\/01\/logs.jpg","width":2369,"height":1544},{"@type":"BreadcrumbList","@id":"https:\/\/www.emecpumps.com\/pt-br\/sustentabilidade-e-territorio\/#breadcrumb","itemListElement":[{"@type":"ListItem","position":1,"name":"Home","item":"https:\/\/www.emecpumps.com\/pt-br\/"},{"@type":"ListItem","position":2,"name":"Sustentabilidade e territ\u00f3rio"}]},{"@type":"WebSite","@id":"https:\/\/www.emecpumps.com\/pt-br\/#website","url":"https:\/\/www.emecpumps.com\/pt-br\/","name":"Emec Pumps - Pompe dosatrici e Sistemi di disinfezione","description":"Bombas Dosadoras e Sistemas de Desinfec\u00e7\u00e3o","publisher":{"@id":"https:\/\/www.emecpumps.com\/pt-br\/#organization"},"alternateName":"Emec","potentialAction":[{"@type":"SearchAction","target":{"@type":"EntryPoint","urlTemplate":"https:\/\/www.emecpumps.com\/pt-br\/?s={search_term_string}"},"query-input":{"@type":"PropertyValueSpecification","valueRequired":true,"valueName":"search_term_string"}}],"inLanguage":"pt-BR"},{"@type":"Organization","@id":"https:\/\/www.emecpumps.com\/pt-br\/#organization","name":"Emec Pumps - Pompe dosatrici e Sistemi di disinfezione","url":"https:\/\/www.emecpumps.com\/pt-br\/","logo":{"@type":"ImageObject","inLanguage":"pt-BR","@id":"https:\/\/www.emecpumps.com\/pt-br\/#\/schema\/logo\/image\/","url":"https:\/\/www.emecpumps.com\/wp-content\/uploads\/2024\/01\/logo_emec.png","contentUrl":"https:\/\/www.emecpumps.com\/wp-content\/uploads\/2024\/01\/logo_emec.png","width":470,"height":133,"caption":"Emec Pumps - Pompe dosatrici e Sistemi di disinfezione"},"image":{"@id":"https:\/\/www.emecpumps.com\/pt-br\/#\/schema\/logo\/image\/"},"sameAs":["https:\/\/www.facebook.com\/emecpumps","https:\/\/x.com\/EMECpumps","https:\/\/www.instagram.com\/emecpumps\/","https:\/\/www.linkedin.com\/company\/2715607\/admin\/"]}]}},"_links":{"self":[{"href":"https:\/\/www.emecpumps.com\/pt-br\/wp-json\/wp\/v2\/pages\/26988","targetHints":{"allow":["GET"]}}],"collection":[{"href":"https:\/\/www.emecpumps.com\/pt-br\/wp-json\/wp\/v2\/pages"}],"about":[{"href":"https:\/\/www.emecpumps.com\/pt-br\/wp-json\/wp\/v2\/types\/page"}],"author":[{"embeddable":true,"href":"https:\/\/www.emecpumps.com\/pt-br\/wp-json\/wp\/v2\/users\/1"}],"replies":[{"embeddable":true,"href":"https:\/\/www.emecpumps.com\/pt-br\/wp-json\/wp\/v2\/comments?post=26988"}],"version-history":[{"count":4,"href":"https:\/\/www.emecpumps.com\/pt-br\/wp-json\/wp\/v2\/pages\/26988\/revisions"}],"predecessor-version":[{"id":39190,"href":"https:\/\/www.emecpumps.com\/pt-br\/wp-json\/wp\/v2\/pages\/26988\/revisions\/39190"}],"wp:featuredmedia":[{"embeddable":true,"href":"https:\/\/www.emecpumps.com\/pt-br\/wp-json\/wp\/v2\/media\/26787"}],"wp:attachment":[{"href":"https:\/\/www.emecpumps.com\/pt-br\/wp-json\/wp\/v2\/media?parent=26988"}],"curies":[{"name":"wp","href":"https:\/\/api.w.org\/{rel}","templated":true}]}}