{"id":27068,"date":"2021-06-24T13:39:11","date_gmt":"2021-06-24T12:39:11","guid":{"rendered":"http:\/\/webtrial.emecpumps.com\/wordpress\/work-with-us\/"},"modified":"2021-09-23T15:43:41","modified_gmt":"2021-09-23T14:43:41","slug":"traballe-connosco","status":"publish","type":"page","link":"https:\/\/www.emecpumps.com\/pt-br\/traballe-connosco\/","title":{"rendered":"Trabalhe connosco"},"content":{"rendered":"<div class=\"wpb-content-wrapper\">[vc_row pix_particles_check=&#8221;&#8221;][vc_column][vc_column_text]A nossa verdadeira for\u00e7a \u00e9 o nosso povo. Com o seu empenho di\u00e1rio e o seu constante esfor\u00e7o para atingir os objectivos da nossa empresa, contribuem para alcan\u00e7ar os mais altos n\u00edveis de qualidade dos produtos.[\/vc_column_text][vc_empty_space]<div  class=\"pix-heading-el text-left \"><h3 class=\"text-secondary font-weight-bold h3 heading-text el-title_custom_color mb-12\" style=\"\" data-anim-type=\"\" data-anim-delay=\"0\">Desculpe, n\u00e3o h\u00e1 vagas dispon\u00edveis no momento<\/h3><\/div>[vc_empty_space height=&#8221;200px&#8221;][\/vc_column][\/vc_row]<\/div>","protected":false},"excerpt":{"rendered":"[vc_row pix_particles_check=&#8221;&#8221;][vc_column][vc_column_text]A nossa verdadeira for\u00e7a \u00e9 o nosso povo. Com o seu empenho di\u00e1rio e o seu constante esfor\u00e7o para atingir os objectivos da nossa empresa, contribuem para alcan\u00e7ar os mais altos n\u00edveis de qualidade dos produtos.[\/vc_column_text][vc_empty_space][vc_empty_space height=&#8221;200px&#8221;][\/vc_column][\/vc_row]","protected":false},"author":1,"featured_media":26787,"parent":0,"menu_order":0,"comment_status":"closed","ping_status":"closed","template":"","meta":{"lazy_load_responsive_images_disabled":false,"footnotes":""},"class_list":["post-27068","page","type-page","status-publish","has-post-thumbnail","hentry"],"yoast_head":"<!-- This site is optimized with the Yoast SEO plugin v26.6 - https:\/\/yoast.com\/wordpress\/plugins\/seo\/ -->\n<title>Trabalhe connosco - Emec - Bombas Dosadoras e Sistemas de Desinfec\u00e7\u00e3o<\/title>\n<meta name=\"description\" content=\"A nossa verdadeira for\u00e7a \u00e9 o povo que, com o seu empenho di\u00e1rio, contribui para a realiza\u00e7\u00e3o dos objectivos mais elevados.\" \/>\n<meta name=\"robots\" content=\"index, follow, max-snippet:-1, max-image-preview:large, max-video-preview:-1\" \/>\n<link rel=\"canonical\" href=\"https:\/\/www.emecpumps.com\/pt-br\/traballe-connosco\/\" \/>\n<meta property=\"og:locale\" content=\"pt_BR\" \/>\n<meta property=\"og:type\" content=\"article\" \/>\n<meta property=\"og:title\" content=\"Trabalhe connosco - Emec - Bombas Dosadoras e Sistemas de Desinfec\u00e7\u00e3o\" \/>\n<meta property=\"og:description\" content=\"A nossa verdadeira for\u00e7a \u00e9 o povo que, com o seu empenho di\u00e1rio, contribui para a realiza\u00e7\u00e3o dos objectivos mais elevados.\" \/>\n<meta property=\"og:url\" content=\"https:\/\/www.emecpumps.com\/pt-br\/traballe-connosco\/\" \/>\n<meta property=\"og:site_name\" content=\"Emec - Bombas Dosadoras e Sistemas de Desinfec\u00e7\u00e3o\" \/>\n<meta property=\"article:publisher\" content=\"https:\/\/www.facebook.com\/emecpumps\" \/>\n<meta property=\"article:modified_time\" content=\"2021-09-23T14:43:41+00:00\" \/>\n<meta property=\"og:image\" content=\"https:\/\/www.emecpumps.com\/wp-content\/uploads\/2021\/01\/logs.jpg\" \/>\n\t<meta property=\"og:image:width\" content=\"2369\" \/>\n\t<meta property=\"og:image:height\" content=\"1544\" \/>\n\t<meta property=\"og:image:type\" content=\"image\/jpeg\" \/>\n<meta name=\"twitter:card\" content=\"summary_large_image\" \/>\n<meta name=\"twitter:site\" content=\"@EMECpumps\" \/>\n<meta name=\"twitter:label1\" content=\"Est. tempo de leitura\" \/>\n\t<meta name=\"twitter:data1\" content=\"1 minuto\" \/>\n<script type=\"application\/ld+json\" class=\"yoast-schema-graph\">{\"@context\":\"https:\/\/schema.org\",\"@graph\":[{\"@type\":\"WebPage\",\"@id\":\"https:\/\/www.emecpumps.com\/pt-br\/traballe-connosco\/\",\"url\":\"https:\/\/www.emecpumps.com\/pt-br\/traballe-connosco\/\",\"name\":\"Trabalhe connosco - Emec - Bombas Dosadoras e Sistemas de Desinfec\u00e7\u00e3o\",\"isPartOf\":{\"@id\":\"https:\/\/www.emecpumps.com\/pt-br\/#website\"},\"primaryImageOfPage\":{\"@id\":\"https:\/\/www.emecpumps.com\/pt-br\/traballe-connosco\/#primaryimage\"},\"image\":{\"@id\":\"https:\/\/www.emecpumps.com\/pt-br\/traballe-connosco\/#primaryimage\"},\"thumbnailUrl\":\"https:\/\/www.emecpumps.com\/wp-content\/uploads\/2021\/01\/logs.jpg\",\"datePublished\":\"2021-06-24T12:39:11+00:00\",\"dateModified\":\"2021-09-23T14:43:41+00:00\",\"description\":\"A nossa verdadeira for\u00e7a \u00e9 o povo que, com o seu empenho di\u00e1rio, contribui para a realiza\u00e7\u00e3o dos objectivos mais elevados.\",\"breadcrumb\":{\"@id\":\"https:\/\/www.emecpumps.com\/pt-br\/traballe-connosco\/#breadcrumb\"},\"inLanguage\":\"pt-BR\",\"potentialAction\":[{\"@type\":\"ReadAction\",\"target\":[\"https:\/\/www.emecpumps.com\/pt-br\/traballe-connosco\/\"]}]},{\"@type\":\"ImageObject\",\"inLanguage\":\"pt-BR\",\"@id\":\"https:\/\/www.emecpumps.com\/pt-br\/traballe-connosco\/#primaryimage\",\"url\":\"https:\/\/www.emecpumps.com\/wp-content\/uploads\/2021\/01\/logs.jpg\",\"contentUrl\":\"https:\/\/www.emecpumps.com\/wp-content\/uploads\/2021\/01\/logs.jpg\",\"width\":2369,\"height\":1544},{\"@type\":\"BreadcrumbList\",\"@id\":\"https:\/\/www.emecpumps.com\/pt-br\/traballe-connosco\/#breadcrumb\",\"itemListElement\":[{\"@type\":\"ListItem\",\"position\":1,\"name\":\"Home\",\"item\":\"https:\/\/www.emecpumps.com\/pt-br\/\"},{\"@type\":\"ListItem\",\"position\":2,\"name\":\"Trabalhe connosco\"}]},{\"@type\":\"WebSite\",\"@id\":\"https:\/\/www.emecpumps.com\/pt-br\/#website\",\"url\":\"https:\/\/www.emecpumps.com\/pt-br\/\",\"name\":\"Emec Pumps - Pompe dosatrici e Sistemi di disinfezione\",\"description\":\"Bombas Dosadoras e Sistemas de Desinfec\u00e7\u00e3o\",\"publisher\":{\"@id\":\"https:\/\/www.emecpumps.com\/pt-br\/#organization\"},\"alternateName\":\"Emec\",\"potentialAction\":[{\"@type\":\"SearchAction\",\"target\":{\"@type\":\"EntryPoint\",\"urlTemplate\":\"https:\/\/www.emecpumps.com\/pt-br\/?s={search_term_string}\"},\"query-input\":{\"@type\":\"PropertyValueSpecification\",\"valueRequired\":true,\"valueName\":\"search_term_string\"}}],\"inLanguage\":\"pt-BR\"},{\"@type\":\"Organization\",\"@id\":\"https:\/\/www.emecpumps.com\/pt-br\/#organization\",\"name\":\"Emec Pumps - Pompe dosatrici e Sistemi di disinfezione\",\"url\":\"https:\/\/www.emecpumps.com\/pt-br\/\",\"logo\":{\"@type\":\"ImageObject\",\"inLanguage\":\"pt-BR\",\"@id\":\"https:\/\/www.emecpumps.com\/pt-br\/#\/schema\/logo\/image\/\",\"url\":\"https:\/\/www.emecpumps.com\/wp-content\/uploads\/2024\/01\/logo_emec.png\",\"contentUrl\":\"https:\/\/www.emecpumps.com\/wp-content\/uploads\/2024\/01\/logo_emec.png\",\"width\":470,\"height\":133,\"caption\":\"Emec Pumps - Pompe dosatrici e Sistemi di disinfezione\"},\"image\":{\"@id\":\"https:\/\/www.emecpumps.com\/pt-br\/#\/schema\/logo\/image\/\"},\"sameAs\":[\"https:\/\/www.facebook.com\/emecpumps\",\"https:\/\/x.com\/EMECpumps\",\"https:\/\/www.instagram.com\/emecpumps\/\",\"https:\/\/www.linkedin.com\/company\/2715607\/admin\/\"]}]}<\/script>\n<!-- \/ Yoast SEO plugin. -->","yoast_head_json":{"title":"Trabalhe connosco - Emec - Bombas Dosadoras e Sistemas de Desinfec\u00e7\u00e3o","description":"A nossa verdadeira for\u00e7a \u00e9 o povo que, com o seu empenho di\u00e1rio, contribui para a realiza\u00e7\u00e3o dos objectivos mais elevados.","robots":{"index":"index","follow":"follow","max-snippet":"max-snippet:-1","max-image-preview":"max-image-preview:large","max-video-preview":"max-video-preview:-1"},"canonical":"https:\/\/www.emecpumps.com\/pt-br\/traballe-connosco\/","og_locale":"pt_BR","og_type":"article","og_title":"Trabalhe connosco - Emec - Bombas Dosadoras e Sistemas de Desinfec\u00e7\u00e3o","og_description":"A nossa verdadeira for\u00e7a \u00e9 o povo que, com o seu empenho di\u00e1rio, contribui para a realiza\u00e7\u00e3o dos objectivos mais elevados.","og_url":"https:\/\/www.emecpumps.com\/pt-br\/traballe-connosco\/","og_site_name":"Emec - Bombas Dosadoras e Sistemas de Desinfec\u00e7\u00e3o","article_publisher":"https:\/\/www.facebook.com\/emecpumps","article_modified_time":"2021-09-23T14:43:41+00:00","og_image":[{"width":2369,"height":1544,"url":"https:\/\/www.emecpumps.com\/wp-content\/uploads\/2021\/01\/logs.jpg","type":"image\/jpeg"}],"twitter_card":"summary_large_image","twitter_site":"@EMECpumps","twitter_misc":{"Est. tempo de leitura":"1 minuto"},"schema":{"@context":"https:\/\/schema.org","@graph":[{"@type":"WebPage","@id":"https:\/\/www.emecpumps.com\/pt-br\/traballe-connosco\/","url":"https:\/\/www.emecpumps.com\/pt-br\/traballe-connosco\/","name":"Trabalhe connosco - Emec - Bombas Dosadoras e Sistemas de Desinfec\u00e7\u00e3o","isPartOf":{"@id":"https:\/\/www.emecpumps.com\/pt-br\/#website"},"primaryImageOfPage":{"@id":"https:\/\/www.emecpumps.com\/pt-br\/traballe-connosco\/#primaryimage"},"image":{"@id":"https:\/\/www.emecpumps.com\/pt-br\/traballe-connosco\/#primaryimage"},"thumbnailUrl":"https:\/\/www.emecpumps.com\/wp-content\/uploads\/2021\/01\/logs.jpg","datePublished":"2021-06-24T12:39:11+00:00","dateModified":"2021-09-23T14:43:41+00:00","description":"A nossa verdadeira for\u00e7a \u00e9 o povo que, com o seu empenho di\u00e1rio, contribui para a realiza\u00e7\u00e3o dos objectivos mais elevados.","breadcrumb":{"@id":"https:\/\/www.emecpumps.com\/pt-br\/traballe-connosco\/#breadcrumb"},"inLanguage":"pt-BR","potentialAction":[{"@type":"ReadAction","target":["https:\/\/www.emecpumps.com\/pt-br\/traballe-connosco\/"]}]},{"@type":"ImageObject","inLanguage":"pt-BR","@id":"https:\/\/www.emecpumps.com\/pt-br\/traballe-connosco\/#primaryimage","url":"https:\/\/www.emecpumps.com\/wp-content\/uploads\/2021\/01\/logs.jpg","contentUrl":"https:\/\/www.emecpumps.com\/wp-content\/uploads\/2021\/01\/logs.jpg","width":2369,"height":1544},{"@type":"BreadcrumbList","@id":"https:\/\/www.emecpumps.com\/pt-br\/traballe-connosco\/#breadcrumb","itemListElement":[{"@type":"ListItem","position":1,"name":"Home","item":"https:\/\/www.emecpumps.com\/pt-br\/"},{"@type":"ListItem","position":2,"name":"Trabalhe connosco"}]},{"@type":"WebSite","@id":"https:\/\/www.emecpumps.com\/pt-br\/#website","url":"https:\/\/www.emecpumps.com\/pt-br\/","name":"Emec Pumps - Pompe dosatrici e Sistemi di disinfezione","description":"Bombas Dosadoras e Sistemas de Desinfec\u00e7\u00e3o","publisher":{"@id":"https:\/\/www.emecpumps.com\/pt-br\/#organization"},"alternateName":"Emec","potentialAction":[{"@type":"SearchAction","target":{"@type":"EntryPoint","urlTemplate":"https:\/\/www.emecpumps.com\/pt-br\/?s={search_term_string}"},"query-input":{"@type":"PropertyValueSpecification","valueRequired":true,"valueName":"search_term_string"}}],"inLanguage":"pt-BR"},{"@type":"Organization","@id":"https:\/\/www.emecpumps.com\/pt-br\/#organization","name":"Emec Pumps - Pompe dosatrici e Sistemi di disinfezione","url":"https:\/\/www.emecpumps.com\/pt-br\/","logo":{"@type":"ImageObject","inLanguage":"pt-BR","@id":"https:\/\/www.emecpumps.com\/pt-br\/#\/schema\/logo\/image\/","url":"https:\/\/www.emecpumps.com\/wp-content\/uploads\/2024\/01\/logo_emec.png","contentUrl":"https:\/\/www.emecpumps.com\/wp-content\/uploads\/2024\/01\/logo_emec.png","width":470,"height":133,"caption":"Emec Pumps - Pompe dosatrici e Sistemi di disinfezione"},"image":{"@id":"https:\/\/www.emecpumps.com\/pt-br\/#\/schema\/logo\/image\/"},"sameAs":["https:\/\/www.facebook.com\/emecpumps","https:\/\/x.com\/EMECpumps","https:\/\/www.instagram.com\/emecpumps\/","https:\/\/www.linkedin.com\/company\/2715607\/admin\/"]}]}},"_links":{"self":[{"href":"https:\/\/www.emecpumps.com\/pt-br\/wp-json\/wp\/v2\/pages\/27068","targetHints":{"allow":["GET"]}}],"collection":[{"href":"https:\/\/www.emecpumps.com\/pt-br\/wp-json\/wp\/v2\/pages"}],"about":[{"href":"https:\/\/www.emecpumps.com\/pt-br\/wp-json\/wp\/v2\/types\/page"}],"author":[{"embeddable":true,"href":"https:\/\/www.emecpumps.com\/pt-br\/wp-json\/wp\/v2\/users\/1"}],"replies":[{"embeddable":true,"href":"https:\/\/www.emecpumps.com\/pt-br\/wp-json\/wp\/v2\/comments?post=27068"}],"version-history":[{"count":3,"href":"https:\/\/www.emecpumps.com\/pt-br\/wp-json\/wp\/v2\/pages\/27068\/revisions"}],"predecessor-version":[{"id":27244,"href":"https:\/\/www.emecpumps.com\/pt-br\/wp-json\/wp\/v2\/pages\/27068\/revisions\/27244"}],"wp:featuredmedia":[{"embeddable":true,"href":"https:\/\/www.emecpumps.com\/pt-br\/wp-json\/wp\/v2\/media\/26787"}],"wp:attachment":[{"href":"https:\/\/www.emecpumps.com\/pt-br\/wp-json\/wp\/v2\/media?parent=27068"}],"curies":[{"name":"wp","href":"https:\/\/api.w.org\/{rel}","templated":true}]}}