{"id":75483,"date":"2025-11-18T12:32:38","date_gmt":"2025-11-18T11:32:38","guid":{"rendered":"https:\/\/www.emecpumps.com\/isencao-de-responsabilidade-aviso-legal\/"},"modified":"2025-11-18T12:32:38","modified_gmt":"2025-11-18T11:32:38","slug":"isencao-de-responsabilidade-aviso-legal","status":"publish","type":"page","link":"https:\/\/www.emecpumps.com\/pt-br\/isencao-de-responsabilidade-aviso-legal\/","title":{"rendered":"Isen\u00e7\u00e3o de responsabilidade &#8211; Aviso legal"},"content":{"rendered":"<div class=\"wpb-content-wrapper\">[vc_row pix_particles_check=&#8221;&#8221;][vc_column][vc_column_text css=&#8221;&#8221;]\r\n<h2>Isen\u00e7\u00e3o de responsabilidade &#8211; Aviso legal<\/h2>\r\n&nbsp;\r\n<p class=\"p1\"><b>1. Termos e condi\u00e7\u00f5es de uso do site<\/b><\/p>\r\n<p class=\"p1\">Qualquer pessoa que acesse ou use este site de qualquer maneira concorda, sem restri\u00e7\u00f5es, em se vincular aos termos e condi\u00e7\u00f5es aqui estabelecidos. Se voc\u00ea n\u00e3o aceitar ou n\u00e3o tiver a inten\u00e7\u00e3o de se vincular a eles, n\u00e3o poder\u00e1 acessar, usar ou fazer download de material deste site. A qualquer momento, a EMEC srl (doravante denominada &#8220;Propriet\u00e1rio&#8221;) se reserva o direito de atualizar ou modificar estes termos e condi\u00e7\u00f5es e a forma de utiliza\u00e7\u00e3o do site, sem aviso pr\u00e9vio. Em caso de altera\u00e7\u00e3o das condi\u00e7\u00f5es, o acesso ao site implica o compromisso de cumprir as condi\u00e7\u00f5es modificadas.   <\/p>\r\n<p class=\"p1\"><b>2. Legisla\u00e7\u00e3o aplic\u00e1vel<\/b><\/p>\r\n<p class=\"p1\">Todos os conte\u00fados publicados ou presentes no site, incluindo sua sele\u00e7\u00e3o e organiza\u00e7\u00e3o, bem como o layout e o design do site, s\u00e3o protegidos pela legisla\u00e7\u00e3o de privacidade (EU Reg. 2016\/679 &#8211; GDPR), a lei sobre direitos autorais (Lei 22\/4\/1941, n\u00ba 633, conforme alterada pelo Decreto Legislativo 29\/12\/1992 n\u00ba 518, sobre a Prote\u00e7\u00e3o Legal de Software) e outros regulamentos nacionais e internacionais sobre a prote\u00e7\u00e3o da propriedade intelectual e industrial, suas altera\u00e7\u00f5es e adi\u00e7\u00f5es.<\/p>\r\n<p class=\"p1\"><b>3. Propriedade de direitos<\/b><\/p>\r\n<p class=\"p1\">Este site \u00e9 de propriedade exclusiva e pertencente ao Propriet\u00e1rio; a atribui\u00e7\u00e3o do nome de dom\u00ednio da Internet foi obtida formalmente, de acordo com os m\u00e9todos e procedimentos em vigor no momento da solicita\u00e7\u00e3o de atribui\u00e7\u00e3o.<\/p>\r\n<p class=\"p1\">Os direitos sobre o Conte\u00fado pertencem ao Propriet\u00e1rio. Algumas p\u00e1ginas da Internet deste site tamb\u00e9m podem conter material que est\u00e1 sujeito aos direitos autorais daqueles que o disponibilizaram. <\/p>\r\n<p class=\"p1\">Ao public\u00e1-los, o propriet\u00e1rio n\u00e3o transfere nenhum direito a nenhum dos conte\u00fados do site.<\/p>\r\n<p class=\"p1\"><b>4. Conte\u00fado e objetivo do site<\/b><\/p>\r\n<p class=\"p1\">Os conte\u00fados do site foram projetados em conformidade com as leis italianas e as diretivas da Uni\u00e3o Europeia, incluindo aquelas para a prote\u00e7\u00e3o de obras liter\u00e1rias e art\u00edsticas, e s\u00e3o destinados a usu\u00e1rios nacionais e da UE. O objetivo do site \u00e9 a divulga\u00e7\u00e3o, via Internet, das atividades institucionais do Titular. <\/p>\r\n<p class=\"p1\"><b>5. O Titular confirma que:<\/b><\/p>\r\n<p class=\"p1\">&#8211; adota procedimentos adequados para garantir padr\u00f5es de precis\u00e3o, integridade, adequa\u00e7\u00e3o, atualiza\u00e7\u00e3o e pontualidade das informa\u00e7\u00f5es contidas no site; compromete-se a eliminar quaisquer erros t\u00e9cnicos ou tipogr\u00e1ficos no menor tempo poss\u00edvel; reserva-se o direito de, a qualquer momento, fazer altera\u00e7\u00f5es, sem aviso pr\u00e9vio e a seu pr\u00f3prio crit\u00e9rio, no conte\u00fado e nos m\u00e9todos funcionais e operacionais do site e dos servi\u00e7os oferecidos. O Conte\u00fado, em todas as suas partes, s\u00f3 pode ser reproduzido com o consentimento pr\u00e9vio por escrito do Propriet\u00e1rio. <\/p>\r\n<p class=\"p1\"><b>6. Regime de uso dos materiais publicados no site e reprodu\u00e7\u00e3o por terceiros<\/b><\/p>\r\n<p class=\"p1\">a) Comportamento permitido<\/p>\r\n<p class=\"p1\">O acesso ao site e ao seu conte\u00fado s\u00f3 \u00e9 permitido para os fins permitidos pelo Titular e destacados neste site. O site e os dados nele contidos s\u00f3 podem ser consultados para uso pessoal. <\/p>\r\n<p class=\"p1\">b) Comportamento proibido<\/p>\r\n<p class=\"p1\">Em qualquer caso, o usu\u00e1rio n\u00e3o poder\u00e1 usar ou fazer com que terceiros usem o site e os dados nele contidos para fins comerciais. Qualquer uso para fins comerciais ou explora\u00e7\u00e3o econ\u00f4mica pelos usu\u00e1rios \u00e9, portanto, expressamente proibido em todos os momentos. <\/p>\r\n<p class=\"p1\">Os seguintes itens tamb\u00e9m s\u00e3o proibidos em todos os casos modificar o site ou qualquer um de seus conte\u00fados ou m\u00e9todos de acesso a ele; conduta que constitua uma ofensa de acordo com a legisla\u00e7\u00e3o vigente (por exemplo, os chamados crimes inform\u00e1ticos, como viola\u00e7\u00e3o de domic\u00edlio inform\u00e1tico); conduta que vise desmembrar partes ou se\u00e7\u00f5es deste site e\/ou incorpor\u00e1-las a outros sites de terceiros, modificar, copiar, reproduzir, republicar, carregar a partir de um programa, tornar p\u00fablico, transmitir ou distribuir de qualquer forma o Conte\u00fado, no todo ou em parte, incluindo c\u00f3digos e software, sem consentimento pr\u00e9vio ou em viola\u00e7\u00e3o destas condi\u00e7\u00f5es tentar acessar \u00e1reas restritas do site sem o perfil de permiss\u00e3o; fazer upload de programas de computador, arquivos e outros materiais que contenham recursos destrutivos ou perturbadores, como v\u00edrus, arquivos manipulados, arquivos &#8220;ocultos&#8221; (como imagens nas quais os arquivos de \u00e1udio est\u00e3o integrados), worms, cavalos de troia ou bots com a finalidade de rolagem ou de lan\u00e7amento de v\u00e1rias telas e para outras atividades em geral capazes de perturbar a integridade ou a funcionalidade ou a comunica\u00e7\u00e3o on-line do site; em geral, uso que cause ou possa causar danos, interrup\u00e7\u00e3o ou limita\u00e7\u00e3o deste site ou de seus servi\u00e7os; a coleta n\u00e3o autorizada, por meio do site, de informa\u00e7\u00f5es pessoais sobre terceiros (por exemplo, endere\u00e7os de e-mail).<\/p>\r\n<p class=\"p1\">c) Conduta proibida &#8211; Consequ\u00eancias<\/p>\r\n<p class=\"p1\">Sem preju\u00edzo de quaisquer poss\u00edveis direitos, faculdades ou poderes de terceiros, no caso de ado\u00e7\u00e3o de conduta proibida, o Propriet\u00e1rio se reserva o direito de tomar medidas legais. Caso sejam constatadas viola\u00e7\u00f5es das condi\u00e7\u00f5es de uso do site, o Propriet\u00e1rio se reserva o direito de tomar qualquer medida corretiva sem aviso pr\u00e9vio, incluindo a exclus\u00e3o do visitante\/usu\u00e1rio do acesso ao site e seus servi\u00e7os e a remo\u00e7\u00e3o de qualquer material publicado no site pelo mesmo visitante\/usu\u00e1rio, sem assumir qualquer responsabilidade direta ou indireta a esse respeito. O Propriet\u00e1rio se compromete desde j\u00e1 a cooperar com as autoridades competentes tamb\u00e9m com o objetivo de identificar prontamente os autores das infra\u00e7\u00f5es.  <\/p>\r\n<p class=\"p1\"><b>7. Links para outros sites da Web<\/b><\/p>\r\n<p class=\"p1\">O site pode conter links para outros sites de terceiros. Ao criar links para outros sites, voc\u00ea deixa voluntariamente o site do Propriet\u00e1rio e \u00e9 direcionado para p\u00e1ginas da Web de sites da rede que n\u00e3o sejam este site. O Propriet\u00e1rio se compromete a solicitar autoriza\u00e7\u00e3o pr\u00e9via para a cria\u00e7\u00e3o de links para qualquer site de terceiros. Os usu\u00e1rios que, por meio de links no site, decidirem acessar outros sites vinculados assumem todos os riscos associados a essa decis\u00e3o. O Propriet\u00e1rio n\u00e3o \u00e9 respons\u00e1vel pelo conte\u00fado de quaisquer sites acess\u00edveis por meio de links que n\u00e3o estejam sob seu controle. Sujeito a acordos com terceiros, o Propriet\u00e1rio se reserva o direito de remover qualquer link ou programa de links a qualquer momento. O chamado &#8220;deep linking&#8221; \u00e9 estritamente proibido: todos os links para este site devem levar \u00e0 p\u00e1gina inicial do site e devem deixar claro que este site e seu conte\u00fado devem ser considerados separadamente do site que cont\u00e9m o link; eles tamb\u00e9m devem deixar claro que a propriedade e a opera\u00e7\u00e3o deste site s\u00e3o do Propriet\u00e1rio, sem qualquer compartilhamento do conte\u00fado do site que ativa o link. Da mesma forma, o uso da t\u00e9cnica de &#8220;enquadramento&#8221; \u00e9 proibido.       <\/p>\r\n<p class=\"p1\"><b>8. Responsabilidade<\/b><\/p>\r\n<p class=\"p1\">O Propriet\u00e1rio (um termo que, para os fins deste par\u00e1grafo, tamb\u00e9m deve ser considerado como incluindo os diretores, auditores, gerentes, funcion\u00e1rios, agentes e consultores do Propriet\u00e1rio) pode ser responsabilizado por fatos e\/ou danos que possam ser causados ao usu\u00e1rio e\/ou a terceiros como resultado do uso deste site e\/ou de seu Conte\u00fado. O Propriet\u00e1rio n\u00e3o pode ser responsabilizado por quaisquer fatos e\/ou danos causados por a\u00e7\u00f5es tomadas pelo Propriet\u00e1rio como resultado da conduta proibida do usu\u00e1rio ou de terceiros. Al\u00e9m disso, o Propriet\u00e1rio n\u00e3o pode ser responsabilizado por problemas decorrentes para o usu\u00e1rio de interrup\u00e7\u00f5es, suspens\u00f5es, atrasos ou anomalias na presta\u00e7\u00e3o do servi\u00e7o. Apesar de seus esfor\u00e7os cont\u00ednuos para melhorar os servi\u00e7os oferecidos, o Propriet\u00e1rio n\u00e3o pode garantir absolutamente a precis\u00e3o ou a atualiza\u00e7\u00e3o constante do Conte\u00fado do Site.   <\/p>\r\n<p class=\"p1\"><b>9. Defini\u00e7\u00f5es<\/b><\/p>\r\n<p class=\"p1\">Aviso legal&#8221; significa estes termos ou condi\u00e7\u00f5es;<\/p>\r\n<p class=\"p1\">Titular&#8221;: EMEC Ltd. como propriet\u00e1ria do site;<\/p>\r\n<p class=\"p1\">site&#8221; ou &#8220;site&#8221; significa a p\u00e1gina inicial do www.emecpumps.com<span class=\"Apple-converted-space\">  <\/span>e as p\u00e1ginas da Internet nele contidas ou qualquer outro conjunto de informa\u00e7\u00f5es e\/ou aplicativos operados e disponibilizados para acesso por meio de equipamentos de inform\u00e1tica, como PCs, laptops, telefones celulares, computadores de m\u00e3o, c\u00e2meras digitais, televisores ou outros dispositivos de rede para redes conectadas fisicamente ou sem fio;<\/p>\r\n<p class=\"p1\">Conte\u00fado&#8221; significa p\u00e1ginas da Web, documentos textuais, conte\u00fado editorial, comunica\u00e7\u00f5es, desenhos, gr\u00e1ficos, imagens e fotografias, bancos de dados, software e qualquer outro material audiovisual de qualquer tipo e natureza;<\/p>\r\n<p class=\"p1\">servi\u00e7os&#8221; significa todas as fun\u00e7\u00f5es, dispositivos, aplicativos, informa\u00e7\u00f5es ou outros servi\u00e7os dispon\u00edveis por meio deste site;<\/p>\r\n<p class=\"p1\">visitante&#8221; ou &#8220;usu\u00e1rio&#8221; significa qualquer pessoa que acesse ou use o site;<\/p>\r\n<p class=\"p1\">Framing&#8221; significa a inser\u00e7\u00e3o da p\u00e1gina &#8220;chamada&#8221; (vinculada), pertencente a um determinado site, na estrutura de um site &#8220;chamador&#8221; (vinculado) diferente;<\/p>\r\n<p class=\"p1\">Deep link&#8221; significa uma chamada direta, contida em um site, para uma p\u00e1gina espec\u00edfica de um site diferente, sem passar pela p\u00e1gina inicial desse \u00faltimo site.<\/p>\r\n[\/vc_column_text][\/vc_column][\/vc_row]<\/div>","protected":false},"excerpt":{"rendered":"[vc_row pix_particles_check=&#8221;&#8221;][vc_column][vc_column_text css=&#8221;&#8221;] Isen\u00e7\u00e3o de responsabilidade &#8211; Aviso legal &nbsp; 1. Termos e condi\u00e7\u00f5es de uso do site Qualquer pessoa que acesse ou use este site de qualquer maneira concorda, sem restri\u00e7\u00f5es, em se vincular aos termos e condi\u00e7\u00f5es aqui&#8230;","protected":false},"author":1,"featured_media":16165,"parent":0,"menu_order":0,"comment_status":"closed","ping_status":"open","template":"","meta":{"lazy_load_responsive_images_disabled":false,"footnotes":""},"class_list":["post-75483","page","type-page","status-publish","has-post-thumbnail","hentry"],"yoast_head":"<!-- This site is optimized with the Yoast SEO plugin v26.6 - https:\/\/yoast.com\/wordpress\/plugins\/seo\/ -->\n<title>Isen\u00e7\u00e3o de responsabilidade - Aviso legal - Emec - Bombas Dosadoras e Sistemas de Desinfec\u00e7\u00e3o<\/title>\n<meta name=\"robots\" content=\"index, follow, max-snippet:-1, max-image-preview:large, max-video-preview:-1\" \/>\n<link rel=\"canonical\" href=\"https:\/\/www.emecpumps.com\/pt-br\/isencao-de-responsabilidade-aviso-legal\/\" \/>\n<meta property=\"og:locale\" content=\"pt_BR\" \/>\n<meta property=\"og:type\" content=\"article\" \/>\n<meta property=\"og:title\" content=\"Isen\u00e7\u00e3o de responsabilidade - Aviso legal - Emec - Bombas Dosadoras e Sistemas de Desinfec\u00e7\u00e3o\" \/>\n<meta property=\"og:description\" content=\"[vc_row pix_particles_check=&#8221;&#8221;][vc_column][vc_column_text css=&#8221;&#8221;] Isen\u00e7\u00e3o de responsabilidade &#8211; Aviso legal &nbsp; 1. Termos e condi\u00e7\u00f5es de uso do site Qualquer pessoa que acesse ou use este site de qualquer maneira concorda, sem restri\u00e7\u00f5es, em se vincular aos termos e condi\u00e7\u00f5es aqui...\" \/>\n<meta property=\"og:url\" content=\"https:\/\/www.emecpumps.com\/pt-br\/isencao-de-responsabilidade-aviso-legal\/\" \/>\n<meta property=\"og:site_name\" content=\"Emec - Bombas Dosadoras e Sistemas de Desinfec\u00e7\u00e3o\" \/>\n<meta property=\"article:publisher\" content=\"https:\/\/www.facebook.com\/emecpumps\" \/>\n<meta property=\"og:image\" content=\"https:\/\/www.emecpumps.com\/wp-content\/uploads\/2021\/01\/logs.jpg\" \/>\n\t<meta property=\"og:image:width\" content=\"2369\" \/>\n\t<meta property=\"og:image:height\" content=\"1544\" \/>\n\t<meta property=\"og:image:type\" content=\"image\/jpeg\" \/>\n<meta name=\"twitter:card\" content=\"summary_large_image\" \/>\n<meta name=\"twitter:site\" content=\"@EMECpumps\" \/>\n<meta name=\"twitter:label1\" content=\"Est. tempo de leitura\" \/>\n\t<meta name=\"twitter:data1\" content=\"8 minutos\" \/>\n<script type=\"application\/ld+json\" class=\"yoast-schema-graph\">{\"@context\":\"https:\/\/schema.org\",\"@graph\":[{\"@type\":\"WebPage\",\"@id\":\"https:\/\/www.emecpumps.com\/pt-br\/isencao-de-responsabilidade-aviso-legal\/\",\"url\":\"https:\/\/www.emecpumps.com\/pt-br\/isencao-de-responsabilidade-aviso-legal\/\",\"name\":\"Isen\u00e7\u00e3o de responsabilidade - Aviso legal - Emec - Bombas Dosadoras e Sistemas de Desinfec\u00e7\u00e3o\",\"isPartOf\":{\"@id\":\"https:\/\/www.emecpumps.com\/pt-br\/#website\"},\"primaryImageOfPage\":{\"@id\":\"https:\/\/www.emecpumps.com\/pt-br\/isencao-de-responsabilidade-aviso-legal\/#primaryimage\"},\"image\":{\"@id\":\"https:\/\/www.emecpumps.com\/pt-br\/isencao-de-responsabilidade-aviso-legal\/#primaryimage\"},\"thumbnailUrl\":\"https:\/\/www.emecpumps.com\/wp-content\/uploads\/2021\/01\/logs.jpg\",\"datePublished\":\"2025-11-18T11:32:38+00:00\",\"breadcrumb\":{\"@id\":\"https:\/\/www.emecpumps.com\/pt-br\/isencao-de-responsabilidade-aviso-legal\/#breadcrumb\"},\"inLanguage\":\"pt-BR\",\"potentialAction\":[{\"@type\":\"ReadAction\",\"target\":[\"https:\/\/www.emecpumps.com\/pt-br\/isencao-de-responsabilidade-aviso-legal\/\"]}]},{\"@type\":\"ImageObject\",\"inLanguage\":\"pt-BR\",\"@id\":\"https:\/\/www.emecpumps.com\/pt-br\/isencao-de-responsabilidade-aviso-legal\/#primaryimage\",\"url\":\"https:\/\/www.emecpumps.com\/wp-content\/uploads\/2021\/01\/logs.jpg\",\"contentUrl\":\"https:\/\/www.emecpumps.com\/wp-content\/uploads\/2021\/01\/logs.jpg\",\"width\":2369,\"height\":1544},{\"@type\":\"BreadcrumbList\",\"@id\":\"https:\/\/www.emecpumps.com\/pt-br\/isencao-de-responsabilidade-aviso-legal\/#breadcrumb\",\"itemListElement\":[{\"@type\":\"ListItem\",\"position\":1,\"name\":\"Home\",\"item\":\"https:\/\/www.emecpumps.com\/pt-br\/\"},{\"@type\":\"ListItem\",\"position\":2,\"name\":\"Isen\u00e7\u00e3o de responsabilidade &#8211; Aviso legal\"}]},{\"@type\":\"WebSite\",\"@id\":\"https:\/\/www.emecpumps.com\/pt-br\/#website\",\"url\":\"https:\/\/www.emecpumps.com\/pt-br\/\",\"name\":\"Emec Pumps - Pompe dosatrici e Sistemi di disinfezione\",\"description\":\"Bombas Dosadoras e Sistemas de Desinfec\u00e7\u00e3o\",\"publisher\":{\"@id\":\"https:\/\/www.emecpumps.com\/pt-br\/#organization\"},\"alternateName\":\"Emec\",\"potentialAction\":[{\"@type\":\"SearchAction\",\"target\":{\"@type\":\"EntryPoint\",\"urlTemplate\":\"https:\/\/www.emecpumps.com\/pt-br\/?s={search_term_string}\"},\"query-input\":{\"@type\":\"PropertyValueSpecification\",\"valueRequired\":true,\"valueName\":\"search_term_string\"}}],\"inLanguage\":\"pt-BR\"},{\"@type\":\"Organization\",\"@id\":\"https:\/\/www.emecpumps.com\/pt-br\/#organization\",\"name\":\"Emec Pumps - Pompe dosatrici e Sistemi di disinfezione\",\"url\":\"https:\/\/www.emecpumps.com\/pt-br\/\",\"logo\":{\"@type\":\"ImageObject\",\"inLanguage\":\"pt-BR\",\"@id\":\"https:\/\/www.emecpumps.com\/pt-br\/#\/schema\/logo\/image\/\",\"url\":\"https:\/\/www.emecpumps.com\/wp-content\/uploads\/2024\/01\/logo_emec.png\",\"contentUrl\":\"https:\/\/www.emecpumps.com\/wp-content\/uploads\/2024\/01\/logo_emec.png\",\"width\":470,\"height\":133,\"caption\":\"Emec Pumps - Pompe dosatrici e Sistemi di disinfezione\"},\"image\":{\"@id\":\"https:\/\/www.emecpumps.com\/pt-br\/#\/schema\/logo\/image\/\"},\"sameAs\":[\"https:\/\/www.facebook.com\/emecpumps\",\"https:\/\/x.com\/EMECpumps\",\"https:\/\/www.instagram.com\/emecpumps\/\",\"https:\/\/www.linkedin.com\/company\/2715607\/admin\/\"]}]}<\/script>\n<!-- \/ Yoast SEO plugin. -->","yoast_head_json":{"title":"Isen\u00e7\u00e3o de responsabilidade - Aviso legal - Emec - Bombas Dosadoras e Sistemas de Desinfec\u00e7\u00e3o","robots":{"index":"index","follow":"follow","max-snippet":"max-snippet:-1","max-image-preview":"max-image-preview:large","max-video-preview":"max-video-preview:-1"},"canonical":"https:\/\/www.emecpumps.com\/pt-br\/isencao-de-responsabilidade-aviso-legal\/","og_locale":"pt_BR","og_type":"article","og_title":"Isen\u00e7\u00e3o de responsabilidade - Aviso legal - Emec - Bombas Dosadoras e Sistemas de Desinfec\u00e7\u00e3o","og_description":"[vc_row pix_particles_check=&#8221;&#8221;][vc_column][vc_column_text css=&#8221;&#8221;] Isen\u00e7\u00e3o de responsabilidade &#8211; Aviso legal &nbsp; 1. Termos e condi\u00e7\u00f5es de uso do site Qualquer pessoa que acesse ou use este site de qualquer maneira concorda, sem restri\u00e7\u00f5es, em se vincular aos termos e condi\u00e7\u00f5es aqui...","og_url":"https:\/\/www.emecpumps.com\/pt-br\/isencao-de-responsabilidade-aviso-legal\/","og_site_name":"Emec - Bombas Dosadoras e Sistemas de Desinfec\u00e7\u00e3o","article_publisher":"https:\/\/www.facebook.com\/emecpumps","og_image":[{"width":2369,"height":1544,"url":"https:\/\/www.emecpumps.com\/wp-content\/uploads\/2021\/01\/logs.jpg","type":"image\/jpeg"}],"twitter_card":"summary_large_image","twitter_site":"@EMECpumps","twitter_misc":{"Est. tempo de leitura":"8 minutos"},"schema":{"@context":"https:\/\/schema.org","@graph":[{"@type":"WebPage","@id":"https:\/\/www.emecpumps.com\/pt-br\/isencao-de-responsabilidade-aviso-legal\/","url":"https:\/\/www.emecpumps.com\/pt-br\/isencao-de-responsabilidade-aviso-legal\/","name":"Isen\u00e7\u00e3o de responsabilidade - Aviso legal - Emec - Bombas Dosadoras e Sistemas de Desinfec\u00e7\u00e3o","isPartOf":{"@id":"https:\/\/www.emecpumps.com\/pt-br\/#website"},"primaryImageOfPage":{"@id":"https:\/\/www.emecpumps.com\/pt-br\/isencao-de-responsabilidade-aviso-legal\/#primaryimage"},"image":{"@id":"https:\/\/www.emecpumps.com\/pt-br\/isencao-de-responsabilidade-aviso-legal\/#primaryimage"},"thumbnailUrl":"https:\/\/www.emecpumps.com\/wp-content\/uploads\/2021\/01\/logs.jpg","datePublished":"2025-11-18T11:32:38+00:00","breadcrumb":{"@id":"https:\/\/www.emecpumps.com\/pt-br\/isencao-de-responsabilidade-aviso-legal\/#breadcrumb"},"inLanguage":"pt-BR","potentialAction":[{"@type":"ReadAction","target":["https:\/\/www.emecpumps.com\/pt-br\/isencao-de-responsabilidade-aviso-legal\/"]}]},{"@type":"ImageObject","inLanguage":"pt-BR","@id":"https:\/\/www.emecpumps.com\/pt-br\/isencao-de-responsabilidade-aviso-legal\/#primaryimage","url":"https:\/\/www.emecpumps.com\/wp-content\/uploads\/2021\/01\/logs.jpg","contentUrl":"https:\/\/www.emecpumps.com\/wp-content\/uploads\/2021\/01\/logs.jpg","width":2369,"height":1544},{"@type":"BreadcrumbList","@id":"https:\/\/www.emecpumps.com\/pt-br\/isencao-de-responsabilidade-aviso-legal\/#breadcrumb","itemListElement":[{"@type":"ListItem","position":1,"name":"Home","item":"https:\/\/www.emecpumps.com\/pt-br\/"},{"@type":"ListItem","position":2,"name":"Isen\u00e7\u00e3o de responsabilidade &#8211; Aviso legal"}]},{"@type":"WebSite","@id":"https:\/\/www.emecpumps.com\/pt-br\/#website","url":"https:\/\/www.emecpumps.com\/pt-br\/","name":"Emec Pumps - Pompe dosatrici e Sistemi di disinfezione","description":"Bombas Dosadoras e Sistemas de Desinfec\u00e7\u00e3o","publisher":{"@id":"https:\/\/www.emecpumps.com\/pt-br\/#organization"},"alternateName":"Emec","potentialAction":[{"@type":"SearchAction","target":{"@type":"EntryPoint","urlTemplate":"https:\/\/www.emecpumps.com\/pt-br\/?s={search_term_string}"},"query-input":{"@type":"PropertyValueSpecification","valueRequired":true,"valueName":"search_term_string"}}],"inLanguage":"pt-BR"},{"@type":"Organization","@id":"https:\/\/www.emecpumps.com\/pt-br\/#organization","name":"Emec Pumps - Pompe dosatrici e Sistemi di disinfezione","url":"https:\/\/www.emecpumps.com\/pt-br\/","logo":{"@type":"ImageObject","inLanguage":"pt-BR","@id":"https:\/\/www.emecpumps.com\/pt-br\/#\/schema\/logo\/image\/","url":"https:\/\/www.emecpumps.com\/wp-content\/uploads\/2024\/01\/logo_emec.png","contentUrl":"https:\/\/www.emecpumps.com\/wp-content\/uploads\/2024\/01\/logo_emec.png","width":470,"height":133,"caption":"Emec Pumps - Pompe dosatrici e Sistemi di disinfezione"},"image":{"@id":"https:\/\/www.emecpumps.com\/pt-br\/#\/schema\/logo\/image\/"},"sameAs":["https:\/\/www.facebook.com\/emecpumps","https:\/\/x.com\/EMECpumps","https:\/\/www.instagram.com\/emecpumps\/","https:\/\/www.linkedin.com\/company\/2715607\/admin\/"]}]}},"_links":{"self":[{"href":"https:\/\/www.emecpumps.com\/pt-br\/wp-json\/wp\/v2\/pages\/75483","targetHints":{"allow":["GET"]}}],"collection":[{"href":"https:\/\/www.emecpumps.com\/pt-br\/wp-json\/wp\/v2\/pages"}],"about":[{"href":"https:\/\/www.emecpumps.com\/pt-br\/wp-json\/wp\/v2\/types\/page"}],"author":[{"embeddable":true,"href":"https:\/\/www.emecpumps.com\/pt-br\/wp-json\/wp\/v2\/users\/1"}],"replies":[{"embeddable":true,"href":"https:\/\/www.emecpumps.com\/pt-br\/wp-json\/wp\/v2\/comments?post=75483"}],"version-history":[{"count":2,"href":"https:\/\/www.emecpumps.com\/pt-br\/wp-json\/wp\/v2\/pages\/75483\/revisions"}],"predecessor-version":[{"id":75485,"href":"https:\/\/www.emecpumps.com\/pt-br\/wp-json\/wp\/v2\/pages\/75483\/revisions\/75485"}],"wp:featuredmedia":[{"embeddable":true,"href":"https:\/\/www.emecpumps.com\/pt-br\/wp-json\/wp\/v2\/media\/16165"}],"wp:attachment":[{"href":"https:\/\/www.emecpumps.com\/pt-br\/wp-json\/wp\/v2\/media?parent=75483"}],"curies":[{"name":"wp","href":"https:\/\/api.w.org\/{rel}","templated":true}]}}